{"id":8135,"date":"2022-03-03T14:05:33","date_gmt":"2022-03-03T14:05:33","guid":{"rendered":"https:\/\/skrina.si\/?post_type=product&#038;p=8135"},"modified":"2022-05-07T08:58:24","modified_gmt":"2022-05-07T08:58:24","slug":"plavica","status":"publish","type":"product","link":"https:\/\/skrina.si\/sl\/product\/plavica\/","title":{"rendered":"Plavica"},"content":{"rendered":"","protected":false},"excerpt":{"rendered":"<h5><strong><em>Plavica<\/em><\/strong> je ro\u017ea, ki se ima za svojo simboliko zahvaliti izjemno lepi in v rastlinskem svetu zelo redki azurno modri barvi, ki spominja na modrino umitega neba. Zaradi nje je cvet plavice postal simbol nebes in nebe\u0161ke sre\u010de. Ker plavice med \u017eitom cvetijo posebej gosto, se resni\u010dno zdi, kakor da bi se nebo za trenutek spustilo na Zemljo in ji podarilo del\u010dek svoje sinjine.<br \/>\n\u017de v starem Egiptu je bil ta modro cveto\u010di \u017eitni plevel cenjena cvetlica, ki je umrle pospremila v onstranstvo. V krsti faraona Tutankamona so na\u0161li polno plavic, ki naj bi mlademu vladarju zagotovile sre\u010dno pot v nebe\u0161ko kraljestvo. V kr\u0161\u010danski ikonografiji je plavica simbol zvestobe in stanovitnosti; med zaljubljenci pa velja cvet plavice za znamenje predanosti in ve\u010dne zvestobe.<\/h5>\n<h6><em>Podrobnosti:<\/em><\/h6>\n<ul>\n<li>\n<h6>Velikost: vi\u0161ina 12 cm, \u0161irina 7 cm<\/h6>\n<\/li>\n<li>\n<h6>Material: Keramika<\/h6>\n<\/li>\n<li>\n<h6>V darilni vre\u010dki s prilo\u017eenim certifikatom<\/h6>\n<\/li>\n<li>\n<h6>Oblikovano z ljubeznijo do detajlov<\/h6>\n<\/li>\n<li>\n<h6>Idealno darilo za ljubitelje ro\u017e in obo\u017eevalce plavic<\/h6>\n<\/li>\n<\/ul>\n","protected":false},"featured_media":8136,"template":"","meta":{"_monsterinsights_skip_tracking":false,"_monsterinsights_sitenote_active":false,"_monsterinsights_sitenote_note":"","_monsterinsights_sitenote_category":0},"product_cat":[103,686],"product_tag":[151,318,41],"aioseo_notices":[],"yoast_head":"<!-- This site is optimized with the Yoast SEO plugin v22.1 - https:\/\/yoast.com\/wordpress\/plugins\/seo\/ -->\n<title>Plavica - Etnogalerija Skrina<\/title>\n<meta name=\"description\" content=\"V kr\u0161\u010danski ikonografiji je plavica simbol zvestobe in stanovitnosti; med zaljubljenci pa velja za znamenje predanosti in ve\u010dne zvestobe.\" \/>\n<meta name=\"robots\" content=\"index, follow, max-snippet:-1, max-image-preview:large, max-video-preview:-1\" \/>\n<link rel=\"canonical\" href=\"https:\/\/skrina.si\/sl\/product\/plavica\/\" \/>\n<meta property=\"og:locale\" content=\"sl_SI\" \/>\n<meta property=\"og:locale:alternate\" content=\"en_GB\" \/>\n<meta property=\"og:type\" content=\"article\" \/>\n<meta property=\"og:title\" content=\"Plavica - Etnogalerija Skrina\" \/>\n<meta property=\"og:description\" content=\"V kr\u0161\u010danski ikonografiji je plavica simbol zvestobe in stanovitnosti; med zaljubljenci pa velja za znamenje predanosti in ve\u010dne zvestobe.\" \/>\n<meta property=\"og:url\" content=\"https:\/\/skrina.si\/sl\/product\/plavica\/\" \/>\n<meta property=\"og:site_name\" content=\"Etnogalerija Skrina\" \/>\n<meta property=\"article:modified_time\" content=\"2022-05-07T08:58:24+00:00\" \/>\n<meta property=\"og:image\" content=\"https:\/\/skrina.si\/wp-content\/uploads\/2022\/03\/Rozne-vile-plavica-dekor-Slovenske-cvetlice-roze-Tradicija-s-posluhom-Etno-galerija-Skrina.jpg\" \/>\n\t<meta property=\"og:image:width\" content=\"1619\" \/>\n\t<meta property=\"og:image:height\" content=\"1213\" \/>\n\t<meta property=\"og:image:type\" content=\"image\/jpeg\" \/>\n<meta name=\"twitter:card\" content=\"summary_large_image\" \/>\n<script type=\"application\/ld+json\" class=\"yoast-schema-graph\">{\"@context\":\"https:\/\/schema.org\",\"@graph\":[{\"@type\":\"WebPage\",\"@id\":\"https:\/\/skrina.si\/sl\/product\/plavica\/\",\"url\":\"https:\/\/skrina.si\/sl\/product\/plavica\/\",\"name\":\"Plavica - Etnogalerija Skrina\",\"isPartOf\":{\"@id\":\"https:\/\/skrina.si\/sl\/#website\"},\"datePublished\":\"2022-03-03T14:05:33+00:00\",\"dateModified\":\"2022-05-07T08:58:24+00:00\",\"description\":\"V kr\u0161\u010danski ikonografiji je plavica simbol zvestobe in stanovitnosti; med zaljubljenci pa velja za znamenje predanosti in ve\u010dne zvestobe.\",\"breadcrumb\":{\"@id\":\"https:\/\/skrina.si\/sl\/product\/plavica\/#breadcrumb\"},\"inLanguage\":\"sl-SI\",\"potentialAction\":[{\"@type\":\"ReadAction\",\"target\":[\"https:\/\/skrina.si\/sl\/product\/plavica\/\"]}]},{\"@type\":\"BreadcrumbList\",\"@id\":\"https:\/\/skrina.si\/sl\/product\/plavica\/#breadcrumb\",\"itemListElement\":[{\"@type\":\"ListItem\",\"position\":1,\"name\":\"Home\",\"item\":\"https:\/\/skrina.si\/\"},{\"@type\":\"ListItem\",\"position\":2,\"name\":\"Shop\",\"item\":\"https:\/\/skrina.si\/shop\/\"},{\"@type\":\"ListItem\",\"position\":3,\"name\":\"Plavica\"}]},{\"@type\":\"WebSite\",\"@id\":\"https:\/\/skrina.si\/sl\/#website\",\"url\":\"https:\/\/skrina.si\/sl\/\",\"name\":\"Etnogalerija Skrina\",\"description\":\"Tradicija s posluhom\",\"potentialAction\":[{\"@type\":\"SearchAction\",\"target\":{\"@type\":\"EntryPoint\",\"urlTemplate\":\"https:\/\/skrina.si\/sl\/?s={search_term_string}\"},\"query-input\":\"required name=search_term_string\"}],\"inLanguage\":\"sl-SI\"}]}<\/script>\n<!-- \/ Yoast SEO plugin. -->","yoast_head_json":{"title":"Plavica - Etnogalerija Skrina","description":"V kr\u0161\u010danski ikonografiji je plavica simbol zvestobe in stanovitnosti; med zaljubljenci pa velja za znamenje predanosti in ve\u010dne zvestobe.","robots":{"index":"index","follow":"follow","max-snippet":"max-snippet:-1","max-image-preview":"max-image-preview:large","max-video-preview":"max-video-preview:-1"},"canonical":"https:\/\/skrina.si\/sl\/product\/plavica\/","og_locale":"sl_SI","og_type":"article","og_title":"Plavica - Etnogalerija Skrina","og_description":"V kr\u0161\u010danski ikonografiji je plavica simbol zvestobe in stanovitnosti; med zaljubljenci pa velja za znamenje predanosti in ve\u010dne zvestobe.","og_url":"https:\/\/skrina.si\/sl\/product\/plavica\/","og_site_name":"Etnogalerija Skrina","article_modified_time":"2022-05-07T08:58:24+00:00","og_image":[{"width":1619,"height":1213,"url":"https:\/\/skrina.si\/wp-content\/uploads\/2022\/03\/Rozne-vile-plavica-dekor-Slovenske-cvetlice-roze-Tradicija-s-posluhom-Etno-galerija-Skrina.jpg","type":"image\/jpeg"}],"twitter_card":"summary_large_image","schema":{"@context":"https:\/\/schema.org","@graph":[{"@type":"WebPage","@id":"https:\/\/skrina.si\/sl\/product\/plavica\/","url":"https:\/\/skrina.si\/sl\/product\/plavica\/","name":"Plavica - Etnogalerija Skrina","isPartOf":{"@id":"https:\/\/skrina.si\/sl\/#website"},"datePublished":"2022-03-03T14:05:33+00:00","dateModified":"2022-05-07T08:58:24+00:00","description":"V kr\u0161\u010danski ikonografiji je plavica simbol zvestobe in stanovitnosti; med zaljubljenci pa velja za znamenje predanosti in ve\u010dne zvestobe.","breadcrumb":{"@id":"https:\/\/skrina.si\/sl\/product\/plavica\/#breadcrumb"},"inLanguage":"sl-SI","potentialAction":[{"@type":"ReadAction","target":["https:\/\/skrina.si\/sl\/product\/plavica\/"]}]},{"@type":"BreadcrumbList","@id":"https:\/\/skrina.si\/sl\/product\/plavica\/#breadcrumb","itemListElement":[{"@type":"ListItem","position":1,"name":"Home","item":"https:\/\/skrina.si\/"},{"@type":"ListItem","position":2,"name":"Shop","item":"https:\/\/skrina.si\/shop\/"},{"@type":"ListItem","position":3,"name":"Plavica"}]},{"@type":"WebSite","@id":"https:\/\/skrina.si\/sl\/#website","url":"https:\/\/skrina.si\/sl\/","name":"Etnogalerija Skrina","description":"Tradicija s posluhom","potentialAction":[{"@type":"SearchAction","target":{"@type":"EntryPoint","urlTemplate":"https:\/\/skrina.si\/sl\/?s={search_term_string}"},"query-input":"required name=search_term_string"}],"inLanguage":"sl-SI"}]}},"_links":{"self":[{"href":"https:\/\/skrina.si\/sl\/wp-json\/wp\/v2\/product\/8135"}],"collection":[{"href":"https:\/\/skrina.si\/sl\/wp-json\/wp\/v2\/product"}],"about":[{"href":"https:\/\/skrina.si\/sl\/wp-json\/wp\/v2\/types\/product"}],"wp:featuredmedia":[{"embeddable":true,"href":"https:\/\/skrina.si\/sl\/wp-json\/wp\/v2\/media\/8136"}],"wp:attachment":[{"href":"https:\/\/skrina.si\/sl\/wp-json\/wp\/v2\/media?parent=8135"}],"wp:term":[{"taxonomy":"product_cat","embeddable":true,"href":"https:\/\/skrina.si\/sl\/wp-json\/wp\/v2\/product_cat?post=8135"},{"taxonomy":"product_tag","embeddable":true,"href":"https:\/\/skrina.si\/sl\/wp-json\/wp\/v2\/product_tag?post=8135"}],"curies":[{"name":"wp","href":"https:\/\/api.w.org\/{rel}","templated":true}]}}