{"id":8133,"date":"2022-03-03T14:10:08","date_gmt":"2022-03-03T14:10:08","guid":{"rendered":"https:\/\/skrina.si\/?post_type=product&#038;p=8133"},"modified":"2022-05-07T08:58:15","modified_gmt":"2022-05-07T08:58:15","slug":"maceha","status":"publish","type":"product","link":"https:\/\/skrina.si\/sl\/product\/maceha\/","title":{"rendered":"Ma\u010deha"},"content":{"rendered":"","protected":false},"excerpt":{"rendered":"<h5>\u010ce ste cvetlico v \u017eametnem obla\u010dilcu presojali le po imenu, ste bili v zmoti. V govorici ro\u017e je <strong><em>ma\u010deha<\/em><\/strong> simbol zvestobe in svobodomiselnosti. Ni ji mar, kaj drugi govorijo o njenem skromnej\u0161em sorodstvu, pogumna nastavlja li\u010dka soncu tudi takrat, ko ji komaj uspe dvigniti glavico nad sne\u017eno odejo. Priljubljene so prav zaradi upiranja zimi in cvetenja pred ve\u010dino znanilk pomladi in barvitih \u017eametnih oblakov v maju, ko ma\u010dehe najbolj obilno cvetijo. Pri barvah pa skoraj ni omejitev: od preprostih, belih cvetov do ro\u017enatih, oran\u017enih in modrih, vse do ve\u010djih raznobarvnih cvetnih glav z belo-rumeno-vijoli\u010dasto risbo na sredini &#8211; za vsak okus se najde ta nezahtevna, \u017eametna cvetlica. Ma\u010dehe, okrasne cvetlice iz rodu vijolic \u00a0so bile neizmerno priljubljene \u017ee <strong><em>v \u010dasu na\u0161ih babic<\/em><\/strong>, opeval pa jih je \u017ee <strong><em>Shakespeare \u00a0<\/em><\/strong>v Hamletu in Snu kresne no\u010di.<\/h5>\n<h6><em>Podrobnosti:<\/em><\/h6>\n<ul>\n<li>\n<h6>Velikost: vi\u0161ina 13 cm, \u0161irina 7 cm<\/h6>\n<\/li>\n<li>\n<h6>Material: Keramika<\/h6>\n<\/li>\n<li>\n<h6>V darilni vre\u010dki s prilo\u017eenim certifikatom<\/h6>\n<\/li>\n<li>\n<h6>Oblikovano z ljubeznijo do detajlov<\/h6>\n<\/li>\n<li>\n<h6>Idealno darilo za ljubitelje ro\u017e in obo\u017eevalce ma\u010deh<\/h6>\n<\/li>\n<\/ul>\n","protected":false},"featured_media":8134,"template":"","meta":{"_monsterinsights_skip_tracking":false,"_monsterinsights_sitenote_active":false,"_monsterinsights_sitenote_note":"","_monsterinsights_sitenote_category":0},"product_cat":[103,686],"product_tag":[151,317,41],"aioseo_notices":[],"yoast_head":"<!-- This site is optimized with the Yoast SEO plugin v22.1 - https:\/\/yoast.com\/wordpress\/plugins\/seo\/ -->\n<title>Ma\u010deha - Etnogalerija Skrina<\/title>\n<meta name=\"description\" content=\"Priljubljene so prav zaradi upiranja zimi in cvetenja pred ve\u010dino znanilk pomladi in barvitih \u017eametnih oblakov v maju, ko ma\u010dehe najbolj obilno cvetijo.\" \/>\n<meta name=\"robots\" content=\"index, follow, max-snippet:-1, max-image-preview:large, max-video-preview:-1\" \/>\n<link rel=\"canonical\" href=\"https:\/\/skrina.si\/sl\/product\/maceha\/\" \/>\n<meta property=\"og:locale\" content=\"sl_SI\" \/>\n<meta property=\"og:locale:alternate\" content=\"en_GB\" \/>\n<meta property=\"og:type\" content=\"article\" \/>\n<meta property=\"og:title\" content=\"Ma\u010deha - Etnogalerija Skrina\" \/>\n<meta property=\"og:description\" content=\"Priljubljene so prav zaradi upiranja zimi in cvetenja pred ve\u010dino znanilk pomladi in barvitih \u017eametnih oblakov v maju, ko ma\u010dehe najbolj obilno cvetijo.\" \/>\n<meta property=\"og:url\" content=\"https:\/\/skrina.si\/sl\/product\/maceha\/\" \/>\n<meta property=\"og:site_name\" content=\"Etnogalerija Skrina\" \/>\n<meta property=\"article:modified_time\" content=\"2022-05-07T08:58:15+00:00\" \/>\n<meta property=\"og:image\" content=\"https:\/\/skrina.si\/wp-content\/uploads\/2022\/03\/Rozne-vile-maceha-dekor-Slovenske-cvetlice-roze-Tradicija-s-posluhom-Etno-galerija-Skrina.jpg\" \/>\n\t<meta property=\"og:image:width\" content=\"1619\" \/>\n\t<meta property=\"og:image:height\" content=\"1213\" \/>\n\t<meta property=\"og:image:type\" content=\"image\/jpeg\" \/>\n<meta name=\"twitter:card\" content=\"summary_large_image\" \/>\n<script type=\"application\/ld+json\" class=\"yoast-schema-graph\">{\"@context\":\"https:\/\/schema.org\",\"@graph\":[{\"@type\":\"WebPage\",\"@id\":\"https:\/\/skrina.si\/sl\/product\/maceha\/\",\"url\":\"https:\/\/skrina.si\/sl\/product\/maceha\/\",\"name\":\"Ma\u010deha - Etnogalerija Skrina\",\"isPartOf\":{\"@id\":\"https:\/\/skrina.si\/sl\/#website\"},\"datePublished\":\"2022-03-03T14:10:08+00:00\",\"dateModified\":\"2022-05-07T08:58:15+00:00\",\"description\":\"Priljubljene so prav zaradi upiranja zimi in cvetenja pred ve\u010dino znanilk pomladi in barvitih \u017eametnih oblakov v maju, ko ma\u010dehe najbolj obilno cvetijo.\",\"breadcrumb\":{\"@id\":\"https:\/\/skrina.si\/sl\/product\/maceha\/#breadcrumb\"},\"inLanguage\":\"sl-SI\",\"potentialAction\":[{\"@type\":\"ReadAction\",\"target\":[\"https:\/\/skrina.si\/sl\/product\/maceha\/\"]}]},{\"@type\":\"BreadcrumbList\",\"@id\":\"https:\/\/skrina.si\/sl\/product\/maceha\/#breadcrumb\",\"itemListElement\":[{\"@type\":\"ListItem\",\"position\":1,\"name\":\"Home\",\"item\":\"https:\/\/skrina.si\/\"},{\"@type\":\"ListItem\",\"position\":2,\"name\":\"Shop\",\"item\":\"https:\/\/skrina.si\/shop\/\"},{\"@type\":\"ListItem\",\"position\":3,\"name\":\"Ma\u010deha\"}]},{\"@type\":\"WebSite\",\"@id\":\"https:\/\/skrina.si\/sl\/#website\",\"url\":\"https:\/\/skrina.si\/sl\/\",\"name\":\"Etnogalerija Skrina\",\"description\":\"Tradicija s posluhom\",\"potentialAction\":[{\"@type\":\"SearchAction\",\"target\":{\"@type\":\"EntryPoint\",\"urlTemplate\":\"https:\/\/skrina.si\/sl\/?s={search_term_string}\"},\"query-input\":\"required name=search_term_string\"}],\"inLanguage\":\"sl-SI\"}]}<\/script>\n<!-- \/ Yoast SEO plugin. -->","yoast_head_json":{"title":"Ma\u010deha - Etnogalerija Skrina","description":"Priljubljene so prav zaradi upiranja zimi in cvetenja pred ve\u010dino znanilk pomladi in barvitih \u017eametnih oblakov v maju, ko ma\u010dehe najbolj obilno cvetijo.","robots":{"index":"index","follow":"follow","max-snippet":"max-snippet:-1","max-image-preview":"max-image-preview:large","max-video-preview":"max-video-preview:-1"},"canonical":"https:\/\/skrina.si\/sl\/product\/maceha\/","og_locale":"sl_SI","og_type":"article","og_title":"Ma\u010deha - Etnogalerija Skrina","og_description":"Priljubljene so prav zaradi upiranja zimi in cvetenja pred ve\u010dino znanilk pomladi in barvitih \u017eametnih oblakov v maju, ko ma\u010dehe najbolj obilno cvetijo.","og_url":"https:\/\/skrina.si\/sl\/product\/maceha\/","og_site_name":"Etnogalerija Skrina","article_modified_time":"2022-05-07T08:58:15+00:00","og_image":[{"width":1619,"height":1213,"url":"https:\/\/skrina.si\/wp-content\/uploads\/2022\/03\/Rozne-vile-maceha-dekor-Slovenske-cvetlice-roze-Tradicija-s-posluhom-Etno-galerija-Skrina.jpg","type":"image\/jpeg"}],"twitter_card":"summary_large_image","schema":{"@context":"https:\/\/schema.org","@graph":[{"@type":"WebPage","@id":"https:\/\/skrina.si\/sl\/product\/maceha\/","url":"https:\/\/skrina.si\/sl\/product\/maceha\/","name":"Ma\u010deha - Etnogalerija Skrina","isPartOf":{"@id":"https:\/\/skrina.si\/sl\/#website"},"datePublished":"2022-03-03T14:10:08+00:00","dateModified":"2022-05-07T08:58:15+00:00","description":"Priljubljene so prav zaradi upiranja zimi in cvetenja pred ve\u010dino znanilk pomladi in barvitih \u017eametnih oblakov v maju, ko ma\u010dehe najbolj obilno cvetijo.","breadcrumb":{"@id":"https:\/\/skrina.si\/sl\/product\/maceha\/#breadcrumb"},"inLanguage":"sl-SI","potentialAction":[{"@type":"ReadAction","target":["https:\/\/skrina.si\/sl\/product\/maceha\/"]}]},{"@type":"BreadcrumbList","@id":"https:\/\/skrina.si\/sl\/product\/maceha\/#breadcrumb","itemListElement":[{"@type":"ListItem","position":1,"name":"Home","item":"https:\/\/skrina.si\/"},{"@type":"ListItem","position":2,"name":"Shop","item":"https:\/\/skrina.si\/shop\/"},{"@type":"ListItem","position":3,"name":"Ma\u010deha"}]},{"@type":"WebSite","@id":"https:\/\/skrina.si\/sl\/#website","url":"https:\/\/skrina.si\/sl\/","name":"Etnogalerija Skrina","description":"Tradicija s posluhom","potentialAction":[{"@type":"SearchAction","target":{"@type":"EntryPoint","urlTemplate":"https:\/\/skrina.si\/sl\/?s={search_term_string}"},"query-input":"required name=search_term_string"}],"inLanguage":"sl-SI"}]}},"_links":{"self":[{"href":"https:\/\/skrina.si\/sl\/wp-json\/wp\/v2\/product\/8133"}],"collection":[{"href":"https:\/\/skrina.si\/sl\/wp-json\/wp\/v2\/product"}],"about":[{"href":"https:\/\/skrina.si\/sl\/wp-json\/wp\/v2\/types\/product"}],"wp:featuredmedia":[{"embeddable":true,"href":"https:\/\/skrina.si\/sl\/wp-json\/wp\/v2\/media\/8134"}],"wp:attachment":[{"href":"https:\/\/skrina.si\/sl\/wp-json\/wp\/v2\/media?parent=8133"}],"wp:term":[{"taxonomy":"product_cat","embeddable":true,"href":"https:\/\/skrina.si\/sl\/wp-json\/wp\/v2\/product_cat?post=8133"},{"taxonomy":"product_tag","embeddable":true,"href":"https:\/\/skrina.si\/sl\/wp-json\/wp\/v2\/product_tag?post=8133"}],"curies":[{"name":"wp","href":"https:\/\/api.w.org\/{rel}","templated":true}]}}