{"id":8123,"date":"2022-03-03T14:55:58","date_gmt":"2022-03-03T14:55:58","guid":{"rendered":"https:\/\/skrina.si\/?post_type=product&#038;p=8123"},"modified":"2024-04-08T11:27:58","modified_gmt":"2024-04-08T09:27:58","slug":"spomincica","status":"publish","type":"product","link":"https:\/\/skrina.si\/sl\/product\/spomincica\/","title":{"rendered":"Spomin\u010dica"},"content":{"rendered":"","protected":false},"excerpt":{"rendered":"<h5><strong><em>Spomin\u010dica<\/em><\/strong> je ena redkih cvetlic, ki svoj simbolni pomen nedvoumno izra\u017ea z imenom, pri tem pa je posebno zanimivo, da je osnovna vsebina brez razlike raz\u0161irjena povsod po svetu, kar govori o svojevrstni, univerzalni simboliki drobnih sinjemodrih cvetov spomin\u010dice. Forget-me-not (angl.), Vergissmeinnicht (nem.), f\u00f6rg\u00e4tmigej (\u0161ved.), ne m&#8217;oubliez pas (fr.), nontiscordardime (it.), nomeolvides (\u0161p.), Wu Wang Cao (kit.), Wasurena gusa (jap.) itd. Besede, ki zvenijo zelo razli\u010dno, imajo v vseh jezikih enak pomen: <strong><em>ne pozabi me.<\/em><\/strong> Zakaj so drobceni cvetovi, ki spominjajo na sinje o\u010di, postali simbol zvestobe, predanosti in ljubezenske stanovitnosti, je te\u017eko re\u010di. Pa tudi ni pomembno, saj je simbolika spomin\u010dic povsod sprejeta kot nekaj samoumevnega in dejstvo, ki ne potrebuje razlage. Tako v ljudskih pravljicah in pesmih kot v leposlovju se simbolika spomin\u010dice pojavlja kot dore\u010dena stvar, ki je bila navzo\u010da \u017ee od nekdaj in nikoli in bila sporna.<\/h5>\n<h6><em>Podrobnosti:<\/em><\/h6>\n<ul>\n<li>\n<h6>Velikost: vi\u0161ina 13 cm, \u0161irina 4 cm<\/h6>\n<\/li>\n<li>\n<h6>Material: Keramika<\/h6>\n<\/li>\n<li>\n<h6>V darilni vre\u010dki s prilo\u017eenim certifikatom<\/h6>\n<\/li>\n<li>\n<h6>Oblikovano z ljubeznijo do detajlov<\/h6>\n<\/li>\n<li>\n<h6>Idealno darilo za ljubitelje ro\u017e in obo\u017eevalce spomin\u010dic<\/h6>\n<\/li>\n<\/ul>\n","protected":false},"featured_media":8206,"template":"","meta":{"_monsterinsights_skip_tracking":false,"_monsterinsights_sitenote_active":false,"_monsterinsights_sitenote_note":"","_monsterinsights_sitenote_category":0},"product_cat":[103,686],"product_tag":[151,41,313],"aioseo_notices":[],"yoast_head":"<!-- This site is optimized with the Yoast SEO plugin v22.1 - https:\/\/yoast.com\/wordpress\/plugins\/seo\/ -->\n<title>Spomin\u010dica - Etnogalerija Skrina<\/title>\n<meta name=\"description\" content=\"Spomin\u010dica je ena redkih cvetlic, ki svoj simbolni pomen nedvoumno izra\u017ea z imenom.\" \/>\n<meta name=\"robots\" content=\"index, follow, max-snippet:-1, max-image-preview:large, max-video-preview:-1\" \/>\n<link rel=\"canonical\" href=\"https:\/\/skrina.si\/sl\/product\/spomincica\/\" \/>\n<meta property=\"og:locale\" content=\"sl_SI\" \/>\n<meta property=\"og:locale:alternate\" content=\"en_GB\" \/>\n<meta property=\"og:type\" content=\"article\" \/>\n<meta property=\"og:title\" content=\"Spomin\u010dica\" \/>\n<meta property=\"og:description\" content=\"Spomin\u010dica je ena redkih cvetlic, ki svoj simbolni pomen nedvoumno izra\u017ea z imenom.\" \/>\n<meta property=\"og:url\" content=\"https:\/\/skrina.si\/sl\/product\/spomincica\/\" \/>\n<meta property=\"og:site_name\" content=\"Etnogalerija Skrina\" \/>\n<meta property=\"article:modified_time\" content=\"2024-04-08T09:27:58+00:00\" \/>\n<meta property=\"og:image\" content=\"https:\/\/skrina.si\/wp-content\/uploads\/2022\/03\/Rozna-vila-spomincica-dekor-Slovenske-roze-Tradicija-s-posluhom-Etno-galerija-Skrina.jpg\" \/>\n\t<meta property=\"og:image:width\" content=\"1619\" \/>\n\t<meta property=\"og:image:height\" content=\"1213\" \/>\n\t<meta property=\"og:image:type\" content=\"image\/jpeg\" \/>\n<meta name=\"twitter:card\" content=\"summary_large_image\" \/>\n<meta name=\"twitter:label1\" content=\"Est. reading time\" \/>\n\t<meta name=\"twitter:data1\" content=\"1 minuta\" \/>\n<script type=\"application\/ld+json\" class=\"yoast-schema-graph\">{\"@context\":\"https:\/\/schema.org\",\"@graph\":[{\"@type\":\"WebPage\",\"@id\":\"https:\/\/skrina.si\/sl\/product\/spomincica\/\",\"url\":\"https:\/\/skrina.si\/sl\/product\/spomincica\/\",\"name\":\"[:sl]Spomin\u010dica[:] - Etnogalerija Skrina\",\"isPartOf\":{\"@id\":\"https:\/\/skrina.si\/sl\/#website\"},\"datePublished\":\"2022-03-03T14:55:58+00:00\",\"dateModified\":\"2024-04-08T09:27:58+00:00\",\"description\":\"Spomin\u010dica je ena redkih cvetlic, ki svoj simbolni pomen nedvoumno izra\u017ea z imenom.\",\"breadcrumb\":{\"@id\":\"https:\/\/skrina.si\/sl\/product\/spomincica\/#breadcrumb\"},\"inLanguage\":\"sl-SI\",\"potentialAction\":[{\"@type\":\"ReadAction\",\"target\":[\"https:\/\/skrina.si\/sl\/product\/spomincica\/\"]}]},{\"@type\":\"BreadcrumbList\",\"@id\":\"https:\/\/skrina.si\/sl\/product\/spomincica\/#breadcrumb\",\"itemListElement\":[{\"@type\":\"ListItem\",\"position\":1,\"name\":\"Home\",\"item\":\"https:\/\/skrina.si\/\"},{\"@type\":\"ListItem\",\"position\":2,\"name\":\"Shop\",\"item\":\"https:\/\/skrina.si\/shop\/\"},{\"@type\":\"ListItem\",\"position\":3,\"name\":\"Spomin\u010dica\"}]},{\"@type\":\"WebSite\",\"@id\":\"https:\/\/skrina.si\/sl\/#website\",\"url\":\"https:\/\/skrina.si\/sl\/\",\"name\":\"Etnogalerija Skrina\",\"description\":\"Tradicija s posluhom\",\"potentialAction\":[{\"@type\":\"SearchAction\",\"target\":{\"@type\":\"EntryPoint\",\"urlTemplate\":\"https:\/\/skrina.si\/sl\/?s={search_term_string}\"},\"query-input\":\"required name=search_term_string\"}],\"inLanguage\":\"sl-SI\"}]}<\/script>\n<!-- \/ Yoast SEO plugin. -->","yoast_head_json":{"title":"Spomin\u010dica - Etnogalerija Skrina","description":"Spomin\u010dica je ena redkih cvetlic, ki svoj simbolni pomen nedvoumno izra\u017ea z imenom.","robots":{"index":"index","follow":"follow","max-snippet":"max-snippet:-1","max-image-preview":"max-image-preview:large","max-video-preview":"max-video-preview:-1"},"canonical":"https:\/\/skrina.si\/sl\/product\/spomincica\/","og_locale":"sl_SI","og_type":"article","og_title":"[:sl]Spomin\u010dica[:] - Etnogalerija Skrina","og_description":"Spomin\u010dica je ena redkih cvetlic, ki svoj simbolni pomen nedvoumno izra\u017ea z imenom.","og_url":"https:\/\/skrina.si\/sl\/product\/spomincica\/","og_site_name":"Etnogalerija Skrina","article_modified_time":"2024-04-08T09:27:58+00:00","og_image":[{"width":1619,"height":1213,"url":"https:\/\/skrina.si\/wp-content\/uploads\/2022\/03\/Rozna-vila-spomincica-dekor-Slovenske-roze-Tradicija-s-posluhom-Etno-galerija-Skrina.jpg","type":"image\/jpeg"}],"twitter_card":"summary_large_image","twitter_misc":{"Est. reading time":"1 minuta"},"schema":{"@context":"https:\/\/schema.org","@graph":[{"@type":"WebPage","@id":"https:\/\/skrina.si\/sl\/product\/spomincica\/","url":"https:\/\/skrina.si\/sl\/product\/spomincica\/","name":"[:sl]Spomin\u010dica[:] - Etnogalerija Skrina","isPartOf":{"@id":"https:\/\/skrina.si\/sl\/#website"},"datePublished":"2022-03-03T14:55:58+00:00","dateModified":"2024-04-08T09:27:58+00:00","description":"Spomin\u010dica je ena redkih cvetlic, ki svoj simbolni pomen nedvoumno izra\u017ea z imenom.","breadcrumb":{"@id":"https:\/\/skrina.si\/sl\/product\/spomincica\/#breadcrumb"},"inLanguage":"sl-SI","potentialAction":[{"@type":"ReadAction","target":["https:\/\/skrina.si\/sl\/product\/spomincica\/"]}]},{"@type":"BreadcrumbList","@id":"https:\/\/skrina.si\/sl\/product\/spomincica\/#breadcrumb","itemListElement":[{"@type":"ListItem","position":1,"name":"Home","item":"https:\/\/skrina.si\/"},{"@type":"ListItem","position":2,"name":"Shop","item":"https:\/\/skrina.si\/shop\/"},{"@type":"ListItem","position":3,"name":"Spomin\u010dica"}]},{"@type":"WebSite","@id":"https:\/\/skrina.si\/sl\/#website","url":"https:\/\/skrina.si\/sl\/","name":"Etnogalerija Skrina","description":"Tradicija s posluhom","potentialAction":[{"@type":"SearchAction","target":{"@type":"EntryPoint","urlTemplate":"https:\/\/skrina.si\/sl\/?s={search_term_string}"},"query-input":"required name=search_term_string"}],"inLanguage":"sl-SI"}]}},"_links":{"self":[{"href":"https:\/\/skrina.si\/sl\/wp-json\/wp\/v2\/product\/8123"}],"collection":[{"href":"https:\/\/skrina.si\/sl\/wp-json\/wp\/v2\/product"}],"about":[{"href":"https:\/\/skrina.si\/sl\/wp-json\/wp\/v2\/types\/product"}],"wp:featuredmedia":[{"embeddable":true,"href":"https:\/\/skrina.si\/sl\/wp-json\/wp\/v2\/media\/8206"}],"wp:attachment":[{"href":"https:\/\/skrina.si\/sl\/wp-json\/wp\/v2\/media?parent=8123"}],"wp:term":[{"taxonomy":"product_cat","embeddable":true,"href":"https:\/\/skrina.si\/sl\/wp-json\/wp\/v2\/product_cat?post=8123"},{"taxonomy":"product_tag","embeddable":true,"href":"https:\/\/skrina.si\/sl\/wp-json\/wp\/v2\/product_tag?post=8123"}],"curies":[{"name":"wp","href":"https:\/\/api.w.org\/{rel}","templated":true}]}}