{"id":8094,"date":"2022-03-03T15:25:44","date_gmt":"2022-03-03T15:25:44","guid":{"rendered":"https:\/\/skrina.si\/?post_type=product&#038;p=8094"},"modified":"2022-05-07T08:56:07","modified_gmt":"2022-05-07T08:56:07","slug":"zafran","status":"publish","type":"product","link":"https:\/\/skrina.si\/sl\/product\/zafran\/","title":{"rendered":"\u017dafran"},"content":{"rendered":"","protected":false},"excerpt":{"rendered":"<h5>Kakor zarja na svojih krilih vsako jutro znova pre\u017eene no\u010d, tako <strong><em>\u017eafran ali krokus<\/em><\/strong> vsako pomlad zacveti na komaj otajani zemlji ali celo pokuka izpod zaplat zadnjega snega. Zato je \u017eafran skoraj povsod, kjer raste, simbol pomladi, prebujenega \u017eivljena, upanja in radosti.<br \/>\nZlato rumeni \u017eafran je s svilnatimi cvetovi obenem tudi simbol lu\u010di in razsvetljenja, pa tudi izobilja in pravlji\u010dnega razko\u0161ja.<br \/>\nNjegov sorodnik, pravi \u017eafran, je bil \u017ee v antiki simbol bogastva, saj so ga uporabljali kot izredno drago barvilo s katerim so barvali svilo na Kitajskem in v Indiji. Za kilogram \u017eafranovih brazd iz katerih je bilo narejeno barvilo so potrebovali do dvesto tiso\u010d cvetov. \u010ceprav \u017eafrana\u00a0 v tekstilni industriji \u017ee dolgo ne uporabljajo ve\u010d za barvanje tkanin, pa reklo <strong><em>\u00bbdrag kot \u017eafran\u00ab<\/em><\/strong> ni utonilo v pozabo in ga \u0161e danes uporabljamo.<\/h5>\n<h6><em>Podrobnosti:<\/em><\/h6>\n<ul>\n<li>\n<h6>Velikost: vi\u0161ina 12 cm, \u0161irina 7 cm<\/h6>\n<\/li>\n<li>\n<h6>Material: Keramika<\/h6>\n<\/li>\n<li>\n<h6>V darilni vre\u010dki s prilo\u017eenim certifikatom<\/h6>\n<\/li>\n<li>\n<h6>Oblikovano z ljubeznijo do detajlov<\/h6>\n<\/li>\n<li>\n<h6>Idealno darilo za ljubitelje ro\u017e in obo\u017eevalce \u017eafrana<\/h6>\n<\/li>\n<\/ul>\n","protected":false},"featured_media":8204,"template":"","meta":{"_monsterinsights_skip_tracking":false,"_monsterinsights_sitenote_active":false,"_monsterinsights_sitenote_note":"","_monsterinsights_sitenote_category":0},"product_cat":[103,686],"product_tag":[151,41,311],"aioseo_notices":[],"yoast_head":"<!-- This site is optimized with the Yoast SEO plugin v22.1 - https:\/\/yoast.com\/wordpress\/plugins\/seo\/ -->\n<title>\u017dafran - Etnogalerija Skrina<\/title>\n<meta name=\"description\" content=\"Zlato rumeni \u017eafran je s svilnatimi cvetovi obenem tudi simbol lu\u010di in razsvetljenja, pa tudi izobilja in pravlji\u010dnega razko\u0161ja.\" \/>\n<meta name=\"robots\" content=\"index, follow, max-snippet:-1, max-image-preview:large, max-video-preview:-1\" \/>\n<link rel=\"canonical\" href=\"https:\/\/skrina.si\/sl\/product\/zafran\/\" \/>\n<meta property=\"og:locale\" content=\"sl_SI\" \/>\n<meta property=\"og:locale:alternate\" content=\"en_GB\" \/>\n<meta property=\"og:type\" content=\"article\" \/>\n<meta property=\"og:title\" content=\"\u017dafran - Etnogalerija Skrina\" \/>\n<meta property=\"og:description\" content=\"Zlato rumeni \u017eafran je s svilnatimi cvetovi obenem tudi simbol lu\u010di in razsvetljenja, pa tudi izobilja in pravlji\u010dnega razko\u0161ja.\" \/>\n<meta property=\"og:url\" content=\"https:\/\/skrina.si\/sl\/product\/zafran\/\" \/>\n<meta property=\"og:site_name\" content=\"Etnogalerija Skrina\" \/>\n<meta property=\"article:modified_time\" content=\"2022-05-07T08:56:07+00:00\" \/>\n<meta property=\"og:image\" content=\"https:\/\/skrina.si\/wp-content\/uploads\/2022\/03\/Rozne-vile-zafran-rumen-dekor-Slovenske-cvetlice-roze-Tradicija-s-posluhom-Etno-galerija-Skrina.jpg\" \/>\n\t<meta property=\"og:image:width\" content=\"1619\" \/>\n\t<meta property=\"og:image:height\" content=\"1213\" \/>\n\t<meta property=\"og:image:type\" content=\"image\/jpeg\" \/>\n<meta name=\"twitter:card\" content=\"summary_large_image\" \/>\n<script type=\"application\/ld+json\" class=\"yoast-schema-graph\">{\"@context\":\"https:\/\/schema.org\",\"@graph\":[{\"@type\":\"WebPage\",\"@id\":\"https:\/\/skrina.si\/sl\/product\/zafran\/\",\"url\":\"https:\/\/skrina.si\/sl\/product\/zafran\/\",\"name\":\"\u017dafran - Etnogalerija Skrina\",\"isPartOf\":{\"@id\":\"https:\/\/skrina.si\/sl\/#website\"},\"datePublished\":\"2022-03-03T15:25:44+00:00\",\"dateModified\":\"2022-05-07T08:56:07+00:00\",\"description\":\"Zlato rumeni \u017eafran je s svilnatimi cvetovi obenem tudi simbol lu\u010di in razsvetljenja, pa tudi izobilja in pravlji\u010dnega razko\u0161ja.\",\"breadcrumb\":{\"@id\":\"https:\/\/skrina.si\/sl\/product\/zafran\/#breadcrumb\"},\"inLanguage\":\"sl-SI\",\"potentialAction\":[{\"@type\":\"ReadAction\",\"target\":[\"https:\/\/skrina.si\/sl\/product\/zafran\/\"]}]},{\"@type\":\"BreadcrumbList\",\"@id\":\"https:\/\/skrina.si\/sl\/product\/zafran\/#breadcrumb\",\"itemListElement\":[{\"@type\":\"ListItem\",\"position\":1,\"name\":\"Home\",\"item\":\"https:\/\/skrina.si\/\"},{\"@type\":\"ListItem\",\"position\":2,\"name\":\"Shop\",\"item\":\"https:\/\/skrina.si\/shop\/\"},{\"@type\":\"ListItem\",\"position\":3,\"name\":\"\u017dafran\"}]},{\"@type\":\"WebSite\",\"@id\":\"https:\/\/skrina.si\/sl\/#website\",\"url\":\"https:\/\/skrina.si\/sl\/\",\"name\":\"Etnogalerija Skrina\",\"description\":\"Tradicija s posluhom\",\"potentialAction\":[{\"@type\":\"SearchAction\",\"target\":{\"@type\":\"EntryPoint\",\"urlTemplate\":\"https:\/\/skrina.si\/sl\/?s={search_term_string}\"},\"query-input\":\"required name=search_term_string\"}],\"inLanguage\":\"sl-SI\"}]}<\/script>\n<!-- \/ Yoast SEO plugin. -->","yoast_head_json":{"title":"\u017dafran - Etnogalerija Skrina","description":"Zlato rumeni \u017eafran je s svilnatimi cvetovi obenem tudi simbol lu\u010di in razsvetljenja, pa tudi izobilja in pravlji\u010dnega razko\u0161ja.","robots":{"index":"index","follow":"follow","max-snippet":"max-snippet:-1","max-image-preview":"max-image-preview:large","max-video-preview":"max-video-preview:-1"},"canonical":"https:\/\/skrina.si\/sl\/product\/zafran\/","og_locale":"sl_SI","og_type":"article","og_title":"\u017dafran - Etnogalerija Skrina","og_description":"Zlato rumeni \u017eafran je s svilnatimi cvetovi obenem tudi simbol lu\u010di in razsvetljenja, pa tudi izobilja in pravlji\u010dnega razko\u0161ja.","og_url":"https:\/\/skrina.si\/sl\/product\/zafran\/","og_site_name":"Etnogalerija Skrina","article_modified_time":"2022-05-07T08:56:07+00:00","og_image":[{"width":1619,"height":1213,"url":"https:\/\/skrina.si\/wp-content\/uploads\/2022\/03\/Rozne-vile-zafran-rumen-dekor-Slovenske-cvetlice-roze-Tradicija-s-posluhom-Etno-galerija-Skrina.jpg","type":"image\/jpeg"}],"twitter_card":"summary_large_image","schema":{"@context":"https:\/\/schema.org","@graph":[{"@type":"WebPage","@id":"https:\/\/skrina.si\/sl\/product\/zafran\/","url":"https:\/\/skrina.si\/sl\/product\/zafran\/","name":"\u017dafran - Etnogalerija Skrina","isPartOf":{"@id":"https:\/\/skrina.si\/sl\/#website"},"datePublished":"2022-03-03T15:25:44+00:00","dateModified":"2022-05-07T08:56:07+00:00","description":"Zlato rumeni \u017eafran je s svilnatimi cvetovi obenem tudi simbol lu\u010di in razsvetljenja, pa tudi izobilja in pravlji\u010dnega razko\u0161ja.","breadcrumb":{"@id":"https:\/\/skrina.si\/sl\/product\/zafran\/#breadcrumb"},"inLanguage":"sl-SI","potentialAction":[{"@type":"ReadAction","target":["https:\/\/skrina.si\/sl\/product\/zafran\/"]}]},{"@type":"BreadcrumbList","@id":"https:\/\/skrina.si\/sl\/product\/zafran\/#breadcrumb","itemListElement":[{"@type":"ListItem","position":1,"name":"Home","item":"https:\/\/skrina.si\/"},{"@type":"ListItem","position":2,"name":"Shop","item":"https:\/\/skrina.si\/shop\/"},{"@type":"ListItem","position":3,"name":"\u017dafran"}]},{"@type":"WebSite","@id":"https:\/\/skrina.si\/sl\/#website","url":"https:\/\/skrina.si\/sl\/","name":"Etnogalerija Skrina","description":"Tradicija s posluhom","potentialAction":[{"@type":"SearchAction","target":{"@type":"EntryPoint","urlTemplate":"https:\/\/skrina.si\/sl\/?s={search_term_string}"},"query-input":"required name=search_term_string"}],"inLanguage":"sl-SI"}]}},"_links":{"self":[{"href":"https:\/\/skrina.si\/sl\/wp-json\/wp\/v2\/product\/8094"}],"collection":[{"href":"https:\/\/skrina.si\/sl\/wp-json\/wp\/v2\/product"}],"about":[{"href":"https:\/\/skrina.si\/sl\/wp-json\/wp\/v2\/types\/product"}],"wp:featuredmedia":[{"embeddable":true,"href":"https:\/\/skrina.si\/sl\/wp-json\/wp\/v2\/media\/8204"}],"wp:attachment":[{"href":"https:\/\/skrina.si\/sl\/wp-json\/wp\/v2\/media?parent=8094"}],"wp:term":[{"taxonomy":"product_cat","embeddable":true,"href":"https:\/\/skrina.si\/sl\/wp-json\/wp\/v2\/product_cat?post=8094"},{"taxonomy":"product_tag","embeddable":true,"href":"https:\/\/skrina.si\/sl\/wp-json\/wp\/v2\/product_tag?post=8094"}],"curies":[{"name":"wp","href":"https:\/\/api.w.org\/{rel}","templated":true}]}}