{"id":8024,"date":"2022-03-03T13:50:30","date_gmt":"2022-03-03T13:50:30","guid":{"rendered":"https:\/\/skrina.si\/?post_type=product&#038;p=8024"},"modified":"2024-04-10T04:12:42","modified_gmt":"2024-04-10T02:12:42","slug":"storz","status":"publish","type":"product","link":"https:\/\/skrina.si\/sl\/product\/storz\/","title":{"rendered":"Stor\u017e"},"content":{"rendered":"","protected":false},"excerpt":{"rendered":"<h5><strong><em>Smreka,<\/em><\/strong> zimzeleno drevo, ki kljub zimi in mrazu nikoli ne izgubi svojega \u017eivljenja, je najbolj \u0161tevil\u010dna drevesna vrsta v Sloveniji. Na\u0161i predniki so jo \u010dastili kot <strong><em>simbol ve\u010dnosti<\/em><\/strong> in s smre\u010djem krasili svoja bivali\u0161\u010da in vse do danes ohranja osrednjo vlogo v bo\u017ei\u010dnem \u010dasu. Olupljena in na sredo vasi postavljena smreka je neko\u010d pomenila \u010dast in ponos va\u0161ke skupnost, varstvo vasi, \u010dlovekovega doma in njegove dru\u017eine. Ob pomembnih dogodkih, praznovanjih in slavjih ljudje \u0161e danes postavljajo visoke mlaje, saj je <strong><em>mlaj vidni simbol rasti, zdravja, blaginje in rodovitnosti.<br \/>\n<\/em><\/strong>\u010ceprav se povr\u0161nim opazovalcem morda zdi, da smreka izgleda dolgo\u010dasno, saj na njenih poganjkih ne moremo pri\u010dakovati \u010dudovitih spomladanskih cvetov ali pisanih jesenskih listov, jo odlikujejo druge privla\u010dne zna\u010dilnosti &#8211; <strong><em>predvsem veli\u010dastni stor\u017ei. <\/em><\/strong>Stor\u017ei, ki so sprva zeleni in trdo zbiti, postanejo jeseni rjavkasti in zelo dekorativni, zato so lahko lepa in poceni dekoracija va\u0161ega doma.<\/h5>\n<h6><em>Podrobnosti:<\/em><\/h6>\n<ul>\n<li>\n<h6>Velikost: vi\u0161ina 12 cm, \u0161irina 5 cm<\/h6>\n<\/li>\n<li>\n<h6>Material: Keramika<\/h6>\n<\/li>\n<li>\n<h6>V darilni vre\u010dki s prilo\u017eenim certifikatom<\/h6>\n<\/li>\n<li>\n<h6>Oblikovano z ljubeznijo do detajlov<\/h6>\n<\/li>\n<li>\n<h6>Idealno darilo za ljubitelje gozdov, smrek in stor\u017eev<\/h6>\n<\/li>\n<\/ul>\n","protected":false},"featured_media":8140,"template":"","meta":{"_monsterinsights_skip_tracking":false,"_monsterinsights_sitenote_active":false,"_monsterinsights_sitenote_note":"","_monsterinsights_sitenote_category":0},"product_cat":[103,686],"product_tag":[151,41,321],"aioseo_notices":[],"yoast_head":"<!-- This site is optimized with the Yoast SEO plugin v22.1 - https:\/\/yoast.com\/wordpress\/plugins\/seo\/ -->\n<title>Stor\u017e - Etnogalerija Skrina<\/title>\n<meta name=\"description\" content=\"Na\u0161i predniki so smreko \u010dastili kot simbol ve\u010dnosti in s smre\u010djem krasili svoja bivali\u0161\u010da in vse do danes ohranja osrednjo vlogo v bo\u017ei\u010dnem \u010dasu.\" \/>\n<meta name=\"robots\" content=\"index, follow, max-snippet:-1, max-image-preview:large, max-video-preview:-1\" \/>\n<link rel=\"canonical\" href=\"https:\/\/skrina.si\/sl\/product\/storz\/\" \/>\n<meta property=\"og:locale\" content=\"sl_SI\" \/>\n<meta property=\"og:locale:alternate\" content=\"en_GB\" \/>\n<meta property=\"og:type\" content=\"article\" \/>\n<meta property=\"og:title\" content=\"Stor\u017e\" \/>\n<meta property=\"og:description\" content=\"Na\u0161i predniki so smreko \u010dastili kot simbol ve\u010dnosti in s smre\u010djem krasili svoja bivali\u0161\u010da in vse do danes ohranja osrednjo vlogo v bo\u017ei\u010dnem \u010dasu.\" \/>\n<meta property=\"og:url\" content=\"https:\/\/skrina.si\/sl\/product\/storz\/\" \/>\n<meta property=\"og:site_name\" content=\"Etnogalerija Skrina\" \/>\n<meta property=\"article:modified_time\" content=\"2024-04-10T02:12:42+00:00\" \/>\n<meta property=\"og:image\" content=\"https:\/\/skrina.si\/wp-content\/uploads\/2022\/03\/Rozne-vile-storz-dekor-Slovenske-cvetlice-roze-Tradicija-s-posluhom-Etno-galerija-Skrina.jpg\" \/>\n\t<meta property=\"og:image:width\" content=\"1619\" \/>\n\t<meta property=\"og:image:height\" content=\"1213\" \/>\n\t<meta property=\"og:image:type\" content=\"image\/jpeg\" \/>\n<meta name=\"twitter:card\" content=\"summary_large_image\" \/>\n<meta name=\"twitter:label1\" content=\"Est. reading time\" \/>\n\t<meta name=\"twitter:data1\" content=\"1 minuta\" \/>\n<script type=\"application\/ld+json\" class=\"yoast-schema-graph\">{\"@context\":\"https:\/\/schema.org\",\"@graph\":[{\"@type\":\"WebPage\",\"@id\":\"https:\/\/skrina.si\/sl\/product\/storz\/\",\"url\":\"https:\/\/skrina.si\/sl\/product\/storz\/\",\"name\":\"[:en]Stor\u017e[:sl]Stor\u017e[:] - Etnogalerija Skrina\",\"isPartOf\":{\"@id\":\"https:\/\/skrina.si\/sl\/#website\"},\"datePublished\":\"2022-03-03T13:50:30+00:00\",\"dateModified\":\"2024-04-10T02:12:42+00:00\",\"description\":\"Na\u0161i predniki so smreko \u010dastili kot simbol ve\u010dnosti in s smre\u010djem krasili svoja bivali\u0161\u010da in vse do danes ohranja osrednjo vlogo v bo\u017ei\u010dnem \u010dasu.\",\"breadcrumb\":{\"@id\":\"https:\/\/skrina.si\/sl\/product\/storz\/#breadcrumb\"},\"inLanguage\":\"sl-SI\",\"potentialAction\":[{\"@type\":\"ReadAction\",\"target\":[\"https:\/\/skrina.si\/sl\/product\/storz\/\"]}]},{\"@type\":\"BreadcrumbList\",\"@id\":\"https:\/\/skrina.si\/sl\/product\/storz\/#breadcrumb\",\"itemListElement\":[{\"@type\":\"ListItem\",\"position\":1,\"name\":\"Home\",\"item\":\"https:\/\/skrina.si\/\"},{\"@type\":\"ListItem\",\"position\":2,\"name\":\"Shop\",\"item\":\"https:\/\/skrina.si\/shop\/\"},{\"@type\":\"ListItem\",\"position\":3,\"name\":\"Stor\u017e\"}]},{\"@type\":\"WebSite\",\"@id\":\"https:\/\/skrina.si\/sl\/#website\",\"url\":\"https:\/\/skrina.si\/sl\/\",\"name\":\"Etnogalerija Skrina\",\"description\":\"Tradicija s posluhom\",\"potentialAction\":[{\"@type\":\"SearchAction\",\"target\":{\"@type\":\"EntryPoint\",\"urlTemplate\":\"https:\/\/skrina.si\/sl\/?s={search_term_string}\"},\"query-input\":\"required name=search_term_string\"}],\"inLanguage\":\"sl-SI\"}]}<\/script>\n<!-- \/ Yoast SEO plugin. -->","yoast_head_json":{"title":"Stor\u017e - Etnogalerija Skrina","description":"Na\u0161i predniki so smreko \u010dastili kot simbol ve\u010dnosti in s smre\u010djem krasili svoja bivali\u0161\u010da in vse do danes ohranja osrednjo vlogo v bo\u017ei\u010dnem \u010dasu.","robots":{"index":"index","follow":"follow","max-snippet":"max-snippet:-1","max-image-preview":"max-image-preview:large","max-video-preview":"max-video-preview:-1"},"canonical":"https:\/\/skrina.si\/sl\/product\/storz\/","og_locale":"sl_SI","og_type":"article","og_title":"[:en]Stor\u017e[:sl]Stor\u017e[:] - Etnogalerija Skrina","og_description":"Na\u0161i predniki so smreko \u010dastili kot simbol ve\u010dnosti in s smre\u010djem krasili svoja bivali\u0161\u010da in vse do danes ohranja osrednjo vlogo v bo\u017ei\u010dnem \u010dasu.","og_url":"https:\/\/skrina.si\/sl\/product\/storz\/","og_site_name":"Etnogalerija Skrina","article_modified_time":"2024-04-10T02:12:42+00:00","og_image":[{"width":1619,"height":1213,"url":"https:\/\/skrina.si\/wp-content\/uploads\/2022\/03\/Rozne-vile-storz-dekor-Slovenske-cvetlice-roze-Tradicija-s-posluhom-Etno-galerija-Skrina.jpg","type":"image\/jpeg"}],"twitter_card":"summary_large_image","twitter_misc":{"Est. reading time":"1 minuta"},"schema":{"@context":"https:\/\/schema.org","@graph":[{"@type":"WebPage","@id":"https:\/\/skrina.si\/sl\/product\/storz\/","url":"https:\/\/skrina.si\/sl\/product\/storz\/","name":"[:en]Stor\u017e[:sl]Stor\u017e[:] - Etnogalerija Skrina","isPartOf":{"@id":"https:\/\/skrina.si\/sl\/#website"},"datePublished":"2022-03-03T13:50:30+00:00","dateModified":"2024-04-10T02:12:42+00:00","description":"Na\u0161i predniki so smreko \u010dastili kot simbol ve\u010dnosti in s smre\u010djem krasili svoja bivali\u0161\u010da in vse do danes ohranja osrednjo vlogo v bo\u017ei\u010dnem \u010dasu.","breadcrumb":{"@id":"https:\/\/skrina.si\/sl\/product\/storz\/#breadcrumb"},"inLanguage":"sl-SI","potentialAction":[{"@type":"ReadAction","target":["https:\/\/skrina.si\/sl\/product\/storz\/"]}]},{"@type":"BreadcrumbList","@id":"https:\/\/skrina.si\/sl\/product\/storz\/#breadcrumb","itemListElement":[{"@type":"ListItem","position":1,"name":"Home","item":"https:\/\/skrina.si\/"},{"@type":"ListItem","position":2,"name":"Shop","item":"https:\/\/skrina.si\/shop\/"},{"@type":"ListItem","position":3,"name":"Stor\u017e"}]},{"@type":"WebSite","@id":"https:\/\/skrina.si\/sl\/#website","url":"https:\/\/skrina.si\/sl\/","name":"Etnogalerija Skrina","description":"Tradicija s posluhom","potentialAction":[{"@type":"SearchAction","target":{"@type":"EntryPoint","urlTemplate":"https:\/\/skrina.si\/sl\/?s={search_term_string}"},"query-input":"required name=search_term_string"}],"inLanguage":"sl-SI"}]}},"_links":{"self":[{"href":"https:\/\/skrina.si\/sl\/wp-json\/wp\/v2\/product\/8024"}],"collection":[{"href":"https:\/\/skrina.si\/sl\/wp-json\/wp\/v2\/product"}],"about":[{"href":"https:\/\/skrina.si\/sl\/wp-json\/wp\/v2\/types\/product"}],"wp:featuredmedia":[{"embeddable":true,"href":"https:\/\/skrina.si\/sl\/wp-json\/wp\/v2\/media\/8140"}],"wp:attachment":[{"href":"https:\/\/skrina.si\/sl\/wp-json\/wp\/v2\/media?parent=8024"}],"wp:term":[{"taxonomy":"product_cat","embeddable":true,"href":"https:\/\/skrina.si\/sl\/wp-json\/wp\/v2\/product_cat?post=8024"},{"taxonomy":"product_tag","embeddable":true,"href":"https:\/\/skrina.si\/sl\/wp-json\/wp\/v2\/product_tag?post=8024"}],"curies":[{"name":"wp","href":"https:\/\/api.w.org\/{rel}","templated":true}]}}