{"id":8022,"date":"2022-03-03T13:55:43","date_gmt":"2022-03-03T13:55:43","guid":{"rendered":"https:\/\/skrina.si\/?post_type=product&#038;p=8022"},"modified":"2024-03-11T18:24:15","modified_gmt":"2024-03-11T17:24:15","slug":"blagajev-volcin","status":"publish","type":"product","link":"https:\/\/skrina.si\/sl\/product\/blagajev-volcin\/","title":{"rendered":"Blagajev vol\u010din"},"content":{"rendered":"","protected":false},"excerpt":{"rendered":"<h5>Leta 1837 je kmet iz Polhovega Gradca gra\u0161\u010daku in kranjskemu rodoljubu Rihardu Ursiniju grofu Blagayu prinesel z gore cveto\u010do vejico.\u00a0 Ker grof rastline ni poznal, jo je poslal \u00bbv prepoznavo\u00ab botanikom v ljubljanski De\u017eelni muzej, kjer so potrdili, da gre za neznani vol\u010din in ga po najditelju imenovali <strong><em>Blagajev vol\u010din<\/em><\/strong>. (Daphne blagayana). V tedanji Evropi je nova vrsta pomenila pravo botani\u010dno senzacijo in \u017ee naslednje leto (1838) jo je pri\u0161el gledat sa\u0161ki kralj <strong><em>Friderik Avgust II<\/em><\/strong>, ki je bil navdu\u0161en botanik. V spomin na kraljevski obisk in na odkritje <strong><em>blagajke,<\/em><\/strong> kot so ro\u017eo imenovali doma\u010dini, je grof Blagay postavil ob vzno\u017eju Polhograjske gore ve\u010d kot \u0161tiri metre visok spomenik, ki je pomemben del na\u0161e kulturne dedi\u0161\u010dine, blagajevega vol\u010dina pa se je prijelo ime <strong><em>kraljeva ro\u017ea. <\/em><\/strong>Le do 30 centimetrov visok, vednozelen grmi\u010dek ima rumenkasto bele cvetove, ki na prvi pogled niso razko\u0161ni, pa so kljub temu vredni vsega ob\u010dudovanja. V marcu in aprilu, \u00a0nas pritegnejo tudi s prijetim vonjem, opazuje pa se jo lahko le v naravi, saj je za\u0161\u010ditena.<\/h5>\n<h6><em>Podrobnosti:<\/em><\/h6>\n<ul>\n<li>\n<h6>Velikost: vi\u0161ina 11 cm, \u0161irina 4 cm<\/h6>\n<\/li>\n<li>\n<h6>Material: Keramika<\/h6>\n<\/li>\n<li>\n<h6>V darilni vre\u010dki s prilo\u017eenim certifikatom<\/h6>\n<\/li>\n<li>\n<h6>Oblikovano z ljubeznijo do detajlov<\/h6>\n<\/li>\n<li>\n<h6>Idealno darilo za ljubitelje gozdov in blagajke, slovenske botani\u010dne znamenitosti<\/h6>\n<\/li>\n<\/ul>\n","protected":false},"featured_media":9715,"template":"","meta":{"_monsterinsights_skip_tracking":false,"_monsterinsights_sitenote_active":false,"_monsterinsights_sitenote_note":"","_monsterinsights_sitenote_category":0},"product_cat":[103,686],"product_tag":[320,151,41],"aioseo_notices":[],"yoast_head":"<!-- This site is optimized with the Yoast SEO plugin v22.1 - https:\/\/yoast.com\/wordpress\/plugins\/seo\/ -->\n<title>Blagajev vol\u010din - Etnogalerija Skrina<\/title>\n<meta name=\"description\" content=\"Le do 30 centimetrov visok, vednozelen grmi\u010dek ima rumenkasto bele cvetove, ki na prvi pogled niso razko\u0161ni, pa so kljub temu vredni vsega ob\u010dudovanja.\" \/>\n<meta name=\"robots\" content=\"index, follow, max-snippet:-1, max-image-preview:large, max-video-preview:-1\" \/>\n<link rel=\"canonical\" href=\"https:\/\/skrina.si\/sl\/product\/blagajev-volcin\/\" \/>\n<meta property=\"og:locale\" content=\"sl_SI\" \/>\n<meta property=\"og:locale:alternate\" content=\"en_GB\" \/>\n<meta property=\"og:type\" content=\"article\" \/>\n<meta property=\"og:title\" content=\"Blagajev vol\u010din - Etnogalerija Skrina\" \/>\n<meta property=\"og:description\" content=\"Le do 30 centimetrov visok, vednozelen grmi\u010dek ima rumenkasto bele cvetove, ki na prvi pogled niso razko\u0161ni, pa so kljub temu vredni vsega ob\u010dudovanja.\" \/>\n<meta property=\"og:url\" content=\"https:\/\/skrina.si\/sl\/product\/blagajev-volcin\/\" \/>\n<meta property=\"og:site_name\" content=\"Etnogalerija Skrina\" \/>\n<meta property=\"article:modified_time\" content=\"2024-03-11T17:24:15+00:00\" \/>\n<meta property=\"og:image\" content=\"https:\/\/skrina.si\/wp-content\/uploads\/2022\/03\/Rozne-vile-Blagajev-volcin-dekor-Slovenske-cvetlice-roze-Tradicija-s-pos....jpg\" \/>\n\t<meta property=\"og:image:width\" content=\"1619\" \/>\n\t<meta property=\"og:image:height\" content=\"1213\" \/>\n\t<meta property=\"og:image:type\" content=\"image\/jpeg\" \/>\n<meta name=\"twitter:card\" content=\"summary_large_image\" \/>\n<meta name=\"twitter:label1\" content=\"Est. reading time\" \/>\n\t<meta name=\"twitter:data1\" content=\"1 minuta\" \/>\n<script type=\"application\/ld+json\" class=\"yoast-schema-graph\">{\"@context\":\"https:\/\/schema.org\",\"@graph\":[{\"@type\":\"WebPage\",\"@id\":\"https:\/\/skrina.si\/sl\/product\/blagajev-volcin\/\",\"url\":\"https:\/\/skrina.si\/sl\/product\/blagajev-volcin\/\",\"name\":\"Blagajev vol\u010din - Etnogalerija Skrina\",\"isPartOf\":{\"@id\":\"https:\/\/skrina.si\/sl\/#website\"},\"datePublished\":\"2022-03-03T13:55:43+00:00\",\"dateModified\":\"2024-03-11T17:24:15+00:00\",\"description\":\"Le do 30 centimetrov visok, vednozelen grmi\u010dek ima rumenkasto bele cvetove, ki na prvi pogled niso razko\u0161ni, pa so kljub temu vredni vsega ob\u010dudovanja.\",\"breadcrumb\":{\"@id\":\"https:\/\/skrina.si\/sl\/product\/blagajev-volcin\/#breadcrumb\"},\"inLanguage\":\"sl-SI\",\"potentialAction\":[{\"@type\":\"ReadAction\",\"target\":[\"https:\/\/skrina.si\/sl\/product\/blagajev-volcin\/\"]}]},{\"@type\":\"BreadcrumbList\",\"@id\":\"https:\/\/skrina.si\/sl\/product\/blagajev-volcin\/#breadcrumb\",\"itemListElement\":[{\"@type\":\"ListItem\",\"position\":1,\"name\":\"Home\",\"item\":\"https:\/\/skrina.si\/\"},{\"@type\":\"ListItem\",\"position\":2,\"name\":\"Shop\",\"item\":\"https:\/\/skrina.si\/shop\/\"},{\"@type\":\"ListItem\",\"position\":3,\"name\":\"Blagajev vol\u010din\"}]},{\"@type\":\"WebSite\",\"@id\":\"https:\/\/skrina.si\/sl\/#website\",\"url\":\"https:\/\/skrina.si\/sl\/\",\"name\":\"Etnogalerija Skrina\",\"description\":\"Tradicija s posluhom\",\"potentialAction\":[{\"@type\":\"SearchAction\",\"target\":{\"@type\":\"EntryPoint\",\"urlTemplate\":\"https:\/\/skrina.si\/sl\/?s={search_term_string}\"},\"query-input\":\"required name=search_term_string\"}],\"inLanguage\":\"sl-SI\"}]}<\/script>\n<!-- \/ Yoast SEO plugin. -->","yoast_head_json":{"title":"Blagajev vol\u010din - Etnogalerija Skrina","description":"Le do 30 centimetrov visok, vednozelen grmi\u010dek ima rumenkasto bele cvetove, ki na prvi pogled niso razko\u0161ni, pa so kljub temu vredni vsega ob\u010dudovanja.","robots":{"index":"index","follow":"follow","max-snippet":"max-snippet:-1","max-image-preview":"max-image-preview:large","max-video-preview":"max-video-preview:-1"},"canonical":"https:\/\/skrina.si\/sl\/product\/blagajev-volcin\/","og_locale":"sl_SI","og_type":"article","og_title":"Blagajev vol\u010din - Etnogalerija Skrina","og_description":"Le do 30 centimetrov visok, vednozelen grmi\u010dek ima rumenkasto bele cvetove, ki na prvi pogled niso razko\u0161ni, pa so kljub temu vredni vsega ob\u010dudovanja.","og_url":"https:\/\/skrina.si\/sl\/product\/blagajev-volcin\/","og_site_name":"Etnogalerija Skrina","article_modified_time":"2024-03-11T17:24:15+00:00","og_image":[{"width":1619,"height":1213,"url":"https:\/\/skrina.si\/wp-content\/uploads\/2022\/03\/Rozne-vile-Blagajev-volcin-dekor-Slovenske-cvetlice-roze-Tradicija-s-pos....jpg","type":"image\/jpeg"}],"twitter_card":"summary_large_image","twitter_misc":{"Est. reading time":"1 minuta"},"schema":{"@context":"https:\/\/schema.org","@graph":[{"@type":"WebPage","@id":"https:\/\/skrina.si\/sl\/product\/blagajev-volcin\/","url":"https:\/\/skrina.si\/sl\/product\/blagajev-volcin\/","name":"Blagajev vol\u010din - Etnogalerija Skrina","isPartOf":{"@id":"https:\/\/skrina.si\/sl\/#website"},"datePublished":"2022-03-03T13:55:43+00:00","dateModified":"2024-03-11T17:24:15+00:00","description":"Le do 30 centimetrov visok, vednozelen grmi\u010dek ima rumenkasto bele cvetove, ki na prvi pogled niso razko\u0161ni, pa so kljub temu vredni vsega ob\u010dudovanja.","breadcrumb":{"@id":"https:\/\/skrina.si\/sl\/product\/blagajev-volcin\/#breadcrumb"},"inLanguage":"sl-SI","potentialAction":[{"@type":"ReadAction","target":["https:\/\/skrina.si\/sl\/product\/blagajev-volcin\/"]}]},{"@type":"BreadcrumbList","@id":"https:\/\/skrina.si\/sl\/product\/blagajev-volcin\/#breadcrumb","itemListElement":[{"@type":"ListItem","position":1,"name":"Home","item":"https:\/\/skrina.si\/"},{"@type":"ListItem","position":2,"name":"Shop","item":"https:\/\/skrina.si\/shop\/"},{"@type":"ListItem","position":3,"name":"Blagajev vol\u010din"}]},{"@type":"WebSite","@id":"https:\/\/skrina.si\/sl\/#website","url":"https:\/\/skrina.si\/sl\/","name":"Etnogalerija Skrina","description":"Tradicija s posluhom","potentialAction":[{"@type":"SearchAction","target":{"@type":"EntryPoint","urlTemplate":"https:\/\/skrina.si\/sl\/?s={search_term_string}"},"query-input":"required name=search_term_string"}],"inLanguage":"sl-SI"}]}},"_links":{"self":[{"href":"https:\/\/skrina.si\/sl\/wp-json\/wp\/v2\/product\/8022"}],"collection":[{"href":"https:\/\/skrina.si\/sl\/wp-json\/wp\/v2\/product"}],"about":[{"href":"https:\/\/skrina.si\/sl\/wp-json\/wp\/v2\/types\/product"}],"wp:featuredmedia":[{"embeddable":true,"href":"https:\/\/skrina.si\/sl\/wp-json\/wp\/v2\/media\/9715"}],"wp:attachment":[{"href":"https:\/\/skrina.si\/sl\/wp-json\/wp\/v2\/media?parent=8022"}],"wp:term":[{"taxonomy":"product_cat","embeddable":true,"href":"https:\/\/skrina.si\/sl\/wp-json\/wp\/v2\/product_cat?post=8022"},{"taxonomy":"product_tag","embeddable":true,"href":"https:\/\/skrina.si\/sl\/wp-json\/wp\/v2\/product_tag?post=8022"}],"curies":[{"name":"wp","href":"https:\/\/api.w.org\/{rel}","templated":true}]}}