{"id":6553,"date":"2022-01-07T15:29:11","date_gmt":"2022-01-07T15:29:11","guid":{"rendered":"https:\/\/skrina.si\/?post_type=product&#038;p=6553"},"modified":"2024-04-13T00:51:27","modified_gmt":"2024-04-12T22:51:27","slug":"kozarci-za-penino","status":"publish","type":"product","link":"https:\/\/skrina.si\/sl\/product\/kozarci-za-penino\/","title":{"rendered":"Kozarci za penino"},"content":{"rendered":"","protected":false},"excerpt":{"rendered":"<h5>Veli\u010dastna, zapovedujo\u010da figura<strong><em> Higieja<\/em><\/strong> je ena od treh spornih slik, ki jih je Klimt izdelal za strop <em>Velike dvorane Univerze na Dunaju<strong>,<\/strong><\/em> zato so poznane tudi kot Fakultetne slike. Delo je bilo sestavljeno iz treh tem: filozofije, medicine in sodstva, pri \u010demer je &#8220;Hygeia&#8221;, <strong><em>boginja zdravja v gr\u0161ki mitologiji<\/em><\/strong> upodobljena kot mlada \u017eenska, ki ka\u010di, simbolu medicine, ponuja \u010da\u0161o vode. Od tod izvira izraz higiena, ki je kot zdravstvena preventiva imela pri starih Grkih velik pomen. Z dvignjeno brado in oblastnim pogledom gleda \u017eenska neposredno v opazovalca slike, zato njena dr\u017ea povzro\u010da vpra\u0161anje: ali ponuja skledo ali jo posmehljivo dr\u017ei?<br \/>\nOcenjeno je bilo, da kompozicija ne ponazarja medicinskega napredka. \u0160e ve\u010d: kritiki so Klimta napadli zaradi &#8220;pornografije&#8221; in &#8220;perverzne ekscesnosti&#8221; na slikah, zato nobena od treh slik ni bila nikoli razstavljena na dunajski univerzi.<\/h5>\n<h6><em>Podrobnosti:<\/em><\/h6>\n<ul>\n<li>\n<h6>Velikost: 6,5 x 6,5 x 24 cm<\/h6>\n<\/li>\n<li>\n<h6>Prostornina: 0.1 l<\/h6>\n<\/li>\n<li>\n<h6>Material: Steklo z razko\u0161no dekoracijo iz pravega zlata<\/h6>\n<\/li>\n<li>\n<h6>V darilni embala\u017ei<\/h6>\n<\/li>\n<li>\n<h6>Oblikovano z ljubeznijo do detajlov<\/h6>\n<\/li>\n<li>\n<h6>Eleganten, brez\u010dasen dizajn<\/h6>\n<\/li>\n<li>\n<h6>Idealno darilo za ljubitelje Klimta in prav posebne prilo\u017enosti<\/h6>\n<\/li>\n<li>\n<h6>Priporo\u010dljivo je ro\u010dno \u010di\u0161\u010denje<\/h6>\n<\/li>\n<\/ul>\n","protected":false},"featured_media":6558,"template":"","meta":{"_monsterinsights_skip_tracking":false,"_monsterinsights_sitenote_active":false,"_monsterinsights_sitenote_note":"","_monsterinsights_sitenote_category":0},"product_cat":[39,50,260],"product_tag":[],"aioseo_notices":[],"yoast_head":"<!-- This site is optimized with the Yoast SEO plugin v22.1 - https:\/\/yoast.com\/wordpress\/plugins\/seo\/ -->\n<title>Kozarci za penino - Etnogalerija Skrina<\/title>\n<meta name=\"description\" content=\"Gustav Klimt - kozarci za penino. Velikost: 6,5 x 6,5 x 24 cm; Prostornina: 0.1l; Material: Steklo z razko\u0161no dekoracijo iz pravega zlata\" \/>\n<meta name=\"robots\" content=\"index, follow, max-snippet:-1, max-image-preview:large, max-video-preview:-1\" \/>\n<link rel=\"canonical\" href=\"https:\/\/skrina.si\/sl\/product\/kozarci-za-penino\/\" \/>\n<meta property=\"og:locale\" content=\"sl_SI\" \/>\n<meta property=\"og:locale:alternate\" content=\"en_GB\" \/>\n<meta property=\"og:type\" content=\"article\" \/>\n<meta property=\"og:title\" content=\"Kozarci za penino\" \/>\n<meta property=\"og:description\" content=\"Gustav Klimt - kozarci za penino. Velikost: 6,5 x 6,5 x 24 cm; Prostornina: 0.1l; Material: Steklo z razko\u0161no dekoracijo iz pravega zlata\" \/>\n<meta property=\"og:url\" content=\"https:\/\/skrina.si\/sl\/product\/kozarci-za-penino\/\" \/>\n<meta property=\"og:site_name\" content=\"Etnogalerija Skrina\" \/>\n<meta property=\"article:modified_time\" content=\"2024-04-12T22:51:27+00:00\" \/>\n<meta property=\"og:image\" content=\"https:\/\/skrina.si\/wp-content\/uploads\/2022\/01\/Kozarec-za-sampanjec-Gustav-Klimt-Medicine.jpg\" \/>\n\t<meta property=\"og:image:width\" content=\"2000\" \/>\n\t<meta property=\"og:image:height\" content=\"1500\" \/>\n\t<meta property=\"og:image:type\" content=\"image\/jpeg\" \/>\n<meta name=\"twitter:card\" content=\"summary_large_image\" \/>\n<meta name=\"twitter:label1\" content=\"Est. reading time\" \/>\n\t<meta name=\"twitter:data1\" content=\"1 minuta\" \/>\n<script type=\"application\/ld+json\" class=\"yoast-schema-graph\">{\"@context\":\"https:\/\/schema.org\",\"@graph\":[{\"@type\":\"WebPage\",\"@id\":\"https:\/\/skrina.si\/sl\/product\/kozarci-za-penino\/\",\"url\":\"https:\/\/skrina.si\/sl\/product\/kozarci-za-penino\/\",\"name\":\"[:sl]Kozarci za penino[:] - Etnogalerija Skrina\",\"isPartOf\":{\"@id\":\"https:\/\/skrina.si\/sl\/#website\"},\"datePublished\":\"2022-01-07T15:29:11+00:00\",\"dateModified\":\"2024-04-12T22:51:27+00:00\",\"description\":\"Gustav Klimt - kozarci za penino. Velikost: 6,5 x 6,5 x 24 cm; Prostornina: 0.1l; Material: Steklo z razko\u0161no dekoracijo iz pravega zlata\",\"breadcrumb\":{\"@id\":\"https:\/\/skrina.si\/sl\/product\/kozarci-za-penino\/#breadcrumb\"},\"inLanguage\":\"sl-SI\",\"potentialAction\":[{\"@type\":\"ReadAction\",\"target\":[\"https:\/\/skrina.si\/sl\/product\/kozarci-za-penino\/\"]}]},{\"@type\":\"BreadcrumbList\",\"@id\":\"https:\/\/skrina.si\/sl\/product\/kozarci-za-penino\/#breadcrumb\",\"itemListElement\":[{\"@type\":\"ListItem\",\"position\":1,\"name\":\"Home\",\"item\":\"https:\/\/skrina.si\/\"},{\"@type\":\"ListItem\",\"position\":2,\"name\":\"Shop\",\"item\":\"https:\/\/skrina.si\/shop\/\"},{\"@type\":\"ListItem\",\"position\":3,\"name\":\"Kozarci za penino\"}]},{\"@type\":\"WebSite\",\"@id\":\"https:\/\/skrina.si\/sl\/#website\",\"url\":\"https:\/\/skrina.si\/sl\/\",\"name\":\"Etnogalerija Skrina\",\"description\":\"Tradicija s posluhom\",\"potentialAction\":[{\"@type\":\"SearchAction\",\"target\":{\"@type\":\"EntryPoint\",\"urlTemplate\":\"https:\/\/skrina.si\/sl\/?s={search_term_string}\"},\"query-input\":\"required name=search_term_string\"}],\"inLanguage\":\"sl-SI\"}]}<\/script>\n<!-- \/ Yoast SEO plugin. -->","yoast_head_json":{"title":"Kozarci za penino - Etnogalerija Skrina","description":"Gustav Klimt - kozarci za penino. Velikost: 6,5 x 6,5 x 24 cm; Prostornina: 0.1l; Material: Steklo z razko\u0161no dekoracijo iz pravega zlata","robots":{"index":"index","follow":"follow","max-snippet":"max-snippet:-1","max-image-preview":"max-image-preview:large","max-video-preview":"max-video-preview:-1"},"canonical":"https:\/\/skrina.si\/sl\/product\/kozarci-za-penino\/","og_locale":"sl_SI","og_type":"article","og_title":"[:sl]Kozarci za penino[:] - Etnogalerija Skrina","og_description":"Gustav Klimt - kozarci za penino. Velikost: 6,5 x 6,5 x 24 cm; Prostornina: 0.1l; Material: Steklo z razko\u0161no dekoracijo iz pravega zlata","og_url":"https:\/\/skrina.si\/sl\/product\/kozarci-za-penino\/","og_site_name":"Etnogalerija Skrina","article_modified_time":"2024-04-12T22:51:27+00:00","og_image":[{"width":2000,"height":1500,"url":"https:\/\/skrina.si\/wp-content\/uploads\/2022\/01\/Kozarec-za-sampanjec-Gustav-Klimt-Medicine.jpg","type":"image\/jpeg"}],"twitter_card":"summary_large_image","twitter_misc":{"Est. reading time":"1 minuta"},"schema":{"@context":"https:\/\/schema.org","@graph":[{"@type":"WebPage","@id":"https:\/\/skrina.si\/sl\/product\/kozarci-za-penino\/","url":"https:\/\/skrina.si\/sl\/product\/kozarci-za-penino\/","name":"[:sl]Kozarci za penino[:] - Etnogalerija Skrina","isPartOf":{"@id":"https:\/\/skrina.si\/sl\/#website"},"datePublished":"2022-01-07T15:29:11+00:00","dateModified":"2024-04-12T22:51:27+00:00","description":"Gustav Klimt - kozarci za penino. Velikost: 6,5 x 6,5 x 24 cm; Prostornina: 0.1l; Material: Steklo z razko\u0161no dekoracijo iz pravega zlata","breadcrumb":{"@id":"https:\/\/skrina.si\/sl\/product\/kozarci-za-penino\/#breadcrumb"},"inLanguage":"sl-SI","potentialAction":[{"@type":"ReadAction","target":["https:\/\/skrina.si\/sl\/product\/kozarci-za-penino\/"]}]},{"@type":"BreadcrumbList","@id":"https:\/\/skrina.si\/sl\/product\/kozarci-za-penino\/#breadcrumb","itemListElement":[{"@type":"ListItem","position":1,"name":"Home","item":"https:\/\/skrina.si\/"},{"@type":"ListItem","position":2,"name":"Shop","item":"https:\/\/skrina.si\/shop\/"},{"@type":"ListItem","position":3,"name":"Kozarci za penino"}]},{"@type":"WebSite","@id":"https:\/\/skrina.si\/sl\/#website","url":"https:\/\/skrina.si\/sl\/","name":"Etnogalerija Skrina","description":"Tradicija s posluhom","potentialAction":[{"@type":"SearchAction","target":{"@type":"EntryPoint","urlTemplate":"https:\/\/skrina.si\/sl\/?s={search_term_string}"},"query-input":"required name=search_term_string"}],"inLanguage":"sl-SI"}]}},"_links":{"self":[{"href":"https:\/\/skrina.si\/sl\/wp-json\/wp\/v2\/product\/6553"}],"collection":[{"href":"https:\/\/skrina.si\/sl\/wp-json\/wp\/v2\/product"}],"about":[{"href":"https:\/\/skrina.si\/sl\/wp-json\/wp\/v2\/types\/product"}],"wp:featuredmedia":[{"embeddable":true,"href":"https:\/\/skrina.si\/sl\/wp-json\/wp\/v2\/media\/6558"}],"wp:attachment":[{"href":"https:\/\/skrina.si\/sl\/wp-json\/wp\/v2\/media?parent=6553"}],"wp:term":[{"taxonomy":"product_cat","embeddable":true,"href":"https:\/\/skrina.si\/sl\/wp-json\/wp\/v2\/product_cat?post=6553"},{"taxonomy":"product_tag","embeddable":true,"href":"https:\/\/skrina.si\/sl\/wp-json\/wp\/v2\/product_tag?post=6553"}],"curies":[{"name":"wp","href":"https:\/\/api.w.org\/{rel}","templated":true}]}}