{"id":6543,"date":"2022-01-07T15:55:10","date_gmt":"2022-01-07T15:55:10","guid":{"rendered":"https:\/\/skrina.si\/?post_type=product&#038;p=6543"},"modified":"2024-04-13T00:52:09","modified_gmt":"2024-04-12T22:52:09","slug":"skodelice-za-caj-svetle-05l","status":"publish","type":"product","link":"https:\/\/skrina.si\/sl\/product\/skodelice-za-caj-svetle-05l\/","title":{"rendered":"Skodelice za \u010daj svetle 0,5l"},"content":{"rendered":"","protected":false},"excerpt":{"rendered":"<h5>Znamenito Drevo \u017eivljenja je povezano z imenom dunajskega industrialca Adolfa Stockwea, ki se je leta 1904 odlo\u010dil poslikati svojo ogromno vilo in k sodelovanju povabil ve\u010d umetnikov. Industrialec je bil naklonjen japonski umetnosti, zato se je Klimt odlo\u010dil narisati primerno sliko, ki bi dopolnjevala celoten dizajn. Sliko sestavljajo trije elementi \u2013 <strong><em>Pri\u010dakovanje, Izpolnitev<\/em><\/strong> in osrednji motiv \u2013 stilizirano <strong><em>Drevo \u017eivljenja. <\/em><\/strong>Ime nosi simbolni pomen in spodbuja gledalca k razmi\u0161ljanju: morda je umetnik posku\u0161al upodobiti svetopisemsko drevo spoznanja, morda je imel v mislih neskon\u010dnost, saj se veje sre\u010dujejo in prepletajo med seboj in ustvarjajo pravi labirint listov. Na sliko lahko simbolno gledamo tudi kot na nov za\u010detek, pozitivno energijo, zdravje in svetlo prihodnost.<\/h5>\n<h6><em>Podrobnosti:<\/em><\/h6>\n<ul>\n<li>\n<h6>Velikost: 13 x 10 x 15 cm<\/h6>\n<\/li>\n<li>\n<h6>Prostornina: 0,5 l<\/h6>\n<\/li>\n<li>\n<h6>Material: Ro\u010dno barvan porcelan z razko\u0161no dekoracijo iz pravega zlata<\/h6>\n<\/li>\n<li>\n<h6>V darilni embala\u017ei<\/h6>\n<\/li>\n<li>\n<h6>Oblikovano z ljubeznijo do detajlov<\/h6>\n<\/li>\n<li>\n<h6>Eleganten, brez\u010dasen dizajn<\/h6>\n<\/li>\n<li>\n<h6>Idealno darilo za ljubitelje Klimta in klasike<\/h6>\n<\/li>\n<\/ul>\n","protected":false},"featured_media":6547,"template":"","meta":{"_monsterinsights_skip_tracking":false,"_monsterinsights_sitenote_active":false,"_monsterinsights_sitenote_note":"","_monsterinsights_sitenote_category":0},"product_cat":[39,50,260],"product_tag":[],"aioseo_notices":[],"yoast_head":"<!-- This site is optimized with the Yoast SEO plugin v22.1 - https:\/\/yoast.com\/wordpress\/plugins\/seo\/ -->\n<title>Skodelice za \u010daj svetle 0,5l - Etnogalerija Skrina<\/title>\n<meta name=\"description\" content=\"Gustav Klimt - skodelica za \u010daj. Velikost: 13 x 10 x 15 cm; 0,5l; Material: Ro\u010dno barvan porcelan z razko\u0161no dekoracijo iz pravega zlata\" \/>\n<meta name=\"robots\" content=\"index, follow, max-snippet:-1, max-image-preview:large, max-video-preview:-1\" \/>\n<link rel=\"canonical\" href=\"https:\/\/skrina.si\/sl\/product\/skodelice-za-caj-svetle-05l\/\" \/>\n<meta property=\"og:locale\" content=\"sl_SI\" \/>\n<meta property=\"og:locale:alternate\" content=\"en_GB\" \/>\n<meta property=\"og:type\" content=\"article\" \/>\n<meta property=\"og:title\" content=\"Skodelice za \u010daj svetle 0,5l\" \/>\n<meta property=\"og:description\" content=\"Gustav Klimt - skodelica za \u010daj. Velikost: 13 x 10 x 15 cm; 0,5l; Material: Ro\u010dno barvan porcelan z razko\u0161no dekoracijo iz pravega zlata\" \/>\n<meta property=\"og:url\" content=\"https:\/\/skrina.si\/sl\/product\/skodelice-za-caj-svetle-05l\/\" \/>\n<meta property=\"og:site_name\" content=\"Etnogalerija Skrina\" \/>\n<meta property=\"article:modified_time\" content=\"2024-04-12T22:52:09+00:00\" \/>\n<meta property=\"og:image\" content=\"https:\/\/skrina.si\/wp-content\/uploads\/2022\/01\/Gustav-Klimt-skodelica-visoka-drevo-zivljenja-Etno-galerija-Skrina.jpg\" \/>\n\t<meta property=\"og:image:width\" content=\"2000\" \/>\n\t<meta property=\"og:image:height\" content=\"1500\" \/>\n\t<meta property=\"og:image:type\" content=\"image\/jpeg\" \/>\n<meta name=\"twitter:card\" content=\"summary_large_image\" \/>\n<meta name=\"twitter:label1\" content=\"Est. reading time\" \/>\n\t<meta name=\"twitter:data1\" content=\"1 minuta\" \/>\n<script type=\"application\/ld+json\" class=\"yoast-schema-graph\">{\"@context\":\"https:\/\/schema.org\",\"@graph\":[{\"@type\":\"WebPage\",\"@id\":\"https:\/\/skrina.si\/sl\/product\/skodelice-za-caj-svetle-05l\/\",\"url\":\"https:\/\/skrina.si\/sl\/product\/skodelice-za-caj-svetle-05l\/\",\"name\":\"[:sl]Skodelice za \u010daj svetle 0,5l[:] - Etnogalerija Skrina\",\"isPartOf\":{\"@id\":\"https:\/\/skrina.si\/sl\/#website\"},\"datePublished\":\"2022-01-07T15:55:10+00:00\",\"dateModified\":\"2024-04-12T22:52:09+00:00\",\"description\":\"Gustav Klimt - skodelica za \u010daj. Velikost: 13 x 10 x 15 cm; 0,5l; Material: Ro\u010dno barvan porcelan z razko\u0161no dekoracijo iz pravega zlata\",\"breadcrumb\":{\"@id\":\"https:\/\/skrina.si\/sl\/product\/skodelice-za-caj-svetle-05l\/#breadcrumb\"},\"inLanguage\":\"sl-SI\",\"potentialAction\":[{\"@type\":\"ReadAction\",\"target\":[\"https:\/\/skrina.si\/sl\/product\/skodelice-za-caj-svetle-05l\/\"]}]},{\"@type\":\"BreadcrumbList\",\"@id\":\"https:\/\/skrina.si\/sl\/product\/skodelice-za-caj-svetle-05l\/#breadcrumb\",\"itemListElement\":[{\"@type\":\"ListItem\",\"position\":1,\"name\":\"Home\",\"item\":\"https:\/\/skrina.si\/\"},{\"@type\":\"ListItem\",\"position\":2,\"name\":\"Shop\",\"item\":\"https:\/\/skrina.si\/shop\/\"},{\"@type\":\"ListItem\",\"position\":3,\"name\":\"Skodelice za \u010daj svetle 0,5l\"}]},{\"@type\":\"WebSite\",\"@id\":\"https:\/\/skrina.si\/sl\/#website\",\"url\":\"https:\/\/skrina.si\/sl\/\",\"name\":\"Etnogalerija Skrina\",\"description\":\"Tradicija s posluhom\",\"potentialAction\":[{\"@type\":\"SearchAction\",\"target\":{\"@type\":\"EntryPoint\",\"urlTemplate\":\"https:\/\/skrina.si\/sl\/?s={search_term_string}\"},\"query-input\":\"required name=search_term_string\"}],\"inLanguage\":\"sl-SI\"}]}<\/script>\n<!-- \/ Yoast SEO plugin. -->","yoast_head_json":{"title":"Skodelice za \u010daj svetle 0,5l - Etnogalerija Skrina","description":"Gustav Klimt - skodelica za \u010daj. Velikost: 13 x 10 x 15 cm; 0,5l; Material: Ro\u010dno barvan porcelan z razko\u0161no dekoracijo iz pravega zlata","robots":{"index":"index","follow":"follow","max-snippet":"max-snippet:-1","max-image-preview":"max-image-preview:large","max-video-preview":"max-video-preview:-1"},"canonical":"https:\/\/skrina.si\/sl\/product\/skodelice-za-caj-svetle-05l\/","og_locale":"sl_SI","og_type":"article","og_title":"[:sl]Skodelice za \u010daj svetle 0,5l[:] - Etnogalerija Skrina","og_description":"Gustav Klimt - skodelica za \u010daj. Velikost: 13 x 10 x 15 cm; 0,5l; Material: Ro\u010dno barvan porcelan z razko\u0161no dekoracijo iz pravega zlata","og_url":"https:\/\/skrina.si\/sl\/product\/skodelice-za-caj-svetle-05l\/","og_site_name":"Etnogalerija Skrina","article_modified_time":"2024-04-12T22:52:09+00:00","og_image":[{"width":2000,"height":1500,"url":"https:\/\/skrina.si\/wp-content\/uploads\/2022\/01\/Gustav-Klimt-skodelica-visoka-drevo-zivljenja-Etno-galerija-Skrina.jpg","type":"image\/jpeg"}],"twitter_card":"summary_large_image","twitter_misc":{"Est. reading time":"1 minuta"},"schema":{"@context":"https:\/\/schema.org","@graph":[{"@type":"WebPage","@id":"https:\/\/skrina.si\/sl\/product\/skodelice-za-caj-svetle-05l\/","url":"https:\/\/skrina.si\/sl\/product\/skodelice-za-caj-svetle-05l\/","name":"[:sl]Skodelice za \u010daj svetle 0,5l[:] - Etnogalerija Skrina","isPartOf":{"@id":"https:\/\/skrina.si\/sl\/#website"},"datePublished":"2022-01-07T15:55:10+00:00","dateModified":"2024-04-12T22:52:09+00:00","description":"Gustav Klimt - skodelica za \u010daj. Velikost: 13 x 10 x 15 cm; 0,5l; Material: Ro\u010dno barvan porcelan z razko\u0161no dekoracijo iz pravega zlata","breadcrumb":{"@id":"https:\/\/skrina.si\/sl\/product\/skodelice-za-caj-svetle-05l\/#breadcrumb"},"inLanguage":"sl-SI","potentialAction":[{"@type":"ReadAction","target":["https:\/\/skrina.si\/sl\/product\/skodelice-za-caj-svetle-05l\/"]}]},{"@type":"BreadcrumbList","@id":"https:\/\/skrina.si\/sl\/product\/skodelice-za-caj-svetle-05l\/#breadcrumb","itemListElement":[{"@type":"ListItem","position":1,"name":"Home","item":"https:\/\/skrina.si\/"},{"@type":"ListItem","position":2,"name":"Shop","item":"https:\/\/skrina.si\/shop\/"},{"@type":"ListItem","position":3,"name":"Skodelice za \u010daj svetle 0,5l"}]},{"@type":"WebSite","@id":"https:\/\/skrina.si\/sl\/#website","url":"https:\/\/skrina.si\/sl\/","name":"Etnogalerija Skrina","description":"Tradicija s posluhom","potentialAction":[{"@type":"SearchAction","target":{"@type":"EntryPoint","urlTemplate":"https:\/\/skrina.si\/sl\/?s={search_term_string}"},"query-input":"required name=search_term_string"}],"inLanguage":"sl-SI"}]}},"_links":{"self":[{"href":"https:\/\/skrina.si\/sl\/wp-json\/wp\/v2\/product\/6543"}],"collection":[{"href":"https:\/\/skrina.si\/sl\/wp-json\/wp\/v2\/product"}],"about":[{"href":"https:\/\/skrina.si\/sl\/wp-json\/wp\/v2\/types\/product"}],"wp:featuredmedia":[{"embeddable":true,"href":"https:\/\/skrina.si\/sl\/wp-json\/wp\/v2\/media\/6547"}],"wp:attachment":[{"href":"https:\/\/skrina.si\/sl\/wp-json\/wp\/v2\/media?parent=6543"}],"wp:term":[{"taxonomy":"product_cat","embeddable":true,"href":"https:\/\/skrina.si\/sl\/wp-json\/wp\/v2\/product_cat?post=6543"},{"taxonomy":"product_tag","embeddable":true,"href":"https:\/\/skrina.si\/sl\/wp-json\/wp\/v2\/product_tag?post=6543"}],"curies":[{"name":"wp","href":"https:\/\/api.w.org\/{rel}","templated":true}]}}