{"id":6498,"date":"2022-01-07T16:23:23","date_gmt":"2022-01-07T16:23:23","guid":{"rendered":"https:\/\/skrina.si\/?post_type=product&#038;p=6498"},"modified":"2024-04-29T19:14:05","modified_gmt":"2024-04-29T17:14:05","slug":"skodelice-za-kavo-temne-02l","status":"publish","type":"product","link":"https:\/\/skrina.si\/sl\/product\/skodelice-za-kavo-temne-02l\/","title":{"rendered":"Skodelice za kavo temne 0,2l"},"content":{"rendered":"","protected":false},"excerpt":{"rendered":"<h5>Portret <strong><em>Adele Bloch-Bauer<\/em><\/strong> je naro\u010dil njen mo\u017e Ferdinand Bloch-Bauer, judovski bankir in proizvajalec sladkorja. Bila je edina \u017eenska, ki jo je umetnik ve\u010dkrat portretiral, pozirala je tudi za Judito s Holofernovo glavo. Njena pripravljenost, da Klimtu slu\u017ei kot model (v \u010dasu, ko so tako \u017eensko o\u017eigosali kot pocestnico), ka\u017ee na njuno izjemno intimno povezanost. Klimt jo je upodobil v dobesedno kraljevski dr\u017ei. Njen obraz in roke so tako \u017eivi, kot si to lahko le \u017eelimo za portret, medtem, ko jo razko\u0161no ozadje v zlatu in srebru povzdiguje v bo\u017eanstvo. Sliko so nacisti leta 1941 ukradli in po vojni so se dedi\u010di dolga leta borili za lastni\u0161tvo, o \u010demer je posnet tudi film <strong><em>\u00bbDama v zlatu\u00ab<\/em><\/strong> s Helen Miren v glavni vlogi.<\/h5>\n<h6><em>Podrobnosti:<\/em><\/h6>\n<ul>\n<li>\n<h6>Velikost: 14 x 14 x 10 cm<\/h6>\n<\/li>\n<li>\n<h6>Prostornina: 0,2 l<\/h6>\n<\/li>\n<li>\n<h6>Material: Porcelan z razko\u0161no dekoracijo iz pravega zlata<\/h6>\n<\/li>\n<li>\n<h6>V darilni embala\u017ei<\/h6>\n<\/li>\n<li>\n<h6>Oblikovano z ljubeznijo do detajlov<\/h6>\n<\/li>\n<li>\n<h6>Idealno darilo za ljubitelje Klimta in klasike<\/h6>\n<\/li>\n<li>\n<h6>Primerno za pranje v pomivalnem stroju<\/h6>\n<\/li>\n<\/ul>\n","protected":false},"featured_media":15589,"template":"","meta":{"_monsterinsights_skip_tracking":false,"_monsterinsights_sitenote_active":false,"_monsterinsights_sitenote_note":"","_monsterinsights_sitenote_category":0},"product_cat":[39,50,260],"product_tag":[],"aioseo_notices":[],"yoast_head":"<!-- This site is optimized with the Yoast SEO plugin v22.1 - https:\/\/yoast.com\/wordpress\/plugins\/seo\/ -->\n<title>Skodelice za kavo temne 0,2l - Etnogalerija Skrina<\/title>\n<meta name=\"description\" content=\"Gustav Klimt- skodelica za kavo. Prostornina: 0,2 l; Material: Porcelan z razko\u0161no dekoracijo iz pravega zlata\" \/>\n<meta name=\"robots\" content=\"index, follow, max-snippet:-1, max-image-preview:large, max-video-preview:-1\" \/>\n<link rel=\"canonical\" href=\"https:\/\/skrina.si\/sl\/product\/skodelice-za-kavo-temne-02l\/\" \/>\n<meta property=\"og:locale\" content=\"sl_SI\" \/>\n<meta property=\"og:locale:alternate\" content=\"en_GB\" \/>\n<meta property=\"og:type\" content=\"article\" \/>\n<meta property=\"og:title\" content=\"Skodelice za kavo temne 0,2l\" \/>\n<meta property=\"og:description\" content=\"Gustav Klimt- skodelica za kavo. Prostornina: 0,2 l; Material: Porcelan z razko\u0161no dekoracijo iz pravega zlata\" \/>\n<meta property=\"og:url\" content=\"https:\/\/skrina.si\/sl\/product\/skodelice-za-kavo-temne-02l\/\" \/>\n<meta property=\"og:site_name\" content=\"Etnogalerija Skrina\" \/>\n<meta property=\"article:modified_time\" content=\"2024-04-29T17:14:05+00:00\" \/>\n<meta property=\"og:image\" content=\"https:\/\/skrina.si\/wp-content\/uploads\/2022\/01\/Gustav-Klimt-skodelica-s-kroznikom-Adele-crna-salica-za-kavo-Etno-galerija-Skrina.jpg\" \/>\n\t<meta property=\"og:image:width\" content=\"2000\" \/>\n\t<meta property=\"og:image:height\" content=\"1500\" \/>\n\t<meta property=\"og:image:type\" content=\"image\/jpeg\" \/>\n<meta name=\"twitter:card\" content=\"summary_large_image\" \/>\n<meta name=\"twitter:label1\" content=\"Est. reading time\" \/>\n\t<meta name=\"twitter:data1\" content=\"1 minuta\" \/>\n<script type=\"application\/ld+json\" class=\"yoast-schema-graph\">{\"@context\":\"https:\/\/schema.org\",\"@graph\":[{\"@type\":\"WebPage\",\"@id\":\"https:\/\/skrina.si\/sl\/product\/skodelice-za-kavo-temne-02l\/\",\"url\":\"https:\/\/skrina.si\/sl\/product\/skodelice-za-kavo-temne-02l\/\",\"name\":\"[:sl]Skodelice za kavo temne 0,2l[:] - Etnogalerija Skrina\",\"isPartOf\":{\"@id\":\"https:\/\/skrina.si\/sl\/#website\"},\"datePublished\":\"2022-01-07T16:23:23+00:00\",\"dateModified\":\"2024-04-29T17:14:05+00:00\",\"description\":\"Gustav Klimt- skodelica za kavo. Prostornina: 0,2 l; Material: Porcelan z razko\u0161no dekoracijo iz pravega zlata\",\"breadcrumb\":{\"@id\":\"https:\/\/skrina.si\/sl\/product\/skodelice-za-kavo-temne-02l\/#breadcrumb\"},\"inLanguage\":\"sl-SI\",\"potentialAction\":[{\"@type\":\"ReadAction\",\"target\":[\"https:\/\/skrina.si\/sl\/product\/skodelice-za-kavo-temne-02l\/\"]}]},{\"@type\":\"BreadcrumbList\",\"@id\":\"https:\/\/skrina.si\/sl\/product\/skodelice-za-kavo-temne-02l\/#breadcrumb\",\"itemListElement\":[{\"@type\":\"ListItem\",\"position\":1,\"name\":\"Home\",\"item\":\"https:\/\/skrina.si\/\"},{\"@type\":\"ListItem\",\"position\":2,\"name\":\"Shop\",\"item\":\"https:\/\/skrina.si\/shop\/\"},{\"@type\":\"ListItem\",\"position\":3,\"name\":\"Skodelice za kavo temne 0,2l\"}]},{\"@type\":\"WebSite\",\"@id\":\"https:\/\/skrina.si\/sl\/#website\",\"url\":\"https:\/\/skrina.si\/sl\/\",\"name\":\"Etnogalerija Skrina\",\"description\":\"Tradicija s posluhom\",\"potentialAction\":[{\"@type\":\"SearchAction\",\"target\":{\"@type\":\"EntryPoint\",\"urlTemplate\":\"https:\/\/skrina.si\/sl\/?s={search_term_string}\"},\"query-input\":\"required name=search_term_string\"}],\"inLanguage\":\"sl-SI\"}]}<\/script>\n<!-- \/ Yoast SEO plugin. -->","yoast_head_json":{"title":"Skodelice za kavo temne 0,2l - Etnogalerija Skrina","description":"Gustav Klimt- skodelica za kavo. Prostornina: 0,2 l; Material: Porcelan z razko\u0161no dekoracijo iz pravega zlata","robots":{"index":"index","follow":"follow","max-snippet":"max-snippet:-1","max-image-preview":"max-image-preview:large","max-video-preview":"max-video-preview:-1"},"canonical":"https:\/\/skrina.si\/sl\/product\/skodelice-za-kavo-temne-02l\/","og_locale":"sl_SI","og_type":"article","og_title":"[:sl]Skodelice za kavo temne 0,2l[:] - Etnogalerija Skrina","og_description":"Gustav Klimt- skodelica za kavo. Prostornina: 0,2 l; Material: Porcelan z razko\u0161no dekoracijo iz pravega zlata","og_url":"https:\/\/skrina.si\/sl\/product\/skodelice-za-kavo-temne-02l\/","og_site_name":"Etnogalerija Skrina","article_modified_time":"2024-04-29T17:14:05+00:00","og_image":[{"width":2000,"height":1500,"url":"https:\/\/skrina.si\/wp-content\/uploads\/2022\/01\/Gustav-Klimt-skodelica-s-kroznikom-Adele-crna-salica-za-kavo-Etno-galerija-Skrina.jpg","type":"image\/jpeg"}],"twitter_card":"summary_large_image","twitter_misc":{"Est. reading time":"1 minuta"},"schema":{"@context":"https:\/\/schema.org","@graph":[{"@type":"WebPage","@id":"https:\/\/skrina.si\/sl\/product\/skodelice-za-kavo-temne-02l\/","url":"https:\/\/skrina.si\/sl\/product\/skodelice-za-kavo-temne-02l\/","name":"[:sl]Skodelice za kavo temne 0,2l[:] - Etnogalerija Skrina","isPartOf":{"@id":"https:\/\/skrina.si\/sl\/#website"},"datePublished":"2022-01-07T16:23:23+00:00","dateModified":"2024-04-29T17:14:05+00:00","description":"Gustav Klimt- skodelica za kavo. Prostornina: 0,2 l; Material: Porcelan z razko\u0161no dekoracijo iz pravega zlata","breadcrumb":{"@id":"https:\/\/skrina.si\/sl\/product\/skodelice-za-kavo-temne-02l\/#breadcrumb"},"inLanguage":"sl-SI","potentialAction":[{"@type":"ReadAction","target":["https:\/\/skrina.si\/sl\/product\/skodelice-za-kavo-temne-02l\/"]}]},{"@type":"BreadcrumbList","@id":"https:\/\/skrina.si\/sl\/product\/skodelice-za-kavo-temne-02l\/#breadcrumb","itemListElement":[{"@type":"ListItem","position":1,"name":"Home","item":"https:\/\/skrina.si\/"},{"@type":"ListItem","position":2,"name":"Shop","item":"https:\/\/skrina.si\/shop\/"},{"@type":"ListItem","position":3,"name":"Skodelice za kavo temne 0,2l"}]},{"@type":"WebSite","@id":"https:\/\/skrina.si\/sl\/#website","url":"https:\/\/skrina.si\/sl\/","name":"Etnogalerija Skrina","description":"Tradicija s posluhom","potentialAction":[{"@type":"SearchAction","target":{"@type":"EntryPoint","urlTemplate":"https:\/\/skrina.si\/sl\/?s={search_term_string}"},"query-input":"required name=search_term_string"}],"inLanguage":"sl-SI"}]}},"_links":{"self":[{"href":"https:\/\/skrina.si\/sl\/wp-json\/wp\/v2\/product\/6498"}],"collection":[{"href":"https:\/\/skrina.si\/sl\/wp-json\/wp\/v2\/product"}],"about":[{"href":"https:\/\/skrina.si\/sl\/wp-json\/wp\/v2\/types\/product"}],"wp:featuredmedia":[{"embeddable":true,"href":"https:\/\/skrina.si\/sl\/wp-json\/wp\/v2\/media\/15589"}],"wp:attachment":[{"href":"https:\/\/skrina.si\/sl\/wp-json\/wp\/v2\/media?parent=6498"}],"wp:term":[{"taxonomy":"product_cat","embeddable":true,"href":"https:\/\/skrina.si\/sl\/wp-json\/wp\/v2\/product_cat?post=6498"},{"taxonomy":"product_tag","embeddable":true,"href":"https:\/\/skrina.si\/sl\/wp-json\/wp\/v2\/product_tag?post=6498"}],"curies":[{"name":"wp","href":"https:\/\/api.w.org\/{rel}","templated":true}]}}