{"id":6062,"date":"2021-10-05T15:56:56","date_gmt":"2021-10-05T15:56:56","guid":{"rendered":"https:\/\/skrina.si\/?post_type=product&#038;p=6062"},"modified":"2022-03-30T09:08:09","modified_gmt":"2022-03-30T09:08:09","slug":"keramicna-macka-filomena","status":"publish","type":"product","link":"https:\/\/skrina.si\/sl\/product\/keramicna-macka-filomena\/","title":{"rendered":"Kerami\u010dna ma\u010dka Filomena"},"content":{"rendered":"","protected":false},"excerpt":{"rendered":"<h5>Ma\u010dke z belim ko\u017euhom, oziroma ma\u010dke s prevladujo\u010do belo barvo v mnogih dr\u017eavah veljajo za znanilke pozitivnega in so simbol sre\u010de in zadovoljstva. Ponekod verjamejo, da muca z belimi lisami napoveduje \u017evenket cekinov in uspe\u0161nost za dalj\u0161e obdobje. Naj velja to ali ono, bo <strong>Filomena<\/strong> prinesla v va\u0161 dom veselje in toplino.<\/h5>\n<h6><em>Podrobnosti:<\/em><\/h6>\n<ul>\n<li>\n<h6>Velikost: 11 x 6,5 x 10,5 cm<\/h6>\n<\/li>\n<li>\n<h6>Material: Visoko kakovostni biskvitni porcelan<\/h6>\n<\/li>\n<li>\n<h6>V darilni embala\u017ei<\/h6>\n<\/li>\n<li>\n<h6>Oblikovano z ljubeznijo do detajlov<\/h6>\n<\/li>\n<li>\n<h6>Idealno darilo za ljubitelje ma\u010dk<\/h6>\n<\/li>\n<\/ul>\n","protected":false},"featured_media":8751,"template":"","meta":{"_monsterinsights_skip_tracking":false,"_monsterinsights_sitenote_active":false,"_monsterinsights_sitenote_note":"","_monsterinsights_sitenote_category":0},"product_cat":[39,217],"product_tag":[294,213,334],"aioseo_notices":[],"yoast_head":"<!-- This site is optimized with the Yoast SEO plugin v22.1 - https:\/\/yoast.com\/wordpress\/plugins\/seo\/ -->\n<title>Kerami\u010dna ma\u010dka Filomena - Etnogalerija Skrina<\/title>\n<meta name=\"description\" content=\"Ponekod verjamejo, da muca z belimi lisami napoveduje \u017evenket cekinov in uspe\u0161nost za dalj\u0161e obdobje. Ma\u010dka Filomena prinese to, in \u0161e ve\u010d.\" \/>\n<meta name=\"robots\" content=\"index, follow, max-snippet:-1, max-image-preview:large, max-video-preview:-1\" \/>\n<link rel=\"canonical\" href=\"https:\/\/skrina.si\/sl\/product\/keramicna-macka-filomena\/\" \/>\n<meta property=\"og:locale\" content=\"sl_SI\" \/>\n<meta property=\"og:locale:alternate\" content=\"en_GB\" \/>\n<meta property=\"og:type\" content=\"article\" \/>\n<meta property=\"og:title\" content=\"Kerami\u010dna ma\u010dka Filomena - Etnogalerija Skrina\" \/>\n<meta property=\"og:description\" content=\"Ponekod verjamejo, da muca z belimi lisami napoveduje \u017evenket cekinov in uspe\u0161nost za dalj\u0161e obdobje. Ma\u010dka Filomena prinese to, in \u0161e ve\u010d.\" \/>\n<meta property=\"og:url\" content=\"https:\/\/skrina.si\/sl\/product\/keramicna-macka-filomena\/\" \/>\n<meta property=\"og:site_name\" content=\"Etnogalerija Skrina\" \/>\n<meta property=\"article:modified_time\" content=\"2022-03-30T09:08:09+00:00\" \/>\n<meta property=\"og:image\" content=\"https:\/\/skrina.si\/wp-content\/uploads\/2021\/10\/Rosina-Wachmeister-Filomena-keramicna-macka-dekor-darilo.jpg\" \/>\n\t<meta property=\"og:image:width\" content=\"2000\" \/>\n\t<meta property=\"og:image:height\" content=\"1500\" \/>\n\t<meta property=\"og:image:type\" content=\"image\/jpeg\" \/>\n<meta name=\"twitter:card\" content=\"summary_large_image\" \/>\n<script type=\"application\/ld+json\" class=\"yoast-schema-graph\">{\"@context\":\"https:\/\/schema.org\",\"@graph\":[{\"@type\":\"WebPage\",\"@id\":\"https:\/\/skrina.si\/sl\/product\/keramicna-macka-filomena\/\",\"url\":\"https:\/\/skrina.si\/sl\/product\/keramicna-macka-filomena\/\",\"name\":\"Kerami\u010dna ma\u010dka Filomena - Etnogalerija Skrina\",\"isPartOf\":{\"@id\":\"https:\/\/skrina.si\/sl\/#website\"},\"datePublished\":\"2021-10-05T15:56:56+00:00\",\"dateModified\":\"2022-03-30T09:08:09+00:00\",\"description\":\"Ponekod verjamejo, da muca z belimi lisami napoveduje \u017evenket cekinov in uspe\u0161nost za dalj\u0161e obdobje. Ma\u010dka Filomena prinese to, in \u0161e ve\u010d.\",\"breadcrumb\":{\"@id\":\"https:\/\/skrina.si\/sl\/product\/keramicna-macka-filomena\/#breadcrumb\"},\"inLanguage\":\"sl-SI\",\"potentialAction\":[{\"@type\":\"ReadAction\",\"target\":[\"https:\/\/skrina.si\/sl\/product\/keramicna-macka-filomena\/\"]}]},{\"@type\":\"BreadcrumbList\",\"@id\":\"https:\/\/skrina.si\/sl\/product\/keramicna-macka-filomena\/#breadcrumb\",\"itemListElement\":[{\"@type\":\"ListItem\",\"position\":1,\"name\":\"Home\",\"item\":\"https:\/\/skrina.si\/\"},{\"@type\":\"ListItem\",\"position\":2,\"name\":\"Shop\",\"item\":\"https:\/\/skrina.si\/shop\/\"},{\"@type\":\"ListItem\",\"position\":3,\"name\":\"Kerami\u010dna ma\u010dka Filomena\"}]},{\"@type\":\"WebSite\",\"@id\":\"https:\/\/skrina.si\/sl\/#website\",\"url\":\"https:\/\/skrina.si\/sl\/\",\"name\":\"Etnogalerija Skrina\",\"description\":\"Tradicija s posluhom\",\"potentialAction\":[{\"@type\":\"SearchAction\",\"target\":{\"@type\":\"EntryPoint\",\"urlTemplate\":\"https:\/\/skrina.si\/sl\/?s={search_term_string}\"},\"query-input\":\"required name=search_term_string\"}],\"inLanguage\":\"sl-SI\"}]}<\/script>\n<!-- \/ Yoast SEO plugin. -->","yoast_head_json":{"title":"Kerami\u010dna ma\u010dka Filomena - Etnogalerija Skrina","description":"Ponekod verjamejo, da muca z belimi lisami napoveduje \u017evenket cekinov in uspe\u0161nost za dalj\u0161e obdobje. Ma\u010dka Filomena prinese to, in \u0161e ve\u010d.","robots":{"index":"index","follow":"follow","max-snippet":"max-snippet:-1","max-image-preview":"max-image-preview:large","max-video-preview":"max-video-preview:-1"},"canonical":"https:\/\/skrina.si\/sl\/product\/keramicna-macka-filomena\/","og_locale":"sl_SI","og_type":"article","og_title":"Kerami\u010dna ma\u010dka Filomena - Etnogalerija Skrina","og_description":"Ponekod verjamejo, da muca z belimi lisami napoveduje \u017evenket cekinov in uspe\u0161nost za dalj\u0161e obdobje. Ma\u010dka Filomena prinese to, in \u0161e ve\u010d.","og_url":"https:\/\/skrina.si\/sl\/product\/keramicna-macka-filomena\/","og_site_name":"Etnogalerija Skrina","article_modified_time":"2022-03-30T09:08:09+00:00","og_image":[{"width":2000,"height":1500,"url":"https:\/\/skrina.si\/wp-content\/uploads\/2021\/10\/Rosina-Wachmeister-Filomena-keramicna-macka-dekor-darilo.jpg","type":"image\/jpeg"}],"twitter_card":"summary_large_image","schema":{"@context":"https:\/\/schema.org","@graph":[{"@type":"WebPage","@id":"https:\/\/skrina.si\/sl\/product\/keramicna-macka-filomena\/","url":"https:\/\/skrina.si\/sl\/product\/keramicna-macka-filomena\/","name":"Kerami\u010dna ma\u010dka Filomena - Etnogalerija Skrina","isPartOf":{"@id":"https:\/\/skrina.si\/sl\/#website"},"datePublished":"2021-10-05T15:56:56+00:00","dateModified":"2022-03-30T09:08:09+00:00","description":"Ponekod verjamejo, da muca z belimi lisami napoveduje \u017evenket cekinov in uspe\u0161nost za dalj\u0161e obdobje. Ma\u010dka Filomena prinese to, in \u0161e ve\u010d.","breadcrumb":{"@id":"https:\/\/skrina.si\/sl\/product\/keramicna-macka-filomena\/#breadcrumb"},"inLanguage":"sl-SI","potentialAction":[{"@type":"ReadAction","target":["https:\/\/skrina.si\/sl\/product\/keramicna-macka-filomena\/"]}]},{"@type":"BreadcrumbList","@id":"https:\/\/skrina.si\/sl\/product\/keramicna-macka-filomena\/#breadcrumb","itemListElement":[{"@type":"ListItem","position":1,"name":"Home","item":"https:\/\/skrina.si\/"},{"@type":"ListItem","position":2,"name":"Shop","item":"https:\/\/skrina.si\/shop\/"},{"@type":"ListItem","position":3,"name":"Kerami\u010dna ma\u010dka Filomena"}]},{"@type":"WebSite","@id":"https:\/\/skrina.si\/sl\/#website","url":"https:\/\/skrina.si\/sl\/","name":"Etnogalerija Skrina","description":"Tradicija s posluhom","potentialAction":[{"@type":"SearchAction","target":{"@type":"EntryPoint","urlTemplate":"https:\/\/skrina.si\/sl\/?s={search_term_string}"},"query-input":"required name=search_term_string"}],"inLanguage":"sl-SI"}]}},"_links":{"self":[{"href":"https:\/\/skrina.si\/sl\/wp-json\/wp\/v2\/product\/6062"}],"collection":[{"href":"https:\/\/skrina.si\/sl\/wp-json\/wp\/v2\/product"}],"about":[{"href":"https:\/\/skrina.si\/sl\/wp-json\/wp\/v2\/types\/product"}],"wp:featuredmedia":[{"embeddable":true,"href":"https:\/\/skrina.si\/sl\/wp-json\/wp\/v2\/media\/8751"}],"wp:attachment":[{"href":"https:\/\/skrina.si\/sl\/wp-json\/wp\/v2\/media?parent=6062"}],"wp:term":[{"taxonomy":"product_cat","embeddable":true,"href":"https:\/\/skrina.si\/sl\/wp-json\/wp\/v2\/product_cat?post=6062"},{"taxonomy":"product_tag","embeddable":true,"href":"https:\/\/skrina.si\/sl\/wp-json\/wp\/v2\/product_tag?post=6062"}],"curies":[{"name":"wp","href":"https:\/\/api.w.org\/{rel}","templated":true}]}}