{"id":6058,"date":"2021-10-05T15:44:06","date_gmt":"2021-10-05T15:44:06","guid":{"rendered":"https:\/\/skrina.si\/?post_type=product&#038;p=6058"},"modified":"2024-04-29T07:03:27","modified_gmt":"2024-04-29T05:03:27","slug":"nerazdruzljiva-prijatelja","status":"publish","type":"product","link":"https:\/\/skrina.si\/sl\/product\/nerazdruzljiva-prijatelja\/","title":{"rendered":"Nerazdru\u017eljivi prijatelji"},"content":{"rendered":"","protected":false},"excerpt":{"rendered":"<h5><strong><em>Lorena in Gulio<\/em>, <em>Meneo in Alma in Melitina<\/em> <\/strong>so nerazdru\u017eljivi prijatelji, vedno razpolo\u017eeni za igro.<br \/>\nS svojimi \u010dudovitimi pastelnimi barvami si utrejo pot na police \u0161tevilnih zbirateljev.<br \/>\nPoleg najpogostej\u0161e \u010disto bele in srebrne barve sta prevladujo\u010di barvi te serije \u0161e siva in zelena v najrazli\u010dnej\u0161ih odtenkih.<br \/>\nKontrast modri in zeleni dajejo razli\u010dni toni vijoli\u010daste, razporejeni v smiselno celoto.<\/h5>\n<h6><em>Podrobnosti:<\/em><\/h6>\n<ul>\n<li>\n<h6>Velikost: Lorena in Gulio 8,5 x 6 x 8 cm;\u00a0 Melitina 8 x 3,5 x 6 cm<\/h6>\n<h6>Meneo in Alma 10,5 x 5 x 7 cm<\/h6>\n<\/li>\n<\/ul>\n<ul>\n<li>\n<h6>Material: Visoko kakovostni biskvitni porcelan<\/h6>\n<\/li>\n<li>\n<h6>V darilni embala\u017ei<\/h6>\n<\/li>\n<li>\n<h6>Oblikovano z ljubeznijo do detajlov<\/h6>\n<\/li>\n<li>\n<h6>Idealno darilo za ljubitelje ma\u010dk<\/h6>\n<\/li>\n<\/ul>\n","protected":false},"featured_media":8752,"template":"","meta":{"_monsterinsights_skip_tracking":false,"_monsterinsights_sitenote_active":false,"_monsterinsights_sitenote_note":"","_monsterinsights_sitenote_category":0},"product_cat":[39,217],"product_tag":[],"aioseo_notices":[],"yoast_head":"<!-- This site is optimized with the Yoast SEO plugin v22.1 - https:\/\/yoast.com\/wordpress\/plugins\/seo\/ -->\n<title>Nerazdru\u017eljivi prijatelji - Etnogalerija Skrina<\/title>\n<meta name=\"description\" content=\"Kerami\u010dni ma\u010dki so nerazdru\u017eljivi prijatelji, vedno razpolo\u017eeni za igro. S \u010dudovitimi pastelnimi barvami si utrejo pot na police \u0161tevilnih zbirateljev.\" \/>\n<meta name=\"robots\" content=\"index, follow, max-snippet:-1, max-image-preview:large, max-video-preview:-1\" \/>\n<link rel=\"canonical\" href=\"https:\/\/skrina.si\/sl\/product\/nerazdruzljiva-prijatelja\/\" \/>\n<meta property=\"og:locale\" content=\"sl_SI\" \/>\n<meta property=\"og:locale:alternate\" content=\"en_GB\" \/>\n<meta property=\"og:type\" content=\"article\" \/>\n<meta property=\"og:title\" content=\"Nerazdru\u017eljivi prijatelji\" \/>\n<meta property=\"og:description\" content=\"Kerami\u010dni ma\u010dki so nerazdru\u017eljivi prijatelji, vedno razpolo\u017eeni za igro. S \u010dudovitimi pastelnimi barvami si utrejo pot na police \u0161tevilnih zbirateljev.\" \/>\n<meta property=\"og:url\" content=\"https:\/\/skrina.si\/sl\/product\/nerazdruzljiva-prijatelja\/\" \/>\n<meta property=\"og:site_name\" content=\"Etnogalerija Skrina\" \/>\n<meta property=\"article:modified_time\" content=\"2024-04-29T05:03:27+00:00\" \/>\n<meta property=\"og:image\" content=\"https:\/\/skrina.si\/wp-content\/uploads\/2021\/10\/Rosina-Wachmeister-Lorena-in-Gulio-keramicni-macki-Etno-galerija-Skrina.jpg\" \/>\n\t<meta property=\"og:image:width\" content=\"2000\" \/>\n\t<meta property=\"og:image:height\" content=\"1500\" \/>\n\t<meta property=\"og:image:type\" content=\"image\/jpeg\" \/>\n<meta name=\"twitter:card\" content=\"summary_large_image\" \/>\n<meta name=\"twitter:label1\" content=\"Est. reading time\" \/>\n\t<meta name=\"twitter:data1\" content=\"1 minuta\" \/>\n<script type=\"application\/ld+json\" class=\"yoast-schema-graph\">{\"@context\":\"https:\/\/schema.org\",\"@graph\":[{\"@type\":\"WebPage\",\"@id\":\"https:\/\/skrina.si\/sl\/product\/nerazdruzljiva-prijatelja\/\",\"url\":\"https:\/\/skrina.si\/sl\/product\/nerazdruzljiva-prijatelja\/\",\"name\":\"[:sl]Nerazdru\u017eljivi prijatelji[:] - Etnogalerija Skrina\",\"isPartOf\":{\"@id\":\"https:\/\/skrina.si\/sl\/#website\"},\"datePublished\":\"2021-10-05T15:44:06+00:00\",\"dateModified\":\"2024-04-29T05:03:27+00:00\",\"description\":\"Kerami\u010dni ma\u010dki so nerazdru\u017eljivi prijatelji, vedno razpolo\u017eeni za igro. S \u010dudovitimi pastelnimi barvami si utrejo pot na police \u0161tevilnih zbirateljev.\",\"breadcrumb\":{\"@id\":\"https:\/\/skrina.si\/sl\/product\/nerazdruzljiva-prijatelja\/#breadcrumb\"},\"inLanguage\":\"sl-SI\",\"potentialAction\":[{\"@type\":\"ReadAction\",\"target\":[\"https:\/\/skrina.si\/sl\/product\/nerazdruzljiva-prijatelja\/\"]}]},{\"@type\":\"BreadcrumbList\",\"@id\":\"https:\/\/skrina.si\/sl\/product\/nerazdruzljiva-prijatelja\/#breadcrumb\",\"itemListElement\":[{\"@type\":\"ListItem\",\"position\":1,\"name\":\"Home\",\"item\":\"https:\/\/skrina.si\/\"},{\"@type\":\"ListItem\",\"position\":2,\"name\":\"Shop\",\"item\":\"https:\/\/skrina.si\/shop\/\"},{\"@type\":\"ListItem\",\"position\":3,\"name\":\"Nerazdru\u017eljivi prijatelji\"}]},{\"@type\":\"WebSite\",\"@id\":\"https:\/\/skrina.si\/sl\/#website\",\"url\":\"https:\/\/skrina.si\/sl\/\",\"name\":\"Etnogalerija Skrina\",\"description\":\"Tradicija s posluhom\",\"potentialAction\":[{\"@type\":\"SearchAction\",\"target\":{\"@type\":\"EntryPoint\",\"urlTemplate\":\"https:\/\/skrina.si\/sl\/?s={search_term_string}\"},\"query-input\":\"required name=search_term_string\"}],\"inLanguage\":\"sl-SI\"}]}<\/script>\n<!-- \/ Yoast SEO plugin. -->","yoast_head_json":{"title":"Nerazdru\u017eljivi prijatelji - Etnogalerija Skrina","description":"Kerami\u010dni ma\u010dki so nerazdru\u017eljivi prijatelji, vedno razpolo\u017eeni za igro. S \u010dudovitimi pastelnimi barvami si utrejo pot na police \u0161tevilnih zbirateljev.","robots":{"index":"index","follow":"follow","max-snippet":"max-snippet:-1","max-image-preview":"max-image-preview:large","max-video-preview":"max-video-preview:-1"},"canonical":"https:\/\/skrina.si\/sl\/product\/nerazdruzljiva-prijatelja\/","og_locale":"sl_SI","og_type":"article","og_title":"[:sl]Nerazdru\u017eljivi prijatelji[:] - Etnogalerija Skrina","og_description":"Kerami\u010dni ma\u010dki so nerazdru\u017eljivi prijatelji, vedno razpolo\u017eeni za igro. S \u010dudovitimi pastelnimi barvami si utrejo pot na police \u0161tevilnih zbirateljev.","og_url":"https:\/\/skrina.si\/sl\/product\/nerazdruzljiva-prijatelja\/","og_site_name":"Etnogalerija Skrina","article_modified_time":"2024-04-29T05:03:27+00:00","og_image":[{"width":2000,"height":1500,"url":"https:\/\/skrina.si\/wp-content\/uploads\/2021\/10\/Rosina-Wachmeister-Lorena-in-Gulio-keramicni-macki-Etno-galerija-Skrina.jpg","type":"image\/jpeg"}],"twitter_card":"summary_large_image","twitter_misc":{"Est. reading time":"1 minuta"},"schema":{"@context":"https:\/\/schema.org","@graph":[{"@type":"WebPage","@id":"https:\/\/skrina.si\/sl\/product\/nerazdruzljiva-prijatelja\/","url":"https:\/\/skrina.si\/sl\/product\/nerazdruzljiva-prijatelja\/","name":"[:sl]Nerazdru\u017eljivi prijatelji[:] - Etnogalerija Skrina","isPartOf":{"@id":"https:\/\/skrina.si\/sl\/#website"},"datePublished":"2021-10-05T15:44:06+00:00","dateModified":"2024-04-29T05:03:27+00:00","description":"Kerami\u010dni ma\u010dki so nerazdru\u017eljivi prijatelji, vedno razpolo\u017eeni za igro. S \u010dudovitimi pastelnimi barvami si utrejo pot na police \u0161tevilnih zbirateljev.","breadcrumb":{"@id":"https:\/\/skrina.si\/sl\/product\/nerazdruzljiva-prijatelja\/#breadcrumb"},"inLanguage":"sl-SI","potentialAction":[{"@type":"ReadAction","target":["https:\/\/skrina.si\/sl\/product\/nerazdruzljiva-prijatelja\/"]}]},{"@type":"BreadcrumbList","@id":"https:\/\/skrina.si\/sl\/product\/nerazdruzljiva-prijatelja\/#breadcrumb","itemListElement":[{"@type":"ListItem","position":1,"name":"Home","item":"https:\/\/skrina.si\/"},{"@type":"ListItem","position":2,"name":"Shop","item":"https:\/\/skrina.si\/shop\/"},{"@type":"ListItem","position":3,"name":"Nerazdru\u017eljivi prijatelji"}]},{"@type":"WebSite","@id":"https:\/\/skrina.si\/sl\/#website","url":"https:\/\/skrina.si\/sl\/","name":"Etnogalerija Skrina","description":"Tradicija s posluhom","potentialAction":[{"@type":"SearchAction","target":{"@type":"EntryPoint","urlTemplate":"https:\/\/skrina.si\/sl\/?s={search_term_string}"},"query-input":"required name=search_term_string"}],"inLanguage":"sl-SI"}]}},"_links":{"self":[{"href":"https:\/\/skrina.si\/sl\/wp-json\/wp\/v2\/product\/6058"}],"collection":[{"href":"https:\/\/skrina.si\/sl\/wp-json\/wp\/v2\/product"}],"about":[{"href":"https:\/\/skrina.si\/sl\/wp-json\/wp\/v2\/types\/product"}],"wp:featuredmedia":[{"embeddable":true,"href":"https:\/\/skrina.si\/sl\/wp-json\/wp\/v2\/media\/8752"}],"wp:attachment":[{"href":"https:\/\/skrina.si\/sl\/wp-json\/wp\/v2\/media?parent=6058"}],"wp:term":[{"taxonomy":"product_cat","embeddable":true,"href":"https:\/\/skrina.si\/sl\/wp-json\/wp\/v2\/product_cat?post=6058"},{"taxonomy":"product_tag","embeddable":true,"href":"https:\/\/skrina.si\/sl\/wp-json\/wp\/v2\/product_tag?post=6058"}],"curies":[{"name":"wp","href":"https:\/\/api.w.org\/{rel}","templated":true}]}}