{"id":5973,"date":"2021-09-27T15:50:41","date_gmt":"2021-09-27T15:50:41","guid":{"rendered":"https:\/\/skrina.si\/?post_type=product&#038;p=5973"},"modified":"2024-04-29T07:00:41","modified_gmt":"2024-04-29T05:00:41","slug":"fiore","status":"publish","type":"product","link":"https:\/\/skrina.si\/sl\/product\/fiore\/","title":{"rendered":"Fiore"},"content":{"rendered":"","protected":false},"excerpt":{"rendered":"<h5>Pravijo, da ima ma\u010dka devet \u017eivljenj.\u00a0 V treh se igra, v treh se potepa,\u00a0 v zadnjih treh ostaja doma.<\/h5>\n<h5>Mlada, rado\u017eiva, spogledljiva in \u010dutna <em><strong>Fiore<\/strong><\/em> se rada odpravi na potep in i\u0161\u010de ma\u010dkona, kateremu bi lahko podarila svoje srce. \u00a0Toda, ker je izbir\u010dna zlepa ne najde \u00bbPravega\u00ab.<br \/>\nZato se vra\u010da vrne domov in vas pogosto zbudi sredi no\u010di, da si pridobi vsaj kan\u010dek pozornosti in ljubezni.<\/h5>\n<h6><em>Podrobnosti:<\/em><\/h6>\n<ul>\n<li>\n<h6>Velikost: 6 x 3 x 7,5 cm<\/h6>\n<\/li>\n<li>\n<h6>Material: Visoko kakovostni biskvitni porcelan<\/h6>\n<\/li>\n<li>\n<h6>V darilni embala\u017ei<\/h6>\n<\/li>\n<li>\n<h6>Oblikovano z ljubeznijo do detajlov<\/h6>\n<\/li>\n<li>\n<h6>Idealno darilo za ljubitelje ma\u010dk<\/h6>\n<\/li>\n<\/ul>\n","protected":false},"featured_media":8762,"template":"","meta":{"_monsterinsights_skip_tracking":false,"_monsterinsights_sitenote_active":false,"_monsterinsights_sitenote_note":"","_monsterinsights_sitenote_category":0},"product_cat":[39,217],"product_tag":[],"aioseo_notices":[],"yoast_head":"<!-- This site is optimized with the Yoast SEO plugin v22.1 - https:\/\/yoast.com\/wordpress\/plugins\/seo\/ -->\n<title>Fiore - Etnogalerija Skrina<\/title>\n<meta name=\"description\" content=\"Mlada, rado\u017eiva, spogledljiva in \u010dutna Fiore se rada odpravi na potep in i\u0161\u010de ma\u010dkona, kateremu bi lahko podarila svoje srce. \u00a0\" \/>\n<meta name=\"robots\" content=\"index, follow, max-snippet:-1, max-image-preview:large, max-video-preview:-1\" \/>\n<link rel=\"canonical\" href=\"https:\/\/skrina.si\/sl\/product\/fiore\/\" \/>\n<meta property=\"og:locale\" content=\"sl_SI\" \/>\n<meta property=\"og:locale:alternate\" content=\"en_GB\" \/>\n<meta property=\"og:type\" content=\"article\" \/>\n<meta property=\"og:title\" content=\"Fiore\" \/>\n<meta property=\"og:description\" content=\"Mlada, rado\u017eiva, spogledljiva in \u010dutna Fiore se rada odpravi na potep in i\u0161\u010de ma\u010dkona, kateremu bi lahko podarila svoje srce. \u00a0\" \/>\n<meta property=\"og:url\" content=\"https:\/\/skrina.si\/sl\/product\/fiore\/\" \/>\n<meta property=\"og:site_name\" content=\"Etnogalerija Skrina\" \/>\n<meta property=\"article:modified_time\" content=\"2024-04-29T05:00:41+00:00\" \/>\n<meta property=\"og:image\" content=\"https:\/\/skrina.si\/wp-content\/uploads\/2021\/09\/Rosina-Wachmeister-Fiore-keramicna-macka-Etno-galerija-Skrina.jpg\" \/>\n\t<meta property=\"og:image:width\" content=\"2000\" \/>\n\t<meta property=\"og:image:height\" content=\"1500\" \/>\n\t<meta property=\"og:image:type\" content=\"image\/jpeg\" \/>\n<meta name=\"twitter:card\" content=\"summary_large_image\" \/>\n<meta name=\"twitter:label1\" content=\"Est. reading time\" \/>\n\t<meta name=\"twitter:data1\" content=\"1 minuta\" \/>\n<script type=\"application\/ld+json\" class=\"yoast-schema-graph\">{\"@context\":\"https:\/\/schema.org\",\"@graph\":[{\"@type\":\"WebPage\",\"@id\":\"https:\/\/skrina.si\/sl\/product\/fiore\/\",\"url\":\"https:\/\/skrina.si\/sl\/product\/fiore\/\",\"name\":\"[:sl]Fiore[:] - Etnogalerija Skrina\",\"isPartOf\":{\"@id\":\"https:\/\/skrina.si\/sl\/#website\"},\"datePublished\":\"2021-09-27T15:50:41+00:00\",\"dateModified\":\"2024-04-29T05:00:41+00:00\",\"description\":\"Mlada, rado\u017eiva, spogledljiva in \u010dutna Fiore se rada odpravi na potep in i\u0161\u010de ma\u010dkona, kateremu bi lahko podarila svoje srce. \u00a0\",\"breadcrumb\":{\"@id\":\"https:\/\/skrina.si\/sl\/product\/fiore\/#breadcrumb\"},\"inLanguage\":\"sl-SI\",\"potentialAction\":[{\"@type\":\"ReadAction\",\"target\":[\"https:\/\/skrina.si\/sl\/product\/fiore\/\"]}]},{\"@type\":\"BreadcrumbList\",\"@id\":\"https:\/\/skrina.si\/sl\/product\/fiore\/#breadcrumb\",\"itemListElement\":[{\"@type\":\"ListItem\",\"position\":1,\"name\":\"Home\",\"item\":\"https:\/\/skrina.si\/\"},{\"@type\":\"ListItem\",\"position\":2,\"name\":\"Shop\",\"item\":\"https:\/\/skrina.si\/shop\/\"},{\"@type\":\"ListItem\",\"position\":3,\"name\":\"Fiore\"}]},{\"@type\":\"WebSite\",\"@id\":\"https:\/\/skrina.si\/sl\/#website\",\"url\":\"https:\/\/skrina.si\/sl\/\",\"name\":\"Etnogalerija Skrina\",\"description\":\"Tradicija s posluhom\",\"potentialAction\":[{\"@type\":\"SearchAction\",\"target\":{\"@type\":\"EntryPoint\",\"urlTemplate\":\"https:\/\/skrina.si\/sl\/?s={search_term_string}\"},\"query-input\":\"required name=search_term_string\"}],\"inLanguage\":\"sl-SI\"}]}<\/script>\n<!-- \/ Yoast SEO plugin. -->","yoast_head_json":{"title":"Fiore - Etnogalerija Skrina","description":"Mlada, rado\u017eiva, spogledljiva in \u010dutna Fiore se rada odpravi na potep in i\u0161\u010de ma\u010dkona, kateremu bi lahko podarila svoje srce. \u00a0","robots":{"index":"index","follow":"follow","max-snippet":"max-snippet:-1","max-image-preview":"max-image-preview:large","max-video-preview":"max-video-preview:-1"},"canonical":"https:\/\/skrina.si\/sl\/product\/fiore\/","og_locale":"sl_SI","og_type":"article","og_title":"[:sl]Fiore[:] - Etnogalerija Skrina","og_description":"Mlada, rado\u017eiva, spogledljiva in \u010dutna Fiore se rada odpravi na potep in i\u0161\u010de ma\u010dkona, kateremu bi lahko podarila svoje srce. \u00a0","og_url":"https:\/\/skrina.si\/sl\/product\/fiore\/","og_site_name":"Etnogalerija Skrina","article_modified_time":"2024-04-29T05:00:41+00:00","og_image":[{"width":2000,"height":1500,"url":"https:\/\/skrina.si\/wp-content\/uploads\/2021\/09\/Rosina-Wachmeister-Fiore-keramicna-macka-Etno-galerija-Skrina.jpg","type":"image\/jpeg"}],"twitter_card":"summary_large_image","twitter_misc":{"Est. reading time":"1 minuta"},"schema":{"@context":"https:\/\/schema.org","@graph":[{"@type":"WebPage","@id":"https:\/\/skrina.si\/sl\/product\/fiore\/","url":"https:\/\/skrina.si\/sl\/product\/fiore\/","name":"[:sl]Fiore[:] - Etnogalerija Skrina","isPartOf":{"@id":"https:\/\/skrina.si\/sl\/#website"},"datePublished":"2021-09-27T15:50:41+00:00","dateModified":"2024-04-29T05:00:41+00:00","description":"Mlada, rado\u017eiva, spogledljiva in \u010dutna Fiore se rada odpravi na potep in i\u0161\u010de ma\u010dkona, kateremu bi lahko podarila svoje srce. \u00a0","breadcrumb":{"@id":"https:\/\/skrina.si\/sl\/product\/fiore\/#breadcrumb"},"inLanguage":"sl-SI","potentialAction":[{"@type":"ReadAction","target":["https:\/\/skrina.si\/sl\/product\/fiore\/"]}]},{"@type":"BreadcrumbList","@id":"https:\/\/skrina.si\/sl\/product\/fiore\/#breadcrumb","itemListElement":[{"@type":"ListItem","position":1,"name":"Home","item":"https:\/\/skrina.si\/"},{"@type":"ListItem","position":2,"name":"Shop","item":"https:\/\/skrina.si\/shop\/"},{"@type":"ListItem","position":3,"name":"Fiore"}]},{"@type":"WebSite","@id":"https:\/\/skrina.si\/sl\/#website","url":"https:\/\/skrina.si\/sl\/","name":"Etnogalerija Skrina","description":"Tradicija s posluhom","potentialAction":[{"@type":"SearchAction","target":{"@type":"EntryPoint","urlTemplate":"https:\/\/skrina.si\/sl\/?s={search_term_string}"},"query-input":"required name=search_term_string"}],"inLanguage":"sl-SI"}]}},"_links":{"self":[{"href":"https:\/\/skrina.si\/sl\/wp-json\/wp\/v2\/product\/5973"}],"collection":[{"href":"https:\/\/skrina.si\/sl\/wp-json\/wp\/v2\/product"}],"about":[{"href":"https:\/\/skrina.si\/sl\/wp-json\/wp\/v2\/types\/product"}],"wp:featuredmedia":[{"embeddable":true,"href":"https:\/\/skrina.si\/sl\/wp-json\/wp\/v2\/media\/8762"}],"wp:attachment":[{"href":"https:\/\/skrina.si\/sl\/wp-json\/wp\/v2\/media?parent=5973"}],"wp:term":[{"taxonomy":"product_cat","embeddable":true,"href":"https:\/\/skrina.si\/sl\/wp-json\/wp\/v2\/product_cat?post=5973"},{"taxonomy":"product_tag","embeddable":true,"href":"https:\/\/skrina.si\/sl\/wp-json\/wp\/v2\/product_tag?post=5973"}],"curies":[{"name":"wp","href":"https:\/\/api.w.org\/{rel}","templated":true}]}}