{"id":5678,"date":"2022-03-03T14:50:09","date_gmt":"2022-03-03T14:50:09","guid":{"rendered":"https:\/\/skrina.si\/?post_type=product&#038;p=5678"},"modified":"2022-05-07T08:57:10","modified_gmt":"2022-05-07T08:57:10","slug":"jabolcni-cvet","status":"publish","type":"product","link":"https:\/\/skrina.si\/sl\/product\/jabolcni-cvet\/","title":{"rendered":"Jabol\u010dni cvet"},"content":{"rendered":"","protected":false},"excerpt":{"rendered":"<h5>Da bomo la\u017ee pri\u010dakali pomlad, si privo\u0161\u010dimo \u0161opek cveto\u010dih vej. Po ljudskem izro\u010dilu moramo 4. decembra, ko goduje <strong><em>Barbara<\/em><\/strong>, narezati <strong><em>veje<\/em><\/strong> <strong><em>jablane, <\/em><\/strong>forsitije, nepozebnika ali \u010de\u0161nje, jih dati v vazo in v hladnem prostoru bodo zacvetele ravno okoli <strong><em>bo\u017ei\u010da.<br \/>\n<\/em><\/strong>Jablana je najbolj raz\u0161irjena sadna vrsta v Sloveniji. \u017dal stare, avtohtone sorte, kot so kosma\u010d, bobovec, mo\u0161ancelj in carjevi\u010d izumirajo, \u0161e vedno pa velja ljudska modrost, ki pravi<strong><em>: \u00bbEno jabolko na dan, pre\u017eene zdravnika stran\u00ab. <\/em><\/strong>Poleg prehranskih namenov se \u0161tevilne sorte gojijo kot okrasne zasaditve v parkih in vrtovih, pa tudi za potrebe tesarske obrti, saj je les jablane odli\u010dne gostote in enostaven za oblikovanje in poliranje.<br \/>\nJablana cveti v majhnih belih, ro\u017enatih ali skoraj malinovih cvetovih, ki simbolizirajo lepoto, nedol\u017enost in \u010distost. Droben, na prvi pogled ne\u017een cvet, se izredno prilagaja muhavosti spomladanskega vremena in je tako sinonim za odpornost, trdo\u017eivost in vztrajnost.<\/h5>\n<h5><\/h5>\n<h6><em>Podrobnosti:<\/em><\/h6>\n<ul>\n<li>\n<h6>Velikost: vi\u0161ina 11 cm, \u0161irina 6 cm<\/h6>\n<\/li>\n<li>\n<h6>Material: Keramika<\/h6>\n<\/li>\n<li>\n<h6>V darilni vre\u010dki s prilo\u017eenim certifikatom<\/h6>\n<\/li>\n<li>\n<h6>Oblikovano z ljubeznijo do detajlov<\/h6>\n<\/li>\n<li>\n<h6>Idealno darilo za ljubitelje cveto\u010dih sadnih dreves in jabolk<\/h6>\n<\/li>\n<\/ul>\n","protected":false},"featured_media":8124,"template":"","meta":{"_monsterinsights_skip_tracking":false,"_monsterinsights_sitenote_active":false,"_monsterinsights_sitenote_note":"","_monsterinsights_sitenote_category":0},"product_cat":[103,686],"product_tag":[151,314,41],"aioseo_notices":[],"yoast_head":"<!-- This site is optimized with the Yoast SEO plugin v22.1 - https:\/\/yoast.com\/wordpress\/plugins\/seo\/ -->\n<title>Jabol\u010dni cvet - Etnogalerija Skrina<\/title>\n<meta name=\"description\" content=\"Jablana cveti v majhnih belih, ro\u017enatih ali skoraj malinovih cvetovih, ki simbolizirajo lepoto, nedol\u017enost in \u010distost.\" \/>\n<meta name=\"robots\" content=\"index, follow, max-snippet:-1, max-image-preview:large, max-video-preview:-1\" \/>\n<link rel=\"canonical\" href=\"https:\/\/skrina.si\/sl\/product\/jabolcni-cvet\/\" \/>\n<meta property=\"og:locale\" content=\"sl_SI\" \/>\n<meta property=\"og:locale:alternate\" content=\"en_GB\" \/>\n<meta property=\"og:type\" content=\"article\" \/>\n<meta property=\"og:title\" content=\"Jabol\u010dni cvet - Etnogalerija Skrina\" \/>\n<meta property=\"og:description\" content=\"Jablana cveti v majhnih belih, ro\u017enatih ali skoraj malinovih cvetovih, ki simbolizirajo lepoto, nedol\u017enost in \u010distost.\" \/>\n<meta property=\"og:url\" content=\"https:\/\/skrina.si\/sl\/product\/jabolcni-cvet\/\" \/>\n<meta property=\"og:site_name\" content=\"Etnogalerija Skrina\" \/>\n<meta property=\"article:modified_time\" content=\"2022-05-07T08:57:10+00:00\" \/>\n<meta property=\"og:image\" content=\"https:\/\/skrina.si\/wp-content\/uploads\/2021\/09\/Rozne-vile-jabolcni-cvet-dekor-Slovenske-cvetlice-roze-Tradicija-s-posluhom-Etno-galerija-Skrina.jpg\" \/>\n\t<meta property=\"og:image:width\" content=\"1619\" \/>\n\t<meta property=\"og:image:height\" content=\"1213\" \/>\n\t<meta property=\"og:image:type\" content=\"image\/jpeg\" \/>\n<meta name=\"twitter:card\" content=\"summary_large_image\" \/>\n<script type=\"application\/ld+json\" class=\"yoast-schema-graph\">{\"@context\":\"https:\/\/schema.org\",\"@graph\":[{\"@type\":\"WebPage\",\"@id\":\"https:\/\/skrina.si\/sl\/product\/jabolcni-cvet\/\",\"url\":\"https:\/\/skrina.si\/sl\/product\/jabolcni-cvet\/\",\"name\":\"Jabol\u010dni cvet - Etnogalerija Skrina\",\"isPartOf\":{\"@id\":\"https:\/\/skrina.si\/sl\/#website\"},\"datePublished\":\"2022-03-03T14:50:09+00:00\",\"dateModified\":\"2022-05-07T08:57:10+00:00\",\"description\":\"Jablana cveti v majhnih belih, ro\u017enatih ali skoraj malinovih cvetovih, ki simbolizirajo lepoto, nedol\u017enost in \u010distost.\",\"breadcrumb\":{\"@id\":\"https:\/\/skrina.si\/sl\/product\/jabolcni-cvet\/#breadcrumb\"},\"inLanguage\":\"sl-SI\",\"potentialAction\":[{\"@type\":\"ReadAction\",\"target\":[\"https:\/\/skrina.si\/sl\/product\/jabolcni-cvet\/\"]}]},{\"@type\":\"BreadcrumbList\",\"@id\":\"https:\/\/skrina.si\/sl\/product\/jabolcni-cvet\/#breadcrumb\",\"itemListElement\":[{\"@type\":\"ListItem\",\"position\":1,\"name\":\"Home\",\"item\":\"https:\/\/skrina.si\/\"},{\"@type\":\"ListItem\",\"position\":2,\"name\":\"Shop\",\"item\":\"https:\/\/skrina.si\/shop\/\"},{\"@type\":\"ListItem\",\"position\":3,\"name\":\"Jabol\u010dni cvet\"}]},{\"@type\":\"WebSite\",\"@id\":\"https:\/\/skrina.si\/sl\/#website\",\"url\":\"https:\/\/skrina.si\/sl\/\",\"name\":\"Etnogalerija Skrina\",\"description\":\"Tradicija s posluhom\",\"potentialAction\":[{\"@type\":\"SearchAction\",\"target\":{\"@type\":\"EntryPoint\",\"urlTemplate\":\"https:\/\/skrina.si\/sl\/?s={search_term_string}\"},\"query-input\":\"required name=search_term_string\"}],\"inLanguage\":\"sl-SI\"}]}<\/script>\n<!-- \/ Yoast SEO plugin. -->","yoast_head_json":{"title":"Jabol\u010dni cvet - Etnogalerija Skrina","description":"Jablana cveti v majhnih belih, ro\u017enatih ali skoraj malinovih cvetovih, ki simbolizirajo lepoto, nedol\u017enost in \u010distost.","robots":{"index":"index","follow":"follow","max-snippet":"max-snippet:-1","max-image-preview":"max-image-preview:large","max-video-preview":"max-video-preview:-1"},"canonical":"https:\/\/skrina.si\/sl\/product\/jabolcni-cvet\/","og_locale":"sl_SI","og_type":"article","og_title":"Jabol\u010dni cvet - Etnogalerija Skrina","og_description":"Jablana cveti v majhnih belih, ro\u017enatih ali skoraj malinovih cvetovih, ki simbolizirajo lepoto, nedol\u017enost in \u010distost.","og_url":"https:\/\/skrina.si\/sl\/product\/jabolcni-cvet\/","og_site_name":"Etnogalerija Skrina","article_modified_time":"2022-05-07T08:57:10+00:00","og_image":[{"width":1619,"height":1213,"url":"https:\/\/skrina.si\/wp-content\/uploads\/2021\/09\/Rozne-vile-jabolcni-cvet-dekor-Slovenske-cvetlice-roze-Tradicija-s-posluhom-Etno-galerija-Skrina.jpg","type":"image\/jpeg"}],"twitter_card":"summary_large_image","schema":{"@context":"https:\/\/schema.org","@graph":[{"@type":"WebPage","@id":"https:\/\/skrina.si\/sl\/product\/jabolcni-cvet\/","url":"https:\/\/skrina.si\/sl\/product\/jabolcni-cvet\/","name":"Jabol\u010dni cvet - Etnogalerija Skrina","isPartOf":{"@id":"https:\/\/skrina.si\/sl\/#website"},"datePublished":"2022-03-03T14:50:09+00:00","dateModified":"2022-05-07T08:57:10+00:00","description":"Jablana cveti v majhnih belih, ro\u017enatih ali skoraj malinovih cvetovih, ki simbolizirajo lepoto, nedol\u017enost in \u010distost.","breadcrumb":{"@id":"https:\/\/skrina.si\/sl\/product\/jabolcni-cvet\/#breadcrumb"},"inLanguage":"sl-SI","potentialAction":[{"@type":"ReadAction","target":["https:\/\/skrina.si\/sl\/product\/jabolcni-cvet\/"]}]},{"@type":"BreadcrumbList","@id":"https:\/\/skrina.si\/sl\/product\/jabolcni-cvet\/#breadcrumb","itemListElement":[{"@type":"ListItem","position":1,"name":"Home","item":"https:\/\/skrina.si\/"},{"@type":"ListItem","position":2,"name":"Shop","item":"https:\/\/skrina.si\/shop\/"},{"@type":"ListItem","position":3,"name":"Jabol\u010dni cvet"}]},{"@type":"WebSite","@id":"https:\/\/skrina.si\/sl\/#website","url":"https:\/\/skrina.si\/sl\/","name":"Etnogalerija Skrina","description":"Tradicija s posluhom","potentialAction":[{"@type":"SearchAction","target":{"@type":"EntryPoint","urlTemplate":"https:\/\/skrina.si\/sl\/?s={search_term_string}"},"query-input":"required name=search_term_string"}],"inLanguage":"sl-SI"}]}},"_links":{"self":[{"href":"https:\/\/skrina.si\/sl\/wp-json\/wp\/v2\/product\/5678"}],"collection":[{"href":"https:\/\/skrina.si\/sl\/wp-json\/wp\/v2\/product"}],"about":[{"href":"https:\/\/skrina.si\/sl\/wp-json\/wp\/v2\/types\/product"}],"wp:featuredmedia":[{"embeddable":true,"href":"https:\/\/skrina.si\/sl\/wp-json\/wp\/v2\/media\/8124"}],"wp:attachment":[{"href":"https:\/\/skrina.si\/sl\/wp-json\/wp\/v2\/media?parent=5678"}],"wp:term":[{"taxonomy":"product_cat","embeddable":true,"href":"https:\/\/skrina.si\/sl\/wp-json\/wp\/v2\/product_cat?post=5678"},{"taxonomy":"product_tag","embeddable":true,"href":"https:\/\/skrina.si\/sl\/wp-json\/wp\/v2\/product_tag?post=5678"}],"curies":[{"name":"wp","href":"https:\/\/api.w.org\/{rel}","templated":true}]}}