{"id":5674,"date":"2022-03-03T14:15:18","date_gmt":"2022-03-03T14:15:18","guid":{"rendered":"https:\/\/skrina.si\/?post_type=product&#038;p=5674"},"modified":"2022-05-07T08:58:06","modified_gmt":"2022-05-07T08:58:06","slug":"hortenzija","status":"publish","type":"product","link":"https:\/\/skrina.si\/sl\/product\/hortenzija\/","title":{"rendered":"Hortenzija"},"content":{"rendered":"","protected":false},"excerpt":{"rendered":"<h5>\u010ce bi bolj kot karkoli drugega osebi \u017eeleli izkazati svojo hvale\u017enost, potem to storite s <strong><em>hortenzijo.<\/em><\/strong> Iz\u017eareva velikodu\u0161nost, hvale\u017enost, milost, obilje in lepoto. Seveda pa je simbolika, \u0161e danes, odvisna od barve ro\u017ee. Roza hortenzija predstavlja ljubezen in iskrenost, modra odpu\u0161\u010danje, bela hvalisanje, vijoli\u010dna pa obilje in razumevanje. Lepi in veliki cvetovi nikogar ne pustijo ravnodu\u0161nega. Ponekod verjamejo, da \u0161opek hortenzij pomiri sprte zaljubljence ali\u00a0 zakonce in prinese v hi\u0161o mir in ljubezen.<br \/>\nHortenzija (Hydrangea) se sestoji iz gr\u0161ke besede &#8216;hydor&#8217;, ki v prevodu pomeni vodo, in &#8216;angos&#8217;, ki pomeni kozarec. Ime je \u0161e kako na mestu, saj hortenzija za svoje uspevanje resni\u010dno potrebuje veliko vode. Hortenzije, ki so v Evropo pri\u0161le iz Japonske \u017ee leta 1799 \u00a0so \u0161e pred kratkim veljale za staromodne. Zadnja leta pa v Sloveniji do\u017eivljajo pravi preporod in vse pogosteje jih videvamo na vrtovih in v \u0161opkih.<\/h5>\n<h6><em>Podrobnosti:<\/em><\/h6>\n<ul>\n<li>\n<h6>Velikost: vi\u0161ina 11 cm, \u0161irina 6 cm<\/h6>\n<\/li>\n<li>\n<h6>Material: Keramika<\/h6>\n<\/li>\n<li>\n<h6>V darilni vre\u010dki s prilo\u017eenim certifikatom<\/h6>\n<\/li>\n<li>\n<h6>Oblikovano z ljubeznijo do detajlov<\/h6>\n<\/li>\n<li>\n<h6>Idealno darilo za ljubitelje zimzelenih ro\u017e in obo\u017eevalce hortenzij<\/h6>\n<\/li>\n<\/ul>\n","protected":false},"featured_media":8132,"template":"","meta":{"_monsterinsights_skip_tracking":false,"_monsterinsights_sitenote_active":false,"_monsterinsights_sitenote_note":"","_monsterinsights_sitenote_category":0},"product_cat":[103,686],"product_tag":[151,316,41],"aioseo_notices":[],"yoast_head":"<!-- This site is optimized with the Yoast SEO plugin v22.1 - https:\/\/yoast.com\/wordpress\/plugins\/seo\/ -->\n<title>Hortenzija - Etnogalerija Skrina<\/title>\n<meta name=\"description\" content=\"Ponekod verjamejo, da \u0161opek hortenzij pomiri sprte zaljubljence ali\u00a0 zakonce in prinese v hi\u0161o mir in ljubezen.\" \/>\n<meta name=\"robots\" content=\"index, follow, max-snippet:-1, max-image-preview:large, max-video-preview:-1\" \/>\n<link rel=\"canonical\" href=\"https:\/\/skrina.si\/sl\/product\/hortenzija\/\" \/>\n<meta property=\"og:locale\" content=\"sl_SI\" \/>\n<meta property=\"og:locale:alternate\" content=\"en_GB\" \/>\n<meta property=\"og:type\" content=\"article\" \/>\n<meta property=\"og:title\" content=\"Hortenzija - Etnogalerija Skrina\" \/>\n<meta property=\"og:description\" content=\"Ponekod verjamejo, da \u0161opek hortenzij pomiri sprte zaljubljence ali\u00a0 zakonce in prinese v hi\u0161o mir in ljubezen.\" \/>\n<meta property=\"og:url\" content=\"https:\/\/skrina.si\/sl\/product\/hortenzija\/\" \/>\n<meta property=\"og:site_name\" content=\"Etnogalerija Skrina\" \/>\n<meta property=\"article:modified_time\" content=\"2022-05-07T08:58:06+00:00\" \/>\n<meta property=\"og:image\" content=\"https:\/\/skrina.si\/wp-content\/uploads\/2021\/09\/Rozne-vile-hortenizija-dekor-Slovenske-cvetlice-roze-Tradicija-s-posluhom-Etno-galerija-Skrina.jpg\" \/>\n\t<meta property=\"og:image:width\" content=\"1619\" \/>\n\t<meta property=\"og:image:height\" content=\"1213\" \/>\n\t<meta property=\"og:image:type\" content=\"image\/jpeg\" \/>\n<meta name=\"twitter:card\" content=\"summary_large_image\" \/>\n<script type=\"application\/ld+json\" class=\"yoast-schema-graph\">{\"@context\":\"https:\/\/schema.org\",\"@graph\":[{\"@type\":\"WebPage\",\"@id\":\"https:\/\/skrina.si\/sl\/product\/hortenzija\/\",\"url\":\"https:\/\/skrina.si\/sl\/product\/hortenzija\/\",\"name\":\"Hortenzija - Etnogalerija Skrina\",\"isPartOf\":{\"@id\":\"https:\/\/skrina.si\/sl\/#website\"},\"datePublished\":\"2022-03-03T14:15:18+00:00\",\"dateModified\":\"2022-05-07T08:58:06+00:00\",\"description\":\"Ponekod verjamejo, da \u0161opek hortenzij pomiri sprte zaljubljence ali\u00a0 zakonce in prinese v hi\u0161o mir in ljubezen.\",\"breadcrumb\":{\"@id\":\"https:\/\/skrina.si\/sl\/product\/hortenzija\/#breadcrumb\"},\"inLanguage\":\"sl-SI\",\"potentialAction\":[{\"@type\":\"ReadAction\",\"target\":[\"https:\/\/skrina.si\/sl\/product\/hortenzija\/\"]}]},{\"@type\":\"BreadcrumbList\",\"@id\":\"https:\/\/skrina.si\/sl\/product\/hortenzija\/#breadcrumb\",\"itemListElement\":[{\"@type\":\"ListItem\",\"position\":1,\"name\":\"Home\",\"item\":\"https:\/\/skrina.si\/\"},{\"@type\":\"ListItem\",\"position\":2,\"name\":\"Shop\",\"item\":\"https:\/\/skrina.si\/shop\/\"},{\"@type\":\"ListItem\",\"position\":3,\"name\":\"Hortenzija\"}]},{\"@type\":\"WebSite\",\"@id\":\"https:\/\/skrina.si\/sl\/#website\",\"url\":\"https:\/\/skrina.si\/sl\/\",\"name\":\"Etnogalerija Skrina\",\"description\":\"Tradicija s posluhom\",\"potentialAction\":[{\"@type\":\"SearchAction\",\"target\":{\"@type\":\"EntryPoint\",\"urlTemplate\":\"https:\/\/skrina.si\/sl\/?s={search_term_string}\"},\"query-input\":\"required name=search_term_string\"}],\"inLanguage\":\"sl-SI\"}]}<\/script>\n<!-- \/ Yoast SEO plugin. -->","yoast_head_json":{"title":"Hortenzija - Etnogalerija Skrina","description":"Ponekod verjamejo, da \u0161opek hortenzij pomiri sprte zaljubljence ali\u00a0 zakonce in prinese v hi\u0161o mir in ljubezen.","robots":{"index":"index","follow":"follow","max-snippet":"max-snippet:-1","max-image-preview":"max-image-preview:large","max-video-preview":"max-video-preview:-1"},"canonical":"https:\/\/skrina.si\/sl\/product\/hortenzija\/","og_locale":"sl_SI","og_type":"article","og_title":"Hortenzija - Etnogalerija Skrina","og_description":"Ponekod verjamejo, da \u0161opek hortenzij pomiri sprte zaljubljence ali\u00a0 zakonce in prinese v hi\u0161o mir in ljubezen.","og_url":"https:\/\/skrina.si\/sl\/product\/hortenzija\/","og_site_name":"Etnogalerija Skrina","article_modified_time":"2022-05-07T08:58:06+00:00","og_image":[{"width":1619,"height":1213,"url":"https:\/\/skrina.si\/wp-content\/uploads\/2021\/09\/Rozne-vile-hortenizija-dekor-Slovenske-cvetlice-roze-Tradicija-s-posluhom-Etno-galerija-Skrina.jpg","type":"image\/jpeg"}],"twitter_card":"summary_large_image","schema":{"@context":"https:\/\/schema.org","@graph":[{"@type":"WebPage","@id":"https:\/\/skrina.si\/sl\/product\/hortenzija\/","url":"https:\/\/skrina.si\/sl\/product\/hortenzija\/","name":"Hortenzija - Etnogalerija Skrina","isPartOf":{"@id":"https:\/\/skrina.si\/sl\/#website"},"datePublished":"2022-03-03T14:15:18+00:00","dateModified":"2022-05-07T08:58:06+00:00","description":"Ponekod verjamejo, da \u0161opek hortenzij pomiri sprte zaljubljence ali\u00a0 zakonce in prinese v hi\u0161o mir in ljubezen.","breadcrumb":{"@id":"https:\/\/skrina.si\/sl\/product\/hortenzija\/#breadcrumb"},"inLanguage":"sl-SI","potentialAction":[{"@type":"ReadAction","target":["https:\/\/skrina.si\/sl\/product\/hortenzija\/"]}]},{"@type":"BreadcrumbList","@id":"https:\/\/skrina.si\/sl\/product\/hortenzija\/#breadcrumb","itemListElement":[{"@type":"ListItem","position":1,"name":"Home","item":"https:\/\/skrina.si\/"},{"@type":"ListItem","position":2,"name":"Shop","item":"https:\/\/skrina.si\/shop\/"},{"@type":"ListItem","position":3,"name":"Hortenzija"}]},{"@type":"WebSite","@id":"https:\/\/skrina.si\/sl\/#website","url":"https:\/\/skrina.si\/sl\/","name":"Etnogalerija Skrina","description":"Tradicija s posluhom","potentialAction":[{"@type":"SearchAction","target":{"@type":"EntryPoint","urlTemplate":"https:\/\/skrina.si\/sl\/?s={search_term_string}"},"query-input":"required name=search_term_string"}],"inLanguage":"sl-SI"}]}},"_links":{"self":[{"href":"https:\/\/skrina.si\/sl\/wp-json\/wp\/v2\/product\/5674"}],"collection":[{"href":"https:\/\/skrina.si\/sl\/wp-json\/wp\/v2\/product"}],"about":[{"href":"https:\/\/skrina.si\/sl\/wp-json\/wp\/v2\/types\/product"}],"wp:featuredmedia":[{"embeddable":true,"href":"https:\/\/skrina.si\/sl\/wp-json\/wp\/v2\/media\/8132"}],"wp:attachment":[{"href":"https:\/\/skrina.si\/sl\/wp-json\/wp\/v2\/media?parent=5674"}],"wp:term":[{"taxonomy":"product_cat","embeddable":true,"href":"https:\/\/skrina.si\/sl\/wp-json\/wp\/v2\/product_cat?post=5674"},{"taxonomy":"product_tag","embeddable":true,"href":"https:\/\/skrina.si\/sl\/wp-json\/wp\/v2\/product_tag?post=5674"}],"curies":[{"name":"wp","href":"https:\/\/api.w.org\/{rel}","templated":true}]}}