{"id":4554,"date":"2021-08-24T09:19:01","date_gmt":"2021-08-24T09:19:01","guid":{"rendered":"https:\/\/skrina.si\/?post_type=product&#038;p=4554"},"modified":"2024-05-20T08:04:11","modified_gmt":"2024-05-20T06:04:11","slug":"sova","status":"publish","type":"product","link":"https:\/\/skrina.si\/sl\/product\/sova\/","title":{"rendered":"Sova"},"content":{"rendered":"","protected":false},"excerpt":{"rendered":"<h5><strong><em>Oskar Kogoj<\/em><\/strong> je svetovno priznan industrijski oblikovalec, akademik in predvsem umetnik. Za svoja dela je prejel preko 50 razli\u010dnih mednarodnih nagrad.<\/h5>\n<h5><strong><em>Sova<\/em><\/strong>, skrivnostna no\u010dna ptica je simbol \u00a0modrosti in znanja, zato jo radi podarjamo kot dobro misel in prijazno vzpodbudo pri \u00a0u\u010denju.<br \/>\nPo ljudskem izro\u010dilu sova prina\u0161a sre\u010do, <strong><em>bogastvo, zdravje in ljubezen.<\/em><\/strong><\/h5>\n<h6><em>Lastnosti:<\/em><\/h6>\n<ul>\n<li>\n<h6><em>Naslov dela: Sova<\/em><\/h6>\n<\/li>\n<li>\n<h6><em>Velikost: 11 cm x 19 cm x 8 cm<\/em><\/h6>\n<\/li>\n<li>\n<h6><em>Material: porcelan, pozlata (18 karatno zlato), bela glazura<\/em><\/h6>\n<\/li>\n<li>\n<h6><em>Omejena naklada <\/em><\/h6>\n<\/li>\n<li>\n<h6><em>Certifikat<\/em><\/h6>\n<\/li>\n<li>\n<h6><em>Embalirano v darilni embala\u017ei<\/em><\/h6>\n<\/li>\n<\/ul>\n","protected":false},"featured_media":4555,"template":"","meta":{"_monsterinsights_skip_tracking":false,"_monsterinsights_sitenote_active":false,"_monsterinsights_sitenote_note":"","_monsterinsights_sitenote_category":0},"product_cat":[257,121],"product_tag":[1580],"aioseo_notices":[],"yoast_head":"<!-- This site is optimized with the Yoast SEO plugin v22.1 - https:\/\/yoast.com\/wordpress\/plugins\/seo\/ -->\n<title>Sova - Etnogalerija Skrina<\/title>\n<meta name=\"robots\" content=\"index, follow, max-snippet:-1, max-image-preview:large, max-video-preview:-1\" \/>\n<link rel=\"canonical\" href=\"https:\/\/skrina.si\/sl\/product\/sova\/\" \/>\n<meta property=\"og:locale\" content=\"sl_SI\" \/>\n<meta property=\"og:locale:alternate\" content=\"en_GB\" \/>\n<meta property=\"og:type\" content=\"article\" \/>\n<meta property=\"og:title\" content=\"Sova\" \/>\n<meta property=\"og:description\" content=\"Oskar Kogoj je svetovno priznan industrijski oblikovalec, akademik in predvsem umetnik. Za svoja dela je prejel preko 50 razli\u010dnih mednarodnih nagrad. Sova, skrivnostna no\u010dna ptica je simbol \u00a0modrosti in znanja, zato jo radi podarjamo kot dobro misel in prijazno vzpodbudo pri \u00a0u\u010denju. Po ljudskem izro\u010dilu sova prina\u0161a sre\u010do, bogastvo, zdravje in ljubezen. Lastnosti:    Naslov dela: Sova    Velikost: 11 cm x 19 cm x 8 cm    Material: porcelan, pozlata (18 karatno zlato), bela glazura    Omejena naklada     Certifikat    Embalirano v darilni embala\u017ei\" \/>\n<meta property=\"og:url\" content=\"https:\/\/skrina.si\/sl\/product\/sova\/\" \/>\n<meta property=\"og:site_name\" content=\"Etnogalerija Skrina\" \/>\n<meta property=\"article:modified_time\" content=\"2024-05-20T06:04:11+00:00\" \/>\n<meta property=\"og:image\" content=\"https:\/\/skrina.si\/wp-content\/uploads\/2021\/08\/Kogoj_Sova-zlata.jpg\" \/>\n\t<meta property=\"og:image:width\" content=\"2000\" \/>\n\t<meta property=\"og:image:height\" content=\"1500\" \/>\n\t<meta property=\"og:image:type\" content=\"image\/jpeg\" \/>\n<meta name=\"twitter:card\" content=\"summary_large_image\" \/>\n<meta name=\"twitter:label1\" content=\"Est. reading time\" \/>\n\t<meta name=\"twitter:data1\" content=\"1 minuta\" \/>\n<script type=\"application\/ld+json\" class=\"yoast-schema-graph\">{\"@context\":\"https:\/\/schema.org\",\"@graph\":[{\"@type\":\"WebPage\",\"@id\":\"https:\/\/skrina.si\/sl\/product\/sova\/\",\"url\":\"https:\/\/skrina.si\/sl\/product\/sova\/\",\"name\":\"[:sl]Sova[:] - Etnogalerija Skrina\",\"isPartOf\":{\"@id\":\"https:\/\/skrina.si\/sl\/#website\"},\"datePublished\":\"2021-08-24T09:19:01+00:00\",\"dateModified\":\"2024-05-20T06:04:11+00:00\",\"breadcrumb\":{\"@id\":\"https:\/\/skrina.si\/sl\/product\/sova\/#breadcrumb\"},\"inLanguage\":\"sl-SI\",\"potentialAction\":[{\"@type\":\"ReadAction\",\"target\":[\"https:\/\/skrina.si\/sl\/product\/sova\/\"]}]},{\"@type\":\"BreadcrumbList\",\"@id\":\"https:\/\/skrina.si\/sl\/product\/sova\/#breadcrumb\",\"itemListElement\":[{\"@type\":\"ListItem\",\"position\":1,\"name\":\"Home\",\"item\":\"https:\/\/skrina.si\/\"},{\"@type\":\"ListItem\",\"position\":2,\"name\":\"Shop\",\"item\":\"https:\/\/skrina.si\/shop\/\"},{\"@type\":\"ListItem\",\"position\":3,\"name\":\"Sova\"}]},{\"@type\":\"WebSite\",\"@id\":\"https:\/\/skrina.si\/sl\/#website\",\"url\":\"https:\/\/skrina.si\/sl\/\",\"name\":\"Etnogalerija Skrina\",\"description\":\"Tradicija s posluhom\",\"potentialAction\":[{\"@type\":\"SearchAction\",\"target\":{\"@type\":\"EntryPoint\",\"urlTemplate\":\"https:\/\/skrina.si\/sl\/?s={search_term_string}\"},\"query-input\":\"required name=search_term_string\"}],\"inLanguage\":\"sl-SI\"}]}<\/script>\n<!-- \/ Yoast SEO plugin. -->","yoast_head_json":{"title":"Sova - Etnogalerija Skrina","robots":{"index":"index","follow":"follow","max-snippet":"max-snippet:-1","max-image-preview":"max-image-preview:large","max-video-preview":"max-video-preview:-1"},"canonical":"https:\/\/skrina.si\/sl\/product\/sova\/","og_locale":"sl_SI","og_type":"article","og_title":"[:sl]Sova[:] - Etnogalerija Skrina","og_description":"[:sl]Oskar Kogoj je svetovno priznan industrijski oblikovalec, akademik in predvsem umetnik. Za svoja dela je prejel preko 50 razli\u010dnih mednarodnih nagrad. Sova, skrivnostna no\u010dna ptica je simbol \u00a0modrosti in znanja, zato jo radi podarjamo kot dobro misel in prijazno vzpodbudo pri \u00a0u\u010denju. Po ljudskem izro\u010dilu sova prina\u0161a sre\u010do, bogastvo, zdravje in ljubezen. Lastnosti:    Naslov dela: Sova    Velikost: 11 cm x 19 cm x 8 cm    Material: porcelan, pozlata (18 karatno zlato), bela glazura    Omejena naklada     Certifikat    Embalirano v darilni embala\u017ei  [:]","og_url":"https:\/\/skrina.si\/sl\/product\/sova\/","og_site_name":"Etnogalerija Skrina","article_modified_time":"2024-05-20T06:04:11+00:00","og_image":[{"width":2000,"height":1500,"url":"https:\/\/skrina.si\/wp-content\/uploads\/2021\/08\/Kogoj_Sova-zlata.jpg","type":"image\/jpeg"}],"twitter_card":"summary_large_image","twitter_misc":{"Est. reading time":"1 minuta"},"schema":{"@context":"https:\/\/schema.org","@graph":[{"@type":"WebPage","@id":"https:\/\/skrina.si\/sl\/product\/sova\/","url":"https:\/\/skrina.si\/sl\/product\/sova\/","name":"[:sl]Sova[:] - Etnogalerija Skrina","isPartOf":{"@id":"https:\/\/skrina.si\/sl\/#website"},"datePublished":"2021-08-24T09:19:01+00:00","dateModified":"2024-05-20T06:04:11+00:00","breadcrumb":{"@id":"https:\/\/skrina.si\/sl\/product\/sova\/#breadcrumb"},"inLanguage":"sl-SI","potentialAction":[{"@type":"ReadAction","target":["https:\/\/skrina.si\/sl\/product\/sova\/"]}]},{"@type":"BreadcrumbList","@id":"https:\/\/skrina.si\/sl\/product\/sova\/#breadcrumb","itemListElement":[{"@type":"ListItem","position":1,"name":"Home","item":"https:\/\/skrina.si\/"},{"@type":"ListItem","position":2,"name":"Shop","item":"https:\/\/skrina.si\/shop\/"},{"@type":"ListItem","position":3,"name":"Sova"}]},{"@type":"WebSite","@id":"https:\/\/skrina.si\/sl\/#website","url":"https:\/\/skrina.si\/sl\/","name":"Etnogalerija Skrina","description":"Tradicija s posluhom","potentialAction":[{"@type":"SearchAction","target":{"@type":"EntryPoint","urlTemplate":"https:\/\/skrina.si\/sl\/?s={search_term_string}"},"query-input":"required name=search_term_string"}],"inLanguage":"sl-SI"}]}},"_links":{"self":[{"href":"https:\/\/skrina.si\/sl\/wp-json\/wp\/v2\/product\/4554"}],"collection":[{"href":"https:\/\/skrina.si\/sl\/wp-json\/wp\/v2\/product"}],"about":[{"href":"https:\/\/skrina.si\/sl\/wp-json\/wp\/v2\/types\/product"}],"wp:featuredmedia":[{"embeddable":true,"href":"https:\/\/skrina.si\/sl\/wp-json\/wp\/v2\/media\/4555"}],"wp:attachment":[{"href":"https:\/\/skrina.si\/sl\/wp-json\/wp\/v2\/media?parent=4554"}],"wp:term":[{"taxonomy":"product_cat","embeddable":true,"href":"https:\/\/skrina.si\/sl\/wp-json\/wp\/v2\/product_cat?post=4554"},{"taxonomy":"product_tag","embeddable":true,"href":"https:\/\/skrina.si\/sl\/wp-json\/wp\/v2\/product_tag?post=4554"}],"curies":[{"name":"wp","href":"https:\/\/api.w.org\/{rel}","templated":true}]}}