{"id":4353,"date":"2021-08-15T13:15:15","date_gmt":"2021-08-15T13:15:15","guid":{"rendered":"https:\/\/skrina.si\/?post_type=product&#038;p=4353"},"modified":"2026-04-14T21:55:31","modified_gmt":"2026-04-14T19:55:31","slug":"konj-pri-ptujskih-oracih","status":"publish","type":"product","link":"https:\/\/skrina.si\/sl\/product\/konj-pri-ptujskih-oracih\/","title":{"rendered":"Konj pri ptujskih ora\u010dih"},"content":{"rendered":"","protected":false},"excerpt":{"rendered":"<h5>Na <strong><em>Ptujskem polju<\/em><\/strong> so iz <strong><em>Lancove vasi<\/em><\/strong> in <strong><em>Markovca<\/em><\/strong> znani <strong><em>ora\u010di<\/em><\/strong>, kjer v vlogi plu\u017earja nastopa korant, ki ima v plug vpre\u017eene \u201e<strong><em>konje<\/em><\/strong>\u201c.<\/h5>\n<h5>Oble\u010deni so v bele srajce, ple\u010da in prsi pa jim krase navskri\u017e prevezane pisane rute. Na glavah imajo visoke kape polkro\u017enih oblik, okra\u0161ene s papirnatimi cvetovi in trakovi vseh barv ter zelenjem pritrjenim na srebrno podlago.<\/h5>\n<h5>Ove\u0161eni so tudi s kragulj\u010dki, ki ob poskakovanju pozvanjajo. Ko bi\u010dar oz. poka\u010d po\u010di z bi\u010dem, po\u017eene plu\u017ear svoje \u201ekonje\u201c v dir, da naredijo brazdo.<\/h5>\n<h5>V to brazdo se zaseje seme za <strong><em>\u00bbdebelo repo\u00ab.<\/em><\/strong><\/h5>\n<ul>\n<li>Lastnosti:<\/li>\n<li>Naslov dela: Konj pri ptujskih ora\u010dih<\/li>\n<li>Tehnika: jedkanica<\/li>\n<li>Zunanja dimenzija mape: 27 x 19 cm<\/li>\n<li>Omejena naklada 51\/100<\/li>\n<li>Zunanja dimenzija okvirja: 24 x 30 cm<\/li>\n<li>Omejena naklada 39\/100<\/li>\n<li>Vsa dela so podpisana, o\u0161tevil\u010dena in imajo vodni \u017eig avtorja<\/li>\n<\/ul>\n","protected":false},"featured_media":4354,"template":"","meta":{"_monsterinsights_skip_tracking":false,"_monsterinsights_sitenote_active":false,"_monsterinsights_sitenote_note":"","_monsterinsights_sitenote_category":0},"product_cat":[103,142],"product_tag":[138,145,143,147,95],"aioseo_notices":[],"yoast_head":"<!-- This site is optimized with the Yoast SEO plugin v22.1 - https:\/\/yoast.com\/wordpress\/plugins\/seo\/ -->\n<title>Konj pri ptujskih ora\u010dih - Etnogalerija Skrina<\/title>\n<meta name=\"description\" content=\"Karel Zelenko - Ptujski ora\u010di (grafika v okvirju). Na Ptujskem polju so znani ora\u010di, kjer v vlogi plu\u017earja nastopa korant, ki ima v plug vpre\u017eene \u201ekonje\u201c.\" \/>\n<meta name=\"robots\" content=\"index, follow, max-snippet:-1, max-image-preview:large, max-video-preview:-1\" \/>\n<link rel=\"canonical\" href=\"https:\/\/skrina.si\/sl\/product\/konj-pri-ptujskih-oracih\/\" \/>\n<meta property=\"og:locale\" content=\"sl_SI\" \/>\n<meta property=\"og:locale:alternate\" content=\"en_GB\" \/>\n<meta property=\"og:type\" content=\"article\" \/>\n<meta property=\"og:title\" content=\"Konj pri ptujskih ora\u010dih\" \/>\n<meta property=\"og:description\" content=\"Karel Zelenko - Ptujski ora\u010di (grafika v okvirju). Na Ptujskem polju so znani ora\u010di, kjer v vlogi plu\u017earja nastopa korant, ki ima v plug vpre\u017eene \u201ekonje\u201c.\" \/>\n<meta property=\"og:url\" content=\"https:\/\/skrina.si\/sl\/product\/konj-pri-ptujskih-oracih\/\" \/>\n<meta property=\"og:site_name\" content=\"Etnogalerija Skrina\" \/>\n<meta property=\"article:modified_time\" content=\"2026-04-14T19:55:31+00:00\" \/>\n<meta property=\"og:image\" content=\"https:\/\/skrina.si\/wp-content\/uploads\/2021\/08\/Karel-Zelenko_Maske_Konj-pri-ptujskih-oracih.jpg\" \/>\n\t<meta property=\"og:image:width\" content=\"1999\" \/>\n\t<meta property=\"og:image:height\" content=\"1500\" \/>\n\t<meta property=\"og:image:type\" content=\"image\/jpeg\" \/>\n<meta name=\"twitter:card\" content=\"summary_large_image\" \/>\n<meta name=\"twitter:label1\" content=\"Est. reading time\" \/>\n\t<meta name=\"twitter:data1\" content=\"1 minuta\" \/>\n<script type=\"application\/ld+json\" class=\"yoast-schema-graph\">{\"@context\":\"https:\/\/schema.org\",\"@graph\":[{\"@type\":\"WebPage\",\"@id\":\"https:\/\/skrina.si\/sl\/product\/konj-pri-ptujskih-oracih\/\",\"url\":\"https:\/\/skrina.si\/sl\/product\/konj-pri-ptujskih-oracih\/\",\"name\":\"[:sl]Konj pri ptujskih ora\u010dih[:] - Etnogalerija Skrina\",\"isPartOf\":{\"@id\":\"https:\/\/skrina.si\/sl\/#website\"},\"datePublished\":\"2021-08-15T13:15:15+00:00\",\"dateModified\":\"2026-04-14T19:55:31+00:00\",\"description\":\"Karel Zelenko - Ptujski ora\u010di (grafika v okvirju). Na Ptujskem polju so znani ora\u010di, kjer v vlogi plu\u017earja nastopa korant, ki ima v plug vpre\u017eene \u201ekonje\u201c.\",\"breadcrumb\":{\"@id\":\"https:\/\/skrina.si\/sl\/product\/konj-pri-ptujskih-oracih\/#breadcrumb\"},\"inLanguage\":\"sl-SI\",\"potentialAction\":[{\"@type\":\"ReadAction\",\"target\":[\"https:\/\/skrina.si\/sl\/product\/konj-pri-ptujskih-oracih\/\"]}]},{\"@type\":\"BreadcrumbList\",\"@id\":\"https:\/\/skrina.si\/sl\/product\/konj-pri-ptujskih-oracih\/#breadcrumb\",\"itemListElement\":[{\"@type\":\"ListItem\",\"position\":1,\"name\":\"Home\",\"item\":\"https:\/\/skrina.si\/\"},{\"@type\":\"ListItem\",\"position\":2,\"name\":\"Shop\",\"item\":\"https:\/\/skrina.si\/shop\/\"},{\"@type\":\"ListItem\",\"position\":3,\"name\":\"Konj pri ptujskih ora\u010dih\"}]},{\"@type\":\"WebSite\",\"@id\":\"https:\/\/skrina.si\/sl\/#website\",\"url\":\"https:\/\/skrina.si\/sl\/\",\"name\":\"Etnogalerija Skrina\",\"description\":\"Tradicija s posluhom\",\"potentialAction\":[{\"@type\":\"SearchAction\",\"target\":{\"@type\":\"EntryPoint\",\"urlTemplate\":\"https:\/\/skrina.si\/sl\/?s={search_term_string}\"},\"query-input\":\"required name=search_term_string\"}],\"inLanguage\":\"sl-SI\"}]}<\/script>\n<!-- \/ Yoast SEO plugin. -->","yoast_head_json":{"title":"Konj pri ptujskih ora\u010dih - Etnogalerija Skrina","description":"Karel Zelenko - Ptujski ora\u010di (grafika v okvirju). Na Ptujskem polju so znani ora\u010di, kjer v vlogi plu\u017earja nastopa korant, ki ima v plug vpre\u017eene \u201ekonje\u201c.","robots":{"index":"index","follow":"follow","max-snippet":"max-snippet:-1","max-image-preview":"max-image-preview:large","max-video-preview":"max-video-preview:-1"},"canonical":"https:\/\/skrina.si\/sl\/product\/konj-pri-ptujskih-oracih\/","og_locale":"sl_SI","og_type":"article","og_title":"[:sl]Konj pri ptujskih ora\u010dih[:] - Etnogalerija Skrina","og_description":"Karel Zelenko - Ptujski ora\u010di (grafika v okvirju). Na Ptujskem polju so znani ora\u010di, kjer v vlogi plu\u017earja nastopa korant, ki ima v plug vpre\u017eene \u201ekonje\u201c.","og_url":"https:\/\/skrina.si\/sl\/product\/konj-pri-ptujskih-oracih\/","og_site_name":"Etnogalerija Skrina","article_modified_time":"2026-04-14T19:55:31+00:00","og_image":[{"width":1999,"height":1500,"url":"https:\/\/skrina.si\/wp-content\/uploads\/2021\/08\/Karel-Zelenko_Maske_Konj-pri-ptujskih-oracih.jpg","type":"image\/jpeg"}],"twitter_card":"summary_large_image","twitter_misc":{"Est. reading time":"1 minuta"},"schema":{"@context":"https:\/\/schema.org","@graph":[{"@type":"WebPage","@id":"https:\/\/skrina.si\/sl\/product\/konj-pri-ptujskih-oracih\/","url":"https:\/\/skrina.si\/sl\/product\/konj-pri-ptujskih-oracih\/","name":"[:sl]Konj pri ptujskih ora\u010dih[:] - Etnogalerija Skrina","isPartOf":{"@id":"https:\/\/skrina.si\/sl\/#website"},"datePublished":"2021-08-15T13:15:15+00:00","dateModified":"2026-04-14T19:55:31+00:00","description":"Karel Zelenko - Ptujski ora\u010di (grafika v okvirju). Na Ptujskem polju so znani ora\u010di, kjer v vlogi plu\u017earja nastopa korant, ki ima v plug vpre\u017eene \u201ekonje\u201c.","breadcrumb":{"@id":"https:\/\/skrina.si\/sl\/product\/konj-pri-ptujskih-oracih\/#breadcrumb"},"inLanguage":"sl-SI","potentialAction":[{"@type":"ReadAction","target":["https:\/\/skrina.si\/sl\/product\/konj-pri-ptujskih-oracih\/"]}]},{"@type":"BreadcrumbList","@id":"https:\/\/skrina.si\/sl\/product\/konj-pri-ptujskih-oracih\/#breadcrumb","itemListElement":[{"@type":"ListItem","position":1,"name":"Home","item":"https:\/\/skrina.si\/"},{"@type":"ListItem","position":2,"name":"Shop","item":"https:\/\/skrina.si\/shop\/"},{"@type":"ListItem","position":3,"name":"Konj pri ptujskih ora\u010dih"}]},{"@type":"WebSite","@id":"https:\/\/skrina.si\/sl\/#website","url":"https:\/\/skrina.si\/sl\/","name":"Etnogalerija Skrina","description":"Tradicija s posluhom","potentialAction":[{"@type":"SearchAction","target":{"@type":"EntryPoint","urlTemplate":"https:\/\/skrina.si\/sl\/?s={search_term_string}"},"query-input":"required name=search_term_string"}],"inLanguage":"sl-SI"}]}},"_links":{"self":[{"href":"https:\/\/skrina.si\/sl\/wp-json\/wp\/v2\/product\/4353"}],"collection":[{"href":"https:\/\/skrina.si\/sl\/wp-json\/wp\/v2\/product"}],"about":[{"href":"https:\/\/skrina.si\/sl\/wp-json\/wp\/v2\/types\/product"}],"wp:featuredmedia":[{"embeddable":true,"href":"https:\/\/skrina.si\/sl\/wp-json\/wp\/v2\/media\/4354"}],"wp:attachment":[{"href":"https:\/\/skrina.si\/sl\/wp-json\/wp\/v2\/media?parent=4353"}],"wp:term":[{"taxonomy":"product_cat","embeddable":true,"href":"https:\/\/skrina.si\/sl\/wp-json\/wp\/v2\/product_cat?post=4353"},{"taxonomy":"product_tag","embeddable":true,"href":"https:\/\/skrina.si\/sl\/wp-json\/wp\/v2\/product_tag?post=4353"}],"curies":[{"name":"wp","href":"https:\/\/api.w.org\/{rel}","templated":true}]}}