{"id":4096,"date":"2021-08-11T14:42:10","date_gmt":"2021-08-11T14:42:10","guid":{"rendered":"https:\/\/skrina.si\/?post_type=product&#038;p=4096"},"modified":"2024-03-23T14:24:38","modified_gmt":"2024-03-23T13:24:38","slug":"gradovi-v-oblakih","status":"publish","type":"product","link":"https:\/\/skrina.si\/sl\/product\/gradovi-v-oblakih\/","title":{"rendered":"Gradovi v oblakih"},"content":{"rendered":"","protected":false},"excerpt":{"rendered":"<h5 style=\"text-align: justify;\">Kerami\u010darka <strong>Zdenka Kastelic<\/strong> se rada umika v svoj sanjski svet, kjer nastajajo angeli in vile, hi\u0161e in gradovi, princi in princese, harlekini in gospodi\u010dne in druge podobe iz njenega pravlji\u010dnega sveta. Vsak njen izdelek izra\u017ea del njene du\u0161e in prav vsak je druga\u010den.<\/h5>\n<h5 style=\"text-align: justify;\">Poleg ne\u017enih barv nas pritegnejo tudi ornamenti, ki so del njene likovne govorice\u2026in seveda teksti, kot je naslednji: \u00bbSre\u010da je \u010dude\u017een prah, ki ga narava iz svojih angelskih rok stresa v na\u0161e naro\u010dje, da ga \u010duvamo in negujemo\u00ab.<\/h5>\n<h6><em>Podrobnosti:<\/em><\/h6>\n<ul>\n<li>\n<h6><em>Velikost: 12 x 10 x 22 cm<\/em><\/h6>\n<\/li>\n<li>\n<h6><em>Material: Keramika<\/em><\/h6>\n<\/li>\n<li>\n<h6><em>V darilni embala\u017ei<\/em><\/h6>\n<\/li>\n<li>\n<h6><em>Oblikovano z ljubeznijo do detajlov<\/em><\/h6>\n<\/li>\n<li>\n<h6><strong><em>RO\u010cNO DELO<\/em><\/strong><\/h6>\n<\/li>\n<\/ul>\n","protected":false},"featured_media":14240,"template":"","meta":{"_monsterinsights_skip_tracking":false,"_monsterinsights_sitenote_active":false,"_monsterinsights_sitenote_note":"","_monsterinsights_sitenote_category":0},"product_cat":[39,123],"product_tag":[],"aioseo_notices":[],"yoast_head":"<!-- This site is optimized with the Yoast SEO plugin v22.1 - https:\/\/yoast.com\/wordpress\/plugins\/seo\/ -->\n<title>Gradovi v oblakih - Etnogalerija Skrina<\/title>\n<meta name=\"robots\" content=\"index, follow, max-snippet:-1, max-image-preview:large, max-video-preview:-1\" \/>\n<link rel=\"canonical\" href=\"https:\/\/skrina.si\/sl\/product\/gradovi-v-oblakih\/\" \/>\n<meta property=\"og:locale\" content=\"sl_SI\" \/>\n<meta property=\"og:locale:alternate\" content=\"en_GB\" \/>\n<meta property=\"og:type\" content=\"article\" \/>\n<meta property=\"og:title\" content=\"Gradovi v oblakih\" \/>\n<meta property=\"og:description\" content=\"Kerami\u010darka Zdenka Kastelic se rada umika v svoj sanjski svet, kjer nastajajo angeli in vile, hi\u0161e in gradovi, princi in princese, harlekini in gospodi\u010dne in druge podobe iz njenega pravlji\u010dnega sveta. Vsak njen izdelek izra\u017ea del njene du\u0161e in prav vsak je druga\u010den. Poleg ne\u017enih barv nas pritegnejo tudi ornamenti, ki so del njene likovne govorice\u2026in seveda teksti, kot je naslednji: \u00bbSre\u010da je \u010dude\u017een prah, ki ga narava iz svojih angelskih rok stresa v na\u0161e naro\u010dje, da ga \u010duvamo in negujemo\u00ab. Podrobnosti:    Velikost: 12 x 10 x 22 cm    Material: Keramika    V darilni embala\u017ei    Oblikovano z ljubeznijo do detajlov    RO\u010cNO DELO\" \/>\n<meta property=\"og:url\" content=\"https:\/\/skrina.si\/sl\/product\/gradovi-v-oblakih\/\" \/>\n<meta property=\"og:site_name\" content=\"Etnogalerija Skrina\" \/>\n<meta property=\"article:modified_time\" content=\"2024-03-23T13:24:38+00:00\" \/>\n<meta property=\"og:image\" content=\"https:\/\/skrina.si\/wp-content\/uploads\/2021\/08\/Zdenka-kastelic-okno-3.jpg\" \/>\n\t<meta property=\"og:image:width\" content=\"2000\" \/>\n\t<meta property=\"og:image:height\" content=\"1500\" \/>\n\t<meta property=\"og:image:type\" content=\"image\/jpeg\" \/>\n<meta name=\"twitter:card\" content=\"summary_large_image\" \/>\n<meta name=\"twitter:label1\" content=\"Est. reading time\" \/>\n\t<meta name=\"twitter:data1\" content=\"1 minuta\" \/>\n<script type=\"application\/ld+json\" class=\"yoast-schema-graph\">{\"@context\":\"https:\/\/schema.org\",\"@graph\":[{\"@type\":\"WebPage\",\"@id\":\"https:\/\/skrina.si\/sl\/product\/gradovi-v-oblakih\/\",\"url\":\"https:\/\/skrina.si\/sl\/product\/gradovi-v-oblakih\/\",\"name\":\"[:sl]Gradovi v oblakih[:] - Etnogalerija Skrina\",\"isPartOf\":{\"@id\":\"https:\/\/skrina.si\/sl\/#website\"},\"datePublished\":\"2021-08-11T14:42:10+00:00\",\"dateModified\":\"2024-03-23T13:24:38+00:00\",\"breadcrumb\":{\"@id\":\"https:\/\/skrina.si\/sl\/product\/gradovi-v-oblakih\/#breadcrumb\"},\"inLanguage\":\"sl-SI\",\"potentialAction\":[{\"@type\":\"ReadAction\",\"target\":[\"https:\/\/skrina.si\/sl\/product\/gradovi-v-oblakih\/\"]}]},{\"@type\":\"BreadcrumbList\",\"@id\":\"https:\/\/skrina.si\/sl\/product\/gradovi-v-oblakih\/#breadcrumb\",\"itemListElement\":[{\"@type\":\"ListItem\",\"position\":1,\"name\":\"Home\",\"item\":\"https:\/\/skrina.si\/\"},{\"@type\":\"ListItem\",\"position\":2,\"name\":\"Shop\",\"item\":\"https:\/\/skrina.si\/shop\/\"},{\"@type\":\"ListItem\",\"position\":3,\"name\":\"Gradovi v oblakih\"}]},{\"@type\":\"WebSite\",\"@id\":\"https:\/\/skrina.si\/sl\/#website\",\"url\":\"https:\/\/skrina.si\/sl\/\",\"name\":\"Etnogalerija Skrina\",\"description\":\"Tradicija s posluhom\",\"potentialAction\":[{\"@type\":\"SearchAction\",\"target\":{\"@type\":\"EntryPoint\",\"urlTemplate\":\"https:\/\/skrina.si\/sl\/?s={search_term_string}\"},\"query-input\":\"required name=search_term_string\"}],\"inLanguage\":\"sl-SI\"}]}<\/script>\n<!-- \/ Yoast SEO plugin. -->","yoast_head_json":{"title":"Gradovi v oblakih - Etnogalerija Skrina","robots":{"index":"index","follow":"follow","max-snippet":"max-snippet:-1","max-image-preview":"max-image-preview:large","max-video-preview":"max-video-preview:-1"},"canonical":"https:\/\/skrina.si\/sl\/product\/gradovi-v-oblakih\/","og_locale":"sl_SI","og_type":"article","og_title":"[:sl]Gradovi v oblakih[:] - Etnogalerija Skrina","og_description":"[:sl]Kerami\u010darka Zdenka Kastelic se rada umika v svoj sanjski svet, kjer nastajajo angeli in vile, hi\u0161e in gradovi, princi in princese, harlekini in gospodi\u010dne in druge podobe iz njenega pravlji\u010dnega sveta. Vsak njen izdelek izra\u017ea del njene du\u0161e in prav vsak je druga\u010den. Poleg ne\u017enih barv nas pritegnejo tudi ornamenti, ki so del njene likovne govorice\u2026in seveda teksti, kot je naslednji: \u00bbSre\u010da je \u010dude\u017een prah, ki ga narava iz svojih angelskih rok stresa v na\u0161e naro\u010dje, da ga \u010duvamo in negujemo\u00ab. Podrobnosti:    Velikost: 12 x 10 x 22 cm    Material: Keramika    V darilni embala\u017ei    Oblikovano z ljubeznijo do detajlov    RO\u010cNO DELO  [:]","og_url":"https:\/\/skrina.si\/sl\/product\/gradovi-v-oblakih\/","og_site_name":"Etnogalerija Skrina","article_modified_time":"2024-03-23T13:24:38+00:00","og_image":[{"width":2000,"height":1500,"url":"https:\/\/skrina.si\/wp-content\/uploads\/2021\/08\/Zdenka-kastelic-okno-3.jpg","type":"image\/jpeg"}],"twitter_card":"summary_large_image","twitter_misc":{"Est. reading time":"1 minuta"},"schema":{"@context":"https:\/\/schema.org","@graph":[{"@type":"WebPage","@id":"https:\/\/skrina.si\/sl\/product\/gradovi-v-oblakih\/","url":"https:\/\/skrina.si\/sl\/product\/gradovi-v-oblakih\/","name":"[:sl]Gradovi v oblakih[:] - Etnogalerija Skrina","isPartOf":{"@id":"https:\/\/skrina.si\/sl\/#website"},"datePublished":"2021-08-11T14:42:10+00:00","dateModified":"2024-03-23T13:24:38+00:00","breadcrumb":{"@id":"https:\/\/skrina.si\/sl\/product\/gradovi-v-oblakih\/#breadcrumb"},"inLanguage":"sl-SI","potentialAction":[{"@type":"ReadAction","target":["https:\/\/skrina.si\/sl\/product\/gradovi-v-oblakih\/"]}]},{"@type":"BreadcrumbList","@id":"https:\/\/skrina.si\/sl\/product\/gradovi-v-oblakih\/#breadcrumb","itemListElement":[{"@type":"ListItem","position":1,"name":"Home","item":"https:\/\/skrina.si\/"},{"@type":"ListItem","position":2,"name":"Shop","item":"https:\/\/skrina.si\/shop\/"},{"@type":"ListItem","position":3,"name":"Gradovi v oblakih"}]},{"@type":"WebSite","@id":"https:\/\/skrina.si\/sl\/#website","url":"https:\/\/skrina.si\/sl\/","name":"Etnogalerija Skrina","description":"Tradicija s posluhom","potentialAction":[{"@type":"SearchAction","target":{"@type":"EntryPoint","urlTemplate":"https:\/\/skrina.si\/sl\/?s={search_term_string}"},"query-input":"required name=search_term_string"}],"inLanguage":"sl-SI"}]}},"_links":{"self":[{"href":"https:\/\/skrina.si\/sl\/wp-json\/wp\/v2\/product\/4096"}],"collection":[{"href":"https:\/\/skrina.si\/sl\/wp-json\/wp\/v2\/product"}],"about":[{"href":"https:\/\/skrina.si\/sl\/wp-json\/wp\/v2\/types\/product"}],"wp:featuredmedia":[{"embeddable":true,"href":"https:\/\/skrina.si\/sl\/wp-json\/wp\/v2\/media\/14240"}],"wp:attachment":[{"href":"https:\/\/skrina.si\/sl\/wp-json\/wp\/v2\/media?parent=4096"}],"wp:term":[{"taxonomy":"product_cat","embeddable":true,"href":"https:\/\/skrina.si\/sl\/wp-json\/wp\/v2\/product_cat?post=4096"},{"taxonomy":"product_tag","embeddable":true,"href":"https:\/\/skrina.si\/sl\/wp-json\/wp\/v2\/product_tag?post=4096"}],"curies":[{"name":"wp","href":"https:\/\/api.w.org\/{rel}","templated":true}]}}