{"id":4069,"date":"2021-08-11T13:34:43","date_gmt":"2021-08-11T13:34:43","guid":{"rendered":"https:\/\/skrina.si\/?post_type=product&#038;p=4069"},"modified":"2024-05-29T18:31:36","modified_gmt":"2024-05-29T16:31:36","slug":"rdeca-keramika","status":"publish","type":"product","link":"https:\/\/skrina.si\/sl\/product\/rdeca-keramika\/","title":{"rendered":"Rde\u010da keramika"},"content":{"rendered":"","protected":false},"excerpt":{"rendered":"<h5>Zakonca\u00a0<strong>Monika in Du\u0161an Vogrinc<\/strong>, kerami\u010dna mojstra srednje generacije pre\u017eivljata ve\u010dino svojega \u010dasa &#8211; tudi prostega &#8211; v lon\u010darskem ateljeju, kjer nastajajo vedno nove oblike visoko- kvalitetne uporabne keramike.<\/h5>\n<h5>\u010ceprav s svojimi poti\u010dnicami, \u010debulniki, pa tudi skledami pogosto posegata v dedi\u0161\u010dino, i\u0161\u010deta vedno nove re\u0161itve. Stare oblike prilagajate sodobnim potrebam in jih likovno in dekorativno nadgradita. Njune izdelke odlikuje visoka tehnolo\u0161ka raven in odli\u010dna kakovost.<\/h5>\n<h6><em>Podrobnosti:<\/em><\/h6>\n<ul>\n<li>\n<h6>Skleda: premer 23 x 8 cm<\/h6>\n<\/li>\n<li>\n<h6>Skledica: 17 x 8 cm<\/h6>\n<\/li>\n<li>\n<h6>Solnica: premer 16 cm; vi\u0161ina15 cm<\/h6>\n<\/li>\n<li>\n<h6>Skodelica: 16 x 8 cm<\/h6>\n<\/li>\n<li>\n<h6>Material: Keramika<\/h6>\n<\/li>\n<li>\n<h6>V darilni embala\u017ei<\/h6>\n<\/li>\n<li>\n<h6>Oblikovano z ljubeznijo do detajlov<\/h6>\n<\/li>\n<li>\n<h6><strong><em>RO\u010cNO DELO<\/em><\/strong><\/h6>\n<\/li>\n<\/ul>\n","protected":false},"featured_media":14924,"template":"","meta":{"_monsterinsights_skip_tracking":false,"_monsterinsights_sitenote_active":false,"_monsterinsights_sitenote_note":"","_monsterinsights_sitenote_category":0},"product_cat":[39,244],"product_tag":[],"aioseo_notices":[],"yoast_head":"<!-- This site is optimized with the Yoast SEO plugin v22.1 - https:\/\/yoast.com\/wordpress\/plugins\/seo\/ -->\n<title>Rde\u010da keramika - Etnogalerija Skrina<\/title>\n<meta name=\"robots\" content=\"index, follow, max-snippet:-1, max-image-preview:large, max-video-preview:-1\" \/>\n<link rel=\"canonical\" href=\"https:\/\/skrina.si\/sl\/product\/rdeca-keramika\/\" \/>\n<meta property=\"og:locale\" content=\"sl_SI\" \/>\n<meta property=\"og:locale:alternate\" content=\"en_GB\" \/>\n<meta property=\"og:type\" content=\"article\" \/>\n<meta property=\"og:title\" content=\"Rde\u010da keramika\" \/>\n<meta property=\"og:description\" content=\"Zakonca\u00a0Monika in Du\u0161an Vogrinc, kerami\u010dna mojstra srednje generacije pre\u017eivljata ve\u010dino svojega \u010dasa - tudi prostega - v lon\u010darskem ateljeju, kjer nastajajo vedno nove oblike visoko- kvalitetne uporabne keramike. \u010ceprav s svojimi poti\u010dnicami, \u010debulniki, pa tudi skledami pogosto posegata v dedi\u0161\u010dino, i\u0161\u010deta vedno nove re\u0161itve. Stare oblike prilagajate sodobnim potrebam in jih likovno in dekorativno nadgradita. Njune izdelke odlikuje visoka tehnolo\u0161ka raven in odli\u010dna kakovost. Podrobnosti:    Skleda: premer 23 x 8 cm    Skledica: 17 x 8 cm    Solnica: premer 16 cm; vi\u0161ina15 cm    Skodelica: 16 x 8 cm    Material: Keramika    V darilni embala\u017ei    Oblikovano z ljubeznijo do detajlov    RO\u010cNO DELO\" \/>\n<meta property=\"og:url\" content=\"https:\/\/skrina.si\/sl\/product\/rdeca-keramika\/\" \/>\n<meta property=\"og:site_name\" content=\"Etnogalerija Skrina\" \/>\n<meta property=\"article:modified_time\" content=\"2024-05-29T16:31:36+00:00\" \/>\n<meta property=\"og:image\" content=\"https:\/\/skrina.si\/wp-content\/uploads\/2021\/08\/VOGRINC-RDECA.jpg\" \/>\n\t<meta property=\"og:image:width\" content=\"2000\" \/>\n\t<meta property=\"og:image:height\" content=\"1500\" \/>\n\t<meta property=\"og:image:type\" content=\"image\/jpeg\" \/>\n<meta name=\"twitter:card\" content=\"summary_large_image\" \/>\n<meta name=\"twitter:label1\" content=\"Est. reading time\" \/>\n\t<meta name=\"twitter:data1\" content=\"1 minuta\" \/>\n<script type=\"application\/ld+json\" class=\"yoast-schema-graph\">{\"@context\":\"https:\/\/schema.org\",\"@graph\":[{\"@type\":\"WebPage\",\"@id\":\"https:\/\/skrina.si\/sl\/product\/rdeca-keramika\/\",\"url\":\"https:\/\/skrina.si\/sl\/product\/rdeca-keramika\/\",\"name\":\"[:sl]Rde\u010da keramika[:] - Etnogalerija Skrina\",\"isPartOf\":{\"@id\":\"https:\/\/skrina.si\/sl\/#website\"},\"datePublished\":\"2021-08-11T13:34:43+00:00\",\"dateModified\":\"2024-05-29T16:31:36+00:00\",\"breadcrumb\":{\"@id\":\"https:\/\/skrina.si\/sl\/product\/rdeca-keramika\/#breadcrumb\"},\"inLanguage\":\"sl-SI\",\"potentialAction\":[{\"@type\":\"ReadAction\",\"target\":[\"https:\/\/skrina.si\/sl\/product\/rdeca-keramika\/\"]}]},{\"@type\":\"BreadcrumbList\",\"@id\":\"https:\/\/skrina.si\/sl\/product\/rdeca-keramika\/#breadcrumb\",\"itemListElement\":[{\"@type\":\"ListItem\",\"position\":1,\"name\":\"Home\",\"item\":\"https:\/\/skrina.si\/\"},{\"@type\":\"ListItem\",\"position\":2,\"name\":\"Shop\",\"item\":\"https:\/\/skrina.si\/shop\/\"},{\"@type\":\"ListItem\",\"position\":3,\"name\":\"Rde\u010da keramika\"}]},{\"@type\":\"WebSite\",\"@id\":\"https:\/\/skrina.si\/sl\/#website\",\"url\":\"https:\/\/skrina.si\/sl\/\",\"name\":\"Etnogalerija Skrina\",\"description\":\"Tradicija s posluhom\",\"potentialAction\":[{\"@type\":\"SearchAction\",\"target\":{\"@type\":\"EntryPoint\",\"urlTemplate\":\"https:\/\/skrina.si\/sl\/?s={search_term_string}\"},\"query-input\":\"required name=search_term_string\"}],\"inLanguage\":\"sl-SI\"}]}<\/script>\n<!-- \/ Yoast SEO plugin. -->","yoast_head_json":{"title":"Rde\u010da keramika - Etnogalerija Skrina","robots":{"index":"index","follow":"follow","max-snippet":"max-snippet:-1","max-image-preview":"max-image-preview:large","max-video-preview":"max-video-preview:-1"},"canonical":"https:\/\/skrina.si\/sl\/product\/rdeca-keramika\/","og_locale":"sl_SI","og_type":"article","og_title":"[:sl]Rde\u010da keramika[:] - Etnogalerija Skrina","og_description":"[:sl]Zakonca\u00a0Monika in Du\u0161an Vogrinc, kerami\u010dna mojstra srednje generacije pre\u017eivljata ve\u010dino svojega \u010dasa - tudi prostega - v lon\u010darskem ateljeju, kjer nastajajo vedno nove oblike visoko- kvalitetne uporabne keramike. \u010ceprav s svojimi poti\u010dnicami, \u010debulniki, pa tudi skledami pogosto posegata v dedi\u0161\u010dino, i\u0161\u010deta vedno nove re\u0161itve. Stare oblike prilagajate sodobnim potrebam in jih likovno in dekorativno nadgradita. Njune izdelke odlikuje visoka tehnolo\u0161ka raven in odli\u010dna kakovost. Podrobnosti:    Skleda: premer 23 x 8 cm    Skledica: 17 x 8 cm    Solnica: premer 16 cm; vi\u0161ina15 cm    Skodelica: 16 x 8 cm    Material: Keramika    V darilni embala\u017ei    Oblikovano z ljubeznijo do detajlov    RO\u010cNO DELO  [:]","og_url":"https:\/\/skrina.si\/sl\/product\/rdeca-keramika\/","og_site_name":"Etnogalerija Skrina","article_modified_time":"2024-05-29T16:31:36+00:00","og_image":[{"width":2000,"height":1500,"url":"https:\/\/skrina.si\/wp-content\/uploads\/2021\/08\/VOGRINC-RDECA.jpg","type":"image\/jpeg"}],"twitter_card":"summary_large_image","twitter_misc":{"Est. reading time":"1 minuta"},"schema":{"@context":"https:\/\/schema.org","@graph":[{"@type":"WebPage","@id":"https:\/\/skrina.si\/sl\/product\/rdeca-keramika\/","url":"https:\/\/skrina.si\/sl\/product\/rdeca-keramika\/","name":"[:sl]Rde\u010da keramika[:] - Etnogalerija Skrina","isPartOf":{"@id":"https:\/\/skrina.si\/sl\/#website"},"datePublished":"2021-08-11T13:34:43+00:00","dateModified":"2024-05-29T16:31:36+00:00","breadcrumb":{"@id":"https:\/\/skrina.si\/sl\/product\/rdeca-keramika\/#breadcrumb"},"inLanguage":"sl-SI","potentialAction":[{"@type":"ReadAction","target":["https:\/\/skrina.si\/sl\/product\/rdeca-keramika\/"]}]},{"@type":"BreadcrumbList","@id":"https:\/\/skrina.si\/sl\/product\/rdeca-keramika\/#breadcrumb","itemListElement":[{"@type":"ListItem","position":1,"name":"Home","item":"https:\/\/skrina.si\/"},{"@type":"ListItem","position":2,"name":"Shop","item":"https:\/\/skrina.si\/shop\/"},{"@type":"ListItem","position":3,"name":"Rde\u010da keramika"}]},{"@type":"WebSite","@id":"https:\/\/skrina.si\/sl\/#website","url":"https:\/\/skrina.si\/sl\/","name":"Etnogalerija Skrina","description":"Tradicija s posluhom","potentialAction":[{"@type":"SearchAction","target":{"@type":"EntryPoint","urlTemplate":"https:\/\/skrina.si\/sl\/?s={search_term_string}"},"query-input":"required name=search_term_string"}],"inLanguage":"sl-SI"}]}},"_links":{"self":[{"href":"https:\/\/skrina.si\/sl\/wp-json\/wp\/v2\/product\/4069"}],"collection":[{"href":"https:\/\/skrina.si\/sl\/wp-json\/wp\/v2\/product"}],"about":[{"href":"https:\/\/skrina.si\/sl\/wp-json\/wp\/v2\/types\/product"}],"wp:featuredmedia":[{"embeddable":true,"href":"https:\/\/skrina.si\/sl\/wp-json\/wp\/v2\/media\/14924"}],"wp:attachment":[{"href":"https:\/\/skrina.si\/sl\/wp-json\/wp\/v2\/media?parent=4069"}],"wp:term":[{"taxonomy":"product_cat","embeddable":true,"href":"https:\/\/skrina.si\/sl\/wp-json\/wp\/v2\/product_cat?post=4069"},{"taxonomy":"product_tag","embeddable":true,"href":"https:\/\/skrina.si\/sl\/wp-json\/wp\/v2\/product_tag?post=4069"}],"curies":[{"name":"wp","href":"https:\/\/api.w.org\/{rel}","templated":true}]}}