{"id":3961,"date":"2021-08-09T12:11:05","date_gmt":"2021-08-09T12:11:05","guid":{"rendered":"https:\/\/skrina.si\/?post_type=product&#038;p=3961"},"modified":"2022-05-02T12:46:11","modified_gmt":"2022-05-02T12:46:11","slug":"raku-dama","status":"publish","type":"product","link":"https:\/\/skrina.si\/sl\/product\/raku-dama\/","title":{"rendered":"Raku dama"},"content":{"rendered":"","protected":false},"excerpt":{"rendered":"<h5>Glina je prijazen material, ki ponuja obilo mo\u017enosti za ustvarjalno delo, vendar pa je potrebno pri delu upo\u0161tevati dolo\u010dene zakonitosti. <strong><em>Raku <\/em><\/strong>keramika je unikat in vsak predmet je edinstven in neponovljiv, zato si zaslu\u017ei posebno mesto v va\u0161em domu.<\/h5>\n<h6><em>Podrobnosti:<\/em><\/h6>\n<ul>\n<li>\n<h6><em>Velikost: 35 x 13 cm<\/em><\/h6>\n<\/li>\n<li>\n<h6><em>Material: Keramika raku<\/em><\/h6>\n<\/li>\n<li>\n<h6><em>V darilni embala\u017ei<\/em><\/h6>\n<\/li>\n<li>\n<h6><em>Oblikovano z ljubeznijo do detajlov<br \/>\n<\/em><\/h6>\n<\/li>\n<li>\n<h6><strong><em>Ro\u010dno delo<\/em><\/strong><\/h6>\n<\/li>\n<\/ul>\n","protected":false},"featured_media":3962,"template":"","meta":{"_monsterinsights_skip_tracking":false,"_monsterinsights_sitenote_active":false,"_monsterinsights_sitenote_note":"","_monsterinsights_sitenote_category":0},"product_cat":[39,111],"product_tag":[],"aioseo_notices":[],"yoast_head":"<!-- This site is optimized with the Yoast SEO plugin v22.1 - https:\/\/yoast.com\/wordpress\/plugins\/seo\/ -->\n<title>Raku dama - Etnogalerija Skrina<\/title>\n<meta name=\"description\" content=\"Raku keramika je unikat in vsak predmet je edinstven in neponovljiv, zato si zaslu\u017ei posebno mesto v va\u0161em domu. Ro\u010dno delo\" \/>\n<meta name=\"robots\" content=\"index, follow, max-snippet:-1, max-image-preview:large, max-video-preview:-1\" \/>\n<link rel=\"canonical\" href=\"https:\/\/skrina.si\/sl\/product\/raku-dama\/\" \/>\n<meta property=\"og:locale\" content=\"sl_SI\" \/>\n<meta property=\"og:locale:alternate\" content=\"en_GB\" \/>\n<meta property=\"og:type\" content=\"article\" \/>\n<meta property=\"og:title\" content=\"Raku dama - Etnogalerija Skrina\" \/>\n<meta property=\"og:description\" content=\"Raku keramika je unikat in vsak predmet je edinstven in neponovljiv, zato si zaslu\u017ei posebno mesto v va\u0161em domu. Ro\u010dno delo\" \/>\n<meta property=\"og:url\" content=\"https:\/\/skrina.si\/sl\/product\/raku-dama\/\" \/>\n<meta property=\"og:site_name\" content=\"Etnogalerija Skrina\" \/>\n<meta property=\"article:modified_time\" content=\"2022-05-02T12:46:11+00:00\" \/>\n<meta property=\"og:image\" content=\"https:\/\/skrina.si\/wp-content\/uploads\/2021\/08\/Raku-dama.jpg\" \/>\n\t<meta property=\"og:image:width\" content=\"2000\" \/>\n\t<meta property=\"og:image:height\" content=\"1500\" \/>\n\t<meta property=\"og:image:type\" content=\"image\/jpeg\" \/>\n<meta name=\"twitter:card\" content=\"summary_large_image\" \/>\n<script type=\"application\/ld+json\" class=\"yoast-schema-graph\">{\"@context\":\"https:\/\/schema.org\",\"@graph\":[{\"@type\":\"WebPage\",\"@id\":\"https:\/\/skrina.si\/sl\/product\/raku-dama\/\",\"url\":\"https:\/\/skrina.si\/sl\/product\/raku-dama\/\",\"name\":\"Raku dama - Etnogalerija Skrina\",\"isPartOf\":{\"@id\":\"https:\/\/skrina.si\/sl\/#website\"},\"datePublished\":\"2021-08-09T12:11:05+00:00\",\"dateModified\":\"2022-05-02T12:46:11+00:00\",\"description\":\"Raku keramika je unikat in vsak predmet je edinstven in neponovljiv, zato si zaslu\u017ei posebno mesto v va\u0161em domu. Ro\u010dno delo\",\"breadcrumb\":{\"@id\":\"https:\/\/skrina.si\/sl\/product\/raku-dama\/#breadcrumb\"},\"inLanguage\":\"sl-SI\",\"potentialAction\":[{\"@type\":\"ReadAction\",\"target\":[\"https:\/\/skrina.si\/sl\/product\/raku-dama\/\"]}]},{\"@type\":\"BreadcrumbList\",\"@id\":\"https:\/\/skrina.si\/sl\/product\/raku-dama\/#breadcrumb\",\"itemListElement\":[{\"@type\":\"ListItem\",\"position\":1,\"name\":\"Home\",\"item\":\"https:\/\/skrina.si\/\"},{\"@type\":\"ListItem\",\"position\":2,\"name\":\"Shop\",\"item\":\"https:\/\/skrina.si\/shop\/\"},{\"@type\":\"ListItem\",\"position\":3,\"name\":\"Raku dama\"}]},{\"@type\":\"WebSite\",\"@id\":\"https:\/\/skrina.si\/sl\/#website\",\"url\":\"https:\/\/skrina.si\/sl\/\",\"name\":\"Etnogalerija Skrina\",\"description\":\"Tradicija s posluhom\",\"potentialAction\":[{\"@type\":\"SearchAction\",\"target\":{\"@type\":\"EntryPoint\",\"urlTemplate\":\"https:\/\/skrina.si\/sl\/?s={search_term_string}\"},\"query-input\":\"required name=search_term_string\"}],\"inLanguage\":\"sl-SI\"}]}<\/script>\n<!-- \/ Yoast SEO plugin. -->","yoast_head_json":{"title":"Raku dama - Etnogalerija Skrina","description":"Raku keramika je unikat in vsak predmet je edinstven in neponovljiv, zato si zaslu\u017ei posebno mesto v va\u0161em domu. Ro\u010dno delo","robots":{"index":"index","follow":"follow","max-snippet":"max-snippet:-1","max-image-preview":"max-image-preview:large","max-video-preview":"max-video-preview:-1"},"canonical":"https:\/\/skrina.si\/sl\/product\/raku-dama\/","og_locale":"sl_SI","og_type":"article","og_title":"Raku dama - Etnogalerija Skrina","og_description":"Raku keramika je unikat in vsak predmet je edinstven in neponovljiv, zato si zaslu\u017ei posebno mesto v va\u0161em domu. Ro\u010dno delo","og_url":"https:\/\/skrina.si\/sl\/product\/raku-dama\/","og_site_name":"Etnogalerija Skrina","article_modified_time":"2022-05-02T12:46:11+00:00","og_image":[{"width":2000,"height":1500,"url":"https:\/\/skrina.si\/wp-content\/uploads\/2021\/08\/Raku-dama.jpg","type":"image\/jpeg"}],"twitter_card":"summary_large_image","schema":{"@context":"https:\/\/schema.org","@graph":[{"@type":"WebPage","@id":"https:\/\/skrina.si\/sl\/product\/raku-dama\/","url":"https:\/\/skrina.si\/sl\/product\/raku-dama\/","name":"Raku dama - Etnogalerija Skrina","isPartOf":{"@id":"https:\/\/skrina.si\/sl\/#website"},"datePublished":"2021-08-09T12:11:05+00:00","dateModified":"2022-05-02T12:46:11+00:00","description":"Raku keramika je unikat in vsak predmet je edinstven in neponovljiv, zato si zaslu\u017ei posebno mesto v va\u0161em domu. Ro\u010dno delo","breadcrumb":{"@id":"https:\/\/skrina.si\/sl\/product\/raku-dama\/#breadcrumb"},"inLanguage":"sl-SI","potentialAction":[{"@type":"ReadAction","target":["https:\/\/skrina.si\/sl\/product\/raku-dama\/"]}]},{"@type":"BreadcrumbList","@id":"https:\/\/skrina.si\/sl\/product\/raku-dama\/#breadcrumb","itemListElement":[{"@type":"ListItem","position":1,"name":"Home","item":"https:\/\/skrina.si\/"},{"@type":"ListItem","position":2,"name":"Shop","item":"https:\/\/skrina.si\/shop\/"},{"@type":"ListItem","position":3,"name":"Raku dama"}]},{"@type":"WebSite","@id":"https:\/\/skrina.si\/sl\/#website","url":"https:\/\/skrina.si\/sl\/","name":"Etnogalerija Skrina","description":"Tradicija s posluhom","potentialAction":[{"@type":"SearchAction","target":{"@type":"EntryPoint","urlTemplate":"https:\/\/skrina.si\/sl\/?s={search_term_string}"},"query-input":"required name=search_term_string"}],"inLanguage":"sl-SI"}]}},"_links":{"self":[{"href":"https:\/\/skrina.si\/sl\/wp-json\/wp\/v2\/product\/3961"}],"collection":[{"href":"https:\/\/skrina.si\/sl\/wp-json\/wp\/v2\/product"}],"about":[{"href":"https:\/\/skrina.si\/sl\/wp-json\/wp\/v2\/types\/product"}],"wp:featuredmedia":[{"embeddable":true,"href":"https:\/\/skrina.si\/sl\/wp-json\/wp\/v2\/media\/3962"}],"wp:attachment":[{"href":"https:\/\/skrina.si\/sl\/wp-json\/wp\/v2\/media?parent=3961"}],"wp:term":[{"taxonomy":"product_cat","embeddable":true,"href":"https:\/\/skrina.si\/sl\/wp-json\/wp\/v2\/product_cat?post=3961"},{"taxonomy":"product_tag","embeddable":true,"href":"https:\/\/skrina.si\/sl\/wp-json\/wp\/v2\/product_tag?post=3961"}],"curies":[{"name":"wp","href":"https:\/\/api.w.org\/{rel}","templated":true}]}}