{"id":3950,"date":"2021-09-09T13:58:31","date_gmt":"2021-09-09T13:58:31","guid":{"rendered":"https:\/\/skrina.si\/?post_type=product&#038;p=3950"},"modified":"2024-05-06T07:22:48","modified_gmt":"2024-05-06T05:22:48","slug":"raku-skleda-modra","status":"publish","type":"product","link":"https:\/\/skrina.si\/sl\/product\/raku-skleda-modra\/","title":{"rendered":"Raku skleda modra"},"content":{"rendered":"","protected":false},"excerpt":{"rendered":"<h5><strong><em>Raku <\/em><\/strong>je stara japonska tehnika \u017eganja keramike. Je tehnika z nepredvidljivimi efekti, ki so odvisni od tega, kaj bomo naredili s pravkar pe\u010denim izdelkom. \u010ce predmet na hitro ohladimo v hladni vodi, dobimo zelene ali turkizno modre glazure. \u010ce pa vro\u010d predmet postavimo v posodo z \u017eagovino ali drugim vnetljivim materialom, ter posodo pokrijete s pokrovom, se bo zgodilo nekaj povsem drugega. Pod \u010drno plastjo se bo prikazal predmet \u010dudovite bakrene barve.<\/h5>\n<h6><em>Podrobnosti:<\/em><\/h6>\n<ul>\n<li>\n<h6><em>Velikost: 18 x 18 cm<\/em><\/h6>\n<\/li>\n<li>\n<h6><em>Material: Keramika raku<\/em><\/h6>\n<\/li>\n<li>\n<h6><em>V darilni embala\u017ei<\/em><\/h6>\n<\/li>\n<li>\n<h6><em>Oblikovano z ljubeznijo do detajlov<\/em><\/h6>\n<\/li>\n<li>\n<h6><strong><em>Ro\u010dno delo<\/em><\/strong><\/h6>\n<\/li>\n<\/ul>\n","protected":false},"featured_media":15825,"template":"","meta":{"_monsterinsights_skip_tracking":false,"_monsterinsights_sitenote_active":false,"_monsterinsights_sitenote_note":"","_monsterinsights_sitenote_category":0},"product_cat":[39,111],"product_tag":[],"aioseo_notices":[],"yoast_head":"<!-- This site is optimized with the Yoast SEO plugin v22.1 - https:\/\/yoast.com\/wordpress\/plugins\/seo\/ -->\n<title>Raku skleda modra - Etnogalerija Skrina<\/title>\n<meta name=\"description\" content=\"Raku je stara japonska tehnika \u017eganja keramike. Velikost: 18 x 18 cm; Material: Keramika raku; V darilni embala\u017ei; Ro\u010dno delo\" \/>\n<meta name=\"robots\" content=\"index, follow, max-snippet:-1, max-image-preview:large, max-video-preview:-1\" \/>\n<link rel=\"canonical\" href=\"https:\/\/skrina.si\/sl\/product\/raku-skleda-modra\/\" \/>\n<meta property=\"og:locale\" content=\"sl_SI\" \/>\n<meta property=\"og:locale:alternate\" content=\"en_GB\" \/>\n<meta property=\"og:type\" content=\"article\" \/>\n<meta property=\"og:title\" content=\"Raku skleda modra\" \/>\n<meta property=\"og:description\" content=\"Raku je stara japonska tehnika \u017eganja keramike. Velikost: 18 x 18 cm; Material: Keramika raku; V darilni embala\u017ei; Ro\u010dno delo\" \/>\n<meta property=\"og:url\" content=\"https:\/\/skrina.si\/sl\/product\/raku-skleda-modra\/\" \/>\n<meta property=\"og:site_name\" content=\"Etnogalerija Skrina\" \/>\n<meta property=\"article:modified_time\" content=\"2024-05-06T05:22:48+00:00\" \/>\n<meta property=\"og:image\" content=\"https:\/\/skrina.si\/wp-content\/uploads\/2023\/12\/Raku-skleda-V_modra-3.jpg\" \/>\n\t<meta property=\"og:image:width\" content=\"1944\" \/>\n\t<meta property=\"og:image:height\" content=\"1458\" \/>\n\t<meta property=\"og:image:type\" content=\"image\/jpeg\" \/>\n<meta name=\"twitter:card\" content=\"summary_large_image\" \/>\n<meta name=\"twitter:label1\" content=\"Est. reading time\" \/>\n\t<meta name=\"twitter:data1\" content=\"1 minuta\" \/>\n<script type=\"application\/ld+json\" class=\"yoast-schema-graph\">{\"@context\":\"https:\/\/schema.org\",\"@graph\":[{\"@type\":\"WebPage\",\"@id\":\"https:\/\/skrina.si\/sl\/product\/raku-skleda-modra\/\",\"url\":\"https:\/\/skrina.si\/sl\/product\/raku-skleda-modra\/\",\"name\":\"[:sl]Raku skleda modra[:] - Etnogalerija Skrina\",\"isPartOf\":{\"@id\":\"https:\/\/skrina.si\/sl\/#website\"},\"datePublished\":\"2021-09-09T13:58:31+00:00\",\"dateModified\":\"2024-05-06T05:22:48+00:00\",\"description\":\"Raku je stara japonska tehnika \u017eganja keramike. Velikost: 18 x 18 cm; Material: Keramika raku; V darilni embala\u017ei; Ro\u010dno delo\",\"breadcrumb\":{\"@id\":\"https:\/\/skrina.si\/sl\/product\/raku-skleda-modra\/#breadcrumb\"},\"inLanguage\":\"sl-SI\",\"potentialAction\":[{\"@type\":\"ReadAction\",\"target\":[\"https:\/\/skrina.si\/sl\/product\/raku-skleda-modra\/\"]}]},{\"@type\":\"BreadcrumbList\",\"@id\":\"https:\/\/skrina.si\/sl\/product\/raku-skleda-modra\/#breadcrumb\",\"itemListElement\":[{\"@type\":\"ListItem\",\"position\":1,\"name\":\"Home\",\"item\":\"https:\/\/skrina.si\/\"},{\"@type\":\"ListItem\",\"position\":2,\"name\":\"Shop\",\"item\":\"https:\/\/skrina.si\/shop\/\"},{\"@type\":\"ListItem\",\"position\":3,\"name\":\"Raku skleda modra\"}]},{\"@type\":\"WebSite\",\"@id\":\"https:\/\/skrina.si\/sl\/#website\",\"url\":\"https:\/\/skrina.si\/sl\/\",\"name\":\"Etnogalerija Skrina\",\"description\":\"Tradicija s posluhom\",\"potentialAction\":[{\"@type\":\"SearchAction\",\"target\":{\"@type\":\"EntryPoint\",\"urlTemplate\":\"https:\/\/skrina.si\/sl\/?s={search_term_string}\"},\"query-input\":\"required name=search_term_string\"}],\"inLanguage\":\"sl-SI\"}]}<\/script>\n<!-- \/ Yoast SEO plugin. -->","yoast_head_json":{"title":"Raku skleda modra - Etnogalerija Skrina","description":"Raku je stara japonska tehnika \u017eganja keramike. Velikost: 18 x 18 cm; Material: Keramika raku; V darilni embala\u017ei; Ro\u010dno delo","robots":{"index":"index","follow":"follow","max-snippet":"max-snippet:-1","max-image-preview":"max-image-preview:large","max-video-preview":"max-video-preview:-1"},"canonical":"https:\/\/skrina.si\/sl\/product\/raku-skleda-modra\/","og_locale":"sl_SI","og_type":"article","og_title":"[:sl]Raku skleda modra[:] - Etnogalerija Skrina","og_description":"Raku je stara japonska tehnika \u017eganja keramike. Velikost: 18 x 18 cm; Material: Keramika raku; V darilni embala\u017ei; Ro\u010dno delo","og_url":"https:\/\/skrina.si\/sl\/product\/raku-skleda-modra\/","og_site_name":"Etnogalerija Skrina","article_modified_time":"2024-05-06T05:22:48+00:00","og_image":[{"width":1944,"height":1458,"url":"https:\/\/skrina.si\/wp-content\/uploads\/2023\/12\/Raku-skleda-V_modra-3.jpg","type":"image\/jpeg"}],"twitter_card":"summary_large_image","twitter_misc":{"Est. reading time":"1 minuta"},"schema":{"@context":"https:\/\/schema.org","@graph":[{"@type":"WebPage","@id":"https:\/\/skrina.si\/sl\/product\/raku-skleda-modra\/","url":"https:\/\/skrina.si\/sl\/product\/raku-skleda-modra\/","name":"[:sl]Raku skleda modra[:] - Etnogalerija Skrina","isPartOf":{"@id":"https:\/\/skrina.si\/sl\/#website"},"datePublished":"2021-09-09T13:58:31+00:00","dateModified":"2024-05-06T05:22:48+00:00","description":"Raku je stara japonska tehnika \u017eganja keramike. Velikost: 18 x 18 cm; Material: Keramika raku; V darilni embala\u017ei; Ro\u010dno delo","breadcrumb":{"@id":"https:\/\/skrina.si\/sl\/product\/raku-skleda-modra\/#breadcrumb"},"inLanguage":"sl-SI","potentialAction":[{"@type":"ReadAction","target":["https:\/\/skrina.si\/sl\/product\/raku-skleda-modra\/"]}]},{"@type":"BreadcrumbList","@id":"https:\/\/skrina.si\/sl\/product\/raku-skleda-modra\/#breadcrumb","itemListElement":[{"@type":"ListItem","position":1,"name":"Home","item":"https:\/\/skrina.si\/"},{"@type":"ListItem","position":2,"name":"Shop","item":"https:\/\/skrina.si\/shop\/"},{"@type":"ListItem","position":3,"name":"Raku skleda modra"}]},{"@type":"WebSite","@id":"https:\/\/skrina.si\/sl\/#website","url":"https:\/\/skrina.si\/sl\/","name":"Etnogalerija Skrina","description":"Tradicija s posluhom","potentialAction":[{"@type":"SearchAction","target":{"@type":"EntryPoint","urlTemplate":"https:\/\/skrina.si\/sl\/?s={search_term_string}"},"query-input":"required name=search_term_string"}],"inLanguage":"sl-SI"}]}},"_links":{"self":[{"href":"https:\/\/skrina.si\/sl\/wp-json\/wp\/v2\/product\/3950"}],"collection":[{"href":"https:\/\/skrina.si\/sl\/wp-json\/wp\/v2\/product"}],"about":[{"href":"https:\/\/skrina.si\/sl\/wp-json\/wp\/v2\/types\/product"}],"wp:featuredmedia":[{"embeddable":true,"href":"https:\/\/skrina.si\/sl\/wp-json\/wp\/v2\/media\/15825"}],"wp:attachment":[{"href":"https:\/\/skrina.si\/sl\/wp-json\/wp\/v2\/media?parent=3950"}],"wp:term":[{"taxonomy":"product_cat","embeddable":true,"href":"https:\/\/skrina.si\/sl\/wp-json\/wp\/v2\/product_cat?post=3950"},{"taxonomy":"product_tag","embeddable":true,"href":"https:\/\/skrina.si\/sl\/wp-json\/wp\/v2\/product_tag?post=3950"}],"curies":[{"name":"wp","href":"https:\/\/api.w.org\/{rel}","templated":true}]}}