{"id":3943,"date":"2021-09-09T14:49:57","date_gmt":"2021-09-09T14:49:57","guid":{"rendered":"https:\/\/skrina.si\/?post_type=product&#038;p=3943"},"modified":"2024-05-05T23:01:38","modified_gmt":"2024-05-05T21:01:38","slug":"raku-skleda-zlata","status":"publish","type":"product","link":"https:\/\/skrina.si\/sl\/product\/raku-skleda-zlata\/","title":{"rendered":"Raku skleda zlata"},"content":{"rendered":"","protected":false},"excerpt":{"rendered":"<div class=\"cxmmr5t8 oygrvhab hcukyx3x c1et5uql o9v6fnle ii04i59q\">\n<h5 dir=\"auto\">&#8220;\u017divel neko\u010d je kamen\u010dek,<br \/>\npred tiso\u010d leti se mi zdi,<br \/>\n\u017eivel je in pomislite &#8211; \u0161e kar naprej \u017eivi!<\/h5>\n<\/div>\n<h5 dir=\"auto\">Zdaj je pri meni <strong>v zlati skledi<\/strong>,<br \/>\nokrogel, bel na dnu \u010demi,<br \/>\nko vse potihne mi razlaga,<br \/>\nkako se tiso\u010d leti \u017eivi!&#8221;<br \/>\n<em>(Moj kamen\u010dek &#8211; Ne\u017ea Maurer)<\/em><\/h5>\n<div class=\"cxmmr5t8 oygrvhab hcukyx3x c1et5uql o9v6fnle ii04i59q\">\n<h5 dir=\"auto\"><em style=\"font-size: 16px;\">Podrobnosti:<\/em><\/h5>\n<\/div>\n<ul>\n<li>\n<h6><em>Velikost: 42 x 13 cm<\/em><\/h6>\n<\/li>\n<li>\n<h6><em>Material: Keramika raku<\/em><\/h6>\n<\/li>\n<li>\n<h6><em>V darilni embala\u017ei<\/em><\/h6>\n<\/li>\n<li>\n<h6><em>Oblikovano z ljubeznijo do detajlov<\/em><\/h6>\n<\/li>\n<li>\n<h6><strong><em>Ro\u010dno delo<\/em><\/strong><\/h6>\n<\/li>\n<\/ul>\n","protected":false},"featured_media":15808,"template":"","meta":{"_monsterinsights_skip_tracking":false,"_monsterinsights_sitenote_active":false,"_monsterinsights_sitenote_note":"","_monsterinsights_sitenote_category":0},"product_cat":[39,111],"product_tag":[],"aioseo_notices":[],"yoast_head":"<!-- This site is optimized with the Yoast SEO plugin v22.1 - https:\/\/yoast.com\/wordpress\/plugins\/seo\/ -->\n<title>Raku skleda zlata - Etnogalerija Skrina<\/title>\n<meta name=\"description\" content=\"Postopek ustvarjanja raku predmetov je vsakemu umetniku, ki obvlada to zahtevno tehniko, ve\u010den izziv. Velikost: 42 x 13 cm; Ro\u010dno delo\" \/>\n<meta name=\"robots\" content=\"index, follow, max-snippet:-1, max-image-preview:large, max-video-preview:-1\" \/>\n<link rel=\"canonical\" href=\"https:\/\/skrina.si\/sl\/product\/raku-skleda-zlata\/\" \/>\n<meta property=\"og:locale\" content=\"sl_SI\" \/>\n<meta property=\"og:locale:alternate\" content=\"en_GB\" \/>\n<meta property=\"og:type\" content=\"article\" \/>\n<meta property=\"og:title\" content=\"Raku skleda zlata\" \/>\n<meta property=\"og:description\" content=\"Postopek ustvarjanja raku predmetov je vsakemu umetniku, ki obvlada to zahtevno tehniko, ve\u010den izziv. Velikost: 42 x 13 cm; Ro\u010dno delo\" \/>\n<meta property=\"og:url\" content=\"https:\/\/skrina.si\/sl\/product\/raku-skleda-zlata\/\" \/>\n<meta property=\"og:site_name\" content=\"Etnogalerija Skrina\" \/>\n<meta property=\"article:modified_time\" content=\"2024-05-05T21:01:38+00:00\" \/>\n<meta property=\"og:image\" content=\"https:\/\/skrina.si\/wp-content\/uploads\/2021\/09\/Raku-skleda-zlata-1.jpg\" \/>\n\t<meta property=\"og:image:width\" content=\"2000\" \/>\n\t<meta property=\"og:image:height\" content=\"1500\" \/>\n\t<meta property=\"og:image:type\" content=\"image\/jpeg\" \/>\n<meta name=\"twitter:card\" content=\"summary_large_image\" \/>\n<meta name=\"twitter:label1\" content=\"Est. reading time\" \/>\n\t<meta name=\"twitter:data1\" content=\"1 minuta\" \/>\n<script type=\"application\/ld+json\" class=\"yoast-schema-graph\">{\"@context\":\"https:\/\/schema.org\",\"@graph\":[{\"@type\":\"WebPage\",\"@id\":\"https:\/\/skrina.si\/sl\/product\/raku-skleda-zlata\/\",\"url\":\"https:\/\/skrina.si\/sl\/product\/raku-skleda-zlata\/\",\"name\":\"[:sl]Raku skleda zlata[:] - Etnogalerija Skrina\",\"isPartOf\":{\"@id\":\"https:\/\/skrina.si\/sl\/#website\"},\"datePublished\":\"2021-09-09T14:49:57+00:00\",\"dateModified\":\"2024-05-05T21:01:38+00:00\",\"description\":\"Postopek ustvarjanja raku predmetov je vsakemu umetniku, ki obvlada to zahtevno tehniko, ve\u010den izziv. Velikost: 42 x 13 cm; Ro\u010dno delo\",\"breadcrumb\":{\"@id\":\"https:\/\/skrina.si\/sl\/product\/raku-skleda-zlata\/#breadcrumb\"},\"inLanguage\":\"sl-SI\",\"potentialAction\":[{\"@type\":\"ReadAction\",\"target\":[\"https:\/\/skrina.si\/sl\/product\/raku-skleda-zlata\/\"]}]},{\"@type\":\"BreadcrumbList\",\"@id\":\"https:\/\/skrina.si\/sl\/product\/raku-skleda-zlata\/#breadcrumb\",\"itemListElement\":[{\"@type\":\"ListItem\",\"position\":1,\"name\":\"Home\",\"item\":\"https:\/\/skrina.si\/\"},{\"@type\":\"ListItem\",\"position\":2,\"name\":\"Shop\",\"item\":\"https:\/\/skrina.si\/shop\/\"},{\"@type\":\"ListItem\",\"position\":3,\"name\":\"Raku skleda zlata\"}]},{\"@type\":\"WebSite\",\"@id\":\"https:\/\/skrina.si\/sl\/#website\",\"url\":\"https:\/\/skrina.si\/sl\/\",\"name\":\"Etnogalerija Skrina\",\"description\":\"Tradicija s posluhom\",\"potentialAction\":[{\"@type\":\"SearchAction\",\"target\":{\"@type\":\"EntryPoint\",\"urlTemplate\":\"https:\/\/skrina.si\/sl\/?s={search_term_string}\"},\"query-input\":\"required name=search_term_string\"}],\"inLanguage\":\"sl-SI\"}]}<\/script>\n<!-- \/ Yoast SEO plugin. -->","yoast_head_json":{"title":"Raku skleda zlata - Etnogalerija Skrina","description":"Postopek ustvarjanja raku predmetov je vsakemu umetniku, ki obvlada to zahtevno tehniko, ve\u010den izziv. Velikost: 42 x 13 cm; Ro\u010dno delo","robots":{"index":"index","follow":"follow","max-snippet":"max-snippet:-1","max-image-preview":"max-image-preview:large","max-video-preview":"max-video-preview:-1"},"canonical":"https:\/\/skrina.si\/sl\/product\/raku-skleda-zlata\/","og_locale":"sl_SI","og_type":"article","og_title":"[:sl]Raku skleda zlata[:] - Etnogalerija Skrina","og_description":"Postopek ustvarjanja raku predmetov je vsakemu umetniku, ki obvlada to zahtevno tehniko, ve\u010den izziv. Velikost: 42 x 13 cm; Ro\u010dno delo","og_url":"https:\/\/skrina.si\/sl\/product\/raku-skleda-zlata\/","og_site_name":"Etnogalerija Skrina","article_modified_time":"2024-05-05T21:01:38+00:00","og_image":[{"width":2000,"height":1500,"url":"https:\/\/skrina.si\/wp-content\/uploads\/2021\/09\/Raku-skleda-zlata-1.jpg","type":"image\/jpeg"}],"twitter_card":"summary_large_image","twitter_misc":{"Est. reading time":"1 minuta"},"schema":{"@context":"https:\/\/schema.org","@graph":[{"@type":"WebPage","@id":"https:\/\/skrina.si\/sl\/product\/raku-skleda-zlata\/","url":"https:\/\/skrina.si\/sl\/product\/raku-skleda-zlata\/","name":"[:sl]Raku skleda zlata[:] - Etnogalerija Skrina","isPartOf":{"@id":"https:\/\/skrina.si\/sl\/#website"},"datePublished":"2021-09-09T14:49:57+00:00","dateModified":"2024-05-05T21:01:38+00:00","description":"Postopek ustvarjanja raku predmetov je vsakemu umetniku, ki obvlada to zahtevno tehniko, ve\u010den izziv. Velikost: 42 x 13 cm; Ro\u010dno delo","breadcrumb":{"@id":"https:\/\/skrina.si\/sl\/product\/raku-skleda-zlata\/#breadcrumb"},"inLanguage":"sl-SI","potentialAction":[{"@type":"ReadAction","target":["https:\/\/skrina.si\/sl\/product\/raku-skleda-zlata\/"]}]},{"@type":"BreadcrumbList","@id":"https:\/\/skrina.si\/sl\/product\/raku-skleda-zlata\/#breadcrumb","itemListElement":[{"@type":"ListItem","position":1,"name":"Home","item":"https:\/\/skrina.si\/"},{"@type":"ListItem","position":2,"name":"Shop","item":"https:\/\/skrina.si\/shop\/"},{"@type":"ListItem","position":3,"name":"Raku skleda zlata"}]},{"@type":"WebSite","@id":"https:\/\/skrina.si\/sl\/#website","url":"https:\/\/skrina.si\/sl\/","name":"Etnogalerija Skrina","description":"Tradicija s posluhom","potentialAction":[{"@type":"SearchAction","target":{"@type":"EntryPoint","urlTemplate":"https:\/\/skrina.si\/sl\/?s={search_term_string}"},"query-input":"required name=search_term_string"}],"inLanguage":"sl-SI"}]}},"_links":{"self":[{"href":"https:\/\/skrina.si\/sl\/wp-json\/wp\/v2\/product\/3943"}],"collection":[{"href":"https:\/\/skrina.si\/sl\/wp-json\/wp\/v2\/product"}],"about":[{"href":"https:\/\/skrina.si\/sl\/wp-json\/wp\/v2\/types\/product"}],"wp:featuredmedia":[{"embeddable":true,"href":"https:\/\/skrina.si\/sl\/wp-json\/wp\/v2\/media\/15808"}],"wp:attachment":[{"href":"https:\/\/skrina.si\/sl\/wp-json\/wp\/v2\/media?parent=3943"}],"wp:term":[{"taxonomy":"product_cat","embeddable":true,"href":"https:\/\/skrina.si\/sl\/wp-json\/wp\/v2\/product_cat?post=3943"},{"taxonomy":"product_tag","embeddable":true,"href":"https:\/\/skrina.si\/sl\/wp-json\/wp\/v2\/product_tag?post=3943"}],"curies":[{"name":"wp","href":"https:\/\/api.w.org\/{rel}","templated":true}]}}