{"id":3673,"date":"2021-07-15T12:16:46","date_gmt":"2021-07-15T12:16:46","guid":{"rendered":"https:\/\/skrina.si\/?post_type=product&#038;p=3673"},"modified":"2024-04-13T15:03:31","modified_gmt":"2024-04-13T13:03:31","slug":"skledica-z-repom","status":"publish","type":"product","link":"https:\/\/skrina.si\/sl\/product\/skledica-z-repom\/","title":{"rendered":"Skledica z repom"},"content":{"rendered":"","protected":false},"excerpt":{"rendered":"<h5>Glina omogo\u010da \u0161irok razpon ustvarjalnosti, od uporabnih izdelkov, do razli\u010dnih dekorativnih re\u0161itev.<\/h5>\n<h5>Oblikovalka\u00a0<strong>Dubrovka \u0160orel<\/strong>\u00a0posku\u0161a zdru\u017eiti oba na\u010dina in nekaterim uporabnim predmetom (skodelica, pladenj, posoda, skleda) poiskati novo, \u0161e ne videno obliko<\/h5>\n<h6><em>Podrobnosti:<\/em><\/h6>\n<ul>\n<li>\n<h6><em>Kro\u017enik: premer 24 cm<\/em><\/h6>\n<\/li>\n<li>\n<h6><em>Skodelica: 13 x 9 cm<\/em><\/h6>\n<\/li>\n<li>\n<h6><em>\u017dli\u010dka: 16 cm<\/em><\/h6>\n<\/li>\n<li>\n<h6><em>Prostornina: 0,35 l<\/em><\/h6>\n<\/li>\n<li>\n<h6><em>Material: Keramika<\/em><\/h6>\n<\/li>\n<li>\n<h6><em>V darilni embala\u017ei<\/em><\/h6>\n<\/li>\n<li>\n<h6><em>Oblikovano z ljubeznijo do detajlov<\/em><\/h6>\n<\/li>\n<li>\n<h6><em>Idealno darilo za ljubitelje ma\u010dk<\/em><\/h6>\n<\/li>\n<li><strong><em>RO\u010cNO DELO<\/em><\/strong><\/li>\n<\/ul>\n","protected":false},"featured_media":14943,"template":"","meta":{"_monsterinsights_skip_tracking":false,"_monsterinsights_sitenote_active":false,"_monsterinsights_sitenote_note":"","_monsterinsights_sitenote_category":0},"product_cat":[212,39],"product_tag":[293],"aioseo_notices":[],"yoast_head":"<!-- This site is optimized with the Yoast SEO plugin v22.1 - https:\/\/yoast.com\/wordpress\/plugins\/seo\/ -->\n<title>Skledica z repom - Etnogalerija Skrina<\/title>\n<meta name=\"description\" content=\"Dubrovka \u0160orel v vsakodnevnih predmetih zdru\u017euje uporabnost in estetiko z ro\u010dno oblikovanimi podobami ma\u010dk.\" \/>\n<meta name=\"robots\" content=\"index, follow, max-snippet:-1, max-image-preview:large, max-video-preview:-1\" \/>\n<link rel=\"canonical\" href=\"https:\/\/skrina.si\/sl\/product\/skledica-z-repom\/\" \/>\n<meta property=\"og:locale\" content=\"sl_SI\" \/>\n<meta property=\"og:locale:alternate\" content=\"en_GB\" \/>\n<meta property=\"og:type\" content=\"article\" \/>\n<meta property=\"og:title\" content=\"Skledica z repom\" \/>\n<meta property=\"og:description\" content=\"Dubrovka \u0160orel v vsakodnevnih predmetih zdru\u017euje uporabnost in estetiko z ro\u010dno oblikovanimi podobami ma\u010dk.\" \/>\n<meta property=\"og:url\" content=\"https:\/\/skrina.si\/sl\/product\/skledica-z-repom\/\" \/>\n<meta property=\"og:site_name\" content=\"Etnogalerija Skrina\" \/>\n<meta property=\"article:modified_time\" content=\"2024-04-13T13:03:31+00:00\" \/>\n<meta property=\"og:image\" content=\"https:\/\/skrina.si\/wp-content\/uploads\/2021\/07\/MACKE-SOREL-10.jpg\" \/>\n\t<meta property=\"og:image:width\" content=\"2000\" \/>\n\t<meta property=\"og:image:height\" content=\"1500\" \/>\n\t<meta property=\"og:image:type\" content=\"image\/jpeg\" \/>\n<meta name=\"twitter:card\" content=\"summary_large_image\" \/>\n<meta name=\"twitter:label1\" content=\"Est. reading time\" \/>\n\t<meta name=\"twitter:data1\" content=\"1 minuta\" \/>\n<script type=\"application\/ld+json\" class=\"yoast-schema-graph\">{\"@context\":\"https:\/\/schema.org\",\"@graph\":[{\"@type\":\"WebPage\",\"@id\":\"https:\/\/skrina.si\/sl\/product\/skledica-z-repom\/\",\"url\":\"https:\/\/skrina.si\/sl\/product\/skledica-z-repom\/\",\"name\":\"[:sl]Skledica z repom[:] - Etnogalerija Skrina\",\"isPartOf\":{\"@id\":\"https:\/\/skrina.si\/sl\/#website\"},\"datePublished\":\"2021-07-15T12:16:46+00:00\",\"dateModified\":\"2024-04-13T13:03:31+00:00\",\"description\":\"Dubrovka \u0160orel v vsakodnevnih predmetih zdru\u017euje uporabnost in estetiko z ro\u010dno oblikovanimi podobami ma\u010dk.\",\"breadcrumb\":{\"@id\":\"https:\/\/skrina.si\/sl\/product\/skledica-z-repom\/#breadcrumb\"},\"inLanguage\":\"sl-SI\",\"potentialAction\":[{\"@type\":\"ReadAction\",\"target\":[\"https:\/\/skrina.si\/sl\/product\/skledica-z-repom\/\"]}]},{\"@type\":\"BreadcrumbList\",\"@id\":\"https:\/\/skrina.si\/sl\/product\/skledica-z-repom\/#breadcrumb\",\"itemListElement\":[{\"@type\":\"ListItem\",\"position\":1,\"name\":\"Home\",\"item\":\"https:\/\/skrina.si\/\"},{\"@type\":\"ListItem\",\"position\":2,\"name\":\"Shop\",\"item\":\"https:\/\/skrina.si\/shop\/\"},{\"@type\":\"ListItem\",\"position\":3,\"name\":\"Skledica z repom\"}]},{\"@type\":\"WebSite\",\"@id\":\"https:\/\/skrina.si\/sl\/#website\",\"url\":\"https:\/\/skrina.si\/sl\/\",\"name\":\"Etnogalerija Skrina\",\"description\":\"Tradicija s posluhom\",\"potentialAction\":[{\"@type\":\"SearchAction\",\"target\":{\"@type\":\"EntryPoint\",\"urlTemplate\":\"https:\/\/skrina.si\/sl\/?s={search_term_string}\"},\"query-input\":\"required name=search_term_string\"}],\"inLanguage\":\"sl-SI\"}]}<\/script>\n<!-- \/ Yoast SEO plugin. -->","yoast_head_json":{"title":"Skledica z repom - Etnogalerija Skrina","description":"Dubrovka \u0160orel v vsakodnevnih predmetih zdru\u017euje uporabnost in estetiko z ro\u010dno oblikovanimi podobami ma\u010dk.","robots":{"index":"index","follow":"follow","max-snippet":"max-snippet:-1","max-image-preview":"max-image-preview:large","max-video-preview":"max-video-preview:-1"},"canonical":"https:\/\/skrina.si\/sl\/product\/skledica-z-repom\/","og_locale":"sl_SI","og_type":"article","og_title":"[:sl]Skledica z repom[:] - Etnogalerija Skrina","og_description":"Dubrovka \u0160orel v vsakodnevnih predmetih zdru\u017euje uporabnost in estetiko z ro\u010dno oblikovanimi podobami ma\u010dk.","og_url":"https:\/\/skrina.si\/sl\/product\/skledica-z-repom\/","og_site_name":"Etnogalerija Skrina","article_modified_time":"2024-04-13T13:03:31+00:00","og_image":[{"width":2000,"height":1500,"url":"https:\/\/skrina.si\/wp-content\/uploads\/2021\/07\/MACKE-SOREL-10.jpg","type":"image\/jpeg"}],"twitter_card":"summary_large_image","twitter_misc":{"Est. reading time":"1 minuta"},"schema":{"@context":"https:\/\/schema.org","@graph":[{"@type":"WebPage","@id":"https:\/\/skrina.si\/sl\/product\/skledica-z-repom\/","url":"https:\/\/skrina.si\/sl\/product\/skledica-z-repom\/","name":"[:sl]Skledica z repom[:] - Etnogalerija Skrina","isPartOf":{"@id":"https:\/\/skrina.si\/sl\/#website"},"datePublished":"2021-07-15T12:16:46+00:00","dateModified":"2024-04-13T13:03:31+00:00","description":"Dubrovka \u0160orel v vsakodnevnih predmetih zdru\u017euje uporabnost in estetiko z ro\u010dno oblikovanimi podobami ma\u010dk.","breadcrumb":{"@id":"https:\/\/skrina.si\/sl\/product\/skledica-z-repom\/#breadcrumb"},"inLanguage":"sl-SI","potentialAction":[{"@type":"ReadAction","target":["https:\/\/skrina.si\/sl\/product\/skledica-z-repom\/"]}]},{"@type":"BreadcrumbList","@id":"https:\/\/skrina.si\/sl\/product\/skledica-z-repom\/#breadcrumb","itemListElement":[{"@type":"ListItem","position":1,"name":"Home","item":"https:\/\/skrina.si\/"},{"@type":"ListItem","position":2,"name":"Shop","item":"https:\/\/skrina.si\/shop\/"},{"@type":"ListItem","position":3,"name":"Skledica z repom"}]},{"@type":"WebSite","@id":"https:\/\/skrina.si\/sl\/#website","url":"https:\/\/skrina.si\/sl\/","name":"Etnogalerija Skrina","description":"Tradicija s posluhom","potentialAction":[{"@type":"SearchAction","target":{"@type":"EntryPoint","urlTemplate":"https:\/\/skrina.si\/sl\/?s={search_term_string}"},"query-input":"required name=search_term_string"}],"inLanguage":"sl-SI"}]}},"_links":{"self":[{"href":"https:\/\/skrina.si\/sl\/wp-json\/wp\/v2\/product\/3673"}],"collection":[{"href":"https:\/\/skrina.si\/sl\/wp-json\/wp\/v2\/product"}],"about":[{"href":"https:\/\/skrina.si\/sl\/wp-json\/wp\/v2\/types\/product"}],"wp:featuredmedia":[{"embeddable":true,"href":"https:\/\/skrina.si\/sl\/wp-json\/wp\/v2\/media\/14943"}],"wp:attachment":[{"href":"https:\/\/skrina.si\/sl\/wp-json\/wp\/v2\/media?parent=3673"}],"wp:term":[{"taxonomy":"product_cat","embeddable":true,"href":"https:\/\/skrina.si\/sl\/wp-json\/wp\/v2\/product_cat?post=3673"},{"taxonomy":"product_tag","embeddable":true,"href":"https:\/\/skrina.si\/sl\/wp-json\/wp\/v2\/product_tag?post=3673"}],"curies":[{"name":"wp","href":"https:\/\/api.w.org\/{rel}","templated":true}]}}