{"id":3607,"date":"2021-07-15T08:22:28","date_gmt":"2021-07-15T08:22:28","guid":{"rendered":"https:\/\/skrina.si\/?post_type=product&#038;p=3607"},"modified":"2024-04-12T23:29:27","modified_gmt":"2024-04-12T21:29:27","slug":"pomlad","status":"publish","type":"product","link":"https:\/\/skrina.si\/sl\/product\/pomlad\/","title":{"rendered":"Pomlad"},"content":{"rendered":"","protected":false},"excerpt":{"rendered":"<h5>Umetnik <strong>Rok Zelenko<\/strong> se udejstvuje kot slikar, keramik in grafik. Po kon\u010dani Akademiji za likovno umetnost v Ljubljani je njegov dom postal <strong><em>Gro\u017enjan.<\/em><\/strong><\/h5>\n<h5>Malo mestece v Istri je s svojo mehkobo, barvami in bogato favno in floro\u00a0 njegov vir inspiracij.<\/h5>\n<h5>Naravni inventar (ribe, ptice, morje) dopolnjujejo motivi iz <em><strong>etnolo\u0161ke dedi\u0161\u010dine<\/strong> <\/em>(maske, pustovanje) in fantazijski liki, ki iz\u017earevajo igrivost in \u010disto prvinsko radost.<\/h5>\n<h6>Lastnosti:<\/h6>\n<ul>\n<li>\n<h6>Naslov dela: Pomlad<\/h6>\n<\/li>\n<li>\n<h6>Tehnika: olje<\/h6>\n<\/li>\n<li>\n<h6>Zunanja dimenzija: 40 x 50 cm<\/h6>\n<\/li>\n<\/ul>\n","protected":false},"featured_media":3608,"template":"","meta":{"_monsterinsights_skip_tracking":false,"_monsterinsights_sitenote_active":false,"_monsterinsights_sitenote_note":"","_monsterinsights_sitenote_category":0},"product_cat":[207,66],"product_tag":[],"aioseo_notices":[],"yoast_head":"<!-- This site is optimized with the Yoast SEO plugin v22.1 - https:\/\/yoast.com\/wordpress\/plugins\/seo\/ -->\n<title>Pomlad - Etnogalerija Skrina<\/title>\n<meta name=\"robots\" content=\"index, follow, max-snippet:-1, max-image-preview:large, max-video-preview:-1\" \/>\n<link rel=\"canonical\" href=\"https:\/\/skrina.si\/sl\/product\/pomlad\/\" \/>\n<meta property=\"og:locale\" content=\"sl_SI\" \/>\n<meta property=\"og:locale:alternate\" content=\"en_GB\" \/>\n<meta property=\"og:type\" content=\"article\" \/>\n<meta property=\"og:title\" content=\"Pomlad\" \/>\n<meta property=\"og:description\" content=\"Umetnik Rok Zelenko se udejstvuje kot slikar, keramik in grafik. Po kon\u010dani Akademiji za likovno umetnost v Ljubljani je njegov dom postal Gro\u017enjan. Malo mestece v Istri je s svojo mehkobo, barvami in bogato favno in floro\u00a0 njegov vir inspiracij. Naravni inventar (ribe, ptice, morje) dopolnjujejo motivi iz etnolo\u0161ke dedi\u0161\u010dine (maske, pustovanje) in fantazijski liki, ki iz\u017earevajo igrivost in \u010disto prvinsko radost. Lastnosti:    Naslov dela: Pomlad    Tehnika: olje    Zunanja dimenzija: 40 x 50 cm\" \/>\n<meta property=\"og:url\" content=\"https:\/\/skrina.si\/sl\/product\/pomlad\/\" \/>\n<meta property=\"og:site_name\" content=\"Etnogalerija Skrina\" \/>\n<meta property=\"article:modified_time\" content=\"2024-04-12T21:29:27+00:00\" \/>\n<meta property=\"og:image\" content=\"https:\/\/skrina.si\/wp-content\/uploads\/2021\/07\/Rok-Zelenko-2.jpg\" \/>\n\t<meta property=\"og:image:width\" content=\"2000\" \/>\n\t<meta property=\"og:image:height\" content=\"1500\" \/>\n\t<meta property=\"og:image:type\" content=\"image\/jpeg\" \/>\n<meta name=\"twitter:card\" content=\"summary_large_image\" \/>\n<meta name=\"twitter:label1\" content=\"Est. reading time\" \/>\n\t<meta name=\"twitter:data1\" content=\"1 minuta\" \/>\n<script type=\"application\/ld+json\" class=\"yoast-schema-graph\">{\"@context\":\"https:\/\/schema.org\",\"@graph\":[{\"@type\":\"WebPage\",\"@id\":\"https:\/\/skrina.si\/sl\/product\/pomlad\/\",\"url\":\"https:\/\/skrina.si\/sl\/product\/pomlad\/\",\"name\":\"[:en]Pomlad[:sl]Pomlad[:] - Etnogalerija Skrina\",\"isPartOf\":{\"@id\":\"https:\/\/skrina.si\/sl\/#website\"},\"datePublished\":\"2021-07-15T08:22:28+00:00\",\"dateModified\":\"2024-04-12T21:29:27+00:00\",\"breadcrumb\":{\"@id\":\"https:\/\/skrina.si\/sl\/product\/pomlad\/#breadcrumb\"},\"inLanguage\":\"sl-SI\",\"potentialAction\":[{\"@type\":\"ReadAction\",\"target\":[\"https:\/\/skrina.si\/sl\/product\/pomlad\/\"]}]},{\"@type\":\"BreadcrumbList\",\"@id\":\"https:\/\/skrina.si\/sl\/product\/pomlad\/#breadcrumb\",\"itemListElement\":[{\"@type\":\"ListItem\",\"position\":1,\"name\":\"Home\",\"item\":\"https:\/\/skrina.si\/\"},{\"@type\":\"ListItem\",\"position\":2,\"name\":\"Shop\",\"item\":\"https:\/\/skrina.si\/shop\/\"},{\"@type\":\"ListItem\",\"position\":3,\"name\":\"Pomlad\"}]},{\"@type\":\"WebSite\",\"@id\":\"https:\/\/skrina.si\/sl\/#website\",\"url\":\"https:\/\/skrina.si\/sl\/\",\"name\":\"Etnogalerija Skrina\",\"description\":\"Tradicija s posluhom\",\"potentialAction\":[{\"@type\":\"SearchAction\",\"target\":{\"@type\":\"EntryPoint\",\"urlTemplate\":\"https:\/\/skrina.si\/sl\/?s={search_term_string}\"},\"query-input\":\"required name=search_term_string\"}],\"inLanguage\":\"sl-SI\"}]}<\/script>\n<!-- \/ Yoast SEO plugin. -->","yoast_head_json":{"title":"Pomlad - Etnogalerija Skrina","robots":{"index":"index","follow":"follow","max-snippet":"max-snippet:-1","max-image-preview":"max-image-preview:large","max-video-preview":"max-video-preview:-1"},"canonical":"https:\/\/skrina.si\/sl\/product\/pomlad\/","og_locale":"sl_SI","og_type":"article","og_title":"[:en]Pomlad[:sl]Pomlad[:] - Etnogalerija Skrina","og_description":"[:sl]Umetnik Rok Zelenko se udejstvuje kot slikar, keramik in grafik. Po kon\u010dani Akademiji za likovno umetnost v Ljubljani je njegov dom postal Gro\u017enjan. Malo mestece v Istri je s svojo mehkobo, barvami in bogato favno in floro\u00a0 njegov vir inspiracij. Naravni inventar (ribe, ptice, morje) dopolnjujejo motivi iz etnolo\u0161ke dedi\u0161\u010dine (maske, pustovanje) in fantazijski liki, ki iz\u017earevajo igrivost in \u010disto prvinsko radost. Lastnosti:    Naslov dela: Pomlad    Tehnika: olje    Zunanja dimenzija: 40 x 50 cm  [:]","og_url":"https:\/\/skrina.si\/sl\/product\/pomlad\/","og_site_name":"Etnogalerija Skrina","article_modified_time":"2024-04-12T21:29:27+00:00","og_image":[{"width":2000,"height":1500,"url":"https:\/\/skrina.si\/wp-content\/uploads\/2021\/07\/Rok-Zelenko-2.jpg","type":"image\/jpeg"}],"twitter_card":"summary_large_image","twitter_misc":{"Est. reading time":"1 minuta"},"schema":{"@context":"https:\/\/schema.org","@graph":[{"@type":"WebPage","@id":"https:\/\/skrina.si\/sl\/product\/pomlad\/","url":"https:\/\/skrina.si\/sl\/product\/pomlad\/","name":"[:en]Pomlad[:sl]Pomlad[:] - Etnogalerija Skrina","isPartOf":{"@id":"https:\/\/skrina.si\/sl\/#website"},"datePublished":"2021-07-15T08:22:28+00:00","dateModified":"2024-04-12T21:29:27+00:00","breadcrumb":{"@id":"https:\/\/skrina.si\/sl\/product\/pomlad\/#breadcrumb"},"inLanguage":"sl-SI","potentialAction":[{"@type":"ReadAction","target":["https:\/\/skrina.si\/sl\/product\/pomlad\/"]}]},{"@type":"BreadcrumbList","@id":"https:\/\/skrina.si\/sl\/product\/pomlad\/#breadcrumb","itemListElement":[{"@type":"ListItem","position":1,"name":"Home","item":"https:\/\/skrina.si\/"},{"@type":"ListItem","position":2,"name":"Shop","item":"https:\/\/skrina.si\/shop\/"},{"@type":"ListItem","position":3,"name":"Pomlad"}]},{"@type":"WebSite","@id":"https:\/\/skrina.si\/sl\/#website","url":"https:\/\/skrina.si\/sl\/","name":"Etnogalerija Skrina","description":"Tradicija s posluhom","potentialAction":[{"@type":"SearchAction","target":{"@type":"EntryPoint","urlTemplate":"https:\/\/skrina.si\/sl\/?s={search_term_string}"},"query-input":"required name=search_term_string"}],"inLanguage":"sl-SI"}]}},"_links":{"self":[{"href":"https:\/\/skrina.si\/sl\/wp-json\/wp\/v2\/product\/3607"}],"collection":[{"href":"https:\/\/skrina.si\/sl\/wp-json\/wp\/v2\/product"}],"about":[{"href":"https:\/\/skrina.si\/sl\/wp-json\/wp\/v2\/types\/product"}],"wp:featuredmedia":[{"embeddable":true,"href":"https:\/\/skrina.si\/sl\/wp-json\/wp\/v2\/media\/3608"}],"wp:attachment":[{"href":"https:\/\/skrina.si\/sl\/wp-json\/wp\/v2\/media?parent=3607"}],"wp:term":[{"taxonomy":"product_cat","embeddable":true,"href":"https:\/\/skrina.si\/sl\/wp-json\/wp\/v2\/product_cat?post=3607"},{"taxonomy":"product_tag","embeddable":true,"href":"https:\/\/skrina.si\/sl\/wp-json\/wp\/v2\/product_tag?post=3607"}],"curies":[{"name":"wp","href":"https:\/\/api.w.org\/{rel}","templated":true}]}}