{"id":3581,"date":"2021-07-13T15:29:56","date_gmt":"2021-07-13T15:29:56","guid":{"rendered":"https:\/\/skrina.si\/?post_type=product&#038;p=3581"},"modified":"2024-03-18T01:21:08","modified_gmt":"2024-03-18T00:21:08","slug":"majica-ljubljana","status":"publish","type":"product","link":"https:\/\/skrina.si\/sl\/product\/majica-ljubljana\/","title":{"rendered":"Majica &#8220;Ljubljana&#8221;"},"content":{"rendered":"","protected":false},"excerpt":{"rendered":"<h5>V\u00a0 SKRINI\u00a0 za vas pripravili <strong><em>MAJICE<\/em><\/strong> prepoznavnih slovenskih krajev, ki\u00a0 jih je za nas narisala svetovno uveljavljena akademska slikarka <strong><em>Ejti \u0160tih.<br \/>\n<\/em><\/strong>Slikarka Ejti \u0160tih,\u00a0 doma iz Bleda \u017ee vrsto let \u017eivi v Boliviji, kjer jo ume\u0161\u010dajo med najvidnej\u0161e umetnike. Je <strong><em>socialno anga\u017eirana umetnica<\/em><\/strong>, ki osvetljuje problematiko rev\u0161\u010dine, \u017eivljenja navadnih ljudi, globalizacije in podobnih aktualnih dru\u017ebenih tem.<br \/>\nNa svoj izviren, neponovljiv in nekonvencionalen\u00a0 na\u010din, zna\u010dilen samo in edino zanjo, <strong><em>igrivo in hudomu\u0161no<\/em><\/strong>, a vendar kriti\u010dno komentira na\u0161e <strong><em>navade in razvade.\u00a0<\/em><\/strong><\/h5>\n<h6><em>Podrobnosti:<\/em><\/h6>\n<ul>\n<li>\n<h6><strong>MAJICA<\/strong><\/h6>\n<\/li>\n<li>\n<h6>Motiv: Ljubljana<\/h6>\n<\/li>\n<li>\n<h6>Mo\u0161ki kroj raven<\/h6>\n<\/li>\n<li>\n<h6>\u017denski kroj rahlo oprijet<\/h6>\n<\/li>\n<li>\n<h6>Material: 97% bomba\u017e; 3%elastan<\/h6>\n<\/li>\n<li>\n<h6>Embalirano v darilni embala\u017ei<\/h6>\n<\/li>\n<\/ul>\n<h5><\/h5>\n","protected":false},"featured_media":3583,"template":"","meta":{"_monsterinsights_skip_tracking":false,"_monsterinsights_sitenote_active":false,"_monsterinsights_sitenote_note":"","_monsterinsights_sitenote_category":0},"product_cat":[103,203],"product_tag":[91,100,182],"aioseo_notices":[],"yoast_head":"<!-- This site is optimized with the Yoast SEO plugin v22.1 - https:\/\/yoast.com\/wordpress\/plugins\/seo\/ -->\n<title>Majica &quot;Ljubljana&quot; - Etnogalerija Skrina<\/title>\n<meta name=\"description\" content=\"Mo\u0161ka majica s kratkimi rokavi in potiskom. Sliko Zmajskega mostu v Ljubljani je upodobila slovenska umetnica Ejti \u0160tih.\" \/>\n<meta name=\"robots\" content=\"index, follow, max-snippet:-1, max-image-preview:large, max-video-preview:-1\" \/>\n<link rel=\"canonical\" href=\"https:\/\/skrina.si\/sl\/product\/majica-ljubljana\/\" \/>\n<meta property=\"og:locale\" content=\"sl_SI\" \/>\n<meta property=\"og:locale:alternate\" content=\"en_GB\" \/>\n<meta property=\"og:type\" content=\"article\" \/>\n<meta property=\"og:title\" content=\"Majica &quot;Ljubljana&quot; - Etnogalerija Skrina\" \/>\n<meta property=\"og:description\" content=\"Mo\u0161ka majica s kratkimi rokavi in potiskom. Sliko Zmajskega mostu v Ljubljani je upodobila slovenska umetnica Ejti \u0160tih.\" \/>\n<meta property=\"og:url\" content=\"https:\/\/skrina.si\/sl\/product\/majica-ljubljana\/\" \/>\n<meta property=\"og:site_name\" content=\"Etnogalerija Skrina\" \/>\n<meta property=\"article:modified_time\" content=\"2024-03-18T00:21:08+00:00\" \/>\n<meta property=\"og:image\" content=\"https:\/\/skrina.si\/wp-content\/uploads\/2021\/07\/Majice_moska_M_Ljubljana-oranzna_beige.jpg\" \/>\n\t<meta property=\"og:image:width\" content=\"2000\" \/>\n\t<meta property=\"og:image:height\" content=\"1500\" \/>\n\t<meta property=\"og:image:type\" content=\"image\/jpeg\" \/>\n<meta name=\"twitter:card\" content=\"summary_large_image\" \/>\n<meta name=\"twitter:label1\" content=\"Est. reading time\" \/>\n\t<meta name=\"twitter:data1\" content=\"1 minuta\" \/>\n<script type=\"application\/ld+json\" class=\"yoast-schema-graph\">{\"@context\":\"https:\/\/schema.org\",\"@graph\":[{\"@type\":\"WebPage\",\"@id\":\"https:\/\/skrina.si\/sl\/product\/majica-ljubljana\/\",\"url\":\"https:\/\/skrina.si\/sl\/product\/majica-ljubljana\/\",\"name\":\"Majica \\\"Ljubljana\\\" - Etnogalerija Skrina\",\"isPartOf\":{\"@id\":\"https:\/\/skrina.si\/sl\/#website\"},\"datePublished\":\"2021-07-13T15:29:56+00:00\",\"dateModified\":\"2024-03-18T00:21:08+00:00\",\"description\":\"Mo\u0161ka majica s kratkimi rokavi in potiskom. Sliko Zmajskega mostu v Ljubljani je upodobila slovenska umetnica Ejti \u0160tih.\",\"breadcrumb\":{\"@id\":\"https:\/\/skrina.si\/sl\/product\/majica-ljubljana\/#breadcrumb\"},\"inLanguage\":\"sl-SI\",\"potentialAction\":[{\"@type\":\"ReadAction\",\"target\":[\"https:\/\/skrina.si\/sl\/product\/majica-ljubljana\/\"]}]},{\"@type\":\"BreadcrumbList\",\"@id\":\"https:\/\/skrina.si\/sl\/product\/majica-ljubljana\/#breadcrumb\",\"itemListElement\":[{\"@type\":\"ListItem\",\"position\":1,\"name\":\"Home\",\"item\":\"https:\/\/skrina.si\/\"},{\"@type\":\"ListItem\",\"position\":2,\"name\":\"Shop\",\"item\":\"https:\/\/skrina.si\/shop\/\"},{\"@type\":\"ListItem\",\"position\":3,\"name\":\"Majica &#8220;Ljubljana&#8221;\"}]},{\"@type\":\"WebSite\",\"@id\":\"https:\/\/skrina.si\/sl\/#website\",\"url\":\"https:\/\/skrina.si\/sl\/\",\"name\":\"Etnogalerija Skrina\",\"description\":\"Tradicija s posluhom\",\"potentialAction\":[{\"@type\":\"SearchAction\",\"target\":{\"@type\":\"EntryPoint\",\"urlTemplate\":\"https:\/\/skrina.si\/sl\/?s={search_term_string}\"},\"query-input\":\"required name=search_term_string\"}],\"inLanguage\":\"sl-SI\"}]}<\/script>\n<!-- \/ Yoast SEO plugin. -->","yoast_head_json":{"title":"Majica \"Ljubljana\" - Etnogalerija Skrina","description":"Mo\u0161ka majica s kratkimi rokavi in potiskom. Sliko Zmajskega mostu v Ljubljani je upodobila slovenska umetnica Ejti \u0160tih.","robots":{"index":"index","follow":"follow","max-snippet":"max-snippet:-1","max-image-preview":"max-image-preview:large","max-video-preview":"max-video-preview:-1"},"canonical":"https:\/\/skrina.si\/sl\/product\/majica-ljubljana\/","og_locale":"sl_SI","og_type":"article","og_title":"Majica \"Ljubljana\" - Etnogalerija Skrina","og_description":"Mo\u0161ka majica s kratkimi rokavi in potiskom. Sliko Zmajskega mostu v Ljubljani je upodobila slovenska umetnica Ejti \u0160tih.","og_url":"https:\/\/skrina.si\/sl\/product\/majica-ljubljana\/","og_site_name":"Etnogalerija Skrina","article_modified_time":"2024-03-18T00:21:08+00:00","og_image":[{"width":2000,"height":1500,"url":"https:\/\/skrina.si\/wp-content\/uploads\/2021\/07\/Majice_moska_M_Ljubljana-oranzna_beige.jpg","type":"image\/jpeg"}],"twitter_card":"summary_large_image","twitter_misc":{"Est. reading time":"1 minuta"},"schema":{"@context":"https:\/\/schema.org","@graph":[{"@type":"WebPage","@id":"https:\/\/skrina.si\/sl\/product\/majica-ljubljana\/","url":"https:\/\/skrina.si\/sl\/product\/majica-ljubljana\/","name":"Majica \"Ljubljana\" - Etnogalerija Skrina","isPartOf":{"@id":"https:\/\/skrina.si\/sl\/#website"},"datePublished":"2021-07-13T15:29:56+00:00","dateModified":"2024-03-18T00:21:08+00:00","description":"Mo\u0161ka majica s kratkimi rokavi in potiskom. Sliko Zmajskega mostu v Ljubljani je upodobila slovenska umetnica Ejti \u0160tih.","breadcrumb":{"@id":"https:\/\/skrina.si\/sl\/product\/majica-ljubljana\/#breadcrumb"},"inLanguage":"sl-SI","potentialAction":[{"@type":"ReadAction","target":["https:\/\/skrina.si\/sl\/product\/majica-ljubljana\/"]}]},{"@type":"BreadcrumbList","@id":"https:\/\/skrina.si\/sl\/product\/majica-ljubljana\/#breadcrumb","itemListElement":[{"@type":"ListItem","position":1,"name":"Home","item":"https:\/\/skrina.si\/"},{"@type":"ListItem","position":2,"name":"Shop","item":"https:\/\/skrina.si\/shop\/"},{"@type":"ListItem","position":3,"name":"Majica &#8220;Ljubljana&#8221;"}]},{"@type":"WebSite","@id":"https:\/\/skrina.si\/sl\/#website","url":"https:\/\/skrina.si\/sl\/","name":"Etnogalerija Skrina","description":"Tradicija s posluhom","potentialAction":[{"@type":"SearchAction","target":{"@type":"EntryPoint","urlTemplate":"https:\/\/skrina.si\/sl\/?s={search_term_string}"},"query-input":"required name=search_term_string"}],"inLanguage":"sl-SI"}]}},"_links":{"self":[{"href":"https:\/\/skrina.si\/sl\/wp-json\/wp\/v2\/product\/3581"}],"collection":[{"href":"https:\/\/skrina.si\/sl\/wp-json\/wp\/v2\/product"}],"about":[{"href":"https:\/\/skrina.si\/sl\/wp-json\/wp\/v2\/types\/product"}],"wp:featuredmedia":[{"embeddable":true,"href":"https:\/\/skrina.si\/sl\/wp-json\/wp\/v2\/media\/3583"}],"wp:attachment":[{"href":"https:\/\/skrina.si\/sl\/wp-json\/wp\/v2\/media?parent=3581"}],"wp:term":[{"taxonomy":"product_cat","embeddable":true,"href":"https:\/\/skrina.si\/sl\/wp-json\/wp\/v2\/product_cat?post=3581"},{"taxonomy":"product_tag","embeddable":true,"href":"https:\/\/skrina.si\/sl\/wp-json\/wp\/v2\/product_tag?post=3581"}],"curies":[{"name":"wp","href":"https:\/\/api.w.org\/{rel}","templated":true}]}}