{"id":3524,"date":"2022-03-03T15:30:11","date_gmt":"2022-03-03T15:30:11","guid":{"rendered":"https:\/\/skrina.si\/?post_type=product&#038;p=3524"},"modified":"2022-05-07T08:55:57","modified_gmt":"2022-05-07T08:55:57","slug":"soncnica","status":"publish","type":"product","link":"https:\/\/skrina.si\/sl\/product\/soncnica\/","title":{"rendered":"Son\u010dnica"},"content":{"rendered":"","protected":false},"excerpt":{"rendered":"<h5>Nobena druga rastlina se ne zna tako lepo obra\u010dati k soncu kot <strong><em>son\u010dnica,<\/em><\/strong> ki za svojo rast dnevno potrebujejo \u0161est do osem ur sonca. Pogled na rumeno cveto\u010de polje son\u010dnic nam po\u017eivi du\u0161o, \u010deprav je mitolo\u0161ka zgodba nastanka in imena son\u010dnice \u017ealostna.<br \/>\nMlada <strong><em>Clytia<\/em><\/strong>, vodna nimfa, je bila zaljubljena v <strong><em>Apolona<\/em><\/strong>, boga sonca in ves \u010das se je obra\u010dala k njemu, da bi jo ugledal, toda Apolon je ni opazil. Ko je Clytia spoznala, da je njena ljubezen brezupna, devet dni ni ne jedla in ne pila, v \u017ealosti je samo strmela v sonce. Bogovom se je zasmilila, spremenili so jo v son\u010dnico, ki ljubljeno osebo \u0161e dandanes spremlja s pogledom.<br \/>\nKot sonce, po katerem so dobile ime, predstavljajo son\u010dnice toplino in svetlobo, so pa tudi simbol za zvestobo in ustvarjalnost.<br \/>\nSon\u010dnice so bile in \u0161e vedno so vir navdiha za \u0161tevilne slikarje. \u0160e zlasti veli\u010dastne in ve\u010dne so son\u010dnice <strong><em>Vincenta Van Gogha.<\/em><\/strong><\/h5>\n<h6><em>Podrobnosti:<\/em><\/h6>\n<ul>\n<li>\n<h6>Velikost: vi\u0161ina 13 cm, \u0161irina 7 cm<\/h6>\n<\/li>\n<li>\n<h6>Material: Keramika<\/h6>\n<\/li>\n<li>\n<h6>V darilni vre\u010dki s prilo\u017eenim certifikatom<\/h6>\n<\/li>\n<li>\n<h6>Oblikovano z ljubeznijo do detajlov<\/h6>\n<\/li>\n<li>\n<h6>Idealno darilo za ljubitelje ro\u017e in obo\u017eevalce son\u010dnic<\/h6>\n<\/li>\n<\/ul>\n","protected":false},"featured_media":8093,"template":"","meta":{"_monsterinsights_skip_tracking":false,"_monsterinsights_sitenote_active":false,"_monsterinsights_sitenote_note":"","_monsterinsights_sitenote_category":0},"product_cat":[103,686],"product_tag":[151,41,310],"aioseo_notices":[],"yoast_head":"<!-- This site is optimized with the Yoast SEO plugin v22.1 - https:\/\/yoast.com\/wordpress\/plugins\/seo\/ -->\n<title>Son\u010dnica - Etnogalerija Skrina<\/title>\n<meta name=\"description\" content=\"Kot sonce, po katerem so dobile ime, predstavljajo son\u010dnice toplino in svetlobo, so pa tudi simbol za zvestobo in ustvarjalnost.\" \/>\n<meta name=\"robots\" content=\"index, follow, max-snippet:-1, max-image-preview:large, max-video-preview:-1\" \/>\n<link rel=\"canonical\" href=\"https:\/\/skrina.si\/sl\/product\/soncnica\/\" \/>\n<meta property=\"og:locale\" content=\"sl_SI\" \/>\n<meta property=\"og:locale:alternate\" content=\"en_GB\" \/>\n<meta property=\"og:type\" content=\"article\" \/>\n<meta property=\"og:title\" content=\"Son\u010dnica - Etnogalerija Skrina\" \/>\n<meta property=\"og:description\" content=\"Kot sonce, po katerem so dobile ime, predstavljajo son\u010dnice toplino in svetlobo, so pa tudi simbol za zvestobo in ustvarjalnost.\" \/>\n<meta property=\"og:url\" content=\"https:\/\/skrina.si\/sl\/product\/soncnica\/\" \/>\n<meta property=\"og:site_name\" content=\"Etnogalerija Skrina\" \/>\n<meta property=\"article:modified_time\" content=\"2022-05-07T08:55:57+00:00\" \/>\n<meta property=\"og:image\" content=\"https:\/\/skrina.si\/wp-content\/uploads\/2021\/07\/Rozne-vile-soncnica-dekor-Slovenske-cvetlice-roze-Tradicija-s-posluhom-Etno-galerija-Skrina.jpg\" \/>\n\t<meta property=\"og:image:width\" content=\"1619\" \/>\n\t<meta property=\"og:image:height\" content=\"1213\" \/>\n\t<meta property=\"og:image:type\" content=\"image\/jpeg\" \/>\n<meta name=\"twitter:card\" content=\"summary_large_image\" \/>\n<script type=\"application\/ld+json\" class=\"yoast-schema-graph\">{\"@context\":\"https:\/\/schema.org\",\"@graph\":[{\"@type\":\"WebPage\",\"@id\":\"https:\/\/skrina.si\/sl\/product\/soncnica\/\",\"url\":\"https:\/\/skrina.si\/sl\/product\/soncnica\/\",\"name\":\"Son\u010dnica - Etnogalerija Skrina\",\"isPartOf\":{\"@id\":\"https:\/\/skrina.si\/sl\/#website\"},\"datePublished\":\"2022-03-03T15:30:11+00:00\",\"dateModified\":\"2022-05-07T08:55:57+00:00\",\"description\":\"Kot sonce, po katerem so dobile ime, predstavljajo son\u010dnice toplino in svetlobo, so pa tudi simbol za zvestobo in ustvarjalnost.\",\"breadcrumb\":{\"@id\":\"https:\/\/skrina.si\/sl\/product\/soncnica\/#breadcrumb\"},\"inLanguage\":\"sl-SI\",\"potentialAction\":[{\"@type\":\"ReadAction\",\"target\":[\"https:\/\/skrina.si\/sl\/product\/soncnica\/\"]}]},{\"@type\":\"BreadcrumbList\",\"@id\":\"https:\/\/skrina.si\/sl\/product\/soncnica\/#breadcrumb\",\"itemListElement\":[{\"@type\":\"ListItem\",\"position\":1,\"name\":\"Home\",\"item\":\"https:\/\/skrina.si\/\"},{\"@type\":\"ListItem\",\"position\":2,\"name\":\"Shop\",\"item\":\"https:\/\/skrina.si\/shop\/\"},{\"@type\":\"ListItem\",\"position\":3,\"name\":\"Son\u010dnica\"}]},{\"@type\":\"WebSite\",\"@id\":\"https:\/\/skrina.si\/sl\/#website\",\"url\":\"https:\/\/skrina.si\/sl\/\",\"name\":\"Etnogalerija Skrina\",\"description\":\"Tradicija s posluhom\",\"potentialAction\":[{\"@type\":\"SearchAction\",\"target\":{\"@type\":\"EntryPoint\",\"urlTemplate\":\"https:\/\/skrina.si\/sl\/?s={search_term_string}\"},\"query-input\":\"required name=search_term_string\"}],\"inLanguage\":\"sl-SI\"}]}<\/script>\n<!-- \/ Yoast SEO plugin. -->","yoast_head_json":{"title":"Son\u010dnica - Etnogalerija Skrina","description":"Kot sonce, po katerem so dobile ime, predstavljajo son\u010dnice toplino in svetlobo, so pa tudi simbol za zvestobo in ustvarjalnost.","robots":{"index":"index","follow":"follow","max-snippet":"max-snippet:-1","max-image-preview":"max-image-preview:large","max-video-preview":"max-video-preview:-1"},"canonical":"https:\/\/skrina.si\/sl\/product\/soncnica\/","og_locale":"sl_SI","og_type":"article","og_title":"Son\u010dnica - Etnogalerija Skrina","og_description":"Kot sonce, po katerem so dobile ime, predstavljajo son\u010dnice toplino in svetlobo, so pa tudi simbol za zvestobo in ustvarjalnost.","og_url":"https:\/\/skrina.si\/sl\/product\/soncnica\/","og_site_name":"Etnogalerija Skrina","article_modified_time":"2022-05-07T08:55:57+00:00","og_image":[{"width":1619,"height":1213,"url":"https:\/\/skrina.si\/wp-content\/uploads\/2021\/07\/Rozne-vile-soncnica-dekor-Slovenske-cvetlice-roze-Tradicija-s-posluhom-Etno-galerija-Skrina.jpg","type":"image\/jpeg"}],"twitter_card":"summary_large_image","schema":{"@context":"https:\/\/schema.org","@graph":[{"@type":"WebPage","@id":"https:\/\/skrina.si\/sl\/product\/soncnica\/","url":"https:\/\/skrina.si\/sl\/product\/soncnica\/","name":"Son\u010dnica - Etnogalerija Skrina","isPartOf":{"@id":"https:\/\/skrina.si\/sl\/#website"},"datePublished":"2022-03-03T15:30:11+00:00","dateModified":"2022-05-07T08:55:57+00:00","description":"Kot sonce, po katerem so dobile ime, predstavljajo son\u010dnice toplino in svetlobo, so pa tudi simbol za zvestobo in ustvarjalnost.","breadcrumb":{"@id":"https:\/\/skrina.si\/sl\/product\/soncnica\/#breadcrumb"},"inLanguage":"sl-SI","potentialAction":[{"@type":"ReadAction","target":["https:\/\/skrina.si\/sl\/product\/soncnica\/"]}]},{"@type":"BreadcrumbList","@id":"https:\/\/skrina.si\/sl\/product\/soncnica\/#breadcrumb","itemListElement":[{"@type":"ListItem","position":1,"name":"Home","item":"https:\/\/skrina.si\/"},{"@type":"ListItem","position":2,"name":"Shop","item":"https:\/\/skrina.si\/shop\/"},{"@type":"ListItem","position":3,"name":"Son\u010dnica"}]},{"@type":"WebSite","@id":"https:\/\/skrina.si\/sl\/#website","url":"https:\/\/skrina.si\/sl\/","name":"Etnogalerija Skrina","description":"Tradicija s posluhom","potentialAction":[{"@type":"SearchAction","target":{"@type":"EntryPoint","urlTemplate":"https:\/\/skrina.si\/sl\/?s={search_term_string}"},"query-input":"required name=search_term_string"}],"inLanguage":"sl-SI"}]}},"_links":{"self":[{"href":"https:\/\/skrina.si\/sl\/wp-json\/wp\/v2\/product\/3524"}],"collection":[{"href":"https:\/\/skrina.si\/sl\/wp-json\/wp\/v2\/product"}],"about":[{"href":"https:\/\/skrina.si\/sl\/wp-json\/wp\/v2\/types\/product"}],"wp:featuredmedia":[{"embeddable":true,"href":"https:\/\/skrina.si\/sl\/wp-json\/wp\/v2\/media\/8093"}],"wp:attachment":[{"href":"https:\/\/skrina.si\/sl\/wp-json\/wp\/v2\/media?parent=3524"}],"wp:term":[{"taxonomy":"product_cat","embeddable":true,"href":"https:\/\/skrina.si\/sl\/wp-json\/wp\/v2\/product_cat?post=3524"},{"taxonomy":"product_tag","embeddable":true,"href":"https:\/\/skrina.si\/sl\/wp-json\/wp\/v2\/product_tag?post=3524"}],"curies":[{"name":"wp","href":"https:\/\/api.w.org\/{rel}","templated":true}]}}