{"id":3418,"date":"2021-07-09T13:40:44","date_gmt":"2021-07-09T13:40:44","guid":{"rendered":"https:\/\/skrina.si\/?post_type=product&#038;p=3418"},"modified":"2024-04-15T19:28:01","modified_gmt":"2024-04-15T17:28:01","slug":"diy-stool-the-frog-king","status":"publish","type":"product","link":"https:\/\/skrina.si\/sl\/product\/diy-stool-the-frog-king\/","title":{"rendered":"DIY stool The Frog king"},"content":{"rendered":"","protected":false},"excerpt":{"rendered":"<h5>For the Japanese market, we made jointed step stools with the motifs of the <strong><em>world&#8217;s famous fairy tales.<\/em><\/strong><\/h5>\n<h5>DIY stools encourage creativity and develop imagination, and they can be used as rehabilitation equipment.<\/h5>\n<h5>The motif of the fairy tale <strong><em>&#8220;The Frog King&#8221;<\/em><\/strong> by the Grimm brothers is printed on the stool seat, and the buyer colors it by himself with the supplied colours.<\/h5>\n<h5>DIY stools are creative gifts for children and are designed for fun and use by the whole family.<\/h5>\n<p><em>\u00a0<\/em><\/p>\n<h6><em>Details:<\/em><\/h6>\n<ul>\n<li>\n<h6>Jointed step stool &#8211; DIY<\/h6>\n<\/li>\n<li>\n<h6>Size: 400 x 200 x 200 mm<\/h6>\n<\/li>\n<li>\n<h6>Cardboard box: 410 x 230 x 50 mm<\/h6>\n<\/li>\n<li>\n<h6>Color: blue<\/h6>\n<\/li>\n<li>\n<h6>Motif: The Frog king<\/h6>\n<\/li>\n<li>\n<h6>Included: 4 basic non-toxic colors (water-based) and brush<\/h6>\n<\/li>\n<li>\n<h6>Material: MDF<\/h6>\n<\/li>\n<li>\n<h6>EN 71 CERTIFICATE<\/h6>\n<\/li>\n<li>\n<h6><strong><em>An ideal gift for the whole family (regardless of age and gender)<\/em><\/strong><\/h6>\n<\/li>\n<li>\n<h6>easy to send by post<\/h6>\n<\/li>\n<\/ul>\n","protected":false},"featured_media":3419,"template":"","meta":{"_monsterinsights_skip_tracking":false,"_monsterinsights_sitenote_active":false,"_monsterinsights_sitenote_note":"","_monsterinsights_sitenote_category":0},"product_cat":[1623,1638],"product_tag":[1296,1292,1294],"aioseo_notices":[],"yoast_head":"<!-- This site is optimized with the Yoast SEO plugin v22.1 - https:\/\/yoast.com\/wordpress\/plugins\/seo\/ -->\n<title>DIY stool The Frog king - Etnogalerija Skrina<\/title>\n<meta name=\"description\" content=\"Lesena pru\u010dka - \u017dabji kralj. Prikupno ter priro\u010dno darilo za otroke. Kupec sestavljivo pru\u010dko sam pobarva po prilo\u017eeni predlogi in s prilo\u017eenimi barvami.\" \/>\n<meta name=\"robots\" content=\"index, follow, max-snippet:-1, max-image-preview:large, max-video-preview:-1\" \/>\n<link rel=\"canonical\" href=\"https:\/\/skrina.si\/sl\/product\/diy-stool-the-frog-king\/\" \/>\n<meta property=\"og:locale\" content=\"sl_SI\" \/>\n<meta property=\"og:locale:alternate\" content=\"en_GB\" \/>\n<meta property=\"og:type\" content=\"article\" \/>\n<meta property=\"og:title\" content=\"DIY stool The Frog king\" \/>\n<meta property=\"og:description\" content=\"Lesena pru\u010dka - \u017dabji kralj. Prikupno ter priro\u010dno darilo za otroke. Kupec sestavljivo pru\u010dko sam pobarva po prilo\u017eeni predlogi in s prilo\u017eenimi barvami.\" \/>\n<meta property=\"og:url\" content=\"https:\/\/skrina.si\/sl\/product\/diy-stool-the-frog-king\/\" \/>\n<meta property=\"og:site_name\" content=\"Etnogalerija Skrina\" \/>\n<meta property=\"article:modified_time\" content=\"2024-04-15T17:28:01+00:00\" \/>\n<meta property=\"og:image\" content=\"https:\/\/skrina.si\/wp-content\/uploads\/2021\/07\/Prucka-sestavljena-Zabji-kralj-zaba-pravljica.jpg\" \/>\n\t<meta property=\"og:image:width\" content=\"2000\" \/>\n\t<meta property=\"og:image:height\" content=\"1500\" \/>\n\t<meta property=\"og:image:type\" content=\"image\/jpeg\" \/>\n<meta name=\"twitter:card\" content=\"summary_large_image\" \/>\n<meta name=\"twitter:label1\" content=\"Est. reading time\" \/>\n\t<meta name=\"twitter:data1\" content=\"3 minute\" \/>\n<script type=\"application\/ld+json\" class=\"yoast-schema-graph\">{\"@context\":\"https:\/\/schema.org\",\"@graph\":[{\"@type\":\"WebPage\",\"@id\":\"https:\/\/skrina.si\/sl\/product\/diy-stool-the-frog-king\/\",\"url\":\"https:\/\/skrina.si\/sl\/product\/diy-stool-the-frog-king\/\",\"name\":\"[:en]DIY stool The Frog king[:sl]DIY stool The Frog king[:] - Etnogalerija Skrina\",\"isPartOf\":{\"@id\":\"https:\/\/skrina.si\/sl\/#website\"},\"datePublished\":\"2021-07-09T13:40:44+00:00\",\"dateModified\":\"2024-04-15T17:28:01+00:00\",\"description\":\"Lesena pru\u010dka - \u017dabji kralj. Prikupno ter priro\u010dno darilo za otroke. Kupec sestavljivo pru\u010dko sam pobarva po prilo\u017eeni predlogi in s prilo\u017eenimi barvami.\",\"breadcrumb\":{\"@id\":\"https:\/\/skrina.si\/sl\/product\/diy-stool-the-frog-king\/#breadcrumb\"},\"inLanguage\":\"sl-SI\",\"potentialAction\":[{\"@type\":\"ReadAction\",\"target\":[\"https:\/\/skrina.si\/sl\/product\/diy-stool-the-frog-king\/\"]}]},{\"@type\":\"BreadcrumbList\",\"@id\":\"https:\/\/skrina.si\/sl\/product\/diy-stool-the-frog-king\/#breadcrumb\",\"itemListElement\":[{\"@type\":\"ListItem\",\"position\":1,\"name\":\"Home\",\"item\":\"https:\/\/skrina.si\/\"},{\"@type\":\"ListItem\",\"position\":2,\"name\":\"Shop\",\"item\":\"https:\/\/skrina.si\/shop\/\"},{\"@type\":\"ListItem\",\"position\":3,\"name\":\"DIY stool The Frog king\"}]},{\"@type\":\"WebSite\",\"@id\":\"https:\/\/skrina.si\/sl\/#website\",\"url\":\"https:\/\/skrina.si\/sl\/\",\"name\":\"Etnogalerija Skrina\",\"description\":\"Tradicija s posluhom\",\"potentialAction\":[{\"@type\":\"SearchAction\",\"target\":{\"@type\":\"EntryPoint\",\"urlTemplate\":\"https:\/\/skrina.si\/sl\/?s={search_term_string}\"},\"query-input\":\"required name=search_term_string\"}],\"inLanguage\":\"sl-SI\"}]}<\/script>\n<!-- \/ Yoast SEO plugin. -->","yoast_head_json":{"title":"DIY stool The Frog king - Etnogalerija Skrina","description":"Lesena pru\u010dka - \u017dabji kralj. Prikupno ter priro\u010dno darilo za otroke. Kupec sestavljivo pru\u010dko sam pobarva po prilo\u017eeni predlogi in s prilo\u017eenimi barvami.","robots":{"index":"index","follow":"follow","max-snippet":"max-snippet:-1","max-image-preview":"max-image-preview:large","max-video-preview":"max-video-preview:-1"},"canonical":"https:\/\/skrina.si\/sl\/product\/diy-stool-the-frog-king\/","og_locale":"sl_SI","og_type":"article","og_title":"[:en]DIY stool The Frog king[:sl]DIY stool The Frog king[:] - Etnogalerija Skrina","og_description":"Lesena pru\u010dka - \u017dabji kralj. Prikupno ter priro\u010dno darilo za otroke. Kupec sestavljivo pru\u010dko sam pobarva po prilo\u017eeni predlogi in s prilo\u017eenimi barvami.","og_url":"https:\/\/skrina.si\/sl\/product\/diy-stool-the-frog-king\/","og_site_name":"Etnogalerija Skrina","article_modified_time":"2024-04-15T17:28:01+00:00","og_image":[{"width":2000,"height":1500,"url":"https:\/\/skrina.si\/wp-content\/uploads\/2021\/07\/Prucka-sestavljena-Zabji-kralj-zaba-pravljica.jpg","type":"image\/jpeg"}],"twitter_card":"summary_large_image","twitter_misc":{"Est. reading time":"3 minute"},"schema":{"@context":"https:\/\/schema.org","@graph":[{"@type":"WebPage","@id":"https:\/\/skrina.si\/sl\/product\/diy-stool-the-frog-king\/","url":"https:\/\/skrina.si\/sl\/product\/diy-stool-the-frog-king\/","name":"[:en]DIY stool The Frog king[:sl]DIY stool The Frog king[:] - Etnogalerija Skrina","isPartOf":{"@id":"https:\/\/skrina.si\/sl\/#website"},"datePublished":"2021-07-09T13:40:44+00:00","dateModified":"2024-04-15T17:28:01+00:00","description":"Lesena pru\u010dka - \u017dabji kralj. Prikupno ter priro\u010dno darilo za otroke. Kupec sestavljivo pru\u010dko sam pobarva po prilo\u017eeni predlogi in s prilo\u017eenimi barvami.","breadcrumb":{"@id":"https:\/\/skrina.si\/sl\/product\/diy-stool-the-frog-king\/#breadcrumb"},"inLanguage":"sl-SI","potentialAction":[{"@type":"ReadAction","target":["https:\/\/skrina.si\/sl\/product\/diy-stool-the-frog-king\/"]}]},{"@type":"BreadcrumbList","@id":"https:\/\/skrina.si\/sl\/product\/diy-stool-the-frog-king\/#breadcrumb","itemListElement":[{"@type":"ListItem","position":1,"name":"Home","item":"https:\/\/skrina.si\/"},{"@type":"ListItem","position":2,"name":"Shop","item":"https:\/\/skrina.si\/shop\/"},{"@type":"ListItem","position":3,"name":"DIY stool The Frog king"}]},{"@type":"WebSite","@id":"https:\/\/skrina.si\/sl\/#website","url":"https:\/\/skrina.si\/sl\/","name":"Etnogalerija Skrina","description":"Tradicija s posluhom","potentialAction":[{"@type":"SearchAction","target":{"@type":"EntryPoint","urlTemplate":"https:\/\/skrina.si\/sl\/?s={search_term_string}"},"query-input":"required name=search_term_string"}],"inLanguage":"sl-SI"}]}},"_links":{"self":[{"href":"https:\/\/skrina.si\/sl\/wp-json\/wp\/v2\/product\/3418"}],"collection":[{"href":"https:\/\/skrina.si\/sl\/wp-json\/wp\/v2\/product"}],"about":[{"href":"https:\/\/skrina.si\/sl\/wp-json\/wp\/v2\/types\/product"}],"wp:featuredmedia":[{"embeddable":true,"href":"https:\/\/skrina.si\/sl\/wp-json\/wp\/v2\/media\/3419"}],"wp:attachment":[{"href":"https:\/\/skrina.si\/sl\/wp-json\/wp\/v2\/media?parent=3418"}],"wp:term":[{"taxonomy":"product_cat","embeddable":true,"href":"https:\/\/skrina.si\/sl\/wp-json\/wp\/v2\/product_cat?post=3418"},{"taxonomy":"product_tag","embeddable":true,"href":"https:\/\/skrina.si\/sl\/wp-json\/wp\/v2\/product_tag?post=3418"}],"curies":[{"name":"wp","href":"https:\/\/api.w.org\/{rel}","templated":true}]}}