{"id":3329,"date":"2021-07-07T14:15:16","date_gmt":"2021-07-07T14:15:16","guid":{"rendered":"https:\/\/skrina.si\/?post_type=product&#038;p=3329"},"modified":"2024-03-19T15:40:44","modified_gmt":"2024-03-19T14:40:44","slug":"ljubljana","status":"publish","type":"product","link":"https:\/\/skrina.si\/sl\/product\/ljubljana\/","title":{"rendered":"Ljubljana"},"content":{"rendered":"","protected":false},"excerpt":{"rendered":"<h5>Slikarka <strong><em>Ejti \u0160tih<\/em><\/strong>,\u00a0 doma iz Bleda. Po \u0161tudiju na Akademiji za likovno umetnost v Ljubljani je nekaj let delala kot priznana scenografka in kostumografka, nato pa so jo zamikali drugi kraji in drugi obi\u010daji. Vzela je nahrbtnik in od\u0161la v \u0161irni svet, se v Boliviji zaljubila in tam ostala vse do danes.<br \/>\nV Boliviji, kjer jo ume\u0161\u010dajo med najvidnej\u0161e umetnike. Je <strong><em>socialno anga\u017eirana umetnica<\/em><\/strong>, ki osvetljuje problematiko rev\u0161\u010dine, \u017eivljenja navadnih ljudi, globalizacije in podobnih aktualnih dru\u017ebenih tem.<br \/>\nNa svoj izviren, neponovljiv in nekonvencionalen\u00a0 na\u010din, zna\u010dilen samo in edino zanjo, igrivo in hudomu\u0161no, a vendar kriti\u010dno komentira na\u0161e <strong><em>navade in razvade<\/em><\/strong>.<\/h5>\n<h6><em>Lastnosti:<\/em><\/h6>\n<ul>\n<li>\n<h6><em>\u00a0<\/em><em>Naslov dela: Ljubljana<\/em><\/h6>\n<\/li>\n<li>\n<h6><em>Tehnika: olje<\/em><\/h6>\n<\/li>\n<li>\n<h6><em>Dimenzija: 60 x 40 cm<\/em><\/h6>\n<\/li>\n<\/ul>\n","protected":false},"featured_media":3330,"template":"","meta":{"_monsterinsights_skip_tracking":false,"_monsterinsights_sitenote_active":false,"_monsterinsights_sitenote_note":"","_monsterinsights_sitenote_category":0},"product_cat":[179,66],"product_tag":[91,80,182],"aioseo_notices":[],"yoast_head":"<!-- This site is optimized with the Yoast SEO plugin v22.1 - https:\/\/yoast.com\/wordpress\/plugins\/seo\/ -->\n<title>Ljubljana - Etnogalerija Skrina<\/title>\n<meta name=\"robots\" content=\"index, follow, max-snippet:-1, max-image-preview:large, max-video-preview:-1\" \/>\n<link rel=\"canonical\" href=\"https:\/\/skrina.si\/sl\/product\/ljubljana\/\" \/>\n<meta property=\"og:locale\" content=\"sl_SI\" \/>\n<meta property=\"og:locale:alternate\" content=\"en_GB\" \/>\n<meta property=\"og:type\" content=\"article\" \/>\n<meta property=\"og:title\" content=\"Ljubljana - Etnogalerija Skrina\" \/>\n<meta property=\"og:description\" content=\"Slikarka Ejti \u0160tih,\u00a0 doma iz Bleda. Po \u0161tudiju na Akademiji za likovno umetnost v Ljubljani je nekaj let delala kot priznana scenografka in kostumografka, nato pa so jo zamikali drugi kraji in drugi obi\u010daji. Vzela je nahrbtnik in od\u0161la v \u0161irni svet, se v Boliviji zaljubila in tam ostala vse do danes. V Boliviji, kjer jo ume\u0161\u010dajo med najvidnej\u0161e umetnike. Je socialno anga\u017eirana umetnica, ki osvetljuje problematiko rev\u0161\u010dine, \u017eivljenja navadnih ljudi, globalizacije in podobnih aktualnih dru\u017ebenih tem. Na svoj izviren, neponovljiv in nekonvencionalen\u00a0 na\u010din, zna\u010dilen samo in edino zanjo, igrivo in hudomu\u0161no, a vendar kriti\u010dno komentira na\u0161e navade in razvade. Lastnosti:    \u00a0Naslov dela: Ljubljana    Tehnika: olje    Dimenzija: 60 x 40 cm\" \/>\n<meta property=\"og:url\" content=\"https:\/\/skrina.si\/sl\/product\/ljubljana\/\" \/>\n<meta property=\"og:site_name\" content=\"Etnogalerija Skrina\" \/>\n<meta property=\"article:modified_time\" content=\"2024-03-19T14:40:44+00:00\" \/>\n<meta property=\"og:image\" content=\"https:\/\/skrina.si\/wp-content\/uploads\/2021\/07\/Ejti-Stih-Ljubljana.jpg\" \/>\n\t<meta property=\"og:image:width\" content=\"2000\" \/>\n\t<meta property=\"og:image:height\" content=\"1500\" \/>\n\t<meta property=\"og:image:type\" content=\"image\/jpeg\" \/>\n<meta name=\"twitter:card\" content=\"summary_large_image\" \/>\n<meta name=\"twitter:label1\" content=\"Est. reading time\" \/>\n\t<meta name=\"twitter:data1\" content=\"1 minuta\" \/>\n<script type=\"application\/ld+json\" class=\"yoast-schema-graph\">{\"@context\":\"https:\/\/schema.org\",\"@graph\":[{\"@type\":\"WebPage\",\"@id\":\"https:\/\/skrina.si\/sl\/product\/ljubljana\/\",\"url\":\"https:\/\/skrina.si\/sl\/product\/ljubljana\/\",\"name\":\"Ljubljana - Etnogalerija Skrina\",\"isPartOf\":{\"@id\":\"https:\/\/skrina.si\/sl\/#website\"},\"datePublished\":\"2021-07-07T14:15:16+00:00\",\"dateModified\":\"2024-03-19T14:40:44+00:00\",\"breadcrumb\":{\"@id\":\"https:\/\/skrina.si\/sl\/product\/ljubljana\/#breadcrumb\"},\"inLanguage\":\"sl-SI\",\"potentialAction\":[{\"@type\":\"ReadAction\",\"target\":[\"https:\/\/skrina.si\/sl\/product\/ljubljana\/\"]}]},{\"@type\":\"BreadcrumbList\",\"@id\":\"https:\/\/skrina.si\/sl\/product\/ljubljana\/#breadcrumb\",\"itemListElement\":[{\"@type\":\"ListItem\",\"position\":1,\"name\":\"Home\",\"item\":\"https:\/\/skrina.si\/\"},{\"@type\":\"ListItem\",\"position\":2,\"name\":\"Shop\",\"item\":\"https:\/\/skrina.si\/shop\/\"},{\"@type\":\"ListItem\",\"position\":3,\"name\":\"Ljubljana\"}]},{\"@type\":\"WebSite\",\"@id\":\"https:\/\/skrina.si\/sl\/#website\",\"url\":\"https:\/\/skrina.si\/sl\/\",\"name\":\"Etnogalerija Skrina\",\"description\":\"Tradicija s posluhom\",\"potentialAction\":[{\"@type\":\"SearchAction\",\"target\":{\"@type\":\"EntryPoint\",\"urlTemplate\":\"https:\/\/skrina.si\/sl\/?s={search_term_string}\"},\"query-input\":\"required name=search_term_string\"}],\"inLanguage\":\"sl-SI\"}]}<\/script>\n<!-- \/ Yoast SEO plugin. -->","yoast_head_json":{"title":"Ljubljana - Etnogalerija Skrina","robots":{"index":"index","follow":"follow","max-snippet":"max-snippet:-1","max-image-preview":"max-image-preview:large","max-video-preview":"max-video-preview:-1"},"canonical":"https:\/\/skrina.si\/sl\/product\/ljubljana\/","og_locale":"sl_SI","og_type":"article","og_title":"Ljubljana - Etnogalerija Skrina","og_description":"Slikarka Ejti \u0160tih,\u00a0 doma iz Bleda. Po \u0161tudiju na Akademiji za likovno umetnost v Ljubljani je nekaj let delala kot priznana scenografka in kostumografka, nato pa so jo zamikali drugi kraji in drugi obi\u010daji. Vzela je nahrbtnik in od\u0161la v \u0161irni svet, se v Boliviji zaljubila in tam ostala vse do danes. V Boliviji, kjer jo ume\u0161\u010dajo med najvidnej\u0161e umetnike. Je socialno anga\u017eirana umetnica, ki osvetljuje problematiko rev\u0161\u010dine, \u017eivljenja navadnih ljudi, globalizacije in podobnih aktualnih dru\u017ebenih tem. Na svoj izviren, neponovljiv in nekonvencionalen\u00a0 na\u010din, zna\u010dilen samo in edino zanjo, igrivo in hudomu\u0161no, a vendar kriti\u010dno komentira na\u0161e navade in razvade. Lastnosti:    \u00a0Naslov dela: Ljubljana    Tehnika: olje    Dimenzija: 60 x 40 cm","og_url":"https:\/\/skrina.si\/sl\/product\/ljubljana\/","og_site_name":"Etnogalerija Skrina","article_modified_time":"2024-03-19T14:40:44+00:00","og_image":[{"width":2000,"height":1500,"url":"https:\/\/skrina.si\/wp-content\/uploads\/2021\/07\/Ejti-Stih-Ljubljana.jpg","type":"image\/jpeg"}],"twitter_card":"summary_large_image","twitter_misc":{"Est. reading time":"1 minuta"},"schema":{"@context":"https:\/\/schema.org","@graph":[{"@type":"WebPage","@id":"https:\/\/skrina.si\/sl\/product\/ljubljana\/","url":"https:\/\/skrina.si\/sl\/product\/ljubljana\/","name":"Ljubljana - Etnogalerija Skrina","isPartOf":{"@id":"https:\/\/skrina.si\/sl\/#website"},"datePublished":"2021-07-07T14:15:16+00:00","dateModified":"2024-03-19T14:40:44+00:00","breadcrumb":{"@id":"https:\/\/skrina.si\/sl\/product\/ljubljana\/#breadcrumb"},"inLanguage":"sl-SI","potentialAction":[{"@type":"ReadAction","target":["https:\/\/skrina.si\/sl\/product\/ljubljana\/"]}]},{"@type":"BreadcrumbList","@id":"https:\/\/skrina.si\/sl\/product\/ljubljana\/#breadcrumb","itemListElement":[{"@type":"ListItem","position":1,"name":"Home","item":"https:\/\/skrina.si\/"},{"@type":"ListItem","position":2,"name":"Shop","item":"https:\/\/skrina.si\/shop\/"},{"@type":"ListItem","position":3,"name":"Ljubljana"}]},{"@type":"WebSite","@id":"https:\/\/skrina.si\/sl\/#website","url":"https:\/\/skrina.si\/sl\/","name":"Etnogalerija Skrina","description":"Tradicija s posluhom","potentialAction":[{"@type":"SearchAction","target":{"@type":"EntryPoint","urlTemplate":"https:\/\/skrina.si\/sl\/?s={search_term_string}"},"query-input":"required name=search_term_string"}],"inLanguage":"sl-SI"}]}},"_links":{"self":[{"href":"https:\/\/skrina.si\/sl\/wp-json\/wp\/v2\/product\/3329"}],"collection":[{"href":"https:\/\/skrina.si\/sl\/wp-json\/wp\/v2\/product"}],"about":[{"href":"https:\/\/skrina.si\/sl\/wp-json\/wp\/v2\/types\/product"}],"wp:featuredmedia":[{"embeddable":true,"href":"https:\/\/skrina.si\/sl\/wp-json\/wp\/v2\/media\/3330"}],"wp:attachment":[{"href":"https:\/\/skrina.si\/sl\/wp-json\/wp\/v2\/media?parent=3329"}],"wp:term":[{"taxonomy":"product_cat","embeddable":true,"href":"https:\/\/skrina.si\/sl\/wp-json\/wp\/v2\/product_cat?post=3329"},{"taxonomy":"product_tag","embeddable":true,"href":"https:\/\/skrina.si\/sl\/wp-json\/wp\/v2\/product_tag?post=3329"}],"curies":[{"name":"wp","href":"https:\/\/api.w.org\/{rel}","templated":true}]}}