{"id":3178,"date":"2022-03-03T13:45:33","date_gmt":"2022-03-03T13:45:33","guid":{"rendered":"https:\/\/skrina.si\/?post_type=product&#038;p=3178"},"modified":"2024-03-11T19:25:58","modified_gmt":"2024-03-11T18:25:58","slug":"vrtnica","status":"publish","type":"product","link":"https:\/\/skrina.si\/sl\/product\/vrtnica\/","title":{"rendered":"Vrtnica"},"content":{"rendered":"","protected":false},"excerpt":{"rendered":"<h5>Zaradi izjemne lepote in izbranega vonja pripada <strong><em>vrtnici<\/em><\/strong> v svetu cvetlic posebno mesto in v \u0161tevilnih kulturah velja za <strong><em>kraljico ro\u017e.\u00a0 <\/em><\/strong>Njena simbolika je nadvse bogata, po vsem svetu pa je uveljavljena kot tradicionalni simbol ljubezni in lepote. Opevali in poveli\u010devali so jo \u0161tevilni pesniki in pisatelji in \u00a0tudi v glasbi in likovni umetnosti je vrtnica od antike do dana\u0161njih dni obdr\u017eala <strong><em>sloves ro\u017ee vseh ro\u017e. <\/em><\/strong>Vse do danes so ohranile tudi dekorativno vlogo, ki je najlep\u0161e razvidna v cvetli\u010dnih bordurah, v nakitu in v drobnih predmetih vsakdanje rabe. Tudi v Sloveniji velja vrtnica za \u017elahtno ro\u017eo in od nekdaj krasi \u0161tevilne slovenske vrtove, v\u010dasih pa je bila vrtnica na vrtu skoraj obvezna in gospodinje so pogosto tekmovale med seboj katera ima najlep\u0161o. \u0160e prav posebno pomen ima <strong><em>rde\u010da vrtnica<\/em><\/strong>, simbol ljubezni, strasti in naklonjenosti.<\/h5>\n<h6><em>Podrobnosti:<\/em><\/h6>\n<ul>\n<li>\n<h6>Velikost: vi\u0161ina 12 cm, \u0161irina 8\/6 cm<\/h6>\n<\/li>\n<li>\n<h6>Material: Keramika<\/h6>\n<\/li>\n<li>\n<h6>V darilni vre\u010dki s prilo\u017eenim certifikatom<\/h6>\n<\/li>\n<li>\n<h6>Oblikovano z ljubeznijo do detajlov<\/h6>\n<\/li>\n<li>\n<h6>Idealno darilo za ljubitelje ro\u017e in ob\u010dudovalce vrtnic<\/h6>\n<\/li>\n<\/ul>\n","protected":false},"featured_media":8142,"template":"","meta":{"_monsterinsights_skip_tracking":false,"_monsterinsights_sitenote_active":false,"_monsterinsights_sitenote_note":"","_monsterinsights_sitenote_category":0},"product_cat":[103,686],"product_tag":[151,41,158],"aioseo_notices":[],"yoast_head":"<!-- This site is optimized with the Yoast SEO plugin v22.1 - https:\/\/yoast.com\/wordpress\/plugins\/seo\/ -->\n<title>Vrtnica - Etnogalerija Skrina<\/title>\n<meta name=\"description\" content=\"Njena simbolika je nadvse bogata, po vsem svetu pa je uveljavljena kot tradicionalni simbol ljubezni in lepote.\" \/>\n<meta name=\"robots\" content=\"index, follow, max-snippet:-1, max-image-preview:large, max-video-preview:-1\" \/>\n<link rel=\"canonical\" href=\"https:\/\/skrina.si\/sl\/product\/vrtnica\/\" \/>\n<meta property=\"og:locale\" content=\"sl_SI\" \/>\n<meta property=\"og:locale:alternate\" content=\"en_GB\" \/>\n<meta property=\"og:type\" content=\"article\" \/>\n<meta property=\"og:title\" content=\"Vrtnica - Etnogalerija Skrina\" \/>\n<meta property=\"og:description\" content=\"Njena simbolika je nadvse bogata, po vsem svetu pa je uveljavljena kot tradicionalni simbol ljubezni in lepote.\" \/>\n<meta property=\"og:url\" content=\"https:\/\/skrina.si\/sl\/product\/vrtnica\/\" \/>\n<meta property=\"og:site_name\" content=\"Etnogalerija Skrina\" \/>\n<meta property=\"article:modified_time\" content=\"2024-03-11T18:25:58+00:00\" \/>\n<meta property=\"og:image\" content=\"https:\/\/skrina.si\/wp-content\/uploads\/2021\/07\/Rozne-vile-roza-vrtnica-dekor-Slovenske-cvetlice-roze-Tradicija-s-posluhom-Etno-galerija-Skrina.jpg\" \/>\n\t<meta property=\"og:image:width\" content=\"1619\" \/>\n\t<meta property=\"og:image:height\" content=\"1213\" \/>\n\t<meta property=\"og:image:type\" content=\"image\/jpeg\" \/>\n<meta name=\"twitter:card\" content=\"summary_large_image\" \/>\n<meta name=\"twitter:label1\" content=\"Est. reading time\" \/>\n\t<meta name=\"twitter:data1\" content=\"1 minuta\" \/>\n<script type=\"application\/ld+json\" class=\"yoast-schema-graph\">{\"@context\":\"https:\/\/schema.org\",\"@graph\":[{\"@type\":\"WebPage\",\"@id\":\"https:\/\/skrina.si\/sl\/product\/vrtnica\/\",\"url\":\"https:\/\/skrina.si\/sl\/product\/vrtnica\/\",\"name\":\"Vrtnica - Etnogalerija Skrina\",\"isPartOf\":{\"@id\":\"https:\/\/skrina.si\/sl\/#website\"},\"datePublished\":\"2022-03-03T13:45:33+00:00\",\"dateModified\":\"2024-03-11T18:25:58+00:00\",\"description\":\"Njena simbolika je nadvse bogata, po vsem svetu pa je uveljavljena kot tradicionalni simbol ljubezni in lepote.\",\"breadcrumb\":{\"@id\":\"https:\/\/skrina.si\/sl\/product\/vrtnica\/#breadcrumb\"},\"inLanguage\":\"sl-SI\",\"potentialAction\":[{\"@type\":\"ReadAction\",\"target\":[\"https:\/\/skrina.si\/sl\/product\/vrtnica\/\"]}]},{\"@type\":\"BreadcrumbList\",\"@id\":\"https:\/\/skrina.si\/sl\/product\/vrtnica\/#breadcrumb\",\"itemListElement\":[{\"@type\":\"ListItem\",\"position\":1,\"name\":\"Home\",\"item\":\"https:\/\/skrina.si\/\"},{\"@type\":\"ListItem\",\"position\":2,\"name\":\"Shop\",\"item\":\"https:\/\/skrina.si\/shop\/\"},{\"@type\":\"ListItem\",\"position\":3,\"name\":\"Vrtnica\"}]},{\"@type\":\"WebSite\",\"@id\":\"https:\/\/skrina.si\/sl\/#website\",\"url\":\"https:\/\/skrina.si\/sl\/\",\"name\":\"Etnogalerija Skrina\",\"description\":\"Tradicija s posluhom\",\"potentialAction\":[{\"@type\":\"SearchAction\",\"target\":{\"@type\":\"EntryPoint\",\"urlTemplate\":\"https:\/\/skrina.si\/sl\/?s={search_term_string}\"},\"query-input\":\"required name=search_term_string\"}],\"inLanguage\":\"sl-SI\"}]}<\/script>\n<!-- \/ Yoast SEO plugin. -->","yoast_head_json":{"title":"Vrtnica - Etnogalerija Skrina","description":"Njena simbolika je nadvse bogata, po vsem svetu pa je uveljavljena kot tradicionalni simbol ljubezni in lepote.","robots":{"index":"index","follow":"follow","max-snippet":"max-snippet:-1","max-image-preview":"max-image-preview:large","max-video-preview":"max-video-preview:-1"},"canonical":"https:\/\/skrina.si\/sl\/product\/vrtnica\/","og_locale":"sl_SI","og_type":"article","og_title":"Vrtnica - Etnogalerija Skrina","og_description":"Njena simbolika je nadvse bogata, po vsem svetu pa je uveljavljena kot tradicionalni simbol ljubezni in lepote.","og_url":"https:\/\/skrina.si\/sl\/product\/vrtnica\/","og_site_name":"Etnogalerija Skrina","article_modified_time":"2024-03-11T18:25:58+00:00","og_image":[{"width":1619,"height":1213,"url":"https:\/\/skrina.si\/wp-content\/uploads\/2021\/07\/Rozne-vile-roza-vrtnica-dekor-Slovenske-cvetlice-roze-Tradicija-s-posluhom-Etno-galerija-Skrina.jpg","type":"image\/jpeg"}],"twitter_card":"summary_large_image","twitter_misc":{"Est. reading time":"1 minuta"},"schema":{"@context":"https:\/\/schema.org","@graph":[{"@type":"WebPage","@id":"https:\/\/skrina.si\/sl\/product\/vrtnica\/","url":"https:\/\/skrina.si\/sl\/product\/vrtnica\/","name":"Vrtnica - Etnogalerija Skrina","isPartOf":{"@id":"https:\/\/skrina.si\/sl\/#website"},"datePublished":"2022-03-03T13:45:33+00:00","dateModified":"2024-03-11T18:25:58+00:00","description":"Njena simbolika je nadvse bogata, po vsem svetu pa je uveljavljena kot tradicionalni simbol ljubezni in lepote.","breadcrumb":{"@id":"https:\/\/skrina.si\/sl\/product\/vrtnica\/#breadcrumb"},"inLanguage":"sl-SI","potentialAction":[{"@type":"ReadAction","target":["https:\/\/skrina.si\/sl\/product\/vrtnica\/"]}]},{"@type":"BreadcrumbList","@id":"https:\/\/skrina.si\/sl\/product\/vrtnica\/#breadcrumb","itemListElement":[{"@type":"ListItem","position":1,"name":"Home","item":"https:\/\/skrina.si\/"},{"@type":"ListItem","position":2,"name":"Shop","item":"https:\/\/skrina.si\/shop\/"},{"@type":"ListItem","position":3,"name":"Vrtnica"}]},{"@type":"WebSite","@id":"https:\/\/skrina.si\/sl\/#website","url":"https:\/\/skrina.si\/sl\/","name":"Etnogalerija Skrina","description":"Tradicija s posluhom","potentialAction":[{"@type":"SearchAction","target":{"@type":"EntryPoint","urlTemplate":"https:\/\/skrina.si\/sl\/?s={search_term_string}"},"query-input":"required name=search_term_string"}],"inLanguage":"sl-SI"}]}},"_links":{"self":[{"href":"https:\/\/skrina.si\/sl\/wp-json\/wp\/v2\/product\/3178"}],"collection":[{"href":"https:\/\/skrina.si\/sl\/wp-json\/wp\/v2\/product"}],"about":[{"href":"https:\/\/skrina.si\/sl\/wp-json\/wp\/v2\/types\/product"}],"wp:featuredmedia":[{"embeddable":true,"href":"https:\/\/skrina.si\/sl\/wp-json\/wp\/v2\/media\/8142"}],"wp:attachment":[{"href":"https:\/\/skrina.si\/sl\/wp-json\/wp\/v2\/media?parent=3178"}],"wp:term":[{"taxonomy":"product_cat","embeddable":true,"href":"https:\/\/skrina.si\/sl\/wp-json\/wp\/v2\/product_cat?post=3178"},{"taxonomy":"product_tag","embeddable":true,"href":"https:\/\/skrina.si\/sl\/wp-json\/wp\/v2\/product_tag?post=3178"}],"curies":[{"name":"wp","href":"https:\/\/api.w.org\/{rel}","templated":true}]}}