{"id":3173,"date":"2022-03-03T15:15:43","date_gmt":"2022-03-03T14:15:43","guid":{"rendered":"https:\/\/skrina.si\/?post_type=product&#038;p=3173"},"modified":"2024-09-21T20:06:48","modified_gmt":"2024-09-21T18:06:48","slug":"tulipan","status":"publish","type":"product","link":"https:\/\/skrina.si\/sl\/product\/tulipan\/","title":{"rendered":"Tulipan"},"content":{"rendered":"","protected":false},"excerpt":{"rendered":"<h5>Veliko ljudi je prepri\u010danih, da<strong><em> tulipani<\/em><\/strong> izvirajo iz Nizozemske, v resnici so jih na Holandsko pripeljali v za\u010detku 16. stoletja iz osrednje Azije.<br \/>\nNjegov prihod\u00a0 se je\u00a0 sprevrgel v pravi triumf; med navdu\u0161enimi ljubitelji ro\u017e je \u010dez no\u010d postal simbol lepote, razko\u0161ja in pravlji\u010dnega bogastva, pa tudi napuha, ne\u010dimrnosti in ni\u010devosti. Peti\u010dni navdu\u0161enci so bili pripravljeni \u010debulice redkih vrst odtehtati v zlatu; iz trgovinskih zapisov vemo, da so zbiralci za nekaj \u010debulic od\u0161teli toliko kot za me\u0161\u010dansko hi\u0161o ali srednje veliko jadrnico.<br \/>\nObstaja ve\u010d kot 3000 razli\u010dnih tulipanov. Rde\u010di tulipani pomenijo ljubezen, beli simbolizirajo odpu\u0161\u010danje in opravi\u010dilo, vijoli\u010dasti pa modro kri. \u010crnih tulipanov v naravi ni, so pa \u017elahtnitelji s kri\u017eanjem ustvarili tulipane temno vijoli\u010dne barve, ki so videti skoraj \u010drni. Sorto so poimenovali &#8216;Kraljica no\u010di&#8217; in je izredno priljubljena.<\/h5>\n<h6><em>Podrobnosti:<\/em><\/h6>\n<ul>\n<li>\n<h6>Velikost: vi\u0161ina 12\/13 cm, \u0161irina 7\/8 cm<\/h6>\n<\/li>\n<li>\n<h6>Material: Keramika<\/h6>\n<\/li>\n<li>\n<h6>V darilni vre\u010dki s prilo\u017eenim certifikatom<\/h6>\n<\/li>\n<li>\n<h6>Oblikovano z ljubeznijo do detajlov<\/h6>\n<\/li>\n<\/ul>\n<h6>Idealno darilo za ljubitelje ro\u017e in obo\u017eevalce tulipanov<\/h6>\n","protected":false},"featured_media":8098,"template":"","meta":{"_monsterinsights_skip_tracking":false,"_monsterinsights_sitenote_active":false,"_monsterinsights_sitenote_note":"","_monsterinsights_sitenote_category":0},"product_cat":[686,1041],"product_tag":[1442],"aioseo_notices":[],"yoast_head":"<!-- This site is optimized with the Yoast SEO plugin v22.1 - https:\/\/yoast.com\/wordpress\/plugins\/seo\/ -->\n<title>Tulipan - Etnogalerija Skrina<\/title>\n<meta name=\"description\" content=\"There are more than 3000 different tulips. Red tulips represent love, white tulips symbolize forgiveness and apology, and purple tulips represent blue blood\" \/>\n<meta name=\"robots\" content=\"index, follow, max-snippet:-1, max-image-preview:large, max-video-preview:-1\" \/>\n<link rel=\"canonical\" href=\"https:\/\/skrina.si\/sl\/product\/tulipan\/\" \/>\n<meta property=\"og:locale\" content=\"sl_SI\" \/>\n<meta property=\"og:locale:alternate\" content=\"en_GB\" \/>\n<meta property=\"og:type\" content=\"article\" \/>\n<meta property=\"og:title\" content=\"Tulipan\" \/>\n<meta property=\"og:description\" content=\"There are more than 3000 different tulips. Red tulips represent love, white tulips symbolize forgiveness and apology, and purple tulips represent blue blood\" \/>\n<meta property=\"og:url\" content=\"https:\/\/skrina.si\/sl\/product\/tulipan\/\" \/>\n<meta property=\"og:site_name\" content=\"Etnogalerija Skrina\" \/>\n<meta property=\"article:modified_time\" content=\"2024-09-21T18:06:48+00:00\" \/>\n<meta property=\"og:image\" content=\"https:\/\/skrina.si\/wp-content\/uploads\/2021\/07\/Rozne-vile-tulipan-roza-dekor-Slovenske-cvetlice-roze-Tradicija-s-posluhom-Etno-galerija-Skrina.jpg\" \/>\n\t<meta property=\"og:image:width\" content=\"1619\" \/>\n\t<meta property=\"og:image:height\" content=\"1213\" \/>\n\t<meta property=\"og:image:type\" content=\"image\/jpeg\" \/>\n<meta name=\"twitter:card\" content=\"summary_large_image\" \/>\n<meta name=\"twitter:label1\" content=\"Est. reading time\" \/>\n\t<meta name=\"twitter:data1\" content=\"1 minuta\" \/>\n<script type=\"application\/ld+json\" class=\"yoast-schema-graph\">{\"@context\":\"https:\/\/schema.org\",\"@graph\":[{\"@type\":\"WebPage\",\"@id\":\"https:\/\/skrina.si\/sl\/product\/tulipan\/\",\"url\":\"https:\/\/skrina.si\/sl\/product\/tulipan\/\",\"name\":\"[:en]Tulip[:sl]Tulipan[:] - Etnogalerija Skrina\",\"isPartOf\":{\"@id\":\"https:\/\/skrina.si\/sl\/#website\"},\"datePublished\":\"2022-03-03T14:15:43+00:00\",\"dateModified\":\"2024-09-21T18:06:48+00:00\",\"description\":\"There are more than 3000 different tulips. Red tulips represent love, white tulips symbolize forgiveness and apology, and purple tulips represent blue blood\",\"breadcrumb\":{\"@id\":\"https:\/\/skrina.si\/sl\/product\/tulipan\/#breadcrumb\"},\"inLanguage\":\"sl-SI\",\"potentialAction\":[{\"@type\":\"ReadAction\",\"target\":[\"https:\/\/skrina.si\/sl\/product\/tulipan\/\"]}]},{\"@type\":\"BreadcrumbList\",\"@id\":\"https:\/\/skrina.si\/sl\/product\/tulipan\/#breadcrumb\",\"itemListElement\":[{\"@type\":\"ListItem\",\"position\":1,\"name\":\"Home\",\"item\":\"https:\/\/skrina.si\/\"},{\"@type\":\"ListItem\",\"position\":2,\"name\":\"Shop\",\"item\":\"https:\/\/skrina.si\/shop\/\"},{\"@type\":\"ListItem\",\"position\":3,\"name\":\"Tulip\"}]},{\"@type\":\"WebSite\",\"@id\":\"https:\/\/skrina.si\/sl\/#website\",\"url\":\"https:\/\/skrina.si\/sl\/\",\"name\":\"Etnogalerija Skrina\",\"description\":\"Tradicija s posluhom\",\"potentialAction\":[{\"@type\":\"SearchAction\",\"target\":{\"@type\":\"EntryPoint\",\"urlTemplate\":\"https:\/\/skrina.si\/sl\/?s={search_term_string}\"},\"query-input\":\"required name=search_term_string\"}],\"inLanguage\":\"sl-SI\"}]}<\/script>\n<!-- \/ Yoast SEO plugin. -->","yoast_head_json":{"title":"Tulipan - Etnogalerija Skrina","description":"There are more than 3000 different tulips. Red tulips represent love, white tulips symbolize forgiveness and apology, and purple tulips represent blue blood","robots":{"index":"index","follow":"follow","max-snippet":"max-snippet:-1","max-image-preview":"max-image-preview:large","max-video-preview":"max-video-preview:-1"},"canonical":"https:\/\/skrina.si\/sl\/product\/tulipan\/","og_locale":"sl_SI","og_type":"article","og_title":"[:en]Tulip[:sl]Tulipan[:] - Etnogalerija Skrina","og_description":"There are more than 3000 different tulips. Red tulips represent love, white tulips symbolize forgiveness and apology, and purple tulips represent blue blood","og_url":"https:\/\/skrina.si\/sl\/product\/tulipan\/","og_site_name":"Etnogalerija Skrina","article_modified_time":"2024-09-21T18:06:48+00:00","og_image":[{"width":1619,"height":1213,"url":"https:\/\/skrina.si\/wp-content\/uploads\/2021\/07\/Rozne-vile-tulipan-roza-dekor-Slovenske-cvetlice-roze-Tradicija-s-posluhom-Etno-galerija-Skrina.jpg","type":"image\/jpeg"}],"twitter_card":"summary_large_image","twitter_misc":{"Est. reading time":"1 minuta"},"schema":{"@context":"https:\/\/schema.org","@graph":[{"@type":"WebPage","@id":"https:\/\/skrina.si\/sl\/product\/tulipan\/","url":"https:\/\/skrina.si\/sl\/product\/tulipan\/","name":"[:en]Tulip[:sl]Tulipan[:] - Etnogalerija Skrina","isPartOf":{"@id":"https:\/\/skrina.si\/sl\/#website"},"datePublished":"2022-03-03T14:15:43+00:00","dateModified":"2024-09-21T18:06:48+00:00","description":"There are more than 3000 different tulips. Red tulips represent love, white tulips symbolize forgiveness and apology, and purple tulips represent blue blood","breadcrumb":{"@id":"https:\/\/skrina.si\/sl\/product\/tulipan\/#breadcrumb"},"inLanguage":"sl-SI","potentialAction":[{"@type":"ReadAction","target":["https:\/\/skrina.si\/sl\/product\/tulipan\/"]}]},{"@type":"BreadcrumbList","@id":"https:\/\/skrina.si\/sl\/product\/tulipan\/#breadcrumb","itemListElement":[{"@type":"ListItem","position":1,"name":"Home","item":"https:\/\/skrina.si\/"},{"@type":"ListItem","position":2,"name":"Shop","item":"https:\/\/skrina.si\/shop\/"},{"@type":"ListItem","position":3,"name":"Tulip"}]},{"@type":"WebSite","@id":"https:\/\/skrina.si\/sl\/#website","url":"https:\/\/skrina.si\/sl\/","name":"Etnogalerija Skrina","description":"Tradicija s posluhom","potentialAction":[{"@type":"SearchAction","target":{"@type":"EntryPoint","urlTemplate":"https:\/\/skrina.si\/sl\/?s={search_term_string}"},"query-input":"required name=search_term_string"}],"inLanguage":"sl-SI"}]}},"_links":{"self":[{"href":"https:\/\/skrina.si\/sl\/wp-json\/wp\/v2\/product\/3173"}],"collection":[{"href":"https:\/\/skrina.si\/sl\/wp-json\/wp\/v2\/product"}],"about":[{"href":"https:\/\/skrina.si\/sl\/wp-json\/wp\/v2\/types\/product"}],"wp:featuredmedia":[{"embeddable":true,"href":"https:\/\/skrina.si\/sl\/wp-json\/wp\/v2\/media\/8098"}],"wp:attachment":[{"href":"https:\/\/skrina.si\/sl\/wp-json\/wp\/v2\/media?parent=3173"}],"wp:term":[{"taxonomy":"product_cat","embeddable":true,"href":"https:\/\/skrina.si\/sl\/wp-json\/wp\/v2\/product_cat?post=3173"},{"taxonomy":"product_tag","embeddable":true,"href":"https:\/\/skrina.si\/sl\/wp-json\/wp\/v2\/product_tag?post=3173"}],"curies":[{"name":"wp","href":"https:\/\/api.w.org\/{rel}","templated":true}]}}