{"id":3171,"date":"2022-03-03T14:45:33","date_gmt":"2022-03-03T14:45:33","guid":{"rendered":"https:\/\/skrina.si\/?post_type=product&#038;p=3171"},"modified":"2022-05-07T08:57:19","modified_gmt":"2022-05-07T08:57:19","slug":"magnolija","status":"publish","type":"product","link":"https:\/\/skrina.si\/sl\/product\/magnolija\/","title":{"rendered":"Magnolija"},"content":{"rendered":"","protected":false},"excerpt":{"rendered":"<h5>V Evropo je <strong><em>magnolija<\/em><\/strong> pri\u0161la iz Kitajske. Legenda pripoveduje, da je imel v davnih \u010dasih, samo cesar pravico opazovati cveto\u010do magnolijo. Lahko pa je elegantno, ro\u017enato vejico tudi podaril, vendar samo svojemu najzvestej\u0161emu slu\u017eabniku. Poleg tega nekateri trdijo, da je prvo drevo raslo na grobu starodavnega modreca <strong><em>Konfucija<\/em><\/strong>, toda tudi to je samo domneva.<br \/>\nKasneje je magnolija postala priljubljena po vsem svetu in tudi v Sloveniji, kjer\u00a0 krasi \u0161tevilne parke in vrtove. V jeziku cvetja pa magnolija simbolizira vztrajnost in trmo in sporo\u010da: <strong><em>\u00bbVseeno bo\u0161 z mano.\u00ab<\/em><\/strong> Tudi ta razlaga je pri\u0161la iz skrivnostnega Vzhoda, kjer majhna bledo vijoli\u010dasta vejica magnolije pove vse o \u010dustvih darovalca. Zaradi te prispodobe se magnolija pogosto uporablja pri pripravi poro\u010dnih \u0161opkov, saj cvet velja tudi za simbol \u017eenske lepote, ne\u017enosti in nedol\u017enosti.<\/h5>\n<h6><em>Podrobnosti:<\/em><\/h6>\n<ul>\n<li>\n<h6>Velikost: vi\u0161ina 12 cm, \u0161irina 6 cm<\/h6>\n<\/li>\n<li>\n<h6>Material: Keramika<\/h6>\n<\/li>\n<li>\n<h6>V darilni vre\u010dki s prilo\u017eenim certifikatom<\/h6>\n<\/li>\n<li>\n<h6>Oblikovano z ljubeznijo do detajlov<\/h6>\n<\/li>\n<\/ul>\n","protected":false},"featured_media":8125,"template":"","meta":{"_monsterinsights_skip_tracking":false,"_monsterinsights_sitenote_active":false,"_monsterinsights_sitenote_note":"","_monsterinsights_sitenote_category":0},"product_cat":[103,686],"product_tag":[151,155,41],"aioseo_notices":[],"yoast_head":"<!-- This site is optimized with the Yoast SEO plugin v22.1 - https:\/\/yoast.com\/wordpress\/plugins\/seo\/ -->\n<title>Magnolija - Etnogalerija Skrina<\/title>\n<meta name=\"description\" content=\"Zaradi te prispodobe se magnolija pogosto uporablja pri pripravi poro\u010dnih \u0161opkov, saj cvet velja tudi za simbol \u017eenske lepote, ne\u017enosti in nedol\u017enosti.\" \/>\n<meta name=\"robots\" content=\"index, follow, max-snippet:-1, max-image-preview:large, max-video-preview:-1\" \/>\n<link rel=\"canonical\" href=\"https:\/\/skrina.si\/sl\/product\/magnolija\/\" \/>\n<meta property=\"og:locale\" content=\"sl_SI\" \/>\n<meta property=\"og:locale:alternate\" content=\"en_GB\" \/>\n<meta property=\"og:type\" content=\"article\" \/>\n<meta property=\"og:title\" content=\"Magnolija - Etnogalerija Skrina\" \/>\n<meta property=\"og:description\" content=\"Zaradi te prispodobe se magnolija pogosto uporablja pri pripravi poro\u010dnih \u0161opkov, saj cvet velja tudi za simbol \u017eenske lepote, ne\u017enosti in nedol\u017enosti.\" \/>\n<meta property=\"og:url\" content=\"https:\/\/skrina.si\/sl\/product\/magnolija\/\" \/>\n<meta property=\"og:site_name\" content=\"Etnogalerija Skrina\" \/>\n<meta property=\"article:modified_time\" content=\"2022-05-07T08:57:19+00:00\" \/>\n<meta property=\"og:image\" content=\"https:\/\/skrina.si\/wp-content\/uploads\/2021\/07\/Rozne-vile-magnolija-dekor-Slovenske-cvetlice-roze-Tradicija-s-posluhom-Etno-galerija-Skrina.jpg\" \/>\n\t<meta property=\"og:image:width\" content=\"1619\" \/>\n\t<meta property=\"og:image:height\" content=\"1213\" \/>\n\t<meta property=\"og:image:type\" content=\"image\/jpeg\" \/>\n<meta name=\"twitter:card\" content=\"summary_large_image\" \/>\n<script type=\"application\/ld+json\" class=\"yoast-schema-graph\">{\"@context\":\"https:\/\/schema.org\",\"@graph\":[{\"@type\":\"WebPage\",\"@id\":\"https:\/\/skrina.si\/sl\/product\/magnolija\/\",\"url\":\"https:\/\/skrina.si\/sl\/product\/magnolija\/\",\"name\":\"Magnolija - Etnogalerija Skrina\",\"isPartOf\":{\"@id\":\"https:\/\/skrina.si\/sl\/#website\"},\"datePublished\":\"2022-03-03T14:45:33+00:00\",\"dateModified\":\"2022-05-07T08:57:19+00:00\",\"description\":\"Zaradi te prispodobe se magnolija pogosto uporablja pri pripravi poro\u010dnih \u0161opkov, saj cvet velja tudi za simbol \u017eenske lepote, ne\u017enosti in nedol\u017enosti.\",\"breadcrumb\":{\"@id\":\"https:\/\/skrina.si\/sl\/product\/magnolija\/#breadcrumb\"},\"inLanguage\":\"sl-SI\",\"potentialAction\":[{\"@type\":\"ReadAction\",\"target\":[\"https:\/\/skrina.si\/sl\/product\/magnolija\/\"]}]},{\"@type\":\"BreadcrumbList\",\"@id\":\"https:\/\/skrina.si\/sl\/product\/magnolija\/#breadcrumb\",\"itemListElement\":[{\"@type\":\"ListItem\",\"position\":1,\"name\":\"Home\",\"item\":\"https:\/\/skrina.si\/\"},{\"@type\":\"ListItem\",\"position\":2,\"name\":\"Shop\",\"item\":\"https:\/\/skrina.si\/shop\/\"},{\"@type\":\"ListItem\",\"position\":3,\"name\":\"Magnolija\"}]},{\"@type\":\"WebSite\",\"@id\":\"https:\/\/skrina.si\/sl\/#website\",\"url\":\"https:\/\/skrina.si\/sl\/\",\"name\":\"Etnogalerija Skrina\",\"description\":\"Tradicija s posluhom\",\"potentialAction\":[{\"@type\":\"SearchAction\",\"target\":{\"@type\":\"EntryPoint\",\"urlTemplate\":\"https:\/\/skrina.si\/sl\/?s={search_term_string}\"},\"query-input\":\"required name=search_term_string\"}],\"inLanguage\":\"sl-SI\"}]}<\/script>\n<!-- \/ Yoast SEO plugin. -->","yoast_head_json":{"title":"Magnolija - Etnogalerija Skrina","description":"Zaradi te prispodobe se magnolija pogosto uporablja pri pripravi poro\u010dnih \u0161opkov, saj cvet velja tudi za simbol \u017eenske lepote, ne\u017enosti in nedol\u017enosti.","robots":{"index":"index","follow":"follow","max-snippet":"max-snippet:-1","max-image-preview":"max-image-preview:large","max-video-preview":"max-video-preview:-1"},"canonical":"https:\/\/skrina.si\/sl\/product\/magnolija\/","og_locale":"sl_SI","og_type":"article","og_title":"Magnolija - Etnogalerija Skrina","og_description":"Zaradi te prispodobe se magnolija pogosto uporablja pri pripravi poro\u010dnih \u0161opkov, saj cvet velja tudi za simbol \u017eenske lepote, ne\u017enosti in nedol\u017enosti.","og_url":"https:\/\/skrina.si\/sl\/product\/magnolija\/","og_site_name":"Etnogalerija Skrina","article_modified_time":"2022-05-07T08:57:19+00:00","og_image":[{"width":1619,"height":1213,"url":"https:\/\/skrina.si\/wp-content\/uploads\/2021\/07\/Rozne-vile-magnolija-dekor-Slovenske-cvetlice-roze-Tradicija-s-posluhom-Etno-galerija-Skrina.jpg","type":"image\/jpeg"}],"twitter_card":"summary_large_image","schema":{"@context":"https:\/\/schema.org","@graph":[{"@type":"WebPage","@id":"https:\/\/skrina.si\/sl\/product\/magnolija\/","url":"https:\/\/skrina.si\/sl\/product\/magnolija\/","name":"Magnolija - Etnogalerija Skrina","isPartOf":{"@id":"https:\/\/skrina.si\/sl\/#website"},"datePublished":"2022-03-03T14:45:33+00:00","dateModified":"2022-05-07T08:57:19+00:00","description":"Zaradi te prispodobe se magnolija pogosto uporablja pri pripravi poro\u010dnih \u0161opkov, saj cvet velja tudi za simbol \u017eenske lepote, ne\u017enosti in nedol\u017enosti.","breadcrumb":{"@id":"https:\/\/skrina.si\/sl\/product\/magnolija\/#breadcrumb"},"inLanguage":"sl-SI","potentialAction":[{"@type":"ReadAction","target":["https:\/\/skrina.si\/sl\/product\/magnolija\/"]}]},{"@type":"BreadcrumbList","@id":"https:\/\/skrina.si\/sl\/product\/magnolija\/#breadcrumb","itemListElement":[{"@type":"ListItem","position":1,"name":"Home","item":"https:\/\/skrina.si\/"},{"@type":"ListItem","position":2,"name":"Shop","item":"https:\/\/skrina.si\/shop\/"},{"@type":"ListItem","position":3,"name":"Magnolija"}]},{"@type":"WebSite","@id":"https:\/\/skrina.si\/sl\/#website","url":"https:\/\/skrina.si\/sl\/","name":"Etnogalerija Skrina","description":"Tradicija s posluhom","potentialAction":[{"@type":"SearchAction","target":{"@type":"EntryPoint","urlTemplate":"https:\/\/skrina.si\/sl\/?s={search_term_string}"},"query-input":"required name=search_term_string"}],"inLanguage":"sl-SI"}]}},"_links":{"self":[{"href":"https:\/\/skrina.si\/sl\/wp-json\/wp\/v2\/product\/3171"}],"collection":[{"href":"https:\/\/skrina.si\/sl\/wp-json\/wp\/v2\/product"}],"about":[{"href":"https:\/\/skrina.si\/sl\/wp-json\/wp\/v2\/types\/product"}],"wp:featuredmedia":[{"embeddable":true,"href":"https:\/\/skrina.si\/sl\/wp-json\/wp\/v2\/media\/8125"}],"wp:attachment":[{"href":"https:\/\/skrina.si\/sl\/wp-json\/wp\/v2\/media?parent=3171"}],"wp:term":[{"taxonomy":"product_cat","embeddable":true,"href":"https:\/\/skrina.si\/sl\/wp-json\/wp\/v2\/product_cat?post=3171"},{"taxonomy":"product_tag","embeddable":true,"href":"https:\/\/skrina.si\/sl\/wp-json\/wp\/v2\/product_tag?post=3171"}],"curies":[{"name":"wp","href":"https:\/\/api.w.org\/{rel}","templated":true}]}}