{"id":3142,"date":"2021-08-15T09:55:52","date_gmt":"2021-08-15T09:55:52","guid":{"rendered":"https:\/\/skrina.si\/?post_type=product&#038;p=3142"},"modified":"2026-04-14T21:56:38","modified_gmt":"2026-04-14T19:56:38","slug":"korant","status":"publish","type":"product","link":"https:\/\/skrina.si\/sl\/product\/korant\/","title":{"rendered":"Korant"},"content":{"rendered":"","protected":false},"excerpt":{"rendered":"<h5>Osrednja figura \u0161em po vaseh Ptujskega polja je <strong><em>korant<\/em>.<\/strong> Oble\u010den je v ko\u017euh, prepasan z verigo, na kateri visi pet <strong><em>kravjih zvoncev<\/em><\/strong>.<br \/>\nNa glavi ima kapo narejeno iz ov\u010dje ko\u017ee z rde\u010de obrobljenimi odprtinami za o\u010di, usta in nos.<br \/>\nIz ust visi korantu dolg rde\u010d jezik, pod nosom pa iz porove mete ali srka narejeni brki. Na vrhu kape so stojala iz dveh pokon\u010dnih pali\u010dic prepletenih s trakovi iz pisanega cvetja. V rokah nosi je\u017eevko.<br \/>\nNavadno so koranti zdru\u017eeni v skupine. Da izvabijo iz zvoncev \u010dim glasnej\u0161e zvoke <strong><em>stalno poskakujejo<\/em><\/strong> in obra\u010dajo telo levo desno. Tako odmevajo zvonci od pustne nedelje pa do pustnega torka po vsem <strong><em>Ptujskem polju.<\/em><\/strong><\/h5>\n<h6><em>Lastnosti:<\/em><\/h6>\n<ul>\n<li>\n<h6><em>Naslov dela: Korant<\/em><\/h6>\n<\/li>\n<li>\n<h6><em>Tehnika: jedkanica<\/em><\/h6>\n<\/li>\n<li>\n<h6><em>Zunanja dimenzija mape: 27 x 19 cm<\/em><\/h6>\n<\/li>\n<li>\n<h6><em>Omejena naklada 73\/100<\/em><\/h6>\n<\/li>\n<li>\n<h6><em>Zunanja dimenzija okvirja: 24 x 30 cm<\/em><\/h6>\n<\/li>\n<li>\n<h6><em>Omejena naklada 88\/100<\/em><\/h6>\n<\/li>\n<li>\n<h6><em>Vsa dela so podpisana, o\u0161tevil\u010dena in imajo vodni \u017eig avtorja<\/em><\/h6>\n<\/li>\n<\/ul>\n","protected":false},"featured_media":11047,"template":"","meta":{"_monsterinsights_skip_tracking":false,"_monsterinsights_sitenote_active":false,"_monsterinsights_sitenote_note":"","_monsterinsights_sitenote_category":0},"product_cat":[103,142],"product_tag":[1613,138,145,147,95],"aioseo_notices":[],"yoast_head":"<!-- This site is optimized with the Yoast SEO plugin v22.1 - https:\/\/yoast.com\/wordpress\/plugins\/seo\/ -->\n<title>Korant - Etnogalerija Skrina<\/title>\n<meta name=\"description\" content=\"Karel Zelenko - maske Korant (grafika v okvirju). Oble\u010den je v ko\u017euh, prepasan z verigo, na kateri visi pet kravjih zvoncev.\" \/>\n<meta name=\"robots\" content=\"index, follow, max-snippet:-1, max-image-preview:large, max-video-preview:-1\" \/>\n<link rel=\"canonical\" href=\"https:\/\/skrina.si\/sl\/product\/korant\/\" \/>\n<meta property=\"og:locale\" content=\"sl_SI\" \/>\n<meta property=\"og:locale:alternate\" content=\"en_GB\" \/>\n<meta property=\"og:type\" content=\"article\" \/>\n<meta property=\"og:title\" content=\"Korant\" \/>\n<meta property=\"og:description\" content=\"Karel Zelenko - maske Korant (grafika v okvirju). Oble\u010den je v ko\u017euh, prepasan z verigo, na kateri visi pet kravjih zvoncev.\" \/>\n<meta property=\"og:url\" content=\"https:\/\/skrina.si\/sl\/product\/korant\/\" \/>\n<meta property=\"og:site_name\" content=\"Etnogalerija Skrina\" \/>\n<meta property=\"article:modified_time\" content=\"2026-04-14T19:56:38+00:00\" \/>\n<meta property=\"og:image\" content=\"https:\/\/skrina.si\/wp-content\/uploads\/2022\/04\/Etno-galerija-Skrina-tradicija-s-posluhom-maske-slovenskih-pokrajin-Karel-Zelenko-korant-1.jpg\" \/>\n\t<meta property=\"og:image:width\" content=\"2000\" \/>\n\t<meta property=\"og:image:height\" content=\"1500\" \/>\n\t<meta property=\"og:image:type\" content=\"image\/jpeg\" \/>\n<meta name=\"twitter:card\" content=\"summary_large_image\" \/>\n<meta name=\"twitter:label1\" content=\"Est. reading time\" \/>\n\t<meta name=\"twitter:data1\" content=\"1 minuta\" \/>\n<script type=\"application\/ld+json\" class=\"yoast-schema-graph\">{\"@context\":\"https:\/\/schema.org\",\"@graph\":[{\"@type\":\"WebPage\",\"@id\":\"https:\/\/skrina.si\/sl\/product\/korant\/\",\"url\":\"https:\/\/skrina.si\/sl\/product\/korant\/\",\"name\":\"[:sl]Korant[:] - Etnogalerija Skrina\",\"isPartOf\":{\"@id\":\"https:\/\/skrina.si\/sl\/#website\"},\"datePublished\":\"2021-08-15T09:55:52+00:00\",\"dateModified\":\"2026-04-14T19:56:38+00:00\",\"description\":\"Karel Zelenko - maske Korant (grafika v okvirju). Oble\u010den je v ko\u017euh, prepasan z verigo, na kateri visi pet kravjih zvoncev.\",\"breadcrumb\":{\"@id\":\"https:\/\/skrina.si\/sl\/product\/korant\/#breadcrumb\"},\"inLanguage\":\"sl-SI\",\"potentialAction\":[{\"@type\":\"ReadAction\",\"target\":[\"https:\/\/skrina.si\/sl\/product\/korant\/\"]}]},{\"@type\":\"BreadcrumbList\",\"@id\":\"https:\/\/skrina.si\/sl\/product\/korant\/#breadcrumb\",\"itemListElement\":[{\"@type\":\"ListItem\",\"position\":1,\"name\":\"Home\",\"item\":\"https:\/\/skrina.si\/\"},{\"@type\":\"ListItem\",\"position\":2,\"name\":\"Shop\",\"item\":\"https:\/\/skrina.si\/shop\/\"},{\"@type\":\"ListItem\",\"position\":3,\"name\":\"Korant\"}]},{\"@type\":\"WebSite\",\"@id\":\"https:\/\/skrina.si\/sl\/#website\",\"url\":\"https:\/\/skrina.si\/sl\/\",\"name\":\"Etnogalerija Skrina\",\"description\":\"Tradicija s posluhom\",\"potentialAction\":[{\"@type\":\"SearchAction\",\"target\":{\"@type\":\"EntryPoint\",\"urlTemplate\":\"https:\/\/skrina.si\/sl\/?s={search_term_string}\"},\"query-input\":\"required name=search_term_string\"}],\"inLanguage\":\"sl-SI\"}]}<\/script>\n<!-- \/ Yoast SEO plugin. -->","yoast_head_json":{"title":"Korant - Etnogalerija Skrina","description":"Karel Zelenko - maske Korant (grafika v okvirju). Oble\u010den je v ko\u017euh, prepasan z verigo, na kateri visi pet kravjih zvoncev.","robots":{"index":"index","follow":"follow","max-snippet":"max-snippet:-1","max-image-preview":"max-image-preview:large","max-video-preview":"max-video-preview:-1"},"canonical":"https:\/\/skrina.si\/sl\/product\/korant\/","og_locale":"sl_SI","og_type":"article","og_title":"[:sl]Korant[:] - Etnogalerija Skrina","og_description":"Karel Zelenko - maske Korant (grafika v okvirju). Oble\u010den je v ko\u017euh, prepasan z verigo, na kateri visi pet kravjih zvoncev.","og_url":"https:\/\/skrina.si\/sl\/product\/korant\/","og_site_name":"Etnogalerija Skrina","article_modified_time":"2026-04-14T19:56:38+00:00","og_image":[{"width":2000,"height":1500,"url":"https:\/\/skrina.si\/wp-content\/uploads\/2022\/04\/Etno-galerija-Skrina-tradicija-s-posluhom-maske-slovenskih-pokrajin-Karel-Zelenko-korant-1.jpg","type":"image\/jpeg"}],"twitter_card":"summary_large_image","twitter_misc":{"Est. reading time":"1 minuta"},"schema":{"@context":"https:\/\/schema.org","@graph":[{"@type":"WebPage","@id":"https:\/\/skrina.si\/sl\/product\/korant\/","url":"https:\/\/skrina.si\/sl\/product\/korant\/","name":"[:sl]Korant[:] - Etnogalerija Skrina","isPartOf":{"@id":"https:\/\/skrina.si\/sl\/#website"},"datePublished":"2021-08-15T09:55:52+00:00","dateModified":"2026-04-14T19:56:38+00:00","description":"Karel Zelenko - maske Korant (grafika v okvirju). Oble\u010den je v ko\u017euh, prepasan z verigo, na kateri visi pet kravjih zvoncev.","breadcrumb":{"@id":"https:\/\/skrina.si\/sl\/product\/korant\/#breadcrumb"},"inLanguage":"sl-SI","potentialAction":[{"@type":"ReadAction","target":["https:\/\/skrina.si\/sl\/product\/korant\/"]}]},{"@type":"BreadcrumbList","@id":"https:\/\/skrina.si\/sl\/product\/korant\/#breadcrumb","itemListElement":[{"@type":"ListItem","position":1,"name":"Home","item":"https:\/\/skrina.si\/"},{"@type":"ListItem","position":2,"name":"Shop","item":"https:\/\/skrina.si\/shop\/"},{"@type":"ListItem","position":3,"name":"Korant"}]},{"@type":"WebSite","@id":"https:\/\/skrina.si\/sl\/#website","url":"https:\/\/skrina.si\/sl\/","name":"Etnogalerija Skrina","description":"Tradicija s posluhom","potentialAction":[{"@type":"SearchAction","target":{"@type":"EntryPoint","urlTemplate":"https:\/\/skrina.si\/sl\/?s={search_term_string}"},"query-input":"required name=search_term_string"}],"inLanguage":"sl-SI"}]}},"_links":{"self":[{"href":"https:\/\/skrina.si\/sl\/wp-json\/wp\/v2\/product\/3142"}],"collection":[{"href":"https:\/\/skrina.si\/sl\/wp-json\/wp\/v2\/product"}],"about":[{"href":"https:\/\/skrina.si\/sl\/wp-json\/wp\/v2\/types\/product"}],"wp:featuredmedia":[{"embeddable":true,"href":"https:\/\/skrina.si\/sl\/wp-json\/wp\/v2\/media\/11047"}],"wp:attachment":[{"href":"https:\/\/skrina.si\/sl\/wp-json\/wp\/v2\/media?parent=3142"}],"wp:term":[{"taxonomy":"product_cat","embeddable":true,"href":"https:\/\/skrina.si\/sl\/wp-json\/wp\/v2\/product_cat?post=3142"},{"taxonomy":"product_tag","embeddable":true,"href":"https:\/\/skrina.si\/sl\/wp-json\/wp\/v2\/product_tag?post=3142"}],"curies":[{"name":"wp","href":"https:\/\/api.w.org\/{rel}","templated":true}]}}