{"id":3079,"date":"2021-06-08T16:56:16","date_gmt":"2021-06-08T16:56:16","guid":{"rendered":"https:\/\/skrina.si\/?post_type=product&#038;p=3079"},"modified":"2024-02-20T14:27:50","modified_gmt":"2024-02-20T14:27:50","slug":"zibka","status":"publish","type":"product","link":"https:\/\/skrina.si\/sl\/product\/zibka\/","title":{"rendered":"Zibka"},"content":{"rendered":"","protected":false},"excerpt":{"rendered":"<h5><strong><em>Zibke (zibelke) <\/em>nam \u0161e danes <\/strong>\u00a0predstavljajo nekak\u0161en simbol rojstva, \u010deprav so zadnje \u010dase vse bolj prezrte in so jo nadomestili sodobnej\u0161i pripomo\u010dki za uspavanje dojen\u010dkov.<br \/>\nPogled v preteklost pa nam pove, da se je vse do prve polovice 20. stoletja velika ve\u010dina novorojenih otrok na pode\u017eelju zazibala v \u017eivljenje v prav <strong><em>zibkah.<br \/>\n<\/em><\/strong>Sprva preproste,\u00a0 kasneje pa vse bolj dodelane in poslikane z nabo\u017enimi, cvetli\u010dnimi in geometrijskimi motivi.<\/h5>\n<h5>V Etnogaleriji SKRINA smo za vas razvili <strong><em>sestavljivo zibko<\/em><\/strong>, ki je enostavna za transport in primerna tudi za po\u0161iljanje po po\u0161ti.<\/h5>\n<h6><em>Podrobnosti:<\/em><\/h6>\n<ul>\n<li>\n<h6>Sestavljiva zibka<\/h6>\n<\/li>\n<li>\n<h6>Mere izdelka: 80 x 55 x 55cm<\/h6>\n<\/li>\n<li>\n<h6>Barva: zelena\/rjava<\/h6>\n<\/li>\n<li>\n<h6>Motiv: nagelj\/cvetje\/\u00bbtrutamora\u00ab<\/h6>\n<\/li>\n<li>\n<h6>Material: smreka<\/h6>\n<\/li>\n<li>\n<h6><strong><em>zaradi varovanja okolja uporabljamo le les, ki je namenjen za obvezni posek<\/em><\/strong><\/h6>\n<\/li>\n<li>\n<h6>RO\u010cNO BARVANO<\/h6>\n<\/li>\n<\/ul>\n","protected":false},"featured_media":11662,"template":"","meta":{"_monsterinsights_skip_tracking":false,"_monsterinsights_sitenote_active":false,"_monsterinsights_sitenote_note":"","_monsterinsights_sitenote_category":0},"product_cat":[103,1280],"product_tag":[80,95],"aioseo_notices":[],"yoast_head":"<!-- This site is optimized with the Yoast SEO plugin v22.1 - https:\/\/yoast.com\/wordpress\/plugins\/seo\/ -->\n<title>Zibka - Etnogalerija Skrina<\/title>\n<meta name=\"robots\" content=\"index, follow, max-snippet:-1, max-image-preview:large, max-video-preview:-1\" \/>\n<link rel=\"canonical\" href=\"https:\/\/skrina.si\/sl\/product\/zibka\/\" \/>\n<meta property=\"og:locale\" content=\"sl_SI\" \/>\n<meta property=\"og:locale:alternate\" content=\"en_GB\" \/>\n<meta property=\"og:type\" content=\"article\" \/>\n<meta property=\"og:title\" content=\"Zibka - Etnogalerija Skrina\" \/>\n<meta property=\"og:description\" content=\"Zibke (zibelke) nam \u0161e danes \u00a0predstavljajo nekak\u0161en simbol rojstva, \u010deprav so zadnje \u010dase vse bolj prezrte in so jo nadomestili sodobnej\u0161i pripomo\u010dki za uspavanje dojen\u010dkov. Pogled v preteklost pa nam pove, da se je vse do prve polovice 20. stoletja velika ve\u010dina novorojenih otrok na pode\u017eelju zazibala v \u017eivljenje v prav zibkah. Sprva preproste,\u00a0 kasneje pa vse bolj dodelane in poslikane z nabo\u017enimi, cvetli\u010dnimi in geometrijskimi motivi. V Etnogaleriji SKRINA smo za vas razvili sestavljivo zibko, ki je enostavna za transport in primerna tudi za po\u0161iljanje po po\u0161ti. Podrobnosti:    Sestavljiva zibka    Mere izdelka: 80 x 55 x 55cm    Barva: zelena\/rjava    Motiv: nagelj\/cvetje\/\u00bbtrutamora\u00ab    Material: smreka    zaradi varovanja okolja uporabljamo le les, ki je namenjen za obvezni posek    RO\u010cNO BARVANO\" \/>\n<meta property=\"og:url\" content=\"https:\/\/skrina.si\/sl\/product\/zibka\/\" \/>\n<meta property=\"og:site_name\" content=\"Etnogalerija Skrina\" \/>\n<meta property=\"article:modified_time\" content=\"2024-02-20T14:27:50+00:00\" \/>\n<meta property=\"og:image\" content=\"https:\/\/skrina.si\/wp-content\/uploads\/2021\/06\/1.etnogalerija-skrina-tradicija-s-posluhim-slovenska-zibka-sestavljiva.jpg\" \/>\n\t<meta property=\"og:image:width\" content=\"2000\" \/>\n\t<meta property=\"og:image:height\" content=\"1500\" \/>\n\t<meta property=\"og:image:type\" content=\"image\/jpeg\" \/>\n<meta name=\"twitter:card\" content=\"summary_large_image\" \/>\n<meta name=\"twitter:label1\" content=\"Est. reading time\" \/>\n\t<meta name=\"twitter:data1\" content=\"1 minuta\" \/>\n<script type=\"application\/ld+json\" class=\"yoast-schema-graph\">{\"@context\":\"https:\/\/schema.org\",\"@graph\":[{\"@type\":\"WebPage\",\"@id\":\"https:\/\/skrina.si\/sl\/product\/zibka\/\",\"url\":\"https:\/\/skrina.si\/sl\/product\/zibka\/\",\"name\":\"Zibka - Etnogalerija Skrina\",\"isPartOf\":{\"@id\":\"https:\/\/skrina.si\/sl\/#website\"},\"datePublished\":\"2021-06-08T16:56:16+00:00\",\"dateModified\":\"2024-02-20T14:27:50+00:00\",\"breadcrumb\":{\"@id\":\"https:\/\/skrina.si\/sl\/product\/zibka\/#breadcrumb\"},\"inLanguage\":\"sl-SI\",\"potentialAction\":[{\"@type\":\"ReadAction\",\"target\":[\"https:\/\/skrina.si\/sl\/product\/zibka\/\"]}]},{\"@type\":\"BreadcrumbList\",\"@id\":\"https:\/\/skrina.si\/sl\/product\/zibka\/#breadcrumb\",\"itemListElement\":[{\"@type\":\"ListItem\",\"position\":1,\"name\":\"Home\",\"item\":\"https:\/\/skrina.si\/\"},{\"@type\":\"ListItem\",\"position\":2,\"name\":\"Shop\",\"item\":\"https:\/\/skrina.si\/shop\/\"},{\"@type\":\"ListItem\",\"position\":3,\"name\":\"Zibka\"}]},{\"@type\":\"WebSite\",\"@id\":\"https:\/\/skrina.si\/sl\/#website\",\"url\":\"https:\/\/skrina.si\/sl\/\",\"name\":\"Etnogalerija Skrina\",\"description\":\"Tradicija s posluhom\",\"potentialAction\":[{\"@type\":\"SearchAction\",\"target\":{\"@type\":\"EntryPoint\",\"urlTemplate\":\"https:\/\/skrina.si\/sl\/?s={search_term_string}\"},\"query-input\":\"required name=search_term_string\"}],\"inLanguage\":\"sl-SI\"}]}<\/script>\n<!-- \/ Yoast SEO plugin. -->","yoast_head_json":{"title":"Zibka - Etnogalerija Skrina","robots":{"index":"index","follow":"follow","max-snippet":"max-snippet:-1","max-image-preview":"max-image-preview:large","max-video-preview":"max-video-preview:-1"},"canonical":"https:\/\/skrina.si\/sl\/product\/zibka\/","og_locale":"sl_SI","og_type":"article","og_title":"Zibka - Etnogalerija Skrina","og_description":"Zibke (zibelke) nam \u0161e danes \u00a0predstavljajo nekak\u0161en simbol rojstva, \u010deprav so zadnje \u010dase vse bolj prezrte in so jo nadomestili sodobnej\u0161i pripomo\u010dki za uspavanje dojen\u010dkov. Pogled v preteklost pa nam pove, da se je vse do prve polovice 20. stoletja velika ve\u010dina novorojenih otrok na pode\u017eelju zazibala v \u017eivljenje v prav zibkah. Sprva preproste,\u00a0 kasneje pa vse bolj dodelane in poslikane z nabo\u017enimi, cvetli\u010dnimi in geometrijskimi motivi. V Etnogaleriji SKRINA smo za vas razvili sestavljivo zibko, ki je enostavna za transport in primerna tudi za po\u0161iljanje po po\u0161ti. Podrobnosti:    Sestavljiva zibka    Mere izdelka: 80 x 55 x 55cm    Barva: zelena\/rjava    Motiv: nagelj\/cvetje\/\u00bbtrutamora\u00ab    Material: smreka    zaradi varovanja okolja uporabljamo le les, ki je namenjen za obvezni posek    RO\u010cNO BARVANO","og_url":"https:\/\/skrina.si\/sl\/product\/zibka\/","og_site_name":"Etnogalerija Skrina","article_modified_time":"2024-02-20T14:27:50+00:00","og_image":[{"width":2000,"height":1500,"url":"https:\/\/skrina.si\/wp-content\/uploads\/2021\/06\/1.etnogalerija-skrina-tradicija-s-posluhim-slovenska-zibka-sestavljiva.jpg","type":"image\/jpeg"}],"twitter_card":"summary_large_image","twitter_misc":{"Est. reading time":"1 minuta"},"schema":{"@context":"https:\/\/schema.org","@graph":[{"@type":"WebPage","@id":"https:\/\/skrina.si\/sl\/product\/zibka\/","url":"https:\/\/skrina.si\/sl\/product\/zibka\/","name":"Zibka - Etnogalerija Skrina","isPartOf":{"@id":"https:\/\/skrina.si\/sl\/#website"},"datePublished":"2021-06-08T16:56:16+00:00","dateModified":"2024-02-20T14:27:50+00:00","breadcrumb":{"@id":"https:\/\/skrina.si\/sl\/product\/zibka\/#breadcrumb"},"inLanguage":"sl-SI","potentialAction":[{"@type":"ReadAction","target":["https:\/\/skrina.si\/sl\/product\/zibka\/"]}]},{"@type":"BreadcrumbList","@id":"https:\/\/skrina.si\/sl\/product\/zibka\/#breadcrumb","itemListElement":[{"@type":"ListItem","position":1,"name":"Home","item":"https:\/\/skrina.si\/"},{"@type":"ListItem","position":2,"name":"Shop","item":"https:\/\/skrina.si\/shop\/"},{"@type":"ListItem","position":3,"name":"Zibka"}]},{"@type":"WebSite","@id":"https:\/\/skrina.si\/sl\/#website","url":"https:\/\/skrina.si\/sl\/","name":"Etnogalerija Skrina","description":"Tradicija s posluhom","potentialAction":[{"@type":"SearchAction","target":{"@type":"EntryPoint","urlTemplate":"https:\/\/skrina.si\/sl\/?s={search_term_string}"},"query-input":"required name=search_term_string"}],"inLanguage":"sl-SI"}]}},"_links":{"self":[{"href":"https:\/\/skrina.si\/sl\/wp-json\/wp\/v2\/product\/3079"}],"collection":[{"href":"https:\/\/skrina.si\/sl\/wp-json\/wp\/v2\/product"}],"about":[{"href":"https:\/\/skrina.si\/sl\/wp-json\/wp\/v2\/types\/product"}],"wp:featuredmedia":[{"embeddable":true,"href":"https:\/\/skrina.si\/sl\/wp-json\/wp\/v2\/media\/11662"}],"wp:attachment":[{"href":"https:\/\/skrina.si\/sl\/wp-json\/wp\/v2\/media?parent=3079"}],"wp:term":[{"taxonomy":"product_cat","embeddable":true,"href":"https:\/\/skrina.si\/sl\/wp-json\/wp\/v2\/product_cat?post=3079"},{"taxonomy":"product_tag","embeddable":true,"href":"https:\/\/skrina.si\/sl\/wp-json\/wp\/v2\/product_tag?post=3079"}],"curies":[{"name":"wp","href":"https:\/\/api.w.org\/{rel}","templated":true}]}}