{"id":2786,"date":"2021-05-12T15:10:05","date_gmt":"2021-05-12T15:10:05","guid":{"rendered":"https:\/\/skrina.si\/?post_type=product&#038;p=2786"},"modified":"2024-04-17T20:25:20","modified_gmt":"2024-04-17T18:25:20","slug":"angel-z-rdecimi-lasmi","status":"publish","type":"product","link":"https:\/\/skrina.si\/sl\/product\/angel-z-rdecimi-lasmi\/","title":{"rendered":"Angel z rde\u010dimi lasmi"},"content":{"rendered":"","protected":false},"excerpt":{"rendered":"<h5>Angel je sila, nevidno bitje, katerega lahko vidijo otroci, ljudje \u010distega srca, umetniki in vizionarji, pa ne vsi \u2013 <em><strong>samo izbranci.<\/strong><\/em><\/h5>\n<h5>Akademska slikarka<em><strong>\u00a0Ella Svilan \u2013 Svalina <\/strong><\/em>nam s svojimi angeli prina\u0161a veselje, toplino, varnost in iskrenost. V njeni umetnosti je le drobna lo\u010dnica med tem, kar je vzvi\u0161eno, in tem, kar je vsakdanje.<\/h5>\n<h5>Ponuja nam tak\u0161ne like, ki nas pritegnejo, navdu\u0161ijo in motivirajo, da verjamemo v\u00a0 <em><strong>lepoto in prijaznost sveta.<\/strong><\/em><\/h5>\n<h6><em>Lastnosti:<\/em><\/h6>\n<ul>\n<li>\n<h6><em>Naslov dela: Angel z rde\u010dimi lasmi<\/em><\/h6>\n<\/li>\n<li>\n<h6><em>Tehnika: giclee<\/em><\/h6>\n<\/li>\n<li>\n<h6><em>Zunanja dimenzija: 14 x 14 cm<\/em><\/h6>\n<\/li>\n<li>\n<h6><em>Vsa dela so podpisana<\/em><\/h6>\n<\/li>\n<li>\n<h6><em>Odli\u010dna izbira za vse okuse, starostne skupine in razli\u010dne prilo\u017enosti<\/em><\/h6>\n<\/li>\n<\/ul>\n","protected":false},"featured_media":7676,"template":"","meta":{"_monsterinsights_skip_tracking":false,"_monsterinsights_sitenote_active":false,"_monsterinsights_sitenote_note":"","_monsterinsights_sitenote_category":0},"product_cat":[99,66],"product_tag":[171],"aioseo_notices":[],"yoast_head":"<!-- This site is optimized with the Yoast SEO plugin v22.1 - https:\/\/yoast.com\/wordpress\/plugins\/seo\/ -->\n<title>Angel z rde\u010dimi lasmi - Etnogalerija Skrina<\/title>\n<meta name=\"robots\" content=\"index, follow, max-snippet:-1, max-image-preview:large, max-video-preview:-1\" \/>\n<link rel=\"canonical\" href=\"https:\/\/skrina.si\/sl\/product\/angel-z-rdecimi-lasmi\/\" \/>\n<meta property=\"og:locale\" content=\"sl_SI\" \/>\n<meta property=\"og:locale:alternate\" content=\"en_GB\" \/>\n<meta property=\"og:type\" content=\"article\" \/>\n<meta property=\"og:title\" content=\"Angel z rde\u010dimi lasmi\" \/>\n<meta property=\"og:description\" content=\"Angel je sila, nevidno bitje, katerega lahko vidijo otroci, ljudje \u010distega srca, umetniki in vizionarji, pa ne vsi \u2013 samo izbranci. Akademska slikarka\u00a0Ella Svilan \u2013 Svalina nam s svojimi angeli prina\u0161a veselje, toplino, varnost in iskrenost. V njeni umetnosti je le drobna lo\u010dnica med tem, kar je vzvi\u0161eno, in tem, kar je vsakdanje. Ponuja nam tak\u0161ne like, ki nas pritegnejo, navdu\u0161ijo in motivirajo, da verjamemo v\u00a0 lepoto in prijaznost sveta. Lastnosti:    Naslov dela: Angel z rde\u010dimi lasmi    Tehnika: giclee    Zunanja dimenzija: 14 x 14 cm    Vsa dela so podpisana    Odli\u010dna izbira za vse okuse, starostne skupine in razli\u010dne prilo\u017enosti\" \/>\n<meta property=\"og:url\" content=\"https:\/\/skrina.si\/sl\/product\/angel-z-rdecimi-lasmi\/\" \/>\n<meta property=\"og:site_name\" content=\"Etnogalerija Skrina\" \/>\n<meta property=\"article:modified_time\" content=\"2024-04-17T18:25:20+00:00\" \/>\n<meta property=\"og:image\" content=\"https:\/\/skrina.si\/wp-content\/uploads\/2022\/03\/Ella-Svilan-Svalina-angel-fantek-slika-za-na-steno-galerija-10.jpg\" \/>\n\t<meta property=\"og:image:width\" content=\"2000\" \/>\n\t<meta property=\"og:image:height\" content=\"1500\" \/>\n\t<meta property=\"og:image:type\" content=\"image\/jpeg\" \/>\n<meta name=\"twitter:card\" content=\"summary_large_image\" \/>\n<meta name=\"twitter:label1\" content=\"Est. reading time\" \/>\n\t<meta name=\"twitter:data1\" content=\"1 minuta\" \/>\n<script type=\"application\/ld+json\" class=\"yoast-schema-graph\">{\"@context\":\"https:\/\/schema.org\",\"@graph\":[{\"@type\":\"WebPage\",\"@id\":\"https:\/\/skrina.si\/sl\/product\/angel-z-rdecimi-lasmi\/\",\"url\":\"https:\/\/skrina.si\/sl\/product\/angel-z-rdecimi-lasmi\/\",\"name\":\"[:sl]Angel z rde\u010dimi lasmi[:] - Etnogalerija Skrina\",\"isPartOf\":{\"@id\":\"https:\/\/skrina.si\/sl\/#website\"},\"datePublished\":\"2021-05-12T15:10:05+00:00\",\"dateModified\":\"2024-04-17T18:25:20+00:00\",\"breadcrumb\":{\"@id\":\"https:\/\/skrina.si\/sl\/product\/angel-z-rdecimi-lasmi\/#breadcrumb\"},\"inLanguage\":\"sl-SI\",\"potentialAction\":[{\"@type\":\"ReadAction\",\"target\":[\"https:\/\/skrina.si\/sl\/product\/angel-z-rdecimi-lasmi\/\"]}]},{\"@type\":\"BreadcrumbList\",\"@id\":\"https:\/\/skrina.si\/sl\/product\/angel-z-rdecimi-lasmi\/#breadcrumb\",\"itemListElement\":[{\"@type\":\"ListItem\",\"position\":1,\"name\":\"Home\",\"item\":\"https:\/\/skrina.si\/\"},{\"@type\":\"ListItem\",\"position\":2,\"name\":\"Shop\",\"item\":\"https:\/\/skrina.si\/shop\/\"},{\"@type\":\"ListItem\",\"position\":3,\"name\":\"Angel z rde\u010dimi lasmi\"}]},{\"@type\":\"WebSite\",\"@id\":\"https:\/\/skrina.si\/sl\/#website\",\"url\":\"https:\/\/skrina.si\/sl\/\",\"name\":\"Etnogalerija Skrina\",\"description\":\"Tradicija s posluhom\",\"potentialAction\":[{\"@type\":\"SearchAction\",\"target\":{\"@type\":\"EntryPoint\",\"urlTemplate\":\"https:\/\/skrina.si\/sl\/?s={search_term_string}\"},\"query-input\":\"required name=search_term_string\"}],\"inLanguage\":\"sl-SI\"}]}<\/script>\n<!-- \/ Yoast SEO plugin. -->","yoast_head_json":{"title":"Angel z rde\u010dimi lasmi - Etnogalerija Skrina","robots":{"index":"index","follow":"follow","max-snippet":"max-snippet:-1","max-image-preview":"max-image-preview:large","max-video-preview":"max-video-preview:-1"},"canonical":"https:\/\/skrina.si\/sl\/product\/angel-z-rdecimi-lasmi\/","og_locale":"sl_SI","og_type":"article","og_title":"[:sl]Angel z rde\u010dimi lasmi[:] - Etnogalerija Skrina","og_description":"[:sl]Angel je sila, nevidno bitje, katerega lahko vidijo otroci, ljudje \u010distega srca, umetniki in vizionarji, pa ne vsi \u2013 samo izbranci. Akademska slikarka\u00a0Ella Svilan \u2013 Svalina nam s svojimi angeli prina\u0161a veselje, toplino, varnost in iskrenost. V njeni umetnosti je le drobna lo\u010dnica med tem, kar je vzvi\u0161eno, in tem, kar je vsakdanje. Ponuja nam tak\u0161ne like, ki nas pritegnejo, navdu\u0161ijo in motivirajo, da verjamemo v\u00a0 lepoto in prijaznost sveta. Lastnosti:    Naslov dela: Angel z rde\u010dimi lasmi    Tehnika: giclee    Zunanja dimenzija: 14 x 14 cm    Vsa dela so podpisana    Odli\u010dna izbira za vse okuse, starostne skupine in razli\u010dne prilo\u017enosti  [:]","og_url":"https:\/\/skrina.si\/sl\/product\/angel-z-rdecimi-lasmi\/","og_site_name":"Etnogalerija Skrina","article_modified_time":"2024-04-17T18:25:20+00:00","og_image":[{"width":2000,"height":1500,"url":"https:\/\/skrina.si\/wp-content\/uploads\/2022\/03\/Ella-Svilan-Svalina-angel-fantek-slika-za-na-steno-galerija-10.jpg","type":"image\/jpeg"}],"twitter_card":"summary_large_image","twitter_misc":{"Est. reading time":"1 minuta"},"schema":{"@context":"https:\/\/schema.org","@graph":[{"@type":"WebPage","@id":"https:\/\/skrina.si\/sl\/product\/angel-z-rdecimi-lasmi\/","url":"https:\/\/skrina.si\/sl\/product\/angel-z-rdecimi-lasmi\/","name":"[:sl]Angel z rde\u010dimi lasmi[:] - Etnogalerija Skrina","isPartOf":{"@id":"https:\/\/skrina.si\/sl\/#website"},"datePublished":"2021-05-12T15:10:05+00:00","dateModified":"2024-04-17T18:25:20+00:00","breadcrumb":{"@id":"https:\/\/skrina.si\/sl\/product\/angel-z-rdecimi-lasmi\/#breadcrumb"},"inLanguage":"sl-SI","potentialAction":[{"@type":"ReadAction","target":["https:\/\/skrina.si\/sl\/product\/angel-z-rdecimi-lasmi\/"]}]},{"@type":"BreadcrumbList","@id":"https:\/\/skrina.si\/sl\/product\/angel-z-rdecimi-lasmi\/#breadcrumb","itemListElement":[{"@type":"ListItem","position":1,"name":"Home","item":"https:\/\/skrina.si\/"},{"@type":"ListItem","position":2,"name":"Shop","item":"https:\/\/skrina.si\/shop\/"},{"@type":"ListItem","position":3,"name":"Angel z rde\u010dimi lasmi"}]},{"@type":"WebSite","@id":"https:\/\/skrina.si\/sl\/#website","url":"https:\/\/skrina.si\/sl\/","name":"Etnogalerija Skrina","description":"Tradicija s posluhom","potentialAction":[{"@type":"SearchAction","target":{"@type":"EntryPoint","urlTemplate":"https:\/\/skrina.si\/sl\/?s={search_term_string}"},"query-input":"required name=search_term_string"}],"inLanguage":"sl-SI"}]}},"_links":{"self":[{"href":"https:\/\/skrina.si\/sl\/wp-json\/wp\/v2\/product\/2786"}],"collection":[{"href":"https:\/\/skrina.si\/sl\/wp-json\/wp\/v2\/product"}],"about":[{"href":"https:\/\/skrina.si\/sl\/wp-json\/wp\/v2\/types\/product"}],"wp:featuredmedia":[{"embeddable":true,"href":"https:\/\/skrina.si\/sl\/wp-json\/wp\/v2\/media\/7676"}],"wp:attachment":[{"href":"https:\/\/skrina.si\/sl\/wp-json\/wp\/v2\/media?parent=2786"}],"wp:term":[{"taxonomy":"product_cat","embeddable":true,"href":"https:\/\/skrina.si\/sl\/wp-json\/wp\/v2\/product_cat?post=2786"},{"taxonomy":"product_tag","embeddable":true,"href":"https:\/\/skrina.si\/sl\/wp-json\/wp\/v2\/product_tag?post=2786"}],"curies":[{"name":"wp","href":"https:\/\/api.w.org\/{rel}","templated":true}]}}