{"id":2717,"date":"2021-05-04T14:47:22","date_gmt":"2021-05-04T14:47:22","guid":{"rendered":"https:\/\/skrina.si\/?post_type=product&#038;p=2717"},"modified":"2024-03-19T07:05:17","modified_gmt":"2024-03-19T06:05:17","slug":"zenska-z-lutnjo","status":"publish","type":"product","link":"https:\/\/skrina.si\/sl\/product\/zenska-z-lutnjo\/","title":{"rendered":"\u017denska z lutnjo"},"content":{"rendered":"","protected":false},"excerpt":{"rendered":"<h5><strong>Jurij Kravcov<\/strong>\u00a0je mlaj\u0161i akademski slikar, po rodu Rus, ki pa \u017ee ve\u010d let biva in ustvarja v Sloveniji.<br \/>\n\u010ceprav s svojo slikarsko tehniko (olje na karton) ka\u017ee modernisti\u010dne te\u017enje, ostaja po svoji figuralni tematiki klasicist, katerega zanimajo predvsem ljudje in njihovi zna\u010daji.<\/h5>\n<h5>V zadnjem obdobju Jurijevo \u017eivljenje in delo dopolnjuje njegova \u017eena Anja, ki je v njegove slike zanesla nov utrip.<\/h5>\n<h6>Lastnosti:<\/h6>\n<ul>\n<li>\n<h6>Naslov dela: \u017denska s klobukom<\/h6>\n<\/li>\n<li>\n<h6>Tehnika: olje<\/h6>\n<\/li>\n<li>\n<h6>Zunanja dimenzija: 30 x 50 cm<\/h6>\n<\/li>\n<li>\n<h6>Vsa dela so podpisana<\/h6>\n<\/li>\n<\/ul>\n","protected":false},"featured_media":2718,"template":"","meta":{"_monsterinsights_skip_tracking":false,"_monsterinsights_sitenote_active":false,"_monsterinsights_sitenote_note":"","_monsterinsights_sitenote_category":0},"product_cat":[85,66],"product_tag":[88,75,87],"aioseo_notices":[],"yoast_head":"<!-- This site is optimized with the Yoast SEO plugin v22.1 - https:\/\/yoast.com\/wordpress\/plugins\/seo\/ -->\n<title>\u017denska z lutnjo - Etnogalerija Skrina<\/title>\n<meta name=\"robots\" content=\"index, follow, max-snippet:-1, max-image-preview:large, max-video-preview:-1\" \/>\n<link rel=\"canonical\" href=\"https:\/\/skrina.si\/sl\/product\/zenska-z-lutnjo\/\" \/>\n<meta property=\"og:locale\" content=\"sl_SI\" \/>\n<meta property=\"og:locale:alternate\" content=\"en_GB\" \/>\n<meta property=\"og:type\" content=\"article\" \/>\n<meta property=\"og:title\" content=\"\u017denska z lutnjo - Etnogalerija Skrina\" \/>\n<meta property=\"og:description\" content=\"Jurij Kravcov\u00a0je mlaj\u0161i akademski slikar, po rodu Rus, ki pa \u017ee ve\u010d let biva in ustvarja v Sloveniji. \u010ceprav s svojo slikarsko tehniko (olje na karton) ka\u017ee modernisti\u010dne te\u017enje, ostaja po svoji figuralni tematiki klasicist, katerega zanimajo predvsem ljudje in njihovi zna\u010daji. V zadnjem obdobju Jurijevo \u017eivljenje in delo dopolnjuje njegova \u017eena Anja, ki je v njegove slike zanesla nov utrip. Lastnosti:    Naslov dela: \u017denska s klobukom    Tehnika: olje    Zunanja dimenzija: 30 x 50 cm    Vsa dela so podpisana\" \/>\n<meta property=\"og:url\" content=\"https:\/\/skrina.si\/sl\/product\/zenska-z-lutnjo\/\" \/>\n<meta property=\"og:site_name\" content=\"Etnogalerija Skrina\" \/>\n<meta property=\"article:modified_time\" content=\"2024-03-19T06:05:17+00:00\" \/>\n<meta property=\"og:image\" content=\"https:\/\/skrina.si\/wp-content\/uploads\/2021\/05\/Jurij-Kravcov_Zenska-z-lutnjo-e1622114043353.jpg\" \/>\n\t<meta property=\"og:image:width\" content=\"1554\" \/>\n\t<meta property=\"og:image:height\" content=\"1164\" \/>\n\t<meta property=\"og:image:type\" content=\"image\/jpeg\" \/>\n<meta name=\"twitter:card\" content=\"summary_large_image\" \/>\n<meta name=\"twitter:label1\" content=\"Est. reading time\" \/>\n\t<meta name=\"twitter:data1\" content=\"1 minuta\" \/>\n<script type=\"application\/ld+json\" class=\"yoast-schema-graph\">{\"@context\":\"https:\/\/schema.org\",\"@graph\":[{\"@type\":\"WebPage\",\"@id\":\"https:\/\/skrina.si\/sl\/product\/zenska-z-lutnjo\/\",\"url\":\"https:\/\/skrina.si\/sl\/product\/zenska-z-lutnjo\/\",\"name\":\"\u017denska z lutnjo - Etnogalerija Skrina\",\"isPartOf\":{\"@id\":\"https:\/\/skrina.si\/sl\/#website\"},\"datePublished\":\"2021-05-04T14:47:22+00:00\",\"dateModified\":\"2024-03-19T06:05:17+00:00\",\"breadcrumb\":{\"@id\":\"https:\/\/skrina.si\/sl\/product\/zenska-z-lutnjo\/#breadcrumb\"},\"inLanguage\":\"sl-SI\",\"potentialAction\":[{\"@type\":\"ReadAction\",\"target\":[\"https:\/\/skrina.si\/sl\/product\/zenska-z-lutnjo\/\"]}]},{\"@type\":\"BreadcrumbList\",\"@id\":\"https:\/\/skrina.si\/sl\/product\/zenska-z-lutnjo\/#breadcrumb\",\"itemListElement\":[{\"@type\":\"ListItem\",\"position\":1,\"name\":\"Home\",\"item\":\"https:\/\/skrina.si\/\"},{\"@type\":\"ListItem\",\"position\":2,\"name\":\"Shop\",\"item\":\"https:\/\/skrina.si\/shop\/\"},{\"@type\":\"ListItem\",\"position\":3,\"name\":\"\u017denska z lutnjo\"}]},{\"@type\":\"WebSite\",\"@id\":\"https:\/\/skrina.si\/sl\/#website\",\"url\":\"https:\/\/skrina.si\/sl\/\",\"name\":\"Etnogalerija Skrina\",\"description\":\"Tradicija s posluhom\",\"potentialAction\":[{\"@type\":\"SearchAction\",\"target\":{\"@type\":\"EntryPoint\",\"urlTemplate\":\"https:\/\/skrina.si\/sl\/?s={search_term_string}\"},\"query-input\":\"required name=search_term_string\"}],\"inLanguage\":\"sl-SI\"}]}<\/script>\n<!-- \/ Yoast SEO plugin. -->","yoast_head_json":{"title":"\u017denska z lutnjo - Etnogalerija Skrina","robots":{"index":"index","follow":"follow","max-snippet":"max-snippet:-1","max-image-preview":"max-image-preview:large","max-video-preview":"max-video-preview:-1"},"canonical":"https:\/\/skrina.si\/sl\/product\/zenska-z-lutnjo\/","og_locale":"sl_SI","og_type":"article","og_title":"\u017denska z lutnjo - Etnogalerija Skrina","og_description":"Jurij Kravcov\u00a0je mlaj\u0161i akademski slikar, po rodu Rus, ki pa \u017ee ve\u010d let biva in ustvarja v Sloveniji. \u010ceprav s svojo slikarsko tehniko (olje na karton) ka\u017ee modernisti\u010dne te\u017enje, ostaja po svoji figuralni tematiki klasicist, katerega zanimajo predvsem ljudje in njihovi zna\u010daji. V zadnjem obdobju Jurijevo \u017eivljenje in delo dopolnjuje njegova \u017eena Anja, ki je v njegove slike zanesla nov utrip. Lastnosti:    Naslov dela: \u017denska s klobukom    Tehnika: olje    Zunanja dimenzija: 30 x 50 cm    Vsa dela so podpisana","og_url":"https:\/\/skrina.si\/sl\/product\/zenska-z-lutnjo\/","og_site_name":"Etnogalerija Skrina","article_modified_time":"2024-03-19T06:05:17+00:00","og_image":[{"width":1554,"height":1164,"url":"https:\/\/skrina.si\/wp-content\/uploads\/2021\/05\/Jurij-Kravcov_Zenska-z-lutnjo-e1622114043353.jpg","type":"image\/jpeg"}],"twitter_card":"summary_large_image","twitter_misc":{"Est. reading time":"1 minuta"},"schema":{"@context":"https:\/\/schema.org","@graph":[{"@type":"WebPage","@id":"https:\/\/skrina.si\/sl\/product\/zenska-z-lutnjo\/","url":"https:\/\/skrina.si\/sl\/product\/zenska-z-lutnjo\/","name":"\u017denska z lutnjo - Etnogalerija Skrina","isPartOf":{"@id":"https:\/\/skrina.si\/sl\/#website"},"datePublished":"2021-05-04T14:47:22+00:00","dateModified":"2024-03-19T06:05:17+00:00","breadcrumb":{"@id":"https:\/\/skrina.si\/sl\/product\/zenska-z-lutnjo\/#breadcrumb"},"inLanguage":"sl-SI","potentialAction":[{"@type":"ReadAction","target":["https:\/\/skrina.si\/sl\/product\/zenska-z-lutnjo\/"]}]},{"@type":"BreadcrumbList","@id":"https:\/\/skrina.si\/sl\/product\/zenska-z-lutnjo\/#breadcrumb","itemListElement":[{"@type":"ListItem","position":1,"name":"Home","item":"https:\/\/skrina.si\/"},{"@type":"ListItem","position":2,"name":"Shop","item":"https:\/\/skrina.si\/shop\/"},{"@type":"ListItem","position":3,"name":"\u017denska z lutnjo"}]},{"@type":"WebSite","@id":"https:\/\/skrina.si\/sl\/#website","url":"https:\/\/skrina.si\/sl\/","name":"Etnogalerija Skrina","description":"Tradicija s posluhom","potentialAction":[{"@type":"SearchAction","target":{"@type":"EntryPoint","urlTemplate":"https:\/\/skrina.si\/sl\/?s={search_term_string}"},"query-input":"required name=search_term_string"}],"inLanguage":"sl-SI"}]}},"_links":{"self":[{"href":"https:\/\/skrina.si\/sl\/wp-json\/wp\/v2\/product\/2717"}],"collection":[{"href":"https:\/\/skrina.si\/sl\/wp-json\/wp\/v2\/product"}],"about":[{"href":"https:\/\/skrina.si\/sl\/wp-json\/wp\/v2\/types\/product"}],"wp:featuredmedia":[{"embeddable":true,"href":"https:\/\/skrina.si\/sl\/wp-json\/wp\/v2\/media\/2718"}],"wp:attachment":[{"href":"https:\/\/skrina.si\/sl\/wp-json\/wp\/v2\/media?parent=2717"}],"wp:term":[{"taxonomy":"product_cat","embeddable":true,"href":"https:\/\/skrina.si\/sl\/wp-json\/wp\/v2\/product_cat?post=2717"},{"taxonomy":"product_tag","embeddable":true,"href":"https:\/\/skrina.si\/sl\/wp-json\/wp\/v2\/product_tag?post=2717"}],"curies":[{"name":"wp","href":"https:\/\/api.w.org\/{rel}","templated":true}]}}