{"id":2709,"date":"2021-07-06T16:27:36","date_gmt":"2021-07-06T16:27:36","guid":{"rendered":"https:\/\/skrina.si\/?post_type=product&#038;p=2709"},"modified":"2024-04-12T21:52:49","modified_gmt":"2024-04-12T19:52:49","slug":"stari-hrast","status":"publish","type":"product","link":"https:\/\/skrina.si\/sl\/product\/stari-hrast\/","title":{"rendered":"Stari Hrast"},"content":{"rendered":"","protected":false},"excerpt":{"rendered":"<h5>Umetnica<em><strong> Nina Zelenko<\/strong><\/em> na svojih grafi\u010dnih listih neguje predvsem motive, ki so povezani z naravo, s pokrajino in z \u017eivimi bitji.<\/h5>\n<h5>Ob teh razvija svojstven fantazijski svet, izra\u017een z nenavadnimi likovnimi metaforami.<\/h5>\n<h6><em>Lastnosti:<\/em><\/h6>\n<ul>\n<li>\n<h6><em>Naslov dela: Stari hrast<\/em><\/h6>\n<\/li>\n<li>\n<h6><em>Tehnika: jedkanica<\/em><\/h6>\n<\/li>\n<li>\n<h6><em>Zunanja dimenzija: 26 x 18 cm<\/em><\/h6>\n<\/li>\n<li>\n<h6><em>Leto nastanka: 2016<\/em><\/h6>\n<\/li>\n<li>\n<h6><em>Omejena naklada 20\/75<\/em><\/h6>\n<\/li>\n<li>\n<h6><em>Vsa dela so podpisana, o\u0161tevil\u010dena in imajo vodni \u017eig avtorice.<\/em><\/h6>\n<\/li>\n<\/ul>\n","protected":false},"featured_media":14883,"template":"","meta":{"_monsterinsights_skip_tracking":false,"_monsterinsights_sitenote_active":false,"_monsterinsights_sitenote_note":"","_monsterinsights_sitenote_category":0},"product_cat":[71,66],"product_tag":[],"aioseo_notices":[],"yoast_head":"<!-- This site is optimized with the Yoast SEO plugin v22.1 - https:\/\/yoast.com\/wordpress\/plugins\/seo\/ -->\n<title>Stari Hrast - Etnogalerija Skrina<\/title>\n<meta name=\"robots\" content=\"index, follow, max-snippet:-1, max-image-preview:large, max-video-preview:-1\" \/>\n<link rel=\"canonical\" href=\"https:\/\/skrina.si\/sl\/product\/stari-hrast\/\" \/>\n<meta property=\"og:locale\" content=\"sl_SI\" \/>\n<meta property=\"og:locale:alternate\" content=\"en_GB\" \/>\n<meta property=\"og:type\" content=\"article\" \/>\n<meta property=\"og:title\" content=\"Stari Hrast\" \/>\n<meta property=\"og:description\" content=\"Umetnica Nina Zelenko na svojih grafi\u010dnih listih neguje predvsem motive, ki so povezani z naravo, s pokrajino in z \u017eivimi bitji. Ob teh razvija svojstven fantazijski svet, izra\u017een z nenavadnimi likovnimi metaforami. Lastnosti:    Naslov dela: Stari hrast    Tehnika: jedkanica    Zunanja dimenzija: 26 x 18 cm    Leto nastanka: 2016    Omejena naklada 20\/75    Vsa dela so podpisana, o\u0161tevil\u010dena in imajo vodni \u017eig avtorice.\" \/>\n<meta property=\"og:url\" content=\"https:\/\/skrina.si\/sl\/product\/stari-hrast\/\" \/>\n<meta property=\"og:site_name\" content=\"Etnogalerija Skrina\" \/>\n<meta property=\"article:modified_time\" content=\"2024-04-12T19:52:49+00:00\" \/>\n<meta property=\"og:image\" content=\"https:\/\/skrina.si\/wp-content\/uploads\/2021\/07\/NINA-ZELENKO-STARI-HRAST.jpg\" \/>\n\t<meta property=\"og:image:width\" content=\"2000\" \/>\n\t<meta property=\"og:image:height\" content=\"1500\" \/>\n\t<meta property=\"og:image:type\" content=\"image\/jpeg\" \/>\n<meta name=\"twitter:card\" content=\"summary_large_image\" \/>\n<meta name=\"twitter:label1\" content=\"Est. reading time\" \/>\n\t<meta name=\"twitter:data1\" content=\"1 minuta\" \/>\n<script type=\"application\/ld+json\" class=\"yoast-schema-graph\">{\"@context\":\"https:\/\/schema.org\",\"@graph\":[{\"@type\":\"WebPage\",\"@id\":\"https:\/\/skrina.si\/sl\/product\/stari-hrast\/\",\"url\":\"https:\/\/skrina.si\/sl\/product\/stari-hrast\/\",\"name\":\"[:en]Stari Hrast[:sl]Stari Hrast[:] - Etnogalerija Skrina\",\"isPartOf\":{\"@id\":\"https:\/\/skrina.si\/sl\/#website\"},\"datePublished\":\"2021-07-06T16:27:36+00:00\",\"dateModified\":\"2024-04-12T19:52:49+00:00\",\"breadcrumb\":{\"@id\":\"https:\/\/skrina.si\/sl\/product\/stari-hrast\/#breadcrumb\"},\"inLanguage\":\"sl-SI\",\"potentialAction\":[{\"@type\":\"ReadAction\",\"target\":[\"https:\/\/skrina.si\/sl\/product\/stari-hrast\/\"]}]},{\"@type\":\"BreadcrumbList\",\"@id\":\"https:\/\/skrina.si\/sl\/product\/stari-hrast\/#breadcrumb\",\"itemListElement\":[{\"@type\":\"ListItem\",\"position\":1,\"name\":\"Home\",\"item\":\"https:\/\/skrina.si\/\"},{\"@type\":\"ListItem\",\"position\":2,\"name\":\"Shop\",\"item\":\"https:\/\/skrina.si\/shop\/\"},{\"@type\":\"ListItem\",\"position\":3,\"name\":\"Stari Hrast\"}]},{\"@type\":\"WebSite\",\"@id\":\"https:\/\/skrina.si\/sl\/#website\",\"url\":\"https:\/\/skrina.si\/sl\/\",\"name\":\"Etnogalerija Skrina\",\"description\":\"Tradicija s posluhom\",\"potentialAction\":[{\"@type\":\"SearchAction\",\"target\":{\"@type\":\"EntryPoint\",\"urlTemplate\":\"https:\/\/skrina.si\/sl\/?s={search_term_string}\"},\"query-input\":\"required name=search_term_string\"}],\"inLanguage\":\"sl-SI\"}]}<\/script>\n<!-- \/ Yoast SEO plugin. -->","yoast_head_json":{"title":"Stari Hrast - Etnogalerija Skrina","robots":{"index":"index","follow":"follow","max-snippet":"max-snippet:-1","max-image-preview":"max-image-preview:large","max-video-preview":"max-video-preview:-1"},"canonical":"https:\/\/skrina.si\/sl\/product\/stari-hrast\/","og_locale":"sl_SI","og_type":"article","og_title":"[:en]Stari Hrast[:sl]Stari Hrast[:] - Etnogalerija Skrina","og_description":"[:en]Umetnica Nina Zelenko na svojih grafi\u010dnih listih neguje predvsem motive, ki so povezani z naravo, s pokrajino in z \u017eivimi bitji. Ob teh razvija svojstven fantazijski svet, izra\u017een z nenavadnimi likovnimi metaforami. Lastnosti:    Naslov dela: Stari hrast    Tehnika: jedkanica    Zunanja dimenzija: 26 x 18 cm    Leto nastanka: 2016    Omejena naklada 20\/75    Vsa dela so podpisana, o\u0161tevil\u010dena in imajo vodni \u017eig avtorice.  [:sl]Umetnica Nina Zelenko na svojih grafi\u010dnih listih neguje predvsem motive, ki so povezani z naravo, s pokrajino in z \u017eivimi bitji. Ob teh razvija svojstven fantazijski svet, izra\u017een z nenavadnimi likovnimi metaforami. Lastnosti:    Naslov dela: Stari hrast    Tehnika: jedkanica    Zunanja dimenzija: 26 x 18 cm    Leto nastanka: 2016    Omejena naklada 20\/75    Vsa dela so podpisana, o\u0161tevil\u010dena in imajo vodni \u017eig avtorice.  [:]","og_url":"https:\/\/skrina.si\/sl\/product\/stari-hrast\/","og_site_name":"Etnogalerija Skrina","article_modified_time":"2024-04-12T19:52:49+00:00","og_image":[{"width":2000,"height":1500,"url":"https:\/\/skrina.si\/wp-content\/uploads\/2021\/07\/NINA-ZELENKO-STARI-HRAST.jpg","type":"image\/jpeg"}],"twitter_card":"summary_large_image","twitter_misc":{"Est. reading time":"1 minuta"},"schema":{"@context":"https:\/\/schema.org","@graph":[{"@type":"WebPage","@id":"https:\/\/skrina.si\/sl\/product\/stari-hrast\/","url":"https:\/\/skrina.si\/sl\/product\/stari-hrast\/","name":"[:en]Stari Hrast[:sl]Stari Hrast[:] - Etnogalerija Skrina","isPartOf":{"@id":"https:\/\/skrina.si\/sl\/#website"},"datePublished":"2021-07-06T16:27:36+00:00","dateModified":"2024-04-12T19:52:49+00:00","breadcrumb":{"@id":"https:\/\/skrina.si\/sl\/product\/stari-hrast\/#breadcrumb"},"inLanguage":"sl-SI","potentialAction":[{"@type":"ReadAction","target":["https:\/\/skrina.si\/sl\/product\/stari-hrast\/"]}]},{"@type":"BreadcrumbList","@id":"https:\/\/skrina.si\/sl\/product\/stari-hrast\/#breadcrumb","itemListElement":[{"@type":"ListItem","position":1,"name":"Home","item":"https:\/\/skrina.si\/"},{"@type":"ListItem","position":2,"name":"Shop","item":"https:\/\/skrina.si\/shop\/"},{"@type":"ListItem","position":3,"name":"Stari Hrast"}]},{"@type":"WebSite","@id":"https:\/\/skrina.si\/sl\/#website","url":"https:\/\/skrina.si\/sl\/","name":"Etnogalerija Skrina","description":"Tradicija s posluhom","potentialAction":[{"@type":"SearchAction","target":{"@type":"EntryPoint","urlTemplate":"https:\/\/skrina.si\/sl\/?s={search_term_string}"},"query-input":"required name=search_term_string"}],"inLanguage":"sl-SI"}]}},"_links":{"self":[{"href":"https:\/\/skrina.si\/sl\/wp-json\/wp\/v2\/product\/2709"}],"collection":[{"href":"https:\/\/skrina.si\/sl\/wp-json\/wp\/v2\/product"}],"about":[{"href":"https:\/\/skrina.si\/sl\/wp-json\/wp\/v2\/types\/product"}],"wp:featuredmedia":[{"embeddable":true,"href":"https:\/\/skrina.si\/sl\/wp-json\/wp\/v2\/media\/14883"}],"wp:attachment":[{"href":"https:\/\/skrina.si\/sl\/wp-json\/wp\/v2\/media?parent=2709"}],"wp:term":[{"taxonomy":"product_cat","embeddable":true,"href":"https:\/\/skrina.si\/sl\/wp-json\/wp\/v2\/product_cat?post=2709"},{"taxonomy":"product_tag","embeddable":true,"href":"https:\/\/skrina.si\/sl\/wp-json\/wp\/v2\/product_tag?post=2709"}],"curies":[{"name":"wp","href":"https:\/\/api.w.org\/{rel}","templated":true}]}}