{"id":2704,"date":"2021-03-30T13:35:34","date_gmt":"2021-03-30T13:35:34","guid":{"rendered":"https:\/\/skrina.si\/?post_type=product&#038;p=2704"},"modified":"2024-04-12T21:54:49","modified_gmt":"2024-04-12T19:54:49","slug":"vrt-nina-zelenko","status":"publish","type":"product","link":"https:\/\/skrina.si\/sl\/product\/vrt-nina-zelenko\/","title":{"rendered":"Vrt"},"content":{"rendered":"","protected":false},"excerpt":{"rendered":"<h5><em><strong>Nina Zelenko<\/strong><\/em> nas odkrito opozarja na lepoto in tiste dragocenosti neokrnjene narave, ki vse bolj drasti\u010dno izginjajo v neizprosnem tempu sedanjosti.<\/h5>\n<h5>Opominja nas, da \u00a0potrebujemo stik z naravo, ki nas bogati in\u00a0 pomirja.<\/h5>\n<h6><em>Lastnosti:<\/em><\/h6>\n<ul>\n<li>\n<h6><em>Naslov dela: Vrt<\/em><\/h6>\n<\/li>\n<li>\n<h6><em>Tehnika: jedkanica<\/em><\/h6>\n<\/li>\n<li>\n<h6><em>Zunanja dimenzija: 33 x 40 cm<\/em><\/h6>\n<\/li>\n<li>\n<h6><em>Leto nastanka: 2017<\/em><\/h6>\n<\/li>\n<li>\n<h6><em>Omejena naklada 46\/75<\/em><\/h6>\n<\/li>\n<li>\n<h6><em>Vsa dela so podpisana, o\u0161tevil\u010dena in imajo vodni \u017eig avtorice.<\/em><\/h6>\n<\/li>\n<\/ul>\n","protected":false},"featured_media":2885,"template":"","meta":{"_monsterinsights_skip_tracking":false,"_monsterinsights_sitenote_active":false,"_monsterinsights_sitenote_note":"","_monsterinsights_sitenote_category":0},"product_cat":[71,66],"product_tag":[76],"aioseo_notices":[],"yoast_head":"<!-- This site is optimized with the Yoast SEO plugin v22.1 - https:\/\/yoast.com\/wordpress\/plugins\/seo\/ -->\n<title>Vrt - Etnogalerija Skrina<\/title>\n<meta name=\"robots\" content=\"index, follow, max-snippet:-1, max-image-preview:large, max-video-preview:-1\" \/>\n<link rel=\"canonical\" href=\"https:\/\/skrina.si\/sl\/product\/vrt-nina-zelenko\/\" \/>\n<meta property=\"og:locale\" content=\"sl_SI\" \/>\n<meta property=\"og:locale:alternate\" content=\"en_GB\" \/>\n<meta property=\"og:type\" content=\"article\" \/>\n<meta property=\"og:title\" content=\"Vrt\" \/>\n<meta property=\"og:description\" content=\"Nina Zelenko nas odkrito opozarja na lepoto in tiste dragocenosti neokrnjene narave, ki vse bolj drasti\u010dno izginjajo v neizprosnem tempu sedanjosti. Opominja nas, da \u00a0potrebujemo stik z naravo, ki nas bogati in\u00a0 pomirja. Lastnosti:    Naslov dela: Vrt    Tehnika: jedkanica    Zunanja dimenzija: 33 x 40 cm    Leto nastanka: 2017    Omejena naklada 46\/75    Vsa dela so podpisana, o\u0161tevil\u010dena in imajo vodni \u017eig avtorice.\" \/>\n<meta property=\"og:url\" content=\"https:\/\/skrina.si\/sl\/product\/vrt-nina-zelenko\/\" \/>\n<meta property=\"og:site_name\" content=\"Etnogalerija Skrina\" \/>\n<meta property=\"article:modified_time\" content=\"2024-04-12T19:54:49+00:00\" \/>\n<meta property=\"og:image\" content=\"https:\/\/skrina.si\/wp-content\/uploads\/2021\/03\/Nina-Zelenko_Vrt_grafika_8-1.jpg\" \/>\n\t<meta property=\"og:image:width\" content=\"2000\" \/>\n\t<meta property=\"og:image:height\" content=\"1500\" \/>\n\t<meta property=\"og:image:type\" content=\"image\/jpeg\" \/>\n<meta name=\"twitter:card\" content=\"summary_large_image\" \/>\n<meta name=\"twitter:label1\" content=\"Est. reading time\" \/>\n\t<meta name=\"twitter:data1\" content=\"1 minuta\" \/>\n<script type=\"application\/ld+json\" class=\"yoast-schema-graph\">{\"@context\":\"https:\/\/schema.org\",\"@graph\":[{\"@type\":\"WebPage\",\"@id\":\"https:\/\/skrina.si\/sl\/product\/vrt-nina-zelenko\/\",\"url\":\"https:\/\/skrina.si\/sl\/product\/vrt-nina-zelenko\/\",\"name\":\"[:sl]Vrt[:] - Etnogalerija Skrina\",\"isPartOf\":{\"@id\":\"https:\/\/skrina.si\/sl\/#website\"},\"datePublished\":\"2021-03-30T13:35:34+00:00\",\"dateModified\":\"2024-04-12T19:54:49+00:00\",\"breadcrumb\":{\"@id\":\"https:\/\/skrina.si\/sl\/product\/vrt-nina-zelenko\/#breadcrumb\"},\"inLanguage\":\"sl-SI\",\"potentialAction\":[{\"@type\":\"ReadAction\",\"target\":[\"https:\/\/skrina.si\/sl\/product\/vrt-nina-zelenko\/\"]}]},{\"@type\":\"BreadcrumbList\",\"@id\":\"https:\/\/skrina.si\/sl\/product\/vrt-nina-zelenko\/#breadcrumb\",\"itemListElement\":[{\"@type\":\"ListItem\",\"position\":1,\"name\":\"Home\",\"item\":\"https:\/\/skrina.si\/\"},{\"@type\":\"ListItem\",\"position\":2,\"name\":\"Shop\",\"item\":\"https:\/\/skrina.si\/shop\/\"},{\"@type\":\"ListItem\",\"position\":3,\"name\":\"Vrt\"}]},{\"@type\":\"WebSite\",\"@id\":\"https:\/\/skrina.si\/sl\/#website\",\"url\":\"https:\/\/skrina.si\/sl\/\",\"name\":\"Etnogalerija Skrina\",\"description\":\"Tradicija s posluhom\",\"potentialAction\":[{\"@type\":\"SearchAction\",\"target\":{\"@type\":\"EntryPoint\",\"urlTemplate\":\"https:\/\/skrina.si\/sl\/?s={search_term_string}\"},\"query-input\":\"required name=search_term_string\"}],\"inLanguage\":\"sl-SI\"}]}<\/script>\n<!-- \/ Yoast SEO plugin. -->","yoast_head_json":{"title":"Vrt - Etnogalerija Skrina","robots":{"index":"index","follow":"follow","max-snippet":"max-snippet:-1","max-image-preview":"max-image-preview:large","max-video-preview":"max-video-preview:-1"},"canonical":"https:\/\/skrina.si\/sl\/product\/vrt-nina-zelenko\/","og_locale":"sl_SI","og_type":"article","og_title":"[:sl]Vrt[:] - Etnogalerija Skrina","og_description":"[:sl]Nina Zelenko nas odkrito opozarja na lepoto in tiste dragocenosti neokrnjene narave, ki vse bolj drasti\u010dno izginjajo v neizprosnem tempu sedanjosti. Opominja nas, da \u00a0potrebujemo stik z naravo, ki nas bogati in\u00a0 pomirja. Lastnosti:    Naslov dela: Vrt    Tehnika: jedkanica    Zunanja dimenzija: 33 x 40 cm    Leto nastanka: 2017    Omejena naklada 46\/75    Vsa dela so podpisana, o\u0161tevil\u010dena in imajo vodni \u017eig avtorice.  [:]","og_url":"https:\/\/skrina.si\/sl\/product\/vrt-nina-zelenko\/","og_site_name":"Etnogalerija Skrina","article_modified_time":"2024-04-12T19:54:49+00:00","og_image":[{"width":2000,"height":1500,"url":"https:\/\/skrina.si\/wp-content\/uploads\/2021\/03\/Nina-Zelenko_Vrt_grafika_8-1.jpg","type":"image\/jpeg"}],"twitter_card":"summary_large_image","twitter_misc":{"Est. reading time":"1 minuta"},"schema":{"@context":"https:\/\/schema.org","@graph":[{"@type":"WebPage","@id":"https:\/\/skrina.si\/sl\/product\/vrt-nina-zelenko\/","url":"https:\/\/skrina.si\/sl\/product\/vrt-nina-zelenko\/","name":"[:sl]Vrt[:] - Etnogalerija Skrina","isPartOf":{"@id":"https:\/\/skrina.si\/sl\/#website"},"datePublished":"2021-03-30T13:35:34+00:00","dateModified":"2024-04-12T19:54:49+00:00","breadcrumb":{"@id":"https:\/\/skrina.si\/sl\/product\/vrt-nina-zelenko\/#breadcrumb"},"inLanguage":"sl-SI","potentialAction":[{"@type":"ReadAction","target":["https:\/\/skrina.si\/sl\/product\/vrt-nina-zelenko\/"]}]},{"@type":"BreadcrumbList","@id":"https:\/\/skrina.si\/sl\/product\/vrt-nina-zelenko\/#breadcrumb","itemListElement":[{"@type":"ListItem","position":1,"name":"Home","item":"https:\/\/skrina.si\/"},{"@type":"ListItem","position":2,"name":"Shop","item":"https:\/\/skrina.si\/shop\/"},{"@type":"ListItem","position":3,"name":"Vrt"}]},{"@type":"WebSite","@id":"https:\/\/skrina.si\/sl\/#website","url":"https:\/\/skrina.si\/sl\/","name":"Etnogalerija Skrina","description":"Tradicija s posluhom","potentialAction":[{"@type":"SearchAction","target":{"@type":"EntryPoint","urlTemplate":"https:\/\/skrina.si\/sl\/?s={search_term_string}"},"query-input":"required name=search_term_string"}],"inLanguage":"sl-SI"}]}},"_links":{"self":[{"href":"https:\/\/skrina.si\/sl\/wp-json\/wp\/v2\/product\/2704"}],"collection":[{"href":"https:\/\/skrina.si\/sl\/wp-json\/wp\/v2\/product"}],"about":[{"href":"https:\/\/skrina.si\/sl\/wp-json\/wp\/v2\/types\/product"}],"wp:featuredmedia":[{"embeddable":true,"href":"https:\/\/skrina.si\/sl\/wp-json\/wp\/v2\/media\/2885"}],"wp:attachment":[{"href":"https:\/\/skrina.si\/sl\/wp-json\/wp\/v2\/media?parent=2704"}],"wp:term":[{"taxonomy":"product_cat","embeddable":true,"href":"https:\/\/skrina.si\/sl\/wp-json\/wp\/v2\/product_cat?post=2704"},{"taxonomy":"product_tag","embeddable":true,"href":"https:\/\/skrina.si\/sl\/wp-json\/wp\/v2\/product_tag?post=2704"}],"curies":[{"name":"wp","href":"https:\/\/api.w.org\/{rel}","templated":true}]}}