{"id":2701,"date":"2021-07-06T15:20:12","date_gmt":"2021-07-06T15:20:12","guid":{"rendered":"https:\/\/skrina.si\/?post_type=product&#038;p=2701"},"modified":"2024-04-12T21:53:59","modified_gmt":"2024-04-12T19:53:59","slug":"nina-zelenko-cipresa","status":"publish","type":"product","link":"https:\/\/skrina.si\/sl\/product\/nina-zelenko-cipresa\/","title":{"rendered":"Cipresa"},"content":{"rendered":"","protected":false},"excerpt":{"rendered":"<h5>Drevesa <em><strong>Nine Zelenko<\/strong><\/em> so pre\u017eeta z iskrenim ob\u010dudovanjem narave in so ponujena v svojevrstno u\u017eivanje vsem, ki jih privla\u010dita lepota\u00a0 in bogastvo sveta \u017eive narave.<\/h5>\n<h6><em>Lastnosti:<\/em><\/h6>\n<ul>\n<li>\n<h6><em>Naslov dela: Cipresa<\/em><\/h6>\n<\/li>\n<li>\n<h6><em>Tehnika: jedkanica<\/em><\/h6>\n<\/li>\n<li>\n<h6><em>Zunanja dimenzija: 18 x 26 cm<\/em><\/h6>\n<\/li>\n<li>\n<h6><em>Leto nastanka: 2017<\/em><\/h6>\n<\/li>\n<li>\n<h6><em>Omejena naklada 10\/50<\/em><\/h6>\n<\/li>\n<li>\n<h6><em>Vsa dela so podpisana, o\u0161tevil\u010dena in imajo vodni \u017eig avtorice.<\/em><\/h6>\n<\/li>\n<\/ul>\n","protected":false},"featured_media":7249,"template":"","meta":{"_monsterinsights_skip_tracking":false,"_monsterinsights_sitenote_active":false,"_monsterinsights_sitenote_note":"","_monsterinsights_sitenote_category":0},"product_cat":[71,66],"product_tag":[174,76],"aioseo_notices":[],"yoast_head":"<!-- This site is optimized with the Yoast SEO plugin v22.1 - https:\/\/yoast.com\/wordpress\/plugins\/seo\/ -->\n<title>Cipresa - Etnogalerija Skrina<\/title>\n<meta name=\"robots\" content=\"index, follow, max-snippet:-1, max-image-preview:large, max-video-preview:-1\" \/>\n<link rel=\"canonical\" href=\"https:\/\/skrina.si\/sl\/product\/nina-zelenko-cipresa\/\" \/>\n<meta property=\"og:locale\" content=\"sl_SI\" \/>\n<meta property=\"og:locale:alternate\" content=\"en_GB\" \/>\n<meta property=\"og:type\" content=\"article\" \/>\n<meta property=\"og:title\" content=\"Cipresa\" \/>\n<meta property=\"og:description\" content=\"Drevesa Nine Zelenko so pre\u017eeta z iskrenim ob\u010dudovanjem narave in so ponujena v svojevrstno u\u017eivanje vsem, ki jih privla\u010dita lepota\u00a0 in bogastvo sveta \u017eive narave. Lastnosti:    Naslov dela: Cipresa    Tehnika: jedkanica    Zunanja dimenzija: 18 x 26 cm    Leto nastanka: 2017    Omejena naklada 10\/50    Vsa dela so podpisana, o\u0161tevil\u010dena in imajo vodni \u017eig avtorice.\" \/>\n<meta property=\"og:url\" content=\"https:\/\/skrina.si\/sl\/product\/nina-zelenko-cipresa\/\" \/>\n<meta property=\"og:site_name\" content=\"Etnogalerija Skrina\" \/>\n<meta property=\"article:modified_time\" content=\"2024-04-12T19:53:59+00:00\" \/>\n<meta property=\"og:image\" content=\"https:\/\/skrina.si\/wp-content\/uploads\/2022\/02\/Zelenko-Nina-cipresa-grafika-moderna-umetnost-slovenska-umetnica.jpg\" \/>\n\t<meta property=\"og:image:width\" content=\"2000\" \/>\n\t<meta property=\"og:image:height\" content=\"1500\" \/>\n\t<meta property=\"og:image:type\" content=\"image\/jpeg\" \/>\n<meta name=\"twitter:card\" content=\"summary_large_image\" \/>\n<meta name=\"twitter:label1\" content=\"Est. reading time\" \/>\n\t<meta name=\"twitter:data1\" content=\"1 minuta\" \/>\n<script type=\"application\/ld+json\" class=\"yoast-schema-graph\">{\"@context\":\"https:\/\/schema.org\",\"@graph\":[{\"@type\":\"WebPage\",\"@id\":\"https:\/\/skrina.si\/sl\/product\/nina-zelenko-cipresa\/\",\"url\":\"https:\/\/skrina.si\/sl\/product\/nina-zelenko-cipresa\/\",\"name\":\"[:sl]Cipresa[:] - Etnogalerija Skrina\",\"isPartOf\":{\"@id\":\"https:\/\/skrina.si\/sl\/#website\"},\"datePublished\":\"2021-07-06T15:20:12+00:00\",\"dateModified\":\"2024-04-12T19:53:59+00:00\",\"breadcrumb\":{\"@id\":\"https:\/\/skrina.si\/sl\/product\/nina-zelenko-cipresa\/#breadcrumb\"},\"inLanguage\":\"sl-SI\",\"potentialAction\":[{\"@type\":\"ReadAction\",\"target\":[\"https:\/\/skrina.si\/sl\/product\/nina-zelenko-cipresa\/\"]}]},{\"@type\":\"BreadcrumbList\",\"@id\":\"https:\/\/skrina.si\/sl\/product\/nina-zelenko-cipresa\/#breadcrumb\",\"itemListElement\":[{\"@type\":\"ListItem\",\"position\":1,\"name\":\"Home\",\"item\":\"https:\/\/skrina.si\/\"},{\"@type\":\"ListItem\",\"position\":2,\"name\":\"Shop\",\"item\":\"https:\/\/skrina.si\/shop\/\"},{\"@type\":\"ListItem\",\"position\":3,\"name\":\"Cipresa\"}]},{\"@type\":\"WebSite\",\"@id\":\"https:\/\/skrina.si\/sl\/#website\",\"url\":\"https:\/\/skrina.si\/sl\/\",\"name\":\"Etnogalerija Skrina\",\"description\":\"Tradicija s posluhom\",\"potentialAction\":[{\"@type\":\"SearchAction\",\"target\":{\"@type\":\"EntryPoint\",\"urlTemplate\":\"https:\/\/skrina.si\/sl\/?s={search_term_string}\"},\"query-input\":\"required name=search_term_string\"}],\"inLanguage\":\"sl-SI\"}]}<\/script>\n<!-- \/ Yoast SEO plugin. -->","yoast_head_json":{"title":"Cipresa - Etnogalerija Skrina","robots":{"index":"index","follow":"follow","max-snippet":"max-snippet:-1","max-image-preview":"max-image-preview:large","max-video-preview":"max-video-preview:-1"},"canonical":"https:\/\/skrina.si\/sl\/product\/nina-zelenko-cipresa\/","og_locale":"sl_SI","og_type":"article","og_title":"[:sl]Cipresa[:] - Etnogalerija Skrina","og_description":"[:sl]Drevesa Nine Zelenko so pre\u017eeta z iskrenim ob\u010dudovanjem narave in so ponujena v svojevrstno u\u017eivanje vsem, ki jih privla\u010dita lepota\u00a0 in bogastvo sveta \u017eive narave. Lastnosti:    Naslov dela: Cipresa    Tehnika: jedkanica    Zunanja dimenzija: 18 x 26 cm    Leto nastanka: 2017    Omejena naklada 10\/50    Vsa dela so podpisana, o\u0161tevil\u010dena in imajo vodni \u017eig avtorice.  [:]","og_url":"https:\/\/skrina.si\/sl\/product\/nina-zelenko-cipresa\/","og_site_name":"Etnogalerija Skrina","article_modified_time":"2024-04-12T19:53:59+00:00","og_image":[{"width":2000,"height":1500,"url":"https:\/\/skrina.si\/wp-content\/uploads\/2022\/02\/Zelenko-Nina-cipresa-grafika-moderna-umetnost-slovenska-umetnica.jpg","type":"image\/jpeg"}],"twitter_card":"summary_large_image","twitter_misc":{"Est. reading time":"1 minuta"},"schema":{"@context":"https:\/\/schema.org","@graph":[{"@type":"WebPage","@id":"https:\/\/skrina.si\/sl\/product\/nina-zelenko-cipresa\/","url":"https:\/\/skrina.si\/sl\/product\/nina-zelenko-cipresa\/","name":"[:sl]Cipresa[:] - Etnogalerija Skrina","isPartOf":{"@id":"https:\/\/skrina.si\/sl\/#website"},"datePublished":"2021-07-06T15:20:12+00:00","dateModified":"2024-04-12T19:53:59+00:00","breadcrumb":{"@id":"https:\/\/skrina.si\/sl\/product\/nina-zelenko-cipresa\/#breadcrumb"},"inLanguage":"sl-SI","potentialAction":[{"@type":"ReadAction","target":["https:\/\/skrina.si\/sl\/product\/nina-zelenko-cipresa\/"]}]},{"@type":"BreadcrumbList","@id":"https:\/\/skrina.si\/sl\/product\/nina-zelenko-cipresa\/#breadcrumb","itemListElement":[{"@type":"ListItem","position":1,"name":"Home","item":"https:\/\/skrina.si\/"},{"@type":"ListItem","position":2,"name":"Shop","item":"https:\/\/skrina.si\/shop\/"},{"@type":"ListItem","position":3,"name":"Cipresa"}]},{"@type":"WebSite","@id":"https:\/\/skrina.si\/sl\/#website","url":"https:\/\/skrina.si\/sl\/","name":"Etnogalerija Skrina","description":"Tradicija s posluhom","potentialAction":[{"@type":"SearchAction","target":{"@type":"EntryPoint","urlTemplate":"https:\/\/skrina.si\/sl\/?s={search_term_string}"},"query-input":"required name=search_term_string"}],"inLanguage":"sl-SI"}]}},"_links":{"self":[{"href":"https:\/\/skrina.si\/sl\/wp-json\/wp\/v2\/product\/2701"}],"collection":[{"href":"https:\/\/skrina.si\/sl\/wp-json\/wp\/v2\/product"}],"about":[{"href":"https:\/\/skrina.si\/sl\/wp-json\/wp\/v2\/types\/product"}],"wp:featuredmedia":[{"embeddable":true,"href":"https:\/\/skrina.si\/sl\/wp-json\/wp\/v2\/media\/7249"}],"wp:attachment":[{"href":"https:\/\/skrina.si\/sl\/wp-json\/wp\/v2\/media?parent=2701"}],"wp:term":[{"taxonomy":"product_cat","embeddable":true,"href":"https:\/\/skrina.si\/sl\/wp-json\/wp\/v2\/product_cat?post=2701"},{"taxonomy":"product_tag","embeddable":true,"href":"https:\/\/skrina.si\/sl\/wp-json\/wp\/v2\/product_tag?post=2701"}],"curies":[{"name":"wp","href":"https:\/\/api.w.org\/{rel}","templated":true}]}}