{"id":2697,"date":"2021-03-30T12:44:03","date_gmt":"2021-03-30T12:44:03","guid":{"rendered":"https:\/\/skrina.si\/?post_type=product&#038;p=2697"},"modified":"2024-03-19T13:56:52","modified_gmt":"2024-03-19T12:56:52","slug":"pavol-tesar-soline","status":"publish","type":"product","link":"https:\/\/skrina.si\/sl\/product\/pavol-tesar-soline\/","title":{"rendered":"Soline"},"content":{"rendered":"","protected":false},"excerpt":{"rendered":"<h5>Akademski slikar <strong><em>Pavol Tesar,<\/em><\/strong> po rodu Slovak, si je ve\u010dletnem potovanju po Evropi izbral za svoj dom Slovenijo. Imel je ve\u010d samostojnih in skupinskih razstav, med drugim tudi v <strong><em>Etnogaleriji SKRINA<\/em><\/strong>, kjer je razstavljal vedute Ljubljane.<\/h5>\n<h5>Privla\u010dijo ga tudi <strong><em>zgodovinski motivi<\/em><\/strong> in predvsem lepota\u00a0 in bogastvo neokrnjene <strong><em>narave<\/em><\/strong>, ki vse bolj drasti\u010dno izginja v neizprosnem tempu sedanjosti.<br \/>\nSlikarstvo Pavla Tesarja odpira prav ta vrata \u2013 v na\u0161 dom prina\u0161a prizore galebov, makovih polj, oljk in mestnih vedut.<\/h5>\n<h6><em>Lastnosti:<\/em><\/h6>\n<ul>\n<li>\n<h6><em>Naslov dela: Soline<\/em><\/h6>\n<\/li>\n<li>\n<h6><em>Tehnika: olje <\/em><\/h6>\n<\/li>\n<li>\n<h6><em>Zunanja dimenzija: 40 x 30 cm<\/em><\/h6>\n<\/li>\n<li>\n<h6><em>Naslikano z ljubeznijo do detajlov<\/em><\/h6>\n<\/li>\n<\/ul>\n","protected":false},"featured_media":11229,"template":"","meta":{"_monsterinsights_skip_tracking":false,"_monsterinsights_sitenote_active":false,"_monsterinsights_sitenote_note":"","_monsterinsights_sitenote_category":0},"product_cat":[77,66],"product_tag":[170,79],"aioseo_notices":[],"yoast_head":"<!-- This site is optimized with the Yoast SEO plugin v22.1 - https:\/\/yoast.com\/wordpress\/plugins\/seo\/ -->\n<title>Soline - Etnogalerija Skrina<\/title>\n<meta name=\"robots\" content=\"index, follow, max-snippet:-1, max-image-preview:large, max-video-preview:-1\" \/>\n<link rel=\"canonical\" href=\"https:\/\/skrina.si\/sl\/product\/pavol-tesar-soline\/\" \/>\n<meta property=\"og:locale\" content=\"sl_SI\" \/>\n<meta property=\"og:locale:alternate\" content=\"en_GB\" \/>\n<meta property=\"og:type\" content=\"article\" \/>\n<meta property=\"og:title\" content=\"Soline - Etnogalerija Skrina\" \/>\n<meta property=\"og:description\" content=\"Akademski slikar Pavol Tesar, po rodu Slovak, si je ve\u010dletnem potovanju po Evropi izbral za svoj dom Slovenijo. Imel je ve\u010d samostojnih in skupinskih razstav, med drugim tudi v Etnogaleriji SKRINA, kjer je razstavljal vedute Ljubljane. Privla\u010dijo ga tudi zgodovinski motivi in predvsem lepota\u00a0 in bogastvo neokrnjene narave, ki vse bolj drasti\u010dno izginja v neizprosnem tempu sedanjosti. Slikarstvo Pavla Tesarja odpira prav ta vrata \u2013 v na\u0161 dom prina\u0161a prizore galebov, makovih polj, oljk in mestnih vedut. Lastnosti:    Naslov dela: Soline    Tehnika: olje     Zunanja dimenzija: 40 x 30 cm    Naslikano z ljubeznijo do detajlov\" \/>\n<meta property=\"og:url\" content=\"https:\/\/skrina.si\/sl\/product\/pavol-tesar-soline\/\" \/>\n<meta property=\"og:site_name\" content=\"Etnogalerija Skrina\" \/>\n<meta property=\"article:modified_time\" content=\"2024-03-19T12:56:52+00:00\" \/>\n<meta property=\"og:image\" content=\"https:\/\/skrina.si\/wp-content\/uploads\/2021\/03\/Pavol-Tesar-Solinarki-Piranske-soline-sol-morje-primorska-Etno-galerija-Skrina.jpg\" \/>\n\t<meta property=\"og:image:width\" content=\"2000\" \/>\n\t<meta property=\"og:image:height\" content=\"1500\" \/>\n\t<meta property=\"og:image:type\" content=\"image\/jpeg\" \/>\n<meta name=\"twitter:card\" content=\"summary_large_image\" \/>\n<meta name=\"twitter:label1\" content=\"Est. reading time\" \/>\n\t<meta name=\"twitter:data1\" content=\"1 minuta\" \/>\n<script type=\"application\/ld+json\" class=\"yoast-schema-graph\">{\"@context\":\"https:\/\/schema.org\",\"@graph\":[{\"@type\":\"WebPage\",\"@id\":\"https:\/\/skrina.si\/sl\/product\/pavol-tesar-soline\/\",\"url\":\"https:\/\/skrina.si\/sl\/product\/pavol-tesar-soline\/\",\"name\":\"Soline - Etnogalerija Skrina\",\"isPartOf\":{\"@id\":\"https:\/\/skrina.si\/sl\/#website\"},\"datePublished\":\"2021-03-30T12:44:03+00:00\",\"dateModified\":\"2024-03-19T12:56:52+00:00\",\"breadcrumb\":{\"@id\":\"https:\/\/skrina.si\/sl\/product\/pavol-tesar-soline\/#breadcrumb\"},\"inLanguage\":\"sl-SI\",\"potentialAction\":[{\"@type\":\"ReadAction\",\"target\":[\"https:\/\/skrina.si\/sl\/product\/pavol-tesar-soline\/\"]}]},{\"@type\":\"BreadcrumbList\",\"@id\":\"https:\/\/skrina.si\/sl\/product\/pavol-tesar-soline\/#breadcrumb\",\"itemListElement\":[{\"@type\":\"ListItem\",\"position\":1,\"name\":\"Home\",\"item\":\"https:\/\/skrina.si\/\"},{\"@type\":\"ListItem\",\"position\":2,\"name\":\"Shop\",\"item\":\"https:\/\/skrina.si\/shop\/\"},{\"@type\":\"ListItem\",\"position\":3,\"name\":\"Soline\"}]},{\"@type\":\"WebSite\",\"@id\":\"https:\/\/skrina.si\/sl\/#website\",\"url\":\"https:\/\/skrina.si\/sl\/\",\"name\":\"Etnogalerija Skrina\",\"description\":\"Tradicija s posluhom\",\"potentialAction\":[{\"@type\":\"SearchAction\",\"target\":{\"@type\":\"EntryPoint\",\"urlTemplate\":\"https:\/\/skrina.si\/sl\/?s={search_term_string}\"},\"query-input\":\"required name=search_term_string\"}],\"inLanguage\":\"sl-SI\"}]}<\/script>\n<!-- \/ Yoast SEO plugin. -->","yoast_head_json":{"title":"Soline - Etnogalerija Skrina","robots":{"index":"index","follow":"follow","max-snippet":"max-snippet:-1","max-image-preview":"max-image-preview:large","max-video-preview":"max-video-preview:-1"},"canonical":"https:\/\/skrina.si\/sl\/product\/pavol-tesar-soline\/","og_locale":"sl_SI","og_type":"article","og_title":"Soline - Etnogalerija Skrina","og_description":"Akademski slikar Pavol Tesar, po rodu Slovak, si je ve\u010dletnem potovanju po Evropi izbral za svoj dom Slovenijo. Imel je ve\u010d samostojnih in skupinskih razstav, med drugim tudi v Etnogaleriji SKRINA, kjer je razstavljal vedute Ljubljane. Privla\u010dijo ga tudi zgodovinski motivi in predvsem lepota\u00a0 in bogastvo neokrnjene narave, ki vse bolj drasti\u010dno izginja v neizprosnem tempu sedanjosti. Slikarstvo Pavla Tesarja odpira prav ta vrata \u2013 v na\u0161 dom prina\u0161a prizore galebov, makovih polj, oljk in mestnih vedut. Lastnosti:    Naslov dela: Soline    Tehnika: olje     Zunanja dimenzija: 40 x 30 cm    Naslikano z ljubeznijo do detajlov","og_url":"https:\/\/skrina.si\/sl\/product\/pavol-tesar-soline\/","og_site_name":"Etnogalerija Skrina","article_modified_time":"2024-03-19T12:56:52+00:00","og_image":[{"width":2000,"height":1500,"url":"https:\/\/skrina.si\/wp-content\/uploads\/2021\/03\/Pavol-Tesar-Solinarki-Piranske-soline-sol-morje-primorska-Etno-galerija-Skrina.jpg","type":"image\/jpeg"}],"twitter_card":"summary_large_image","twitter_misc":{"Est. reading time":"1 minuta"},"schema":{"@context":"https:\/\/schema.org","@graph":[{"@type":"WebPage","@id":"https:\/\/skrina.si\/sl\/product\/pavol-tesar-soline\/","url":"https:\/\/skrina.si\/sl\/product\/pavol-tesar-soline\/","name":"Soline - Etnogalerija Skrina","isPartOf":{"@id":"https:\/\/skrina.si\/sl\/#website"},"datePublished":"2021-03-30T12:44:03+00:00","dateModified":"2024-03-19T12:56:52+00:00","breadcrumb":{"@id":"https:\/\/skrina.si\/sl\/product\/pavol-tesar-soline\/#breadcrumb"},"inLanguage":"sl-SI","potentialAction":[{"@type":"ReadAction","target":["https:\/\/skrina.si\/sl\/product\/pavol-tesar-soline\/"]}]},{"@type":"BreadcrumbList","@id":"https:\/\/skrina.si\/sl\/product\/pavol-tesar-soline\/#breadcrumb","itemListElement":[{"@type":"ListItem","position":1,"name":"Home","item":"https:\/\/skrina.si\/"},{"@type":"ListItem","position":2,"name":"Shop","item":"https:\/\/skrina.si\/shop\/"},{"@type":"ListItem","position":3,"name":"Soline"}]},{"@type":"WebSite","@id":"https:\/\/skrina.si\/sl\/#website","url":"https:\/\/skrina.si\/sl\/","name":"Etnogalerija Skrina","description":"Tradicija s posluhom","potentialAction":[{"@type":"SearchAction","target":{"@type":"EntryPoint","urlTemplate":"https:\/\/skrina.si\/sl\/?s={search_term_string}"},"query-input":"required name=search_term_string"}],"inLanguage":"sl-SI"}]}},"_links":{"self":[{"href":"https:\/\/skrina.si\/sl\/wp-json\/wp\/v2\/product\/2697"}],"collection":[{"href":"https:\/\/skrina.si\/sl\/wp-json\/wp\/v2\/product"}],"about":[{"href":"https:\/\/skrina.si\/sl\/wp-json\/wp\/v2\/types\/product"}],"wp:featuredmedia":[{"embeddable":true,"href":"https:\/\/skrina.si\/sl\/wp-json\/wp\/v2\/media\/11229"}],"wp:attachment":[{"href":"https:\/\/skrina.si\/sl\/wp-json\/wp\/v2\/media?parent=2697"}],"wp:term":[{"taxonomy":"product_cat","embeddable":true,"href":"https:\/\/skrina.si\/sl\/wp-json\/wp\/v2\/product_cat?post=2697"},{"taxonomy":"product_tag","embeddable":true,"href":"https:\/\/skrina.si\/sl\/wp-json\/wp\/v2\/product_tag?post=2697"}],"curies":[{"name":"wp","href":"https:\/\/api.w.org\/{rel}","templated":true}]}}