{"id":2639,"date":"2022-03-03T15:50:51","date_gmt":"2022-03-03T15:50:51","guid":{"rendered":"https:\/\/skrina.si\/?post_type=product&#038;p=2639"},"modified":"2022-05-07T08:53:14","modified_gmt":"2022-05-07T08:53:14","slug":"triglavska-roza","status":"publish","type":"product","link":"https:\/\/skrina.si\/sl\/product\/triglavska-roza\/","title":{"rendered":"Triglavska ro\u017ea"},"content":{"rendered":"","protected":false},"excerpt":{"rendered":"<h5><strong><em>Triglavska ro\u017ea<\/em><\/strong> je rastlina son\u010dnih pobo\u010dij. Raste na gru\u0161\u010du, skalnatih tratah ali v razpokah. Srebrno sive, k tlom prilegle blazinice se sredi poletja okrasijo z ro\u017enato rde\u010dimi cvetovi.<br \/>\nTriglavska ro\u017ea je eden od simbolov Triglavskega narodnega parka. Povezana je z <strong><em>legendo o Zlatorogu<\/em><\/strong>: Mladi lovec iz doline Trente je lepemu dekletu\u00a0 nosil \u0161opke gorskih cvetlic, da bi si pridobil njeno ljubezen. Toda nekega dne je zasnubil dekle bogat bene\u0161ki trgovec, ji poklonil zlat nakit in dekle se ni ve\u010d zmenilo za ubogega lovca. Zato se je ta, obupan in u\u017ealjen, \u0161e isto no\u010d odpravil na pot, da bi na\u0161el Zlatoroga in prinesel svoji izvoljenki njegove zlate rogove. Zjutraj ga je zagledal na visoki skali, streljal nanj, toda pozabil na njegovo \u010dude\u017eno mo\u010d.<br \/>\nIz vsake kaplje krvi ustreljenega Zlatoroga je pognal \u010dudoviti cvet Triglavske ro\u017ee, in ko je Zlatorog pojedel te cvetlice,\u00a0 je na mah ozdravel.<\/h5>\n<h6><em>Podrobnosti:<\/em><\/h6>\n<ul>\n<li>\n<h6>Velikost: vi\u0161ina 12 cm, \u0161irina 7 cm<\/h6>\n<\/li>\n<li>\n<h6>Material: Keramika<\/h6>\n<\/li>\n<li>\n<h6>V darilni vre\u010dki s prilo\u017eenim certifikatom<\/h6>\n<\/li>\n<li>\n<h6>Oblikovano z ljubeznijo do detajlov<\/h6>\n<\/li>\n<li>\n<h6>Idealno darilo za ljubitelje ro\u017e in obo\u017eevalce Triglavskih ro\u017e<\/h6>\n<\/li>\n<\/ul>\n","protected":false},"featured_media":8086,"template":"","meta":{"_monsterinsights_skip_tracking":false,"_monsterinsights_sitenote_active":false,"_monsterinsights_sitenote_note":"","_monsterinsights_sitenote_category":0},"product_cat":[103,686],"product_tag":[44,41,45],"aioseo_notices":[],"yoast_head":"<!-- This site is optimized with the Yoast SEO plugin v22.1 - https:\/\/yoast.com\/wordpress\/plugins\/seo\/ -->\n<title>Triglavska ro\u017ea - Etnogalerija Skrina<\/title>\n<meta name=\"description\" content=\"Iz vsake kaplje krvi ustreljenega Zlatoroga je zrasla triglavska ro\u017ea, in ko je Zlatorog pojedel te cvetlice, je na mah ozdravel.\" \/>\n<meta name=\"robots\" content=\"index, follow, max-snippet:-1, max-image-preview:large, max-video-preview:-1\" \/>\n<link rel=\"canonical\" href=\"https:\/\/skrina.si\/sl\/product\/triglavska-roza\/\" \/>\n<meta property=\"og:locale\" content=\"sl_SI\" \/>\n<meta property=\"og:locale:alternate\" content=\"en_GB\" \/>\n<meta property=\"og:type\" content=\"article\" \/>\n<meta property=\"og:title\" content=\"Triglavska ro\u017ea - Etnogalerija Skrina\" \/>\n<meta property=\"og:description\" content=\"Iz vsake kaplje krvi ustreljenega Zlatoroga je zrasla triglavska ro\u017ea, in ko je Zlatorog pojedel te cvetlice, je na mah ozdravel.\" \/>\n<meta property=\"og:url\" content=\"https:\/\/skrina.si\/sl\/product\/triglavska-roza\/\" \/>\n<meta property=\"og:site_name\" content=\"Etnogalerija Skrina\" \/>\n<meta property=\"article:modified_time\" content=\"2022-05-07T08:53:14+00:00\" \/>\n<meta property=\"og:image\" content=\"https:\/\/skrina.si\/wp-content\/uploads\/2021\/03\/Rozne-vile-triglavska-roza-dekor-Slovenske-cvetlice-roze-Tradicija-s-posluhom-Etno-galerija-Skrina.jpg\" \/>\n\t<meta property=\"og:image:width\" content=\"1619\" \/>\n\t<meta property=\"og:image:height\" content=\"1213\" \/>\n\t<meta property=\"og:image:type\" content=\"image\/jpeg\" \/>\n<meta name=\"twitter:card\" content=\"summary_large_image\" \/>\n<script type=\"application\/ld+json\" class=\"yoast-schema-graph\">{\"@context\":\"https:\/\/schema.org\",\"@graph\":[{\"@type\":\"WebPage\",\"@id\":\"https:\/\/skrina.si\/sl\/product\/triglavska-roza\/\",\"url\":\"https:\/\/skrina.si\/sl\/product\/triglavska-roza\/\",\"name\":\"Triglavska ro\u017ea - Etnogalerija Skrina\",\"isPartOf\":{\"@id\":\"https:\/\/skrina.si\/sl\/#website\"},\"datePublished\":\"2022-03-03T15:50:51+00:00\",\"dateModified\":\"2022-05-07T08:53:14+00:00\",\"description\":\"Iz vsake kaplje krvi ustreljenega Zlatoroga je zrasla triglavska ro\u017ea, in ko je Zlatorog pojedel te cvetlice, je na mah ozdravel.\",\"breadcrumb\":{\"@id\":\"https:\/\/skrina.si\/sl\/product\/triglavska-roza\/#breadcrumb\"},\"inLanguage\":\"sl-SI\",\"potentialAction\":[{\"@type\":\"ReadAction\",\"target\":[\"https:\/\/skrina.si\/sl\/product\/triglavska-roza\/\"]}]},{\"@type\":\"BreadcrumbList\",\"@id\":\"https:\/\/skrina.si\/sl\/product\/triglavska-roza\/#breadcrumb\",\"itemListElement\":[{\"@type\":\"ListItem\",\"position\":1,\"name\":\"Home\",\"item\":\"https:\/\/skrina.si\/\"},{\"@type\":\"ListItem\",\"position\":2,\"name\":\"Shop\",\"item\":\"https:\/\/skrina.si\/shop\/\"},{\"@type\":\"ListItem\",\"position\":3,\"name\":\"Triglavska ro\u017ea\"}]},{\"@type\":\"WebSite\",\"@id\":\"https:\/\/skrina.si\/sl\/#website\",\"url\":\"https:\/\/skrina.si\/sl\/\",\"name\":\"Etnogalerija Skrina\",\"description\":\"Tradicija s posluhom\",\"potentialAction\":[{\"@type\":\"SearchAction\",\"target\":{\"@type\":\"EntryPoint\",\"urlTemplate\":\"https:\/\/skrina.si\/sl\/?s={search_term_string}\"},\"query-input\":\"required name=search_term_string\"}],\"inLanguage\":\"sl-SI\"}]}<\/script>\n<!-- \/ Yoast SEO plugin. -->","yoast_head_json":{"title":"Triglavska ro\u017ea - Etnogalerija Skrina","description":"Iz vsake kaplje krvi ustreljenega Zlatoroga je zrasla triglavska ro\u017ea, in ko je Zlatorog pojedel te cvetlice, je na mah ozdravel.","robots":{"index":"index","follow":"follow","max-snippet":"max-snippet:-1","max-image-preview":"max-image-preview:large","max-video-preview":"max-video-preview:-1"},"canonical":"https:\/\/skrina.si\/sl\/product\/triglavska-roza\/","og_locale":"sl_SI","og_type":"article","og_title":"Triglavska ro\u017ea - Etnogalerija Skrina","og_description":"Iz vsake kaplje krvi ustreljenega Zlatoroga je zrasla triglavska ro\u017ea, in ko je Zlatorog pojedel te cvetlice, je na mah ozdravel.","og_url":"https:\/\/skrina.si\/sl\/product\/triglavska-roza\/","og_site_name":"Etnogalerija Skrina","article_modified_time":"2022-05-07T08:53:14+00:00","og_image":[{"width":1619,"height":1213,"url":"https:\/\/skrina.si\/wp-content\/uploads\/2021\/03\/Rozne-vile-triglavska-roza-dekor-Slovenske-cvetlice-roze-Tradicija-s-posluhom-Etno-galerija-Skrina.jpg","type":"image\/jpeg"}],"twitter_card":"summary_large_image","schema":{"@context":"https:\/\/schema.org","@graph":[{"@type":"WebPage","@id":"https:\/\/skrina.si\/sl\/product\/triglavska-roza\/","url":"https:\/\/skrina.si\/sl\/product\/triglavska-roza\/","name":"Triglavska ro\u017ea - Etnogalerija Skrina","isPartOf":{"@id":"https:\/\/skrina.si\/sl\/#website"},"datePublished":"2022-03-03T15:50:51+00:00","dateModified":"2022-05-07T08:53:14+00:00","description":"Iz vsake kaplje krvi ustreljenega Zlatoroga je zrasla triglavska ro\u017ea, in ko je Zlatorog pojedel te cvetlice, je na mah ozdravel.","breadcrumb":{"@id":"https:\/\/skrina.si\/sl\/product\/triglavska-roza\/#breadcrumb"},"inLanguage":"sl-SI","potentialAction":[{"@type":"ReadAction","target":["https:\/\/skrina.si\/sl\/product\/triglavska-roza\/"]}]},{"@type":"BreadcrumbList","@id":"https:\/\/skrina.si\/sl\/product\/triglavska-roza\/#breadcrumb","itemListElement":[{"@type":"ListItem","position":1,"name":"Home","item":"https:\/\/skrina.si\/"},{"@type":"ListItem","position":2,"name":"Shop","item":"https:\/\/skrina.si\/shop\/"},{"@type":"ListItem","position":3,"name":"Triglavska ro\u017ea"}]},{"@type":"WebSite","@id":"https:\/\/skrina.si\/sl\/#website","url":"https:\/\/skrina.si\/sl\/","name":"Etnogalerija Skrina","description":"Tradicija s posluhom","potentialAction":[{"@type":"SearchAction","target":{"@type":"EntryPoint","urlTemplate":"https:\/\/skrina.si\/sl\/?s={search_term_string}"},"query-input":"required name=search_term_string"}],"inLanguage":"sl-SI"}]}},"_links":{"self":[{"href":"https:\/\/skrina.si\/sl\/wp-json\/wp\/v2\/product\/2639"}],"collection":[{"href":"https:\/\/skrina.si\/sl\/wp-json\/wp\/v2\/product"}],"about":[{"href":"https:\/\/skrina.si\/sl\/wp-json\/wp\/v2\/types\/product"}],"wp:featuredmedia":[{"embeddable":true,"href":"https:\/\/skrina.si\/sl\/wp-json\/wp\/v2\/media\/8086"}],"wp:attachment":[{"href":"https:\/\/skrina.si\/sl\/wp-json\/wp\/v2\/media?parent=2639"}],"wp:term":[{"taxonomy":"product_cat","embeddable":true,"href":"https:\/\/skrina.si\/sl\/wp-json\/wp\/v2\/product_cat?post=2639"},{"taxonomy":"product_tag","embeddable":true,"href":"https:\/\/skrina.si\/sl\/wp-json\/wp\/v2\/product_tag?post=2639"}],"curies":[{"name":"wp","href":"https:\/\/api.w.org\/{rel}","templated":true}]}}