{"id":2637,"date":"2022-03-03T15:45:30","date_gmt":"2022-03-03T15:45:30","guid":{"rendered":"https:\/\/skrina.si\/?post_type=product&#038;p=2637"},"modified":"2022-05-07T08:55:09","modified_gmt":"2022-05-07T08:55:09","slug":"encijan","status":"publish","type":"product","link":"https:\/\/skrina.si\/sl\/product\/encijan\/","title":{"rendered":"Encijan"},"content":{"rendered":"","protected":false},"excerpt":{"rendered":"<h5>Gorske cvetlice so bile \u017ee od nekdaj privla\u010dne za \u010dloveka. Morda ravno zato, ker rastejo v zelo te\u017ekih, visokogorskih razmerah, kjer so pogoji za pre\u017eivetje zelo te\u017eki. Rastline so se na dolge in mrzle zime, na kratka poletja, na nizke temperature, na mo\u010dno ultravijoli\u010dno sevanja, na veter, pomanjkanje vode in na plitva in malo hranljiva tla prilagodile na razli\u010dne na\u010dine. Nekatere z intenzivno barvo cvetov ter s pritlikavo in blazinasto rastjo, druge z mesnatimi ali z dla\u010dicami pora\u0161\u010denimi listi.<br \/>\nLjudje so si planinske ro\u017ee \u017eeleli tudi v svojih domovih, kar je pripeljalo do tega, da jih je bilo v gorah vse manj, zato so danes mnoge za\u0161\u010ditene.<br \/>\nOb modro cveto\u010dem clusijevem svi\u0161\u010du najpogosteje pomislimo na njegovo doma\u010de ime <strong><em>encijan<\/em><\/strong>.<br \/>\nSloves encijana se je v na\u0161ih krajih raz\u0161iril tudi s ponarodelo pesmijo glasbenika Slavka Avsenika <strong><em>\u00bbTam, kjer murke cveto\u00ab,<\/em><\/strong> v kateri ga opeva takole: <strong><em>\u00bb\u2026tam, kjer encijan plav ves pre\u0161erno bahav ne\u017eno vabi\u00ab. <\/em><\/strong><\/h5>\n<h6>\u00a0<em>Podrobnosti:<\/em><\/h6>\n<ul>\n<li>\n<h6>Velikost: vi\u0161ina 12\/13 cm, \u0161irina 6\/7 cm<\/h6>\n<\/li>\n<li>\n<h6>Material: Keramika<\/h6>\n<\/li>\n<li>\n<h6>V darilni vre\u010dki s prilo\u017eenim certifikatom<\/h6>\n<\/li>\n<li>\n<h6>Oblikovano z ljubeznijo do detajlov<\/h6>\n<\/li>\n<li>\n<h6>Idealno darilo za ljubitelje ro\u017e in obo\u017eevalce encijanov<\/h6>\n<\/li>\n<\/ul>\n","protected":false},"featured_media":8120,"template":"","meta":{"_monsterinsights_skip_tracking":false,"_monsterinsights_sitenote_active":false,"_monsterinsights_sitenote_note":"","_monsterinsights_sitenote_category":0},"product_cat":[103,686],"product_tag":[43,41],"aioseo_notices":[],"yoast_head":"<!-- This site is optimized with the Yoast SEO plugin v22.1 - https:\/\/yoast.com\/wordpress\/plugins\/seo\/ -->\n<title>Encijan - Etnogalerija Skrina<\/title>\n<meta name=\"description\" content=\"Ob modro cveto\u010dem clusijevem svi\u0161\u010du najpogosteje pomislimo na njegovo doma\u010de ime encijan.\" \/>\n<meta name=\"robots\" content=\"index, follow, max-snippet:-1, max-image-preview:large, max-video-preview:-1\" \/>\n<link rel=\"canonical\" href=\"https:\/\/skrina.si\/sl\/product\/encijan\/\" \/>\n<meta property=\"og:locale\" content=\"sl_SI\" \/>\n<meta property=\"og:locale:alternate\" content=\"en_GB\" \/>\n<meta property=\"og:type\" content=\"article\" \/>\n<meta property=\"og:title\" content=\"Encijan - Etnogalerija Skrina\" \/>\n<meta property=\"og:description\" content=\"Ob modro cveto\u010dem clusijevem svi\u0161\u010du najpogosteje pomislimo na njegovo doma\u010de ime encijan.\" \/>\n<meta property=\"og:url\" content=\"https:\/\/skrina.si\/sl\/product\/encijan\/\" \/>\n<meta property=\"og:site_name\" content=\"Etnogalerija Skrina\" \/>\n<meta property=\"article:modified_time\" content=\"2022-05-07T08:55:09+00:00\" \/>\n<meta property=\"og:image\" content=\"https:\/\/skrina.si\/wp-content\/uploads\/2021\/03\/Rozne-vile-encijan-dekor-Slovenske-cvetlice-roze-Tradicija-s-posluhom-Etno-galerija-Skrina.jpg\" \/>\n\t<meta property=\"og:image:width\" content=\"1619\" \/>\n\t<meta property=\"og:image:height\" content=\"1213\" \/>\n\t<meta property=\"og:image:type\" content=\"image\/jpeg\" \/>\n<meta name=\"twitter:card\" content=\"summary_large_image\" \/>\n<script type=\"application\/ld+json\" class=\"yoast-schema-graph\">{\"@context\":\"https:\/\/schema.org\",\"@graph\":[{\"@type\":\"WebPage\",\"@id\":\"https:\/\/skrina.si\/sl\/product\/encijan\/\",\"url\":\"https:\/\/skrina.si\/sl\/product\/encijan\/\",\"name\":\"Encijan - Etnogalerija Skrina\",\"isPartOf\":{\"@id\":\"https:\/\/skrina.si\/sl\/#website\"},\"datePublished\":\"2022-03-03T15:45:30+00:00\",\"dateModified\":\"2022-05-07T08:55:09+00:00\",\"description\":\"Ob modro cveto\u010dem clusijevem svi\u0161\u010du najpogosteje pomislimo na njegovo doma\u010de ime encijan.\",\"breadcrumb\":{\"@id\":\"https:\/\/skrina.si\/sl\/product\/encijan\/#breadcrumb\"},\"inLanguage\":\"sl-SI\",\"potentialAction\":[{\"@type\":\"ReadAction\",\"target\":[\"https:\/\/skrina.si\/sl\/product\/encijan\/\"]}]},{\"@type\":\"BreadcrumbList\",\"@id\":\"https:\/\/skrina.si\/sl\/product\/encijan\/#breadcrumb\",\"itemListElement\":[{\"@type\":\"ListItem\",\"position\":1,\"name\":\"Home\",\"item\":\"https:\/\/skrina.si\/\"},{\"@type\":\"ListItem\",\"position\":2,\"name\":\"Shop\",\"item\":\"https:\/\/skrina.si\/shop\/\"},{\"@type\":\"ListItem\",\"position\":3,\"name\":\"Encijan\"}]},{\"@type\":\"WebSite\",\"@id\":\"https:\/\/skrina.si\/sl\/#website\",\"url\":\"https:\/\/skrina.si\/sl\/\",\"name\":\"Etnogalerija Skrina\",\"description\":\"Tradicija s posluhom\",\"potentialAction\":[{\"@type\":\"SearchAction\",\"target\":{\"@type\":\"EntryPoint\",\"urlTemplate\":\"https:\/\/skrina.si\/sl\/?s={search_term_string}\"},\"query-input\":\"required name=search_term_string\"}],\"inLanguage\":\"sl-SI\"}]}<\/script>\n<!-- \/ Yoast SEO plugin. -->","yoast_head_json":{"title":"Encijan - Etnogalerija Skrina","description":"Ob modro cveto\u010dem clusijevem svi\u0161\u010du najpogosteje pomislimo na njegovo doma\u010de ime encijan.","robots":{"index":"index","follow":"follow","max-snippet":"max-snippet:-1","max-image-preview":"max-image-preview:large","max-video-preview":"max-video-preview:-1"},"canonical":"https:\/\/skrina.si\/sl\/product\/encijan\/","og_locale":"sl_SI","og_type":"article","og_title":"Encijan - Etnogalerija Skrina","og_description":"Ob modro cveto\u010dem clusijevem svi\u0161\u010du najpogosteje pomislimo na njegovo doma\u010de ime encijan.","og_url":"https:\/\/skrina.si\/sl\/product\/encijan\/","og_site_name":"Etnogalerija Skrina","article_modified_time":"2022-05-07T08:55:09+00:00","og_image":[{"width":1619,"height":1213,"url":"https:\/\/skrina.si\/wp-content\/uploads\/2021\/03\/Rozne-vile-encijan-dekor-Slovenske-cvetlice-roze-Tradicija-s-posluhom-Etno-galerija-Skrina.jpg","type":"image\/jpeg"}],"twitter_card":"summary_large_image","schema":{"@context":"https:\/\/schema.org","@graph":[{"@type":"WebPage","@id":"https:\/\/skrina.si\/sl\/product\/encijan\/","url":"https:\/\/skrina.si\/sl\/product\/encijan\/","name":"Encijan - Etnogalerija Skrina","isPartOf":{"@id":"https:\/\/skrina.si\/sl\/#website"},"datePublished":"2022-03-03T15:45:30+00:00","dateModified":"2022-05-07T08:55:09+00:00","description":"Ob modro cveto\u010dem clusijevem svi\u0161\u010du najpogosteje pomislimo na njegovo doma\u010de ime encijan.","breadcrumb":{"@id":"https:\/\/skrina.si\/sl\/product\/encijan\/#breadcrumb"},"inLanguage":"sl-SI","potentialAction":[{"@type":"ReadAction","target":["https:\/\/skrina.si\/sl\/product\/encijan\/"]}]},{"@type":"BreadcrumbList","@id":"https:\/\/skrina.si\/sl\/product\/encijan\/#breadcrumb","itemListElement":[{"@type":"ListItem","position":1,"name":"Home","item":"https:\/\/skrina.si\/"},{"@type":"ListItem","position":2,"name":"Shop","item":"https:\/\/skrina.si\/shop\/"},{"@type":"ListItem","position":3,"name":"Encijan"}]},{"@type":"WebSite","@id":"https:\/\/skrina.si\/sl\/#website","url":"https:\/\/skrina.si\/sl\/","name":"Etnogalerija Skrina","description":"Tradicija s posluhom","potentialAction":[{"@type":"SearchAction","target":{"@type":"EntryPoint","urlTemplate":"https:\/\/skrina.si\/sl\/?s={search_term_string}"},"query-input":"required name=search_term_string"}],"inLanguage":"sl-SI"}]}},"_links":{"self":[{"href":"https:\/\/skrina.si\/sl\/wp-json\/wp\/v2\/product\/2637"}],"collection":[{"href":"https:\/\/skrina.si\/sl\/wp-json\/wp\/v2\/product"}],"about":[{"href":"https:\/\/skrina.si\/sl\/wp-json\/wp\/v2\/types\/product"}],"wp:featuredmedia":[{"embeddable":true,"href":"https:\/\/skrina.si\/sl\/wp-json\/wp\/v2\/media\/8120"}],"wp:attachment":[{"href":"https:\/\/skrina.si\/sl\/wp-json\/wp\/v2\/media?parent=2637"}],"wp:term":[{"taxonomy":"product_cat","embeddable":true,"href":"https:\/\/skrina.si\/sl\/wp-json\/wp\/v2\/product_cat?post=2637"},{"taxonomy":"product_tag","embeddable":true,"href":"https:\/\/skrina.si\/sl\/wp-json\/wp\/v2\/product_tag?post=2637"}],"curies":[{"name":"wp","href":"https:\/\/api.w.org\/{rel}","templated":true}]}}