{"id":17269,"date":"2024-09-21T00:08:09","date_gmt":"2024-09-20T22:08:09","guid":{"rendered":"https:\/\/skrina.si\/en\/?post_type=product&#038;p=17269"},"modified":"2024-09-21T08:56:26","modified_gmt":"2024-09-21T06:56:26","slug":"pastirska-piscal","status":"publish","type":"product","link":"https:\/\/skrina.si\/sl\/product\/pastirska-piscal\/","title":{"rendered":"PASTIRSKA PI\u0160\u010cAL"},"content":{"rendered":"<h6><\/h6>\n","protected":false},"excerpt":{"rendered":"<h6>Kaj pa ti vriska\u0161, kaj pa ti piska\u0161, mladi pastir\u010dek svojim ovcam?<br \/>\nKaj bi ne vriskal, kaj bi ne piskal, zato pi\u0161\u010dalko svojo imam.<\/h6>\n<h5>Pogled v preteklost nas lahko marsikaj nau\u010di in navdihuje, posebno na podro\u010dju ljudskega izro\u010dila. V Etno galeriji SKRINA ga sku\u0161amo ohraniti pri \u017eivljenju, zato smo za vas pripravili igra\u010do <strong><em>pastirsko pi\u0161\u010dal,<\/em><\/strong> ki so si jo otroci v kme\u010dkem okolju izdelovali sami. Med pa\u0161o so si kraj\u0161ali \u010das z izdelavo razli\u010dnih igra\u010d, najpogosteje iz lipovega in hrastovega lesa.<br \/>\nVse do konca druge svetovne vojne so bile velike razlike med igra\u010dami kme\u010dkih in mestnih otrok. Kme\u010dki otroci niso imeli veliko \u010dasa za igro, saj so morali pomagati star\u0161em pri delu na kmetiji. Z lastno ustvarjalnostjo pa so nadomestili vse tiste igra\u010de, ki so jih prodajali v mestnih trgovinah.<\/h5>\n<h6><\/h6>\n","protected":false},"featured_media":17215,"template":"","meta":{"_monsterinsights_skip_tracking":false,"_monsterinsights_sitenote_active":false,"_monsterinsights_sitenote_note":"","_monsterinsights_sitenote_category":0},"product_cat":[196,103],"product_tag":[],"aioseo_notices":[],"yoast_head":"<!-- This site is optimized with the Yoast SEO plugin v22.1 - https:\/\/yoast.com\/wordpress\/plugins\/seo\/ -->\n<title>PASTIRSKA PI\u0160\u010cAL - Etnogalerija Skrina<\/title>\n<meta name=\"robots\" content=\"index, follow, max-snippet:-1, max-image-preview:large, max-video-preview:-1\" \/>\n<link rel=\"canonical\" href=\"https:\/\/skrina.si\/sl\/product\/pastirska-piscal\/\" \/>\n<meta property=\"og:locale\" content=\"sl_SI\" \/>\n<meta property=\"og:locale:alternate\" content=\"en_GB\" \/>\n<meta property=\"og:type\" content=\"article\" \/>\n<meta property=\"og:title\" content=\"PASTIRSKA PI\u0160\u010cAL\" \/>\n<meta property=\"og:description\" content=\"Kaj pa ti vriska\u0161, kaj pa ti piska\u0161, mladi pastir\u010dek svojim ovcam? Kaj bi ne vriskal, kaj bi ne piskal, zato pi\u0161\u010dalko svojo imam. Pogled v preteklost nas lahko marsikaj nau\u010di in navdihuje, posebno na podro\u010dju ljudskega izro\u010dila. V Etno galeriji SKRINA ga sku\u0161amo ohraniti pri \u017eivljenju, zato smo za vas pripravili igra\u010do pastirsko pi\u0161\u010dal, ki so si jo otroci v kme\u010dkem okolju izdelovali sami. Med pa\u0161o so si kraj\u0161ali \u010das z izdelavo razli\u010dnih igra\u010d, najpogosteje iz lipovega in hrastovega lesa. Vse do konca druge svetovne vojne so bile velike razlike med igra\u010dami kme\u010dkih in mestnih otrok. Kme\u010dki otroci niso imeli veliko \u010dasa za igro, saj so morali pomagati star\u0161em pri delu na kmetiji. Z lastno ustvarjalnostjo pa so nadomestili vse tiste igra\u010de, ki so jih prodajali v mestnih trgovinah.\" \/>\n<meta property=\"og:url\" content=\"https:\/\/skrina.si\/sl\/product\/pastirska-piscal\/\" \/>\n<meta property=\"og:site_name\" content=\"Etnogalerija Skrina\" \/>\n<meta property=\"article:modified_time\" content=\"2024-09-21T06:56:26+00:00\" \/>\n<meta property=\"og:image\" content=\"https:\/\/skrina.si\/wp-content\/uploads\/2024\/09\/PASTIRSKA-PISCAL-PASTIR.jpg\" \/>\n\t<meta property=\"og:image:width\" content=\"2000\" \/>\n\t<meta property=\"og:image:height\" content=\"1500\" \/>\n\t<meta property=\"og:image:type\" content=\"image\/jpeg\" \/>\n<meta name=\"twitter:card\" content=\"summary_large_image\" \/>\n<meta name=\"twitter:label1\" content=\"Est. reading time\" \/>\n\t<meta name=\"twitter:data1\" content=\"1 minuta\" \/>\n<script type=\"application\/ld+json\" class=\"yoast-schema-graph\">{\"@context\":\"https:\/\/schema.org\",\"@graph\":[{\"@type\":\"WebPage\",\"@id\":\"https:\/\/skrina.si\/sl\/product\/pastirska-piscal\/\",\"url\":\"https:\/\/skrina.si\/sl\/product\/pastirska-piscal\/\",\"name\":\"[:en]SHEPHERD'S WHISTLE[:sl]PASTIRSKA PI\u0160\u010cAL[:] - Etnogalerija Skrina\",\"isPartOf\":{\"@id\":\"https:\/\/skrina.si\/sl\/#website\"},\"datePublished\":\"2024-09-20T22:08:09+00:00\",\"dateModified\":\"2024-09-21T06:56:26+00:00\",\"breadcrumb\":{\"@id\":\"https:\/\/skrina.si\/sl\/product\/pastirska-piscal\/#breadcrumb\"},\"inLanguage\":\"sl-SI\",\"potentialAction\":[{\"@type\":\"ReadAction\",\"target\":[\"https:\/\/skrina.si\/sl\/product\/pastirska-piscal\/\"]}]},{\"@type\":\"BreadcrumbList\",\"@id\":\"https:\/\/skrina.si\/sl\/product\/pastirska-piscal\/#breadcrumb\",\"itemListElement\":[{\"@type\":\"ListItem\",\"position\":1,\"name\":\"Home\",\"item\":\"https:\/\/skrina.si\/\"},{\"@type\":\"ListItem\",\"position\":2,\"name\":\"Shop\",\"item\":\"https:\/\/skrina.si\/shop\/\"},{\"@type\":\"ListItem\",\"position\":3,\"name\":\"PASTIRSKA PI\u0160\u010cAL\"}]},{\"@type\":\"WebSite\",\"@id\":\"https:\/\/skrina.si\/sl\/#website\",\"url\":\"https:\/\/skrina.si\/sl\/\",\"name\":\"Etnogalerija Skrina\",\"description\":\"Tradicija s posluhom\",\"potentialAction\":[{\"@type\":\"SearchAction\",\"target\":{\"@type\":\"EntryPoint\",\"urlTemplate\":\"https:\/\/skrina.si\/sl\/?s={search_term_string}\"},\"query-input\":\"required name=search_term_string\"}],\"inLanguage\":\"sl-SI\"}]}<\/script>\n<!-- \/ Yoast SEO plugin. -->","yoast_head_json":{"title":"PASTIRSKA PI\u0160\u010cAL - Etnogalerija Skrina","robots":{"index":"index","follow":"follow","max-snippet":"max-snippet:-1","max-image-preview":"max-image-preview:large","max-video-preview":"max-video-preview:-1"},"canonical":"https:\/\/skrina.si\/sl\/product\/pastirska-piscal\/","og_locale":"sl_SI","og_type":"article","og_title":"[:en]SHEPHERD'S WHISTLE[:sl]PASTIRSKA PI\u0160\u010cAL[:] - Etnogalerija Skrina","og_description":"[:en]Looking far into the past can teach and inspire us, especially in the field of folk traditions. At the SKRINA Ethno Gallery, we are trying to keep it alive, which is why we have prepared \u00a0Shepard\u2019s whistle for you, which the children made themselves in a rural setting. During the grazing season, they passed the time by making various toys, most often out of linden and oak wood. Until the end of the Second World War, there were big differences between the toys of rural and urban children. Peasant children did not have much time to play, as they had to help their parents with farm work. With their creativity, they replaced all the toys that were sold in city shops.[:sl]Kaj pa ti vriska\u0161, kaj pa ti piska\u0161, mladi pastir\u010dek svojim ovcam? Kaj bi ne vriskal, kaj bi ne piskal, zato pi\u0161\u010dalko svojo imam. Pogled v preteklost nas lahko marsikaj nau\u010di in navdihuje, posebno na podro\u010dju ljudskega izro\u010dila. V Etno galeriji SKRINA ga sku\u0161amo ohraniti pri \u017eivljenju, zato smo za vas pripravili igra\u010do pastirsko pi\u0161\u010dal, ki so si jo otroci v kme\u010dkem okolju izdelovali sami. Med pa\u0161o so si kraj\u0161ali \u010das z izdelavo razli\u010dnih igra\u010d, najpogosteje iz lipovega in hrastovega lesa. Vse do konca druge svetovne vojne so bile velike razlike med igra\u010dami kme\u010dkih in mestnih otrok. Kme\u010dki otroci niso imeli veliko \u010dasa za igro, saj so morali pomagati star\u0161em pri delu na kmetiji. Z lastno ustvarjalnostjo pa so nadomestili vse tiste igra\u010de, ki so jih prodajali v mestnih trgovinah. [:]","og_url":"https:\/\/skrina.si\/sl\/product\/pastirska-piscal\/","og_site_name":"Etnogalerija Skrina","article_modified_time":"2024-09-21T06:56:26+00:00","og_image":[{"width":2000,"height":1500,"url":"https:\/\/skrina.si\/wp-content\/uploads\/2024\/09\/PASTIRSKA-PISCAL-PASTIR.jpg","type":"image\/jpeg"}],"twitter_card":"summary_large_image","twitter_misc":{"Est. reading time":"1 minuta"},"schema":{"@context":"https:\/\/schema.org","@graph":[{"@type":"WebPage","@id":"https:\/\/skrina.si\/sl\/product\/pastirska-piscal\/","url":"https:\/\/skrina.si\/sl\/product\/pastirska-piscal\/","name":"[:en]SHEPHERD'S WHISTLE[:sl]PASTIRSKA PI\u0160\u010cAL[:] - Etnogalerija Skrina","isPartOf":{"@id":"https:\/\/skrina.si\/sl\/#website"},"datePublished":"2024-09-20T22:08:09+00:00","dateModified":"2024-09-21T06:56:26+00:00","breadcrumb":{"@id":"https:\/\/skrina.si\/sl\/product\/pastirska-piscal\/#breadcrumb"},"inLanguage":"sl-SI","potentialAction":[{"@type":"ReadAction","target":["https:\/\/skrina.si\/sl\/product\/pastirska-piscal\/"]}]},{"@type":"BreadcrumbList","@id":"https:\/\/skrina.si\/sl\/product\/pastirska-piscal\/#breadcrumb","itemListElement":[{"@type":"ListItem","position":1,"name":"Home","item":"https:\/\/skrina.si\/"},{"@type":"ListItem","position":2,"name":"Shop","item":"https:\/\/skrina.si\/shop\/"},{"@type":"ListItem","position":3,"name":"PASTIRSKA PI\u0160\u010cAL"}]},{"@type":"WebSite","@id":"https:\/\/skrina.si\/sl\/#website","url":"https:\/\/skrina.si\/sl\/","name":"Etnogalerija Skrina","description":"Tradicija s posluhom","potentialAction":[{"@type":"SearchAction","target":{"@type":"EntryPoint","urlTemplate":"https:\/\/skrina.si\/sl\/?s={search_term_string}"},"query-input":"required name=search_term_string"}],"inLanguage":"sl-SI"}]}},"_links":{"self":[{"href":"https:\/\/skrina.si\/sl\/wp-json\/wp\/v2\/product\/17269"}],"collection":[{"href":"https:\/\/skrina.si\/sl\/wp-json\/wp\/v2\/product"}],"about":[{"href":"https:\/\/skrina.si\/sl\/wp-json\/wp\/v2\/types\/product"}],"wp:featuredmedia":[{"embeddable":true,"href":"https:\/\/skrina.si\/sl\/wp-json\/wp\/v2\/media\/17215"}],"wp:attachment":[{"href":"https:\/\/skrina.si\/sl\/wp-json\/wp\/v2\/media?parent=17269"}],"wp:term":[{"taxonomy":"product_cat","embeddable":true,"href":"https:\/\/skrina.si\/sl\/wp-json\/wp\/v2\/product_cat?post=17269"},{"taxonomy":"product_tag","embeddable":true,"href":"https:\/\/skrina.si\/sl\/wp-json\/wp\/v2\/product_tag?post=17269"}],"curies":[{"name":"wp","href":"https:\/\/api.w.org\/{rel}","templated":true}]}}