{"id":17265,"date":"2024-09-20T23:40:43","date_gmt":"2024-09-20T21:40:43","guid":{"rendered":"https:\/\/skrina.si\/en\/?post_type=product&#038;p=17265"},"modified":"2024-09-20T23:47:54","modified_gmt":"2024-09-20T21:47:54","slug":"dober-dan-kruh","status":"publish","type":"product","link":"https:\/\/skrina.si\/sl\/product\/dober-dan-kruh\/","title":{"rendered":"DOBER DAN KRUH"},"content":{"rendered":"","protected":false},"excerpt":{"rendered":"<h6><em>Ko je mati odprla kru\u0161no pe\u010d, je zadi\u0161alo po vsej hi\u0161i, toplina pe\u010di je vdahnila domu prijetno doma\u010dnost.<\/em><\/h6>\n<h5 style=\"text-align: justify;\">V vsej zgodovini \u010dlove\u0161tva, je kruh pomenil sre\u010do in blaginjo, pomanjkanje kruha pa bedo, rev\u0161\u010dino in vojno.<br \/>\nNa na\u0161ih tleh je kruh prvi\u010d omenjen v 13. stoletju , v srednjem veku pa se je v trgih mestih razvila pekovska obrt. Peke, ki so goljufali so za kazen zapirali v posebne kletke in namakali v Ljubljanico, o \u010demer pi\u0161e Valvazor v <em><strong>Slavi vojvodine Kranjske.<\/strong><\/em><br \/>\nKruh povezan tudi s \u0161tevilnimi pregovori in obi\u010daji. &#8220;Prazni\u010dni&#8221; kruh je spremljal \u010dloveka od rojstva do smrti; kruh je bil prvo darilo ob rojstvu otroka, s kruhom je \u0161la nevesta od hi\u0161e, s kruhom so jo pri\u010dakali na novem domu.<br \/>\nKruh je po sestavi, obliki in na\u010dinu peke na\u0161e narodno bogastvo. <em>Odre\u017eite si svoj kos kruha,<\/em> pa najsi gre za &#8220;prazni\u010dni&#8221; ali &#8220;vsakdanji&#8221; kruh.<\/h5>\n","protected":false},"featured_media":17112,"template":"","meta":{"_monsterinsights_skip_tracking":false,"_monsterinsights_sitenote_active":false,"_monsterinsights_sitenote_note":"","_monsterinsights_sitenote_category":0},"product_cat":[196,103],"product_tag":[],"aioseo_notices":[],"yoast_head":"<!-- This site is optimized with the Yoast SEO plugin v22.1 - https:\/\/yoast.com\/wordpress\/plugins\/seo\/ -->\n<title>DOBER DAN KRUH - Etnogalerija Skrina<\/title>\n<meta name=\"robots\" content=\"index, follow, max-snippet:-1, max-image-preview:large, max-video-preview:-1\" \/>\n<link rel=\"canonical\" href=\"https:\/\/skrina.si\/sl\/product\/dober-dan-kruh\/\" \/>\n<meta property=\"og:locale\" content=\"sl_SI\" \/>\n<meta property=\"og:locale:alternate\" content=\"en_GB\" \/>\n<meta property=\"og:type\" content=\"article\" \/>\n<meta property=\"og:title\" content=\"DOBER DAN KRUH\" \/>\n<meta property=\"og:description\" content=\"Ko je mati odprla kru\u0161no pe\u010d, je zadi\u0161alo po vsej hi\u0161i, toplina pe\u010di je vdahnila domu prijetno doma\u010dnost. V vsej zgodovini \u010dlove\u0161tva, je kruh pomenil sre\u010do in blaginjo, pomanjkanje kruha pa bedo, rev\u0161\u010dino in vojno. Na na\u0161ih tleh je kruh prvi\u010d omenjen v 13. stoletju , v srednjem veku pa se je v trgih mestih razvila pekovska obrt. Peke, ki so goljufali so za kazen zapirali v posebne kletke in namakali v Ljubljanico, o \u010demer pi\u0161e Valvazor v Slavi vojvodine Kranjske. Kruh povezan tudi s \u0161tevilnimi pregovori in obi\u010daji. &quot;Prazni\u010dni&quot; kruh je spremljal \u010dloveka od rojstva do smrti; kruh je bil prvo darilo ob rojstvu otroka, s kruhom je \u0161la nevesta od hi\u0161e, s kruhom so jo pri\u010dakali na novem domu. Kruh je po sestavi, obliki in na\u010dinu peke na\u0161e narodno bogastvo. Odre\u017eite si svoj kos kruha, pa najsi gre za &quot;prazni\u010dni&quot; ali &quot;vsakdanji&quot; kruh.\" \/>\n<meta property=\"og:url\" content=\"https:\/\/skrina.si\/sl\/product\/dober-dan-kruh\/\" \/>\n<meta property=\"og:site_name\" content=\"Etnogalerija Skrina\" \/>\n<meta property=\"article:modified_time\" content=\"2024-09-20T21:47:54+00:00\" \/>\n<meta property=\"og:image\" content=\"https:\/\/skrina.si\/wp-content\/uploads\/2022\/01\/EMBALAZA-NEJKA-2.jpg\" \/>\n\t<meta property=\"og:image:width\" content=\"2000\" \/>\n\t<meta property=\"og:image:height\" content=\"1500\" \/>\n\t<meta property=\"og:image:type\" content=\"image\/jpeg\" \/>\n<meta name=\"twitter:card\" content=\"summary_large_image\" \/>\n<meta name=\"twitter:label1\" content=\"Est. reading time\" \/>\n\t<meta name=\"twitter:data1\" content=\"1 minuta\" \/>\n<script type=\"application\/ld+json\" class=\"yoast-schema-graph\">{\"@context\":\"https:\/\/schema.org\",\"@graph\":[{\"@type\":\"WebPage\",\"@id\":\"https:\/\/skrina.si\/sl\/product\/dober-dan-kruh\/\",\"url\":\"https:\/\/skrina.si\/sl\/product\/dober-dan-kruh\/\",\"name\":\"[:en]GOOD DAY BREAD[:sl]DOBER DAN KRUH[:] - Etnogalerija Skrina\",\"isPartOf\":{\"@id\":\"https:\/\/skrina.si\/sl\/#website\"},\"datePublished\":\"2024-09-20T21:40:43+00:00\",\"dateModified\":\"2024-09-20T21:47:54+00:00\",\"breadcrumb\":{\"@id\":\"https:\/\/skrina.si\/sl\/product\/dober-dan-kruh\/#breadcrumb\"},\"inLanguage\":\"sl-SI\",\"potentialAction\":[{\"@type\":\"ReadAction\",\"target\":[\"https:\/\/skrina.si\/sl\/product\/dober-dan-kruh\/\"]}]},{\"@type\":\"BreadcrumbList\",\"@id\":\"https:\/\/skrina.si\/sl\/product\/dober-dan-kruh\/#breadcrumb\",\"itemListElement\":[{\"@type\":\"ListItem\",\"position\":1,\"name\":\"Home\",\"item\":\"https:\/\/skrina.si\/\"},{\"@type\":\"ListItem\",\"position\":2,\"name\":\"Shop\",\"item\":\"https:\/\/skrina.si\/shop\/\"},{\"@type\":\"ListItem\",\"position\":3,\"name\":\"DOBER DAN KRUH\"}]},{\"@type\":\"WebSite\",\"@id\":\"https:\/\/skrina.si\/sl\/#website\",\"url\":\"https:\/\/skrina.si\/sl\/\",\"name\":\"Etnogalerija Skrina\",\"description\":\"Tradicija s posluhom\",\"potentialAction\":[{\"@type\":\"SearchAction\",\"target\":{\"@type\":\"EntryPoint\",\"urlTemplate\":\"https:\/\/skrina.si\/sl\/?s={search_term_string}\"},\"query-input\":\"required name=search_term_string\"}],\"inLanguage\":\"sl-SI\"}]}<\/script>\n<!-- \/ Yoast SEO plugin. -->","yoast_head_json":{"title":"DOBER DAN KRUH - Etnogalerija Skrina","robots":{"index":"index","follow":"follow","max-snippet":"max-snippet:-1","max-image-preview":"max-image-preview:large","max-video-preview":"max-video-preview:-1"},"canonical":"https:\/\/skrina.si\/sl\/product\/dober-dan-kruh\/","og_locale":"sl_SI","og_type":"article","og_title":"[:en]GOOD DAY BREAD[:sl]DOBER DAN KRUH[:] - Etnogalerija Skrina","og_description":"[:en]When the mother opened the bread oven, the whole house was fragrant, the warmth of the oven breathed a pleasant homeliness into the home. Throughout history, bread has meant happiness and prosperity, while the lack of bread has meant misery, poverty, and war. In Slovenia, bread was first mentioned in the 13th century, and in the Middle Ages, the craft of baking developed in the markets and towns. In 1689, J.V. Valvazor described how bakers who cheated were punished \u2013 locked in special cages and soaked in the river. Bread is also associated with many proverbs and customs. \"Ceremonial\" bread accompanied a person from birth to death; bread was the first gift when a child was born, the bride left the house with bread, and she was welcomed with bread at her new home. Cut your own piece of bread, whether it is \"ceremonial\" or \"everyday\" bread.[:sl]Ko je mati odprla kru\u0161no pe\u010d, je zadi\u0161alo po vsej hi\u0161i, toplina pe\u010di je vdahnila domu prijetno doma\u010dnost. V vsej zgodovini \u010dlove\u0161tva, je kruh pomenil sre\u010do in blaginjo, pomanjkanje kruha pa bedo, rev\u0161\u010dino in vojno. Na na\u0161ih tleh je kruh prvi\u010d omenjen v 13. stoletju , v srednjem veku pa se je v trgih mestih razvila pekovska obrt. Peke, ki so goljufali so za kazen zapirali v posebne kletke in namakali v Ljubljanico, o \u010demer pi\u0161e Valvazor v Slavi vojvodine Kranjske. Kruh povezan tudi s \u0161tevilnimi pregovori in obi\u010daji. \"Prazni\u010dni\" kruh je spremljal \u010dloveka od rojstva do smrti; kruh je bil prvo darilo ob rojstvu otroka, s kruhom je \u0161la nevesta od hi\u0161e, s kruhom so jo pri\u010dakali na novem domu. Kruh je po sestavi, obliki in na\u010dinu peke na\u0161e narodno bogastvo. Odre\u017eite si svoj kos kruha, pa najsi gre za \"prazni\u010dni\" ali \"vsakdanji\" kruh.[:]","og_url":"https:\/\/skrina.si\/sl\/product\/dober-dan-kruh\/","og_site_name":"Etnogalerija Skrina","article_modified_time":"2024-09-20T21:47:54+00:00","og_image":[{"width":2000,"height":1500,"url":"https:\/\/skrina.si\/wp-content\/uploads\/2022\/01\/EMBALAZA-NEJKA-2.jpg","type":"image\/jpeg"}],"twitter_card":"summary_large_image","twitter_misc":{"Est. reading time":"1 minuta"},"schema":{"@context":"https:\/\/schema.org","@graph":[{"@type":"WebPage","@id":"https:\/\/skrina.si\/sl\/product\/dober-dan-kruh\/","url":"https:\/\/skrina.si\/sl\/product\/dober-dan-kruh\/","name":"[:en]GOOD DAY BREAD[:sl]DOBER DAN KRUH[:] - Etnogalerija Skrina","isPartOf":{"@id":"https:\/\/skrina.si\/sl\/#website"},"datePublished":"2024-09-20T21:40:43+00:00","dateModified":"2024-09-20T21:47:54+00:00","breadcrumb":{"@id":"https:\/\/skrina.si\/sl\/product\/dober-dan-kruh\/#breadcrumb"},"inLanguage":"sl-SI","potentialAction":[{"@type":"ReadAction","target":["https:\/\/skrina.si\/sl\/product\/dober-dan-kruh\/"]}]},{"@type":"BreadcrumbList","@id":"https:\/\/skrina.si\/sl\/product\/dober-dan-kruh\/#breadcrumb","itemListElement":[{"@type":"ListItem","position":1,"name":"Home","item":"https:\/\/skrina.si\/"},{"@type":"ListItem","position":2,"name":"Shop","item":"https:\/\/skrina.si\/shop\/"},{"@type":"ListItem","position":3,"name":"DOBER DAN KRUH"}]},{"@type":"WebSite","@id":"https:\/\/skrina.si\/sl\/#website","url":"https:\/\/skrina.si\/sl\/","name":"Etnogalerija Skrina","description":"Tradicija s posluhom","potentialAction":[{"@type":"SearchAction","target":{"@type":"EntryPoint","urlTemplate":"https:\/\/skrina.si\/sl\/?s={search_term_string}"},"query-input":"required name=search_term_string"}],"inLanguage":"sl-SI"}]}},"_links":{"self":[{"href":"https:\/\/skrina.si\/sl\/wp-json\/wp\/v2\/product\/17265"}],"collection":[{"href":"https:\/\/skrina.si\/sl\/wp-json\/wp\/v2\/product"}],"about":[{"href":"https:\/\/skrina.si\/sl\/wp-json\/wp\/v2\/types\/product"}],"wp:featuredmedia":[{"embeddable":true,"href":"https:\/\/skrina.si\/sl\/wp-json\/wp\/v2\/media\/17112"}],"wp:attachment":[{"href":"https:\/\/skrina.si\/sl\/wp-json\/wp\/v2\/media?parent=17265"}],"wp:term":[{"taxonomy":"product_cat","embeddable":true,"href":"https:\/\/skrina.si\/sl\/wp-json\/wp\/v2\/product_cat?post=17265"},{"taxonomy":"product_tag","embeddable":true,"href":"https:\/\/skrina.si\/sl\/wp-json\/wp\/v2\/product_tag?post=17265"}],"curies":[{"name":"wp","href":"https:\/\/api.w.org\/{rel}","templated":true}]}}