{"id":17264,"date":"2024-09-20T23:36:52","date_gmt":"2024-09-20T21:36:52","guid":{"rendered":"https:\/\/skrina.si\/en\/?post_type=product&#038;p=17264"},"modified":"2024-09-20T23:40:16","modified_gmt":"2024-09-20T21:40:16","slug":"good-day-bread","status":"publish","type":"product","link":"https:\/\/skrina.si\/sl\/product\/good-day-bread\/","title":{"rendered":"SUHOROBARSKI \u0160OPEK"},"content":{"rendered":"","protected":false},"excerpt":{"rendered":"<h5 style=\"text-align: justify;\">V <em>Ribni\u0161ki dolini<\/em> prehaja rokodelsko znanje <em>iz roda v rod <\/em>\u017ee ve\u010d stoletij. Sprva je \u0161lo za preproste izdelke, narejene z \u017eagami, sekirami in no\u017ei, kasneje pa za vedno bolj kompleksne obrti.<br \/>\nObi\u010dajno se je ena doma\u010dija, ali celo posamezna vas omejila le na eno obrt \u2013 na izdelovanje re\u0161et, \u0161kafov, \u017elic, zobotrebcev\u2026 S \u010dasoma se je za vse te obrti uveljavil izraz <em>\u00bbSuha roba\u00ab<\/em> in vse do dana\u0161njih dni ga pozna tudi velik del <em>Evrope<\/em>, s katero ribni\u0161ki rokodelci sodelujejo \u017ee od leta 1492, ko jim je dal avstrijski cesar <em>Friderik III<\/em> pravico prostega trgovanja s suho robo.<br \/>\n<em>Iz miniaturnih predmetov suhe robe lahko ustvarite simpati\u010den suhorobarski \u0161opek, ki bo imel v sebi pridih preteklosti in sedanjosti.<\/em><\/h5>\n","protected":false},"featured_media":0,"template":"","meta":{"_monsterinsights_skip_tracking":false,"_monsterinsights_sitenote_active":false,"_monsterinsights_sitenote_note":"","_monsterinsights_sitenote_category":0},"product_cat":[3206,1623],"product_tag":[],"aioseo_notices":[],"yoast_head":"<!-- This site is optimized with the Yoast SEO plugin v22.1 - https:\/\/yoast.com\/wordpress\/plugins\/seo\/ -->\n<title>SUHOROBARSKI \u0160OPEK - Etnogalerija Skrina<\/title>\n<meta name=\"robots\" content=\"index, follow, max-snippet:-1, max-image-preview:large, max-video-preview:-1\" \/>\n<link rel=\"canonical\" href=\"https:\/\/skrina.si\/sl\/product\/good-day-bread\/\" \/>\n<meta property=\"og:locale\" content=\"sl_SI\" \/>\n<meta property=\"og:locale:alternate\" content=\"en_GB\" \/>\n<meta property=\"og:type\" content=\"article\" \/>\n<meta property=\"og:title\" content=\"SUHOROBARSKI \u0160OPEK\" \/>\n<meta property=\"og:description\" content=\"V Ribni\u0161ki dolini prehaja rokodelsko znanje iz roda v rod \u017ee ve\u010d stoletij. Sprva je \u0161lo za preproste izdelke, narejene z \u017eagami, sekirami in no\u017ei, kasneje pa za vedno bolj kompleksne obrti. Obi\u010dajno se je ena doma\u010dija, ali celo posamezna vas omejila le na eno obrt \u2013 na izdelovanje re\u0161et, \u0161kafov, \u017elic, zobotrebcev\u2026 S \u010dasoma se je za vse te obrti uveljavil izraz \u00bbSuha roba\u00ab in vse do dana\u0161njih dni ga pozna tudi velik del Evrope, s katero ribni\u0161ki rokodelci sodelujejo \u017ee od leta 1492, ko jim je dal avstrijski cesar Friderik III pravico prostega trgovanja s suho robo. Iz miniaturnih predmetov suhe robe lahko ustvarite simpati\u010den suhorobarski \u0161opek, ki bo imel v sebi pridih preteklosti in sedanjosti.\" \/>\n<meta property=\"og:url\" content=\"https:\/\/skrina.si\/sl\/product\/good-day-bread\/\" \/>\n<meta property=\"og:site_name\" content=\"Etnogalerija Skrina\" \/>\n<meta property=\"article:modified_time\" content=\"2024-09-20T21:40:16+00:00\" \/>\n<meta property=\"og:image\" content=\"https:\/\/skrina.si\/wp-content\/uploads\/2022\/01\/EMBALAZA-NEJKA-2.jpg\" \/>\n\t<meta property=\"og:image:width\" content=\"2000\" \/>\n\t<meta property=\"og:image:height\" content=\"1500\" \/>\n\t<meta property=\"og:image:type\" content=\"image\/jpeg\" \/>\n<meta name=\"twitter:card\" content=\"summary_large_image\" \/>\n<meta name=\"twitter:label1\" content=\"Est. reading time\" \/>\n\t<meta name=\"twitter:data1\" content=\"1 minuta\" \/>\n<script type=\"application\/ld+json\" class=\"yoast-schema-graph\">{\"@context\":\"https:\/\/schema.org\",\"@graph\":[{\"@type\":\"WebPage\",\"@id\":\"https:\/\/skrina.si\/sl\/product\/good-day-bread\/\",\"url\":\"https:\/\/skrina.si\/sl\/product\/good-day-bread\/\",\"name\":\"[:en]GOOD DAY BREAD[:sl]SUHOROBARSKI \u0160OPEK[:] - Etnogalerija Skrina\",\"isPartOf\":{\"@id\":\"https:\/\/skrina.si\/sl\/#website\"},\"datePublished\":\"2024-09-20T21:36:52+00:00\",\"dateModified\":\"2024-09-20T21:40:16+00:00\",\"breadcrumb\":{\"@id\":\"https:\/\/skrina.si\/sl\/product\/good-day-bread\/#breadcrumb\"},\"inLanguage\":\"sl-SI\",\"potentialAction\":[{\"@type\":\"ReadAction\",\"target\":[\"https:\/\/skrina.si\/sl\/product\/good-day-bread\/\"]}]},{\"@type\":\"BreadcrumbList\",\"@id\":\"https:\/\/skrina.si\/sl\/product\/good-day-bread\/#breadcrumb\",\"itemListElement\":[{\"@type\":\"ListItem\",\"position\":1,\"name\":\"Home\",\"item\":\"https:\/\/skrina.si\/\"},{\"@type\":\"ListItem\",\"position\":2,\"name\":\"Shop\",\"item\":\"https:\/\/skrina.si\/shop\/\"},{\"@type\":\"ListItem\",\"position\":3,\"name\":\"GOOD DAY BREAD\"}]},{\"@type\":\"WebSite\",\"@id\":\"https:\/\/skrina.si\/sl\/#website\",\"url\":\"https:\/\/skrina.si\/sl\/\",\"name\":\"Etnogalerija Skrina\",\"description\":\"Tradicija s posluhom\",\"potentialAction\":[{\"@type\":\"SearchAction\",\"target\":{\"@type\":\"EntryPoint\",\"urlTemplate\":\"https:\/\/skrina.si\/sl\/?s={search_term_string}\"},\"query-input\":\"required name=search_term_string\"}],\"inLanguage\":\"sl-SI\"}]}<\/script>\n<!-- \/ Yoast SEO plugin. -->","yoast_head_json":{"title":"SUHOROBARSKI \u0160OPEK - Etnogalerija Skrina","robots":{"index":"index","follow":"follow","max-snippet":"max-snippet:-1","max-image-preview":"max-image-preview:large","max-video-preview":"max-video-preview:-1"},"canonical":"https:\/\/skrina.si\/sl\/product\/good-day-bread\/","og_locale":"sl_SI","og_type":"article","og_title":"[:en]GOOD DAY BREAD[:sl]SUHOROBARSKI \u0160OPEK[:] - Etnogalerija Skrina","og_description":"[:en]When the mother opened the bread oven, the whole house was fragrant, the warmth of the oven breathed a pleasant homeliness into the home. Throughout history, bread has meant happiness and prosperity, while the lack of bread has meant misery, poverty, and war. In Slovenia, bread was first mentioned in the 13th century, and in the Middle Ages, the craft of baking developed in the markets and towns. In 1689, J.V. Valvazor described how bakers who cheated were punished \u2013 locked in special cages and soaked in the river. Bread is also associated with many proverbs and customs. \"Ceremonial\" bread accompanied a person from birth to death; bread was the first gift when a child was born, the bride left the house with bread, and she was welcomed with bread at her new home. Cut your own piece of bread, whether it is \"ceremonial\" or \"everyday\" bread.[:sl]V Ribni\u0161ki dolini prehaja rokodelsko znanje iz roda v rod \u017ee ve\u010d stoletij. Sprva je \u0161lo za preproste izdelke, narejene z \u017eagami, sekirami in no\u017ei, kasneje pa za vedno bolj kompleksne obrti. Obi\u010dajno se je ena doma\u010dija, ali celo posamezna vas omejila le na eno obrt \u2013 na izdelovanje re\u0161et, \u0161kafov, \u017elic, zobotrebcev\u2026 S \u010dasoma se je za vse te obrti uveljavil izraz \u00bbSuha roba\u00ab in vse do dana\u0161njih dni ga pozna tudi velik del Evrope, s katero ribni\u0161ki rokodelci sodelujejo \u017ee od leta 1492, ko jim je dal avstrijski cesar Friderik III pravico prostega trgovanja s suho robo. Iz miniaturnih predmetov suhe robe lahko ustvarite simpati\u010den suhorobarski \u0161opek, ki bo imel v sebi pridih preteklosti in sedanjosti.[:]","og_url":"https:\/\/skrina.si\/sl\/product\/good-day-bread\/","og_site_name":"Etnogalerija Skrina","article_modified_time":"2024-09-20T21:40:16+00:00","og_image":[{"width":2000,"height":1500,"url":"https:\/\/skrina.si\/wp-content\/uploads\/2022\/01\/EMBALAZA-NEJKA-2.jpg","type":"image\/jpeg"}],"twitter_card":"summary_large_image","twitter_misc":{"Est. reading time":"1 minuta"},"schema":{"@context":"https:\/\/schema.org","@graph":[{"@type":"WebPage","@id":"https:\/\/skrina.si\/sl\/product\/good-day-bread\/","url":"https:\/\/skrina.si\/sl\/product\/good-day-bread\/","name":"[:en]GOOD DAY BREAD[:sl]SUHOROBARSKI \u0160OPEK[:] - Etnogalerija Skrina","isPartOf":{"@id":"https:\/\/skrina.si\/sl\/#website"},"datePublished":"2024-09-20T21:36:52+00:00","dateModified":"2024-09-20T21:40:16+00:00","breadcrumb":{"@id":"https:\/\/skrina.si\/sl\/product\/good-day-bread\/#breadcrumb"},"inLanguage":"sl-SI","potentialAction":[{"@type":"ReadAction","target":["https:\/\/skrina.si\/sl\/product\/good-day-bread\/"]}]},{"@type":"BreadcrumbList","@id":"https:\/\/skrina.si\/sl\/product\/good-day-bread\/#breadcrumb","itemListElement":[{"@type":"ListItem","position":1,"name":"Home","item":"https:\/\/skrina.si\/"},{"@type":"ListItem","position":2,"name":"Shop","item":"https:\/\/skrina.si\/shop\/"},{"@type":"ListItem","position":3,"name":"GOOD DAY BREAD"}]},{"@type":"WebSite","@id":"https:\/\/skrina.si\/sl\/#website","url":"https:\/\/skrina.si\/sl\/","name":"Etnogalerija Skrina","description":"Tradicija s posluhom","potentialAction":[{"@type":"SearchAction","target":{"@type":"EntryPoint","urlTemplate":"https:\/\/skrina.si\/sl\/?s={search_term_string}"},"query-input":"required name=search_term_string"}],"inLanguage":"sl-SI"}]}},"_links":{"self":[{"href":"https:\/\/skrina.si\/sl\/wp-json\/wp\/v2\/product\/17264"}],"collection":[{"href":"https:\/\/skrina.si\/sl\/wp-json\/wp\/v2\/product"}],"about":[{"href":"https:\/\/skrina.si\/sl\/wp-json\/wp\/v2\/types\/product"}],"wp:attachment":[{"href":"https:\/\/skrina.si\/sl\/wp-json\/wp\/v2\/media?parent=17264"}],"wp:term":[{"taxonomy":"product_cat","embeddable":true,"href":"https:\/\/skrina.si\/sl\/wp-json\/wp\/v2\/product_cat?post=17264"},{"taxonomy":"product_tag","embeddable":true,"href":"https:\/\/skrina.si\/sl\/wp-json\/wp\/v2\/product_tag?post=17264"}],"curies":[{"name":"wp","href":"https:\/\/api.w.org\/{rel}","templated":true}]}}