{"id":17259,"date":"2024-09-20T22:37:26","date_gmt":"2024-09-20T20:37:26","guid":{"rendered":"https:\/\/skrina.si\/en\/?post_type=product&#038;p=17259"},"modified":"2024-09-20T22:43:55","modified_gmt":"2024-09-20T20:43:55","slug":"pastirska-soncna-ura","status":"publish","type":"product","link":"https:\/\/skrina.si\/sl\/product\/pastirska-soncna-ura\/","title":{"rendered":"PASTIRSKA SON\u010cNA URA"},"content":{"rendered":"","protected":false},"excerpt":{"rendered":"<h5>Bistrost, iznajdljivost in \u010dut za opazovanje so lastnosti, ki so jih moral imeti <strong><em>pastir na\u00a0 Veliki planini,<\/em><\/strong> ko je\u00a0 izdelal (in uporabljal) <strong><em>leseno \u017eepno son\u010dno uro. <\/em><\/strong>Iz lesa je izrezljal za dlan veliko leseno de\u0161\u010dico v obliki polmeseca. \u00a0Nanjo je v polkrogu v\u017egal zareze, ki so pomenile ure in izvrtal 13 lukenj.<br \/>\nV srednjo luknjo je zataknil lahko pali\u010dico, ki v soncu me\u010de senco, po de\u0161\u010dici.<br \/>\nVsakih 14 dni je zatikal pali\u010dico v drugo luknjo in tako dolo\u010dal \u010das.<br \/>\nDopoldanski \u010das je ozna\u010dil z <strong><em>arabskimi<\/em><\/strong>, popoldanski pa <strong><em>rimskimi <\/em><\/strong>\u0161tevilkami.<br \/>\nSon\u010dne ure so izdelovali in uporabljali do druge svetovne vojne.<\/h5>\n","protected":false},"featured_media":3095,"template":"","meta":{"_monsterinsights_skip_tracking":false,"_monsterinsights_sitenote_active":false,"_monsterinsights_sitenote_note":"","_monsterinsights_sitenote_category":0},"product_cat":[196,103],"product_tag":[],"aioseo_notices":[],"yoast_head":"<!-- This site is optimized with the Yoast SEO plugin v22.1 - https:\/\/yoast.com\/wordpress\/plugins\/seo\/ -->\n<title>PASTIRSKA SON\u010cNA URA - Etnogalerija Skrina<\/title>\n<meta name=\"robots\" content=\"index, follow, max-snippet:-1, max-image-preview:large, max-video-preview:-1\" \/>\n<link rel=\"canonical\" href=\"https:\/\/skrina.si\/sl\/product\/pastirska-soncna-ura\/\" \/>\n<meta property=\"og:locale\" content=\"sl_SI\" \/>\n<meta property=\"og:locale:alternate\" content=\"en_GB\" \/>\n<meta property=\"og:type\" content=\"article\" \/>\n<meta property=\"og:title\" content=\"PASTIRSKA SON\u010cNA URA\" \/>\n<meta property=\"og:description\" content=\"Bistrost, iznajdljivost in \u010dut za opazovanje so lastnosti, ki so jih moral imeti pastir na\u00a0 Veliki planini, ko je\u00a0 izdelal (in uporabljal) leseno \u017eepno son\u010dno uro. Iz lesa je izrezljal za dlan veliko leseno de\u0161\u010dico v obliki polmeseca. \u00a0Nanjo je v polkrogu v\u017egal zareze, ki so pomenile ure in izvrtal 13 lukenj. V srednjo luknjo je zataknil lahko pali\u010dico, ki v soncu me\u010de senco, po de\u0161\u010dici. Vsakih 14 dni je zatikal pali\u010dico v drugo luknjo in tako dolo\u010dal \u010das. Dopoldanski \u010das je ozna\u010dil z arabskimi, popoldanski pa rimskimi \u0161tevilkami. Son\u010dne ure so izdelovali in uporabljali do druge svetovne vojne.\" \/>\n<meta property=\"og:url\" content=\"https:\/\/skrina.si\/sl\/product\/pastirska-soncna-ura\/\" \/>\n<meta property=\"og:site_name\" content=\"Etnogalerija Skrina\" \/>\n<meta property=\"article:modified_time\" content=\"2024-09-20T20:43:55+00:00\" \/>\n<meta property=\"og:image\" content=\"https:\/\/skrina.si\/wp-content\/uploads\/2021\/06\/Pastirska-soncna-ura.jpg\" \/>\n\t<meta property=\"og:image:width\" content=\"2000\" \/>\n\t<meta property=\"og:image:height\" content=\"1500\" \/>\n\t<meta property=\"og:image:type\" content=\"image\/jpeg\" \/>\n<meta name=\"twitter:card\" content=\"summary_large_image\" \/>\n<meta name=\"twitter:label1\" content=\"Est. reading time\" \/>\n\t<meta name=\"twitter:data1\" content=\"1 minuta\" \/>\n<script type=\"application\/ld+json\" class=\"yoast-schema-graph\">{\"@context\":\"https:\/\/schema.org\",\"@graph\":[{\"@type\":\"WebPage\",\"@id\":\"https:\/\/skrina.si\/sl\/product\/pastirska-soncna-ura\/\",\"url\":\"https:\/\/skrina.si\/sl\/product\/pastirska-soncna-ura\/\",\"name\":\"[:en]SHEPHERD SUNDIAL[:sl]PASTIRSKA SON\u010cNA URA[:] - Etnogalerija Skrina\",\"isPartOf\":{\"@id\":\"https:\/\/skrina.si\/sl\/#website\"},\"datePublished\":\"2024-09-20T20:37:26+00:00\",\"dateModified\":\"2024-09-20T20:43:55+00:00\",\"breadcrumb\":{\"@id\":\"https:\/\/skrina.si\/sl\/product\/pastirska-soncna-ura\/#breadcrumb\"},\"inLanguage\":\"sl-SI\",\"potentialAction\":[{\"@type\":\"ReadAction\",\"target\":[\"https:\/\/skrina.si\/sl\/product\/pastirska-soncna-ura\/\"]}]},{\"@type\":\"BreadcrumbList\",\"@id\":\"https:\/\/skrina.si\/sl\/product\/pastirska-soncna-ura\/#breadcrumb\",\"itemListElement\":[{\"@type\":\"ListItem\",\"position\":1,\"name\":\"Home\",\"item\":\"https:\/\/skrina.si\/\"},{\"@type\":\"ListItem\",\"position\":2,\"name\":\"Shop\",\"item\":\"https:\/\/skrina.si\/shop\/\"},{\"@type\":\"ListItem\",\"position\":3,\"name\":\"PASTIRSKA SON\u010cNA URA\"}]},{\"@type\":\"WebSite\",\"@id\":\"https:\/\/skrina.si\/sl\/#website\",\"url\":\"https:\/\/skrina.si\/sl\/\",\"name\":\"Etnogalerija Skrina\",\"description\":\"Tradicija s posluhom\",\"potentialAction\":[{\"@type\":\"SearchAction\",\"target\":{\"@type\":\"EntryPoint\",\"urlTemplate\":\"https:\/\/skrina.si\/sl\/?s={search_term_string}\"},\"query-input\":\"required name=search_term_string\"}],\"inLanguage\":\"sl-SI\"}]}<\/script>\n<!-- \/ Yoast SEO plugin. -->","yoast_head_json":{"title":"PASTIRSKA SON\u010cNA URA - Etnogalerija Skrina","robots":{"index":"index","follow":"follow","max-snippet":"max-snippet:-1","max-image-preview":"max-image-preview:large","max-video-preview":"max-video-preview:-1"},"canonical":"https:\/\/skrina.si\/sl\/product\/pastirska-soncna-ura\/","og_locale":"sl_SI","og_type":"article","og_title":"[:en]SHEPHERD SUNDIAL[:sl]PASTIRSKA SON\u010cNA URA[:] - Etnogalerija Skrina","og_description":"[:en]Clarity, ingenuity, and a sense of observation are the qualities that a shepherd on Velika Planina must have had when he made (and used) a wooden pocket sundial. From wood, he carved a palm-sized wooden board in the shape of a crescent moon. On it, he burnt notches in a semicircle to represent clocks and drilled 13 holes. Into the middle hole he stuck a tiny stick, which casts a shadow in the sun along the board. Every 14 days he stuck the stick in a different hole to set the time. He marked the morning time with Arabic numerals and the afternoon time with Roman. Sundials were made and used until the Second World War.[:sl]Bistrost, iznajdljivost in \u010dut za opazovanje so lastnosti, ki so jih moral imeti pastir na\u00a0 Veliki planini, ko je\u00a0 izdelal (in uporabljal) leseno \u017eepno son\u010dno uro. Iz lesa je izrezljal za dlan veliko leseno de\u0161\u010dico v obliki polmeseca. \u00a0Nanjo je v polkrogu v\u017egal zareze, ki so pomenile ure in izvrtal 13 lukenj. V srednjo luknjo je zataknil lahko pali\u010dico, ki v soncu me\u010de senco, po de\u0161\u010dici. Vsakih 14 dni je zatikal pali\u010dico v drugo luknjo in tako dolo\u010dal \u010das. Dopoldanski \u010das je ozna\u010dil z arabskimi, popoldanski pa rimskimi \u0161tevilkami. Son\u010dne ure so izdelovali in uporabljali do druge svetovne vojne.[:]","og_url":"https:\/\/skrina.si\/sl\/product\/pastirska-soncna-ura\/","og_site_name":"Etnogalerija Skrina","article_modified_time":"2024-09-20T20:43:55+00:00","og_image":[{"width":2000,"height":1500,"url":"https:\/\/skrina.si\/wp-content\/uploads\/2021\/06\/Pastirska-soncna-ura.jpg","type":"image\/jpeg"}],"twitter_card":"summary_large_image","twitter_misc":{"Est. reading time":"1 minuta"},"schema":{"@context":"https:\/\/schema.org","@graph":[{"@type":"WebPage","@id":"https:\/\/skrina.si\/sl\/product\/pastirska-soncna-ura\/","url":"https:\/\/skrina.si\/sl\/product\/pastirska-soncna-ura\/","name":"[:en]SHEPHERD SUNDIAL[:sl]PASTIRSKA SON\u010cNA URA[:] - Etnogalerija Skrina","isPartOf":{"@id":"https:\/\/skrina.si\/sl\/#website"},"datePublished":"2024-09-20T20:37:26+00:00","dateModified":"2024-09-20T20:43:55+00:00","breadcrumb":{"@id":"https:\/\/skrina.si\/sl\/product\/pastirska-soncna-ura\/#breadcrumb"},"inLanguage":"sl-SI","potentialAction":[{"@type":"ReadAction","target":["https:\/\/skrina.si\/sl\/product\/pastirska-soncna-ura\/"]}]},{"@type":"BreadcrumbList","@id":"https:\/\/skrina.si\/sl\/product\/pastirska-soncna-ura\/#breadcrumb","itemListElement":[{"@type":"ListItem","position":1,"name":"Home","item":"https:\/\/skrina.si\/"},{"@type":"ListItem","position":2,"name":"Shop","item":"https:\/\/skrina.si\/shop\/"},{"@type":"ListItem","position":3,"name":"PASTIRSKA SON\u010cNA URA"}]},{"@type":"WebSite","@id":"https:\/\/skrina.si\/sl\/#website","url":"https:\/\/skrina.si\/sl\/","name":"Etnogalerija Skrina","description":"Tradicija s posluhom","potentialAction":[{"@type":"SearchAction","target":{"@type":"EntryPoint","urlTemplate":"https:\/\/skrina.si\/sl\/?s={search_term_string}"},"query-input":"required name=search_term_string"}],"inLanguage":"sl-SI"}]}},"_links":{"self":[{"href":"https:\/\/skrina.si\/sl\/wp-json\/wp\/v2\/product\/17259"}],"collection":[{"href":"https:\/\/skrina.si\/sl\/wp-json\/wp\/v2\/product"}],"about":[{"href":"https:\/\/skrina.si\/sl\/wp-json\/wp\/v2\/types\/product"}],"wp:featuredmedia":[{"embeddable":true,"href":"https:\/\/skrina.si\/sl\/wp-json\/wp\/v2\/media\/3095"}],"wp:attachment":[{"href":"https:\/\/skrina.si\/sl\/wp-json\/wp\/v2\/media?parent=17259"}],"wp:term":[{"taxonomy":"product_cat","embeddable":true,"href":"https:\/\/skrina.si\/sl\/wp-json\/wp\/v2\/product_cat?post=17259"},{"taxonomy":"product_tag","embeddable":true,"href":"https:\/\/skrina.si\/sl\/wp-json\/wp\/v2\/product_tag?post=17259"}],"curies":[{"name":"wp","href":"https:\/\/api.w.org\/{rel}","templated":true}]}}