{"id":15839,"date":"2024-05-06T18:25:27","date_gmt":"2024-05-06T16:25:27","guid":{"rendered":"https:\/\/skrina.si\/en\/?post_type=product&#038;p=15839"},"modified":"2024-05-06T18:26:52","modified_gmt":"2024-05-06T16:26:52","slug":"south","status":"publish","type":"product","link":"https:\/\/skrina.si\/sl\/product\/south\/","title":{"rendered":"Jug oran\u017e"},"content":{"rendered":"","protected":false},"excerpt":{"rendered":"<h5><strong>Umetnik <\/strong><em>Rok Zelenko<\/em> se udejstvuje kot slikar, keramik in grafik. Po kon\u010dani Akademiji za likovno umetnost v Ljubljani je njegov dom postal <em><strong>Gro\u017enjan.<\/strong><\/em><\/h5>\n<h5>Malo mestece v Istri je s svojo mehkobo, barvami in bogato favno in floro\u00a0 njegov vir inspiracij.<\/h5>\n<h5>Naravni inventar (ribe, ptice, morje) dopolnjujejo motivi iz <strong><em>etnolo\u0161ke dedi\u0161\u010dine<\/em><\/strong> (maske, pustovanje) in fantazijski liki, ki iz\u017earevajo igrivost in \u010disto prvinsko radost.<\/h5>\n<h6>Lastnosti:<\/h6>\n<ul>\n<li>\n<h6>Naslov dela: Maske pod zvezdami<\/h6>\n<\/li>\n<li>\n<h6>Tehnika: olje<\/h6>\n<\/li>\n<li>\n<h6>Zunanja dimenzija: 65 x 45 cm<\/h6>\n<\/li>\n<\/ul>\n","protected":false},"featured_media":0,"template":"","meta":{"_monsterinsights_skip_tracking":false,"_monsterinsights_sitenote_active":false,"_monsterinsights_sitenote_note":"","_monsterinsights_sitenote_category":0},"product_cat":[1554,1155],"product_tag":[],"aioseo_notices":[],"yoast_head":"<!-- This site is optimized with the Yoast SEO plugin v22.1 - https:\/\/yoast.com\/wordpress\/plugins\/seo\/ -->\n<title>Jug oran\u017e - Etnogalerija Skrina<\/title>\n<meta name=\"robots\" content=\"index, follow, max-snippet:-1, max-image-preview:large, max-video-preview:-1\" \/>\n<link rel=\"canonical\" href=\"https:\/\/skrina.si\/sl\/product\/south\/\" \/>\n<meta property=\"og:locale\" content=\"sl_SI\" \/>\n<meta property=\"og:locale:alternate\" content=\"en_GB\" \/>\n<meta property=\"og:type\" content=\"article\" \/>\n<meta property=\"og:title\" content=\"Jug oran\u017e\" \/>\n<meta property=\"og:description\" content=\"Umetnik Rok Zelenko se udejstvuje kot slikar, keramik in grafik. Po kon\u010dani Akademiji za likovno umetnost v Ljubljani je njegov dom postal Gro\u017enjan. Malo mestece v Istri je s svojo mehkobo, barvami in bogato favno in floro\u00a0 njegov vir inspiracij. Naravni inventar (ribe, ptice, morje) dopolnjujejo motivi iz etnolo\u0161ke dedi\u0161\u010dine (maske, pustovanje) in fantazijski liki, ki iz\u017earevajo igrivost in \u010disto prvinsko radost. Lastnosti:    Naslov dela: Maske pod zvezdami    Tehnika: olje    Zunanja dimenzija: 65 x 45 cm\" \/>\n<meta property=\"og:url\" content=\"https:\/\/skrina.si\/sl\/product\/south\/\" \/>\n<meta property=\"og:site_name\" content=\"Etnogalerija Skrina\" \/>\n<meta property=\"article:modified_time\" content=\"2024-05-06T16:26:52+00:00\" \/>\n<meta property=\"og:image\" content=\"https:\/\/skrina.si\/wp-content\/uploads\/2021\/07\/Rok-Zelenko_Jug_olje.jpg\" \/>\n\t<meta property=\"og:image:width\" content=\"2000\" \/>\n\t<meta property=\"og:image:height\" content=\"1500\" \/>\n\t<meta property=\"og:image:type\" content=\"image\/jpeg\" \/>\n<meta name=\"twitter:card\" content=\"summary_large_image\" \/>\n<meta name=\"twitter:label1\" content=\"Est. reading time\" \/>\n\t<meta name=\"twitter:data1\" content=\"1 minuta\" \/>\n<script type=\"application\/ld+json\" class=\"yoast-schema-graph\">{\"@context\":\"https:\/\/schema.org\",\"@graph\":[{\"@type\":\"WebPage\",\"@id\":\"https:\/\/skrina.si\/sl\/product\/south\/\",\"url\":\"https:\/\/skrina.si\/sl\/product\/south\/\",\"name\":\"[:en]South[:sl]Jug oran\u017e[:] - Etnogalerija Skrina\",\"isPartOf\":{\"@id\":\"https:\/\/skrina.si\/sl\/#website\"},\"datePublished\":\"2024-05-06T16:25:27+00:00\",\"dateModified\":\"2024-05-06T16:26:52+00:00\",\"breadcrumb\":{\"@id\":\"https:\/\/skrina.si\/sl\/product\/south\/#breadcrumb\"},\"inLanguage\":\"sl-SI\",\"potentialAction\":[{\"@type\":\"ReadAction\",\"target\":[\"https:\/\/skrina.si\/sl\/product\/south\/\"]}]},{\"@type\":\"BreadcrumbList\",\"@id\":\"https:\/\/skrina.si\/sl\/product\/south\/#breadcrumb\",\"itemListElement\":[{\"@type\":\"ListItem\",\"position\":1,\"name\":\"Home\",\"item\":\"https:\/\/skrina.si\/\"},{\"@type\":\"ListItem\",\"position\":2,\"name\":\"Shop\",\"item\":\"https:\/\/skrina.si\/shop\/\"},{\"@type\":\"ListItem\",\"position\":3,\"name\":\"South\"}]},{\"@type\":\"WebSite\",\"@id\":\"https:\/\/skrina.si\/sl\/#website\",\"url\":\"https:\/\/skrina.si\/sl\/\",\"name\":\"Etnogalerija Skrina\",\"description\":\"Tradicija s posluhom\",\"potentialAction\":[{\"@type\":\"SearchAction\",\"target\":{\"@type\":\"EntryPoint\",\"urlTemplate\":\"https:\/\/skrina.si\/sl\/?s={search_term_string}\"},\"query-input\":\"required name=search_term_string\"}],\"inLanguage\":\"sl-SI\"}]}<\/script>\n<!-- \/ Yoast SEO plugin. -->","yoast_head_json":{"title":"Jug oran\u017e - Etnogalerija Skrina","robots":{"index":"index","follow":"follow","max-snippet":"max-snippet:-1","max-image-preview":"max-image-preview:large","max-video-preview":"max-video-preview:-1"},"canonical":"https:\/\/skrina.si\/sl\/product\/south\/","og_locale":"sl_SI","og_type":"article","og_title":"[:en]South[:sl]Jug oran\u017e[:] - Etnogalerija Skrina","og_description":"[:en]The artist Rok Zelenko works as a painter, ceramicist, and graphic artist. After graduating from the Academy of Fine Arts in Ljubljana, his home became Gro\u017enjan. A small town in Istria with its softness, colors, and rich fauna and flora is his source of inspiration. The natural inventory (fish, birds, sea) is complemented by motifs from the ethnological heritage (masks, carnival) and fantasy characters that radiate playfulness and pure primal joy. His line-colour style is evident in his ceramics, which are mainly epic fantasy characters. Details:    Title of work: South    Technique: oil    External dimension: 65 x 45 cm  [:sl]Umetnik Rok Zelenko se udejstvuje kot slikar, keramik in grafik. Po kon\u010dani Akademiji za likovno umetnost v Ljubljani je njegov dom postal Gro\u017enjan. Malo mestece v Istri je s svojo mehkobo, barvami in bogato favno in floro\u00a0 njegov vir inspiracij. Naravni inventar (ribe, ptice, morje) dopolnjujejo motivi iz etnolo\u0161ke dedi\u0161\u010dine (maske, pustovanje) in fantazijski liki, ki iz\u017earevajo igrivost in \u010disto prvinsko radost. Lastnosti:    Naslov dela: Maske pod zvezdami    Tehnika: olje    Zunanja dimenzija: 65 x 45 cm  [:]","og_url":"https:\/\/skrina.si\/sl\/product\/south\/","og_site_name":"Etnogalerija Skrina","article_modified_time":"2024-05-06T16:26:52+00:00","og_image":[{"width":2000,"height":1500,"url":"https:\/\/skrina.si\/wp-content\/uploads\/2021\/07\/Rok-Zelenko_Jug_olje.jpg","type":"image\/jpeg"}],"twitter_card":"summary_large_image","twitter_misc":{"Est. reading time":"1 minuta"},"schema":{"@context":"https:\/\/schema.org","@graph":[{"@type":"WebPage","@id":"https:\/\/skrina.si\/sl\/product\/south\/","url":"https:\/\/skrina.si\/sl\/product\/south\/","name":"[:en]South[:sl]Jug oran\u017e[:] - Etnogalerija Skrina","isPartOf":{"@id":"https:\/\/skrina.si\/sl\/#website"},"datePublished":"2024-05-06T16:25:27+00:00","dateModified":"2024-05-06T16:26:52+00:00","breadcrumb":{"@id":"https:\/\/skrina.si\/sl\/product\/south\/#breadcrumb"},"inLanguage":"sl-SI","potentialAction":[{"@type":"ReadAction","target":["https:\/\/skrina.si\/sl\/product\/south\/"]}]},{"@type":"BreadcrumbList","@id":"https:\/\/skrina.si\/sl\/product\/south\/#breadcrumb","itemListElement":[{"@type":"ListItem","position":1,"name":"Home","item":"https:\/\/skrina.si\/"},{"@type":"ListItem","position":2,"name":"Shop","item":"https:\/\/skrina.si\/shop\/"},{"@type":"ListItem","position":3,"name":"South"}]},{"@type":"WebSite","@id":"https:\/\/skrina.si\/sl\/#website","url":"https:\/\/skrina.si\/sl\/","name":"Etnogalerija Skrina","description":"Tradicija s posluhom","potentialAction":[{"@type":"SearchAction","target":{"@type":"EntryPoint","urlTemplate":"https:\/\/skrina.si\/sl\/?s={search_term_string}"},"query-input":"required name=search_term_string"}],"inLanguage":"sl-SI"}]}},"_links":{"self":[{"href":"https:\/\/skrina.si\/sl\/wp-json\/wp\/v2\/product\/15839"}],"collection":[{"href":"https:\/\/skrina.si\/sl\/wp-json\/wp\/v2\/product"}],"about":[{"href":"https:\/\/skrina.si\/sl\/wp-json\/wp\/v2\/types\/product"}],"wp:attachment":[{"href":"https:\/\/skrina.si\/sl\/wp-json\/wp\/v2\/media?parent=15839"}],"wp:term":[{"taxonomy":"product_cat","embeddable":true,"href":"https:\/\/skrina.si\/sl\/wp-json\/wp\/v2\/product_cat?post=15839"},{"taxonomy":"product_tag","embeddable":true,"href":"https:\/\/skrina.si\/sl\/wp-json\/wp\/v2\/product_tag?post=15839"}],"curies":[{"name":"wp","href":"https:\/\/api.w.org\/{rel}","templated":true}]}}