{"id":15692,"date":"2024-05-01T13:45:04","date_gmt":"2024-05-01T11:45:04","guid":{"rendered":"https:\/\/skrina.si\/sl\/?post_type=product&#038;p=15692"},"modified":"2024-05-01T15:20:49","modified_gmt":"2024-05-01T13:20:49","slug":"spokojna","status":"publish","type":"product","link":"https:\/\/skrina.si\/sl\/product\/spokojna\/","title":{"rendered":"Spokojna"},"content":{"rendered":"","protected":false},"excerpt":{"rendered":"<h5 style=\"text-align: justify;\"><em><strong>Spokojne, v klop\u010di\u010d zvite, in zadovoljne ma\u010dke,<\/strong><\/em> ki zrejo v nas iz dekorativnih in neponovljivih kerami\u010dnih plo\u0161\u010di\u010d <strong><em>Tatjane Gomboc Jerman<\/em><\/strong>, nas opozarjajo na to, kako pomemben je spokojni spanec.<br \/>\nBrezskrbno pole\u017eavajo na fotelju in resni\u010dno u\u017eivajo v spro\u0161\u010danju in spanju.<br \/>\nMorda je to lekcija, ki bi se jo morali nau\u010diti, \u0161e zlasti \u010de si nalagate veliko dela. Spanje in po\u010ditek sta namenjena polnjenju telesnih baterij in krepita va\u0161e sposobnosti, zmo\u017enosti.<br \/>\nKadar \u017eelite opraviti neko delo po svojih najbolj\u0161ih mo\u010deh, se prej nujno dobro naspite. Privo\u0161\u010dite si nekaj miru in spokojno zaspite. Ne razmi\u0161ljajte o delu, da se bodo mo\u017egani resni\u010dno spo\u010dili.<\/h5>\n<h6><em>Lastnosti:<\/em><\/h6>\n<ul>\n<li>\n<h6><em>Plo\u0161\u010dica v<\/em>elikost: 16 x 17 cm<\/h6>\n<\/li>\n<li>\n<h6><em>Material: keramika<\/em><\/h6>\n<\/li>\n<li>\n<h6><em>Embalirano v \u00a0darilni embala\u017ei<\/em><\/h6>\n<\/li>\n<li>\n<h6><em>Oblikovano z ljubeznijo do detajlov<\/em><\/h6>\n<\/li>\n<li>\n<h6><em>RO\u010cNO DELO<\/em><\/h6>\n<h6><\/h6>\n<\/li>\n<\/ul>\n","protected":false},"featured_media":4386,"template":"","meta":{"_monsterinsights_skip_tracking":false,"_monsterinsights_sitenote_active":false,"_monsterinsights_sitenote_note":"","_monsterinsights_sitenote_category":0},"product_cat":[39,216],"product_tag":[],"aioseo_notices":[],"yoast_head":"<!-- This site is optimized with the Yoast SEO plugin v22.1 - https:\/\/yoast.com\/wordpress\/plugins\/seo\/ -->\n<title>Spokojna - Etnogalerija Skrina<\/title>\n<meta name=\"description\" content=\"Tatjana Jerman - kerami\u010dne plo\u0161\u010dice Mi\u010dne gospodi\u010dne. Podobe deklet \u017eivijo v svojem pravlji\u010dnem svetu, sre\u010dne, nasmejane in obdane z lepimi stvarmi.\" \/>\n<meta name=\"robots\" content=\"index, follow, max-snippet:-1, max-image-preview:large, max-video-preview:-1\" \/>\n<link rel=\"canonical\" href=\"https:\/\/skrina.si\/sl\/product\/spokojna\/\" \/>\n<meta property=\"og:locale\" content=\"sl_SI\" \/>\n<meta property=\"og:locale:alternate\" content=\"en_GB\" \/>\n<meta property=\"og:type\" content=\"article\" \/>\n<meta property=\"og:title\" content=\"Spokojna\" \/>\n<meta property=\"og:description\" content=\"Tatjana Jerman - kerami\u010dne plo\u0161\u010dice Mi\u010dne gospodi\u010dne. Podobe deklet \u017eivijo v svojem pravlji\u010dnem svetu, sre\u010dne, nasmejane in obdane z lepimi stvarmi.\" \/>\n<meta property=\"og:url\" content=\"https:\/\/skrina.si\/sl\/product\/spokojna\/\" \/>\n<meta property=\"og:site_name\" content=\"Etnogalerija Skrina\" \/>\n<meta property=\"article:modified_time\" content=\"2024-05-01T13:20:49+00:00\" \/>\n<meta property=\"og:image\" content=\"https:\/\/skrina.si\/wp-content\/uploads\/2021\/08\/Jerman-ploscice_muca-5-e1629459345868.jpg\" \/>\n\t<meta property=\"og:image:width\" content=\"1464\" \/>\n\t<meta property=\"og:image:height\" content=\"1084\" \/>\n\t<meta property=\"og:image:type\" content=\"image\/jpeg\" \/>\n<meta name=\"twitter:card\" content=\"summary_large_image\" \/>\n<meta name=\"twitter:label1\" content=\"Est. reading time\" \/>\n\t<meta name=\"twitter:data1\" content=\"1 minuta\" \/>\n<script type=\"application\/ld+json\" class=\"yoast-schema-graph\">{\"@context\":\"https:\/\/schema.org\",\"@graph\":[{\"@type\":\"WebPage\",\"@id\":\"https:\/\/skrina.si\/sl\/product\/spokojna\/\",\"url\":\"https:\/\/skrina.si\/sl\/product\/spokojna\/\",\"name\":\"[:en]Dreamy[:sl]Spokojna[:] - Etnogalerija Skrina\",\"isPartOf\":{\"@id\":\"https:\/\/skrina.si\/sl\/#website\"},\"datePublished\":\"2024-05-01T11:45:04+00:00\",\"dateModified\":\"2024-05-01T13:20:49+00:00\",\"description\":\"[:sl]Tatjana Jerman - kerami\u010dne plo\u0161\u010dice Mi\u010dne gospodi\u010dne. Podobe deklet \u017eivijo v svojem pravlji\u010dnem svetu, sre\u010dne, nasmejane in obdane z lepimi stvarmi.[:]\",\"breadcrumb\":{\"@id\":\"https:\/\/skrina.si\/sl\/product\/spokojna\/#breadcrumb\"},\"inLanguage\":\"sl-SI\",\"potentialAction\":[{\"@type\":\"ReadAction\",\"target\":[\"https:\/\/skrina.si\/sl\/product\/spokojna\/\"]}]},{\"@type\":\"BreadcrumbList\",\"@id\":\"https:\/\/skrina.si\/sl\/product\/spokojna\/#breadcrumb\",\"itemListElement\":[{\"@type\":\"ListItem\",\"position\":1,\"name\":\"Home\",\"item\":\"https:\/\/skrina.si\/\"},{\"@type\":\"ListItem\",\"position\":2,\"name\":\"Shop\",\"item\":\"https:\/\/skrina.si\/shop\/\"},{\"@type\":\"ListItem\",\"position\":3,\"name\":\"Spokojna\"}]},{\"@type\":\"WebSite\",\"@id\":\"https:\/\/skrina.si\/sl\/#website\",\"url\":\"https:\/\/skrina.si\/sl\/\",\"name\":\"Etnogalerija Skrina\",\"description\":\"Tradicija s posluhom\",\"potentialAction\":[{\"@type\":\"SearchAction\",\"target\":{\"@type\":\"EntryPoint\",\"urlTemplate\":\"https:\/\/skrina.si\/sl\/?s={search_term_string}\"},\"query-input\":\"required name=search_term_string\"}],\"inLanguage\":\"sl-SI\"}]}<\/script>\n<!-- \/ Yoast SEO plugin. -->","yoast_head_json":{"title":"Spokojna - Etnogalerija Skrina","description":"[:sl]Tatjana Jerman - kerami\u010dne plo\u0161\u010dice Mi\u010dne gospodi\u010dne. Podobe deklet \u017eivijo v svojem pravlji\u010dnem svetu, sre\u010dne, nasmejane in obdane z lepimi stvarmi.[:]","robots":{"index":"index","follow":"follow","max-snippet":"max-snippet:-1","max-image-preview":"max-image-preview:large","max-video-preview":"max-video-preview:-1"},"canonical":"https:\/\/skrina.si\/sl\/product\/spokojna\/","og_locale":"sl_SI","og_type":"article","og_title":"[:en]Dreamy[:sl]Spokojna[:] - Etnogalerija Skrina","og_description":"[:sl]Tatjana Jerman - kerami\u010dne plo\u0161\u010dice Mi\u010dne gospodi\u010dne. Podobe deklet \u017eivijo v svojem pravlji\u010dnem svetu, sre\u010dne, nasmejane in obdane z lepimi stvarmi.[:]","og_url":"https:\/\/skrina.si\/sl\/product\/spokojna\/","og_site_name":"Etnogalerija Skrina","article_modified_time":"2024-05-01T13:20:49+00:00","og_image":[{"width":1464,"height":1084,"url":"https:\/\/skrina.si\/wp-content\/uploads\/2021\/08\/Jerman-ploscice_muca-5-e1629459345868.jpg","type":"image\/jpeg"}],"twitter_card":"summary_large_image","twitter_misc":{"Est. reading time":"1 minuta"},"schema":{"@context":"https:\/\/schema.org","@graph":[{"@type":"WebPage","@id":"https:\/\/skrina.si\/sl\/product\/spokojna\/","url":"https:\/\/skrina.si\/sl\/product\/spokojna\/","name":"[:en]Dreamy[:sl]Spokojna[:] - Etnogalerija Skrina","isPartOf":{"@id":"https:\/\/skrina.si\/sl\/#website"},"datePublished":"2024-05-01T11:45:04+00:00","dateModified":"2024-05-01T13:20:49+00:00","description":"[:sl]Tatjana Jerman - kerami\u010dne plo\u0161\u010dice Mi\u010dne gospodi\u010dne. Podobe deklet \u017eivijo v svojem pravlji\u010dnem svetu, sre\u010dne, nasmejane in obdane z lepimi stvarmi.[:]","breadcrumb":{"@id":"https:\/\/skrina.si\/sl\/product\/spokojna\/#breadcrumb"},"inLanguage":"sl-SI","potentialAction":[{"@type":"ReadAction","target":["https:\/\/skrina.si\/sl\/product\/spokojna\/"]}]},{"@type":"BreadcrumbList","@id":"https:\/\/skrina.si\/sl\/product\/spokojna\/#breadcrumb","itemListElement":[{"@type":"ListItem","position":1,"name":"Home","item":"https:\/\/skrina.si\/"},{"@type":"ListItem","position":2,"name":"Shop","item":"https:\/\/skrina.si\/shop\/"},{"@type":"ListItem","position":3,"name":"Spokojna"}]},{"@type":"WebSite","@id":"https:\/\/skrina.si\/sl\/#website","url":"https:\/\/skrina.si\/sl\/","name":"Etnogalerija Skrina","description":"Tradicija s posluhom","potentialAction":[{"@type":"SearchAction","target":{"@type":"EntryPoint","urlTemplate":"https:\/\/skrina.si\/sl\/?s={search_term_string}"},"query-input":"required name=search_term_string"}],"inLanguage":"sl-SI"}]}},"_links":{"self":[{"href":"https:\/\/skrina.si\/sl\/wp-json\/wp\/v2\/product\/15692"}],"collection":[{"href":"https:\/\/skrina.si\/sl\/wp-json\/wp\/v2\/product"}],"about":[{"href":"https:\/\/skrina.si\/sl\/wp-json\/wp\/v2\/types\/product"}],"wp:featuredmedia":[{"embeddable":true,"href":"https:\/\/skrina.si\/sl\/wp-json\/wp\/v2\/media\/4386"}],"wp:attachment":[{"href":"https:\/\/skrina.si\/sl\/wp-json\/wp\/v2\/media?parent=15692"}],"wp:term":[{"taxonomy":"product_cat","embeddable":true,"href":"https:\/\/skrina.si\/sl\/wp-json\/wp\/v2\/product_cat?post=15692"},{"taxonomy":"product_tag","embeddable":true,"href":"https:\/\/skrina.si\/sl\/wp-json\/wp\/v2\/product_tag?post=15692"}],"curies":[{"name":"wp","href":"https:\/\/api.w.org\/{rel}","templated":true}]}}