{"id":15604,"date":"2024-04-29T07:10:09","date_gmt":"2024-04-29T05:10:09","guid":{"rendered":"https:\/\/skrina.si\/sl\/?post_type=product&#038;p=15604"},"modified":"2024-04-29T13:38:46","modified_gmt":"2024-04-29T11:38:46","slug":"silvija-in-astro","status":"publish","type":"product","link":"https:\/\/skrina.si\/sl\/product\/silvija-in-astro\/","title":{"rendered":"Silvija in Astro"},"content":{"rendered":"","protected":false},"excerpt":{"rendered":"<h5>Plaha <em><strong>Silvija<\/strong><\/em> se rada stisne v naro\u010dje za\u0161\u010ditni\u0161kega<em><strong> Astra<\/strong><\/em>, ki kljub svoji neodvisnosti zelo u\u017eiva v njeni dru\u017ebi. In tako sta idealen par: medtem, ko ona v njegovem naro\u010dju varno drema in lenari, je on buden in pozoren na vsako malenkost.<\/h5>\n<h5>\u017deli vedeti vse, da jo bo lahko za\u0161\u010ditil in ob pravem \u010dasu sprejel pravo odlo\u010ditev.<\/h5>\n<h6><em>Podrobnosti:<\/em><\/h6>\n<ul>\n<li>\n<h6>Velikost: 4 x 4,5 x 8 cm<\/h6>\n<\/li>\n<li>\n<h6>Material: Visoko kakovostni biskvitni porcelan<\/h6>\n<\/li>\n<li>\n<h6>V darilni embala\u017ei<\/h6>\n<\/li>\n<li>\n<h6>Oblikovano z ljubeznijo do detajlov<\/h6>\n<\/li>\n<li>\n<h6>Idealno darilo za ljubitelje ma\u010dk<\/h6>\n<\/li>\n<\/ul>\n","protected":false},"featured_media":8759,"template":"","meta":{"_monsterinsights_skip_tracking":false,"_monsterinsights_sitenote_active":false,"_monsterinsights_sitenote_note":"","_monsterinsights_sitenote_category":0},"product_cat":[39,217],"product_tag":[],"aioseo_notices":[],"yoast_head":"<!-- This site is optimized with the Yoast SEO plugin v22.1 - https:\/\/yoast.com\/wordpress\/plugins\/seo\/ -->\n<title>Silvija in Astro - Etnogalerija Skrina<\/title>\n<meta name=\"description\" content=\"Plaha Silvija se rada stisne v naro\u010dje za\u0161\u010ditni\u0161kega Astra, ki kljub svoji neodvisnosti zelo u\u017eiva v njeni dru\u017ebi.\" \/>\n<meta name=\"robots\" content=\"index, follow, max-snippet:-1, max-image-preview:large, max-video-preview:-1\" \/>\n<link rel=\"canonical\" href=\"https:\/\/skrina.si\/sl\/product\/silvija-in-astro\/\" \/>\n<meta property=\"og:locale\" content=\"sl_SI\" \/>\n<meta property=\"og:locale:alternate\" content=\"en_GB\" \/>\n<meta property=\"og:type\" content=\"article\" \/>\n<meta property=\"og:title\" content=\"Silvija in Astro\" \/>\n<meta property=\"og:description\" content=\"Plaha Silvija se rada stisne v naro\u010dje za\u0161\u010ditni\u0161kega Astra, ki kljub svoji neodvisnosti zelo u\u017eiva v njeni dru\u017ebi.\" \/>\n<meta property=\"og:url\" content=\"https:\/\/skrina.si\/sl\/product\/silvija-in-astro\/\" \/>\n<meta property=\"og:site_name\" content=\"Etnogalerija Skrina\" \/>\n<meta property=\"article:modified_time\" content=\"2024-04-29T11:38:46+00:00\" \/>\n<meta property=\"og:image\" content=\"https:\/\/skrina.si\/wp-content\/uploads\/2021\/10\/Rosina-Wachmeister-Silvija-in-Astro-keramicna-macka-dekor-darilo.jpg\" \/>\n\t<meta property=\"og:image:width\" content=\"2000\" \/>\n\t<meta property=\"og:image:height\" content=\"1500\" \/>\n\t<meta property=\"og:image:type\" content=\"image\/jpeg\" \/>\n<meta name=\"twitter:card\" content=\"summary_large_image\" \/>\n<meta name=\"twitter:label1\" content=\"Est. reading time\" \/>\n\t<meta name=\"twitter:data1\" content=\"1 minuta\" \/>\n<script type=\"application\/ld+json\" class=\"yoast-schema-graph\">{\"@context\":\"https:\/\/schema.org\",\"@graph\":[{\"@type\":\"WebPage\",\"@id\":\"https:\/\/skrina.si\/sl\/product\/silvija-in-astro\/\",\"url\":\"https:\/\/skrina.si\/sl\/product\/silvija-in-astro\/\",\"name\":\"[:sl]Silvija in Astro[:] - Etnogalerija Skrina\",\"isPartOf\":{\"@id\":\"https:\/\/skrina.si\/sl\/#website\"},\"datePublished\":\"2024-04-29T05:10:09+00:00\",\"dateModified\":\"2024-04-29T11:38:46+00:00\",\"description\":\"[:sl]Plaha Silvija se rada stisne v naro\u010dje za\u0161\u010ditni\u0161kega Astra, ki kljub svoji neodvisnosti zelo u\u017eiva v njeni dru\u017ebi.[:]\",\"breadcrumb\":{\"@id\":\"https:\/\/skrina.si\/sl\/product\/silvija-in-astro\/#breadcrumb\"},\"inLanguage\":\"sl-SI\",\"potentialAction\":[{\"@type\":\"ReadAction\",\"target\":[\"https:\/\/skrina.si\/sl\/product\/silvija-in-astro\/\"]}]},{\"@type\":\"BreadcrumbList\",\"@id\":\"https:\/\/skrina.si\/sl\/product\/silvija-in-astro\/#breadcrumb\",\"itemListElement\":[{\"@type\":\"ListItem\",\"position\":1,\"name\":\"Home\",\"item\":\"https:\/\/skrina.si\/\"},{\"@type\":\"ListItem\",\"position\":2,\"name\":\"Shop\",\"item\":\"https:\/\/skrina.si\/shop\/\"},{\"@type\":\"ListItem\",\"position\":3,\"name\":\"Silvija in Astro\"}]},{\"@type\":\"WebSite\",\"@id\":\"https:\/\/skrina.si\/sl\/#website\",\"url\":\"https:\/\/skrina.si\/sl\/\",\"name\":\"Etnogalerija Skrina\",\"description\":\"Tradicija s posluhom\",\"potentialAction\":[{\"@type\":\"SearchAction\",\"target\":{\"@type\":\"EntryPoint\",\"urlTemplate\":\"https:\/\/skrina.si\/sl\/?s={search_term_string}\"},\"query-input\":\"required name=search_term_string\"}],\"inLanguage\":\"sl-SI\"}]}<\/script>\n<!-- \/ Yoast SEO plugin. -->","yoast_head_json":{"title":"Silvija in Astro - Etnogalerija Skrina","description":"[:sl]Plaha Silvija se rada stisne v naro\u010dje za\u0161\u010ditni\u0161kega Astra, ki kljub svoji neodvisnosti zelo u\u017eiva v njeni dru\u017ebi.[:]","robots":{"index":"index","follow":"follow","max-snippet":"max-snippet:-1","max-image-preview":"max-image-preview:large","max-video-preview":"max-video-preview:-1"},"canonical":"https:\/\/skrina.si\/sl\/product\/silvija-in-astro\/","og_locale":"sl_SI","og_type":"article","og_title":"[:sl]Silvija in Astro[:] - Etnogalerija Skrina","og_description":"[:sl]Plaha Silvija se rada stisne v naro\u010dje za\u0161\u010ditni\u0161kega Astra, ki kljub svoji neodvisnosti zelo u\u017eiva v njeni dru\u017ebi.[:]","og_url":"https:\/\/skrina.si\/sl\/product\/silvija-in-astro\/","og_site_name":"Etnogalerija Skrina","article_modified_time":"2024-04-29T11:38:46+00:00","og_image":[{"width":2000,"height":1500,"url":"https:\/\/skrina.si\/wp-content\/uploads\/2021\/10\/Rosina-Wachmeister-Silvija-in-Astro-keramicna-macka-dekor-darilo.jpg","type":"image\/jpeg"}],"twitter_card":"summary_large_image","twitter_misc":{"Est. reading time":"1 minuta"},"schema":{"@context":"https:\/\/schema.org","@graph":[{"@type":"WebPage","@id":"https:\/\/skrina.si\/sl\/product\/silvija-in-astro\/","url":"https:\/\/skrina.si\/sl\/product\/silvija-in-astro\/","name":"[:sl]Silvija in Astro[:] - Etnogalerija Skrina","isPartOf":{"@id":"https:\/\/skrina.si\/sl\/#website"},"datePublished":"2024-04-29T05:10:09+00:00","dateModified":"2024-04-29T11:38:46+00:00","description":"[:sl]Plaha Silvija se rada stisne v naro\u010dje za\u0161\u010ditni\u0161kega Astra, ki kljub svoji neodvisnosti zelo u\u017eiva v njeni dru\u017ebi.[:]","breadcrumb":{"@id":"https:\/\/skrina.si\/sl\/product\/silvija-in-astro\/#breadcrumb"},"inLanguage":"sl-SI","potentialAction":[{"@type":"ReadAction","target":["https:\/\/skrina.si\/sl\/product\/silvija-in-astro\/"]}]},{"@type":"BreadcrumbList","@id":"https:\/\/skrina.si\/sl\/product\/silvija-in-astro\/#breadcrumb","itemListElement":[{"@type":"ListItem","position":1,"name":"Home","item":"https:\/\/skrina.si\/"},{"@type":"ListItem","position":2,"name":"Shop","item":"https:\/\/skrina.si\/shop\/"},{"@type":"ListItem","position":3,"name":"Silvija in Astro"}]},{"@type":"WebSite","@id":"https:\/\/skrina.si\/sl\/#website","url":"https:\/\/skrina.si\/sl\/","name":"Etnogalerija Skrina","description":"Tradicija s posluhom","potentialAction":[{"@type":"SearchAction","target":{"@type":"EntryPoint","urlTemplate":"https:\/\/skrina.si\/sl\/?s={search_term_string}"},"query-input":"required name=search_term_string"}],"inLanguage":"sl-SI"}]}},"_links":{"self":[{"href":"https:\/\/skrina.si\/sl\/wp-json\/wp\/v2\/product\/15604"}],"collection":[{"href":"https:\/\/skrina.si\/sl\/wp-json\/wp\/v2\/product"}],"about":[{"href":"https:\/\/skrina.si\/sl\/wp-json\/wp\/v2\/types\/product"}],"wp:featuredmedia":[{"embeddable":true,"href":"https:\/\/skrina.si\/sl\/wp-json\/wp\/v2\/media\/8759"}],"wp:attachment":[{"href":"https:\/\/skrina.si\/sl\/wp-json\/wp\/v2\/media?parent=15604"}],"wp:term":[{"taxonomy":"product_cat","embeddable":true,"href":"https:\/\/skrina.si\/sl\/wp-json\/wp\/v2\/product_cat?post=15604"},{"taxonomy":"product_tag","embeddable":true,"href":"https:\/\/skrina.si\/sl\/wp-json\/wp\/v2\/product_tag?post=15604"}],"curies":[{"name":"wp","href":"https:\/\/api.w.org\/{rel}","templated":true}]}}