{"id":15353,"date":"2024-04-26T11:10:09","date_gmt":"2024-04-26T09:10:09","guid":{"rendered":"https:\/\/skrina.si\/en\/?post_type=product&#038;p=15353"},"modified":"2024-04-28T12:07:33","modified_gmt":"2024-04-28T10:07:33","slug":"poljub-srce","status":"publish","type":"product","link":"https:\/\/skrina.si\/sl\/product\/poljub-srce\/","title":{"rendered":"Poljub srce"},"content":{"rendered":"","protected":false},"excerpt":{"rendered":"<h5><strong><em>Poljub <\/em><\/strong>je najbolj znana Klimtova slika in velja za vrhunec njegovega \u00bbzlatega obdobja\u00ab, kjer svetle\u010di geometri\u010dni ornament grozi, da bo pogoltnil ljubimca. Figuri objema obilje srebrnih, zlatih in platinastih listi\u010dev, par kle\u010di na \u010dudovitem cvetli\u010dnem nasipu. Mo\u0161ko ogrinjalo je sestavljeno iz \u010drnih in belih pravokotnikov, njihova oglatost je pravo nasprotje \u017eenskega obla\u010dila v ro\u017enatem vzorcu, ki je mehko in barvito. Ta pravlji\u010dna in za tiste \u010dase nenavadna dekoracija se na prefinjen na\u010din zliva s \u010dustvenostjo v dovr\u0161eno celoto.<br \/>\n<em><strong>Klimt<\/strong><\/em> je bil predan eksperimentiranju in v slikah se je rad ukvarjal z nejasno lo\u010dnico med psihi\u010dnim notranjim svetom in zunanjo resni\u010dnostjo.<\/h5>\n<h6><em>Podrobnosti:<\/em><\/h6>\n<ul>\n<li>\n<h6>Material: Ro\u010dno barvan porcelan z razko\u0161no dekoracijo iz pravega zlata<\/h6>\n<\/li>\n<li>\n<h6>Velikost obeska: 4,5 x 4,5 x 1 cm<\/h6>\n<\/li>\n<li>\n<h6>Dol\u017eina tekstilne vrvice 56 cm<\/h6>\n<\/li>\n<li>\n<h6>V darilni embala\u017ei<\/h6>\n<\/li>\n<li>\n<h6>Oblikovano z ljubeznijo do detajlov<\/h6>\n<\/li>\n<li>\n<h6>Eleganten, bres\u010dasen dizajn<\/h6>\n<\/li>\n<li>\n<h6>Idealno darilo za ljubiteleljice Klimta in klasike<\/h6>\n<\/li>\n<\/ul>\n","protected":false},"featured_media":7051,"template":"","meta":{"_monsterinsights_skip_tracking":false,"_monsterinsights_sitenote_active":false,"_monsterinsights_sitenote_note":"","_monsterinsights_sitenote_category":0},"product_cat":[39,50,353],"product_tag":[],"aioseo_notices":[],"yoast_head":"<!-- This site is optimized with the Yoast SEO plugin v22.1 - https:\/\/yoast.com\/wordpress\/plugins\/seo\/ -->\n<title>Poljub srce - Etnogalerija Skrina<\/title>\n<meta name=\"description\" content=\"\" \/>\n<meta name=\"robots\" content=\"index, follow, max-snippet:-1, max-image-preview:large, max-video-preview:-1\" \/>\n<link rel=\"canonical\" href=\"https:\/\/skrina.si\/sl\/product\/poljub-srce\/\" \/>\n<meta property=\"og:locale\" content=\"sl_SI\" \/>\n<meta property=\"og:locale:alternate\" content=\"en_GB\" \/>\n<meta property=\"og:type\" content=\"article\" \/>\n<meta property=\"og:title\" content=\"Poljub srce\" \/>\n<meta property=\"og:description\" content=\"\" \/>\n<meta property=\"og:url\" content=\"https:\/\/skrina.si\/sl\/product\/poljub-srce\/\" \/>\n<meta property=\"og:site_name\" content=\"Etnogalerija Skrina\" \/>\n<meta property=\"article:modified_time\" content=\"2024-04-28T10:07:33+00:00\" \/>\n<meta property=\"og:image\" content=\"https:\/\/skrina.si\/wp-content\/uploads\/2022\/02\/Gustav-Klimt-nakit-obesek-poljub-the-kiss-swarowski-kristal.jpg\" \/>\n\t<meta property=\"og:image:width\" content=\"2000\" \/>\n\t<meta property=\"og:image:height\" content=\"1500\" \/>\n\t<meta property=\"og:image:type\" content=\"image\/jpeg\" \/>\n<meta name=\"twitter:card\" content=\"summary_large_image\" \/>\n<meta name=\"twitter:label1\" content=\"Est. reading time\" \/>\n\t<meta name=\"twitter:data1\" content=\"1 minuta\" \/>\n<script type=\"application\/ld+json\" class=\"yoast-schema-graph\">{\"@context\":\"https:\/\/schema.org\",\"@graph\":[{\"@type\":\"WebPage\",\"@id\":\"https:\/\/skrina.si\/sl\/product\/poljub-srce\/\",\"url\":\"https:\/\/skrina.si\/sl\/product\/poljub-srce\/\",\"name\":\"[:en]Kiss heart[:sl]Poljub srce[:] - Etnogalerija Skrina\",\"isPartOf\":{\"@id\":\"https:\/\/skrina.si\/sl\/#website\"},\"datePublished\":\"2024-04-26T09:10:09+00:00\",\"dateModified\":\"2024-04-28T10:07:33+00:00\",\"description\":\"[:en]Gustav Klimt - Poljub. Obojestranski obesek je narejen iz visoko kakovostnega porcelana. Okra\u0161en je z zlatimi listi\u010di in s kristalom Swarovski\u00ae.[:]\",\"breadcrumb\":{\"@id\":\"https:\/\/skrina.si\/sl\/product\/poljub-srce\/#breadcrumb\"},\"inLanguage\":\"sl-SI\",\"potentialAction\":[{\"@type\":\"ReadAction\",\"target\":[\"https:\/\/skrina.si\/sl\/product\/poljub-srce\/\"]}]},{\"@type\":\"BreadcrumbList\",\"@id\":\"https:\/\/skrina.si\/sl\/product\/poljub-srce\/#breadcrumb\",\"itemListElement\":[{\"@type\":\"ListItem\",\"position\":1,\"name\":\"Home\",\"item\":\"https:\/\/skrina.si\/\"},{\"@type\":\"ListItem\",\"position\":2,\"name\":\"Shop\",\"item\":\"https:\/\/skrina.si\/shop\/\"},{\"@type\":\"ListItem\",\"position\":3,\"name\":\"Poljub srce\"}]},{\"@type\":\"WebSite\",\"@id\":\"https:\/\/skrina.si\/sl\/#website\",\"url\":\"https:\/\/skrina.si\/sl\/\",\"name\":\"Etnogalerija Skrina\",\"description\":\"Tradicija s posluhom\",\"potentialAction\":[{\"@type\":\"SearchAction\",\"target\":{\"@type\":\"EntryPoint\",\"urlTemplate\":\"https:\/\/skrina.si\/sl\/?s={search_term_string}\"},\"query-input\":\"required name=search_term_string\"}],\"inLanguage\":\"sl-SI\"}]}<\/script>\n<!-- \/ Yoast SEO plugin. -->","yoast_head_json":{"title":"Poljub srce - Etnogalerija Skrina","description":"[:en]Gustav Klimt - Poljub. Obojestranski obesek je narejen iz visoko kakovostnega porcelana. Okra\u0161en je z zlatimi listi\u010di in s kristalom Swarovski\u00ae.[:]","robots":{"index":"index","follow":"follow","max-snippet":"max-snippet:-1","max-image-preview":"max-image-preview:large","max-video-preview":"max-video-preview:-1"},"canonical":"https:\/\/skrina.si\/sl\/product\/poljub-srce\/","og_locale":"sl_SI","og_type":"article","og_title":"[:en]Kiss heart[:sl]Poljub srce[:] - Etnogalerija Skrina","og_description":"[:en]Gustav Klimt - Poljub. Obojestranski obesek je narejen iz visoko kakovostnega porcelana. Okra\u0161en je z zlatimi listi\u010di in s kristalom Swarovski\u00ae.[:]","og_url":"https:\/\/skrina.si\/sl\/product\/poljub-srce\/","og_site_name":"Etnogalerija Skrina","article_modified_time":"2024-04-28T10:07:33+00:00","og_image":[{"width":2000,"height":1500,"url":"https:\/\/skrina.si\/wp-content\/uploads\/2022\/02\/Gustav-Klimt-nakit-obesek-poljub-the-kiss-swarowski-kristal.jpg","type":"image\/jpeg"}],"twitter_card":"summary_large_image","twitter_misc":{"Est. reading time":"1 minuta"},"schema":{"@context":"https:\/\/schema.org","@graph":[{"@type":"WebPage","@id":"https:\/\/skrina.si\/sl\/product\/poljub-srce\/","url":"https:\/\/skrina.si\/sl\/product\/poljub-srce\/","name":"[:en]Kiss heart[:sl]Poljub srce[:] - Etnogalerija Skrina","isPartOf":{"@id":"https:\/\/skrina.si\/sl\/#website"},"datePublished":"2024-04-26T09:10:09+00:00","dateModified":"2024-04-28T10:07:33+00:00","description":"[:en]Gustav Klimt - Poljub. Obojestranski obesek je narejen iz visoko kakovostnega porcelana. Okra\u0161en je z zlatimi listi\u010di in s kristalom Swarovski\u00ae.[:]","breadcrumb":{"@id":"https:\/\/skrina.si\/sl\/product\/poljub-srce\/#breadcrumb"},"inLanguage":"sl-SI","potentialAction":[{"@type":"ReadAction","target":["https:\/\/skrina.si\/sl\/product\/poljub-srce\/"]}]},{"@type":"BreadcrumbList","@id":"https:\/\/skrina.si\/sl\/product\/poljub-srce\/#breadcrumb","itemListElement":[{"@type":"ListItem","position":1,"name":"Home","item":"https:\/\/skrina.si\/"},{"@type":"ListItem","position":2,"name":"Shop","item":"https:\/\/skrina.si\/shop\/"},{"@type":"ListItem","position":3,"name":"Poljub srce"}]},{"@type":"WebSite","@id":"https:\/\/skrina.si\/sl\/#website","url":"https:\/\/skrina.si\/sl\/","name":"Etnogalerija Skrina","description":"Tradicija s posluhom","potentialAction":[{"@type":"SearchAction","target":{"@type":"EntryPoint","urlTemplate":"https:\/\/skrina.si\/sl\/?s={search_term_string}"},"query-input":"required name=search_term_string"}],"inLanguage":"sl-SI"}]}},"_links":{"self":[{"href":"https:\/\/skrina.si\/sl\/wp-json\/wp\/v2\/product\/15353"}],"collection":[{"href":"https:\/\/skrina.si\/sl\/wp-json\/wp\/v2\/product"}],"about":[{"href":"https:\/\/skrina.si\/sl\/wp-json\/wp\/v2\/types\/product"}],"wp:featuredmedia":[{"embeddable":true,"href":"https:\/\/skrina.si\/sl\/wp-json\/wp\/v2\/media\/7051"}],"wp:attachment":[{"href":"https:\/\/skrina.si\/sl\/wp-json\/wp\/v2\/media?parent=15353"}],"wp:term":[{"taxonomy":"product_cat","embeddable":true,"href":"https:\/\/skrina.si\/sl\/wp-json\/wp\/v2\/product_cat?post=15353"},{"taxonomy":"product_tag","embeddable":true,"href":"https:\/\/skrina.si\/sl\/wp-json\/wp\/v2\/product_tag?post=15353"}],"curies":[{"name":"wp","href":"https:\/\/api.w.org\/{rel}","templated":true}]}}