{"id":15352,"date":"2024-04-26T11:03:47","date_gmt":"2024-04-26T09:03:47","guid":{"rendered":"https:\/\/skrina.si\/sl\/?post_type=product&#038;p=15352"},"modified":"2024-04-28T11:12:36","modified_gmt":"2024-04-28T09:12:36","slug":"judith-1-3","status":"publish","type":"product","link":"https:\/\/skrina.si\/sl\/product\/judith-1-3\/","title":{"rendered":"Judith 1"},"content":{"rendered":"","protected":false},"excerpt":{"rendered":"<h5 style=\"text-align: justify;\"><strong><em>Klimt <\/em><\/strong>je motiv Judite povzel po bibli\u010dni zgodbi o judovski junakinji Juditi, ki re\u0161i svoje ljudstvo.<br \/>\nMlada in lepa vdova <strong><em>Judita<\/em><\/strong> se odpravi v asirski tabor, da bi se tam sre\u010dala s poveljnikom Holofernom. Ta se o\u010daran nad njeno lepoto, brezskrbno preda njenim \u010darom in pija\u010di. Ko zaspi, mu Judita odseka glavo.<br \/>\n\u0160tevilni umetniki, ki so upodobili Juditino zgodbo, so \u017eeleli prikazati predvsem njen pogum in krepostno naravo.<br \/>\nV nasprotju z njimi pa Klimtov namen ni bila verodostojnost zgodbe, saj je Judita upodobljena izredno \u010dutno in po mnenju nekaterih kritikov preve\u010d sodobno.<br \/>\nKot v ve\u010dini takratne literature in umetnosti je to namig, da \u017eenska seksualnost lahko pomeni tudi nekaj destruktivnega.<\/h5>\n<h6><em>Podrobnosti:<\/em><\/h6>\n<ul>\n<li>\n<h6>Material: Ro\u010dno barvan porcelan z razko\u0161no dekoracijo iz pravega zlata<\/h6>\n<\/li>\n<li>\n<h6>Velikost: premer obeska 5,5 cm; 4 cm<\/h6>\n<\/li>\n<li>\n<h6>Dol\u017eina tekstilne vrvice 58 cm; 54 cm<\/h6>\n<\/li>\n<li>\n<h6>V darilni embala\u017ei<\/h6>\n<\/li>\n<li>\n<h6>Oblikovano z ljubeznijo do detajlov<\/h6>\n<\/li>\n<li>\n<h6>Eleganten, brez\u010dasen dizajn<\/h6>\n<\/li>\n<li>\n<h6>Idealno darilo za ljubiteljice Klimta in klasike<\/h6>\n<\/li>\n<\/ul>\n","protected":false},"featured_media":15337,"template":"","meta":{"_monsterinsights_skip_tracking":false,"_monsterinsights_sitenote_active":false,"_monsterinsights_sitenote_note":"","_monsterinsights_sitenote_category":0},"product_cat":[39,50,353],"product_tag":[],"aioseo_notices":[],"yoast_head":"<!-- This site is optimized with the Yoast SEO plugin v22.1 - https:\/\/yoast.com\/wordpress\/plugins\/seo\/ -->\n<title>Judith 1 - Etnogalerija Skrina<\/title>\n<meta name=\"description\" content=\"Gustav Klimt - poljub. Obojestranski obesek je narejen iz visoko kakovostnega porcelana. Okra\u0161en je s pravimi zlatimi listi\u010di in s kristalom Swarovski\u00ae.\" \/>\n<meta name=\"robots\" content=\"index, follow, max-snippet:-1, max-image-preview:large, max-video-preview:-1\" \/>\n<link rel=\"canonical\" href=\"https:\/\/skrina.si\/sl\/product\/judith-1-3\/\" \/>\n<meta property=\"og:locale\" content=\"sl_SI\" \/>\n<meta property=\"og:locale:alternate\" content=\"en_GB\" \/>\n<meta property=\"og:type\" content=\"article\" \/>\n<meta property=\"og:title\" content=\"Judith 1\" \/>\n<meta property=\"og:description\" content=\"Gustav Klimt - poljub. Obojestranski obesek je narejen iz visoko kakovostnega porcelana. Okra\u0161en je s pravimi zlatimi listi\u010di in s kristalom Swarovski\u00ae.\" \/>\n<meta property=\"og:url\" content=\"https:\/\/skrina.si\/sl\/product\/judith-1-3\/\" \/>\n<meta property=\"og:site_name\" content=\"Etnogalerija Skrina\" \/>\n<meta property=\"article:modified_time\" content=\"2024-04-28T09:12:36+00:00\" \/>\n<meta property=\"og:image\" content=\"https:\/\/skrina.si\/wp-content\/uploads\/2022\/04\/nakit-klim-Judith1.jpg\" \/>\n\t<meta property=\"og:image:width\" content=\"2000\" \/>\n\t<meta property=\"og:image:height\" content=\"1500\" \/>\n\t<meta property=\"og:image:type\" content=\"image\/jpeg\" \/>\n<meta name=\"twitter:card\" content=\"summary_large_image\" \/>\n<meta name=\"twitter:label1\" content=\"Est. reading time\" \/>\n\t<meta name=\"twitter:data1\" content=\"1 minuta\" \/>\n<script type=\"application\/ld+json\" class=\"yoast-schema-graph\">{\"@context\":\"https:\/\/schema.org\",\"@graph\":[{\"@type\":\"WebPage\",\"@id\":\"https:\/\/skrina.si\/sl\/product\/judith-1-3\/\",\"url\":\"https:\/\/skrina.si\/sl\/product\/judith-1-3\/\",\"name\":\"[:sl]Judith 1[:] - Etnogalerija Skrina\",\"isPartOf\":{\"@id\":\"https:\/\/skrina.si\/sl\/#website\"},\"datePublished\":\"2024-04-26T09:03:47+00:00\",\"dateModified\":\"2024-04-28T09:12:36+00:00\",\"description\":\"Gustav Klimt - poljub. Obojestranski obesek je narejen iz visoko kakovostnega porcelana. Okra\u0161en je s pravimi zlatimi listi\u010di in s kristalom Swarovski\u00ae.\",\"breadcrumb\":{\"@id\":\"https:\/\/skrina.si\/sl\/product\/judith-1-3\/#breadcrumb\"},\"inLanguage\":\"sl-SI\",\"potentialAction\":[{\"@type\":\"ReadAction\",\"target\":[\"https:\/\/skrina.si\/sl\/product\/judith-1-3\/\"]}]},{\"@type\":\"BreadcrumbList\",\"@id\":\"https:\/\/skrina.si\/sl\/product\/judith-1-3\/#breadcrumb\",\"itemListElement\":[{\"@type\":\"ListItem\",\"position\":1,\"name\":\"Home\",\"item\":\"https:\/\/skrina.si\/\"},{\"@type\":\"ListItem\",\"position\":2,\"name\":\"Shop\",\"item\":\"https:\/\/skrina.si\/shop\/\"},{\"@type\":\"ListItem\",\"position\":3,\"name\":\"Judith 1\"}]},{\"@type\":\"WebSite\",\"@id\":\"https:\/\/skrina.si\/sl\/#website\",\"url\":\"https:\/\/skrina.si\/sl\/\",\"name\":\"Etnogalerija Skrina\",\"description\":\"Tradicija s posluhom\",\"potentialAction\":[{\"@type\":\"SearchAction\",\"target\":{\"@type\":\"EntryPoint\",\"urlTemplate\":\"https:\/\/skrina.si\/sl\/?s={search_term_string}\"},\"query-input\":\"required name=search_term_string\"}],\"inLanguage\":\"sl-SI\"}]}<\/script>\n<!-- \/ Yoast SEO plugin. -->","yoast_head_json":{"title":"Judith 1 - Etnogalerija Skrina","description":"Gustav Klimt - poljub. Obojestranski obesek je narejen iz visoko kakovostnega porcelana. Okra\u0161en je s pravimi zlatimi listi\u010di in s kristalom Swarovski\u00ae.","robots":{"index":"index","follow":"follow","max-snippet":"max-snippet:-1","max-image-preview":"max-image-preview:large","max-video-preview":"max-video-preview:-1"},"canonical":"https:\/\/skrina.si\/sl\/product\/judith-1-3\/","og_locale":"sl_SI","og_type":"article","og_title":"[:sl]Judith 1[:] - Etnogalerija Skrina","og_description":"Gustav Klimt - poljub. Obojestranski obesek je narejen iz visoko kakovostnega porcelana. Okra\u0161en je s pravimi zlatimi listi\u010di in s kristalom Swarovski\u00ae.","og_url":"https:\/\/skrina.si\/sl\/product\/judith-1-3\/","og_site_name":"Etnogalerija Skrina","article_modified_time":"2024-04-28T09:12:36+00:00","og_image":[{"width":2000,"height":1500,"url":"https:\/\/skrina.si\/wp-content\/uploads\/2022\/04\/nakit-klim-Judith1.jpg","type":"image\/jpeg"}],"twitter_card":"summary_large_image","twitter_misc":{"Est. reading time":"1 minuta"},"schema":{"@context":"https:\/\/schema.org","@graph":[{"@type":"WebPage","@id":"https:\/\/skrina.si\/sl\/product\/judith-1-3\/","url":"https:\/\/skrina.si\/sl\/product\/judith-1-3\/","name":"[:sl]Judith 1[:] - Etnogalerija Skrina","isPartOf":{"@id":"https:\/\/skrina.si\/sl\/#website"},"datePublished":"2024-04-26T09:03:47+00:00","dateModified":"2024-04-28T09:12:36+00:00","description":"Gustav Klimt - poljub. Obojestranski obesek je narejen iz visoko kakovostnega porcelana. Okra\u0161en je s pravimi zlatimi listi\u010di in s kristalom Swarovski\u00ae.","breadcrumb":{"@id":"https:\/\/skrina.si\/sl\/product\/judith-1-3\/#breadcrumb"},"inLanguage":"sl-SI","potentialAction":[{"@type":"ReadAction","target":["https:\/\/skrina.si\/sl\/product\/judith-1-3\/"]}]},{"@type":"BreadcrumbList","@id":"https:\/\/skrina.si\/sl\/product\/judith-1-3\/#breadcrumb","itemListElement":[{"@type":"ListItem","position":1,"name":"Home","item":"https:\/\/skrina.si\/"},{"@type":"ListItem","position":2,"name":"Shop","item":"https:\/\/skrina.si\/shop\/"},{"@type":"ListItem","position":3,"name":"Judith 1"}]},{"@type":"WebSite","@id":"https:\/\/skrina.si\/sl\/#website","url":"https:\/\/skrina.si\/sl\/","name":"Etnogalerija Skrina","description":"Tradicija s posluhom","potentialAction":[{"@type":"SearchAction","target":{"@type":"EntryPoint","urlTemplate":"https:\/\/skrina.si\/sl\/?s={search_term_string}"},"query-input":"required name=search_term_string"}],"inLanguage":"sl-SI"}]}},"_links":{"self":[{"href":"https:\/\/skrina.si\/sl\/wp-json\/wp\/v2\/product\/15352"}],"collection":[{"href":"https:\/\/skrina.si\/sl\/wp-json\/wp\/v2\/product"}],"about":[{"href":"https:\/\/skrina.si\/sl\/wp-json\/wp\/v2\/types\/product"}],"wp:featuredmedia":[{"embeddable":true,"href":"https:\/\/skrina.si\/sl\/wp-json\/wp\/v2\/media\/15337"}],"wp:attachment":[{"href":"https:\/\/skrina.si\/sl\/wp-json\/wp\/v2\/media?parent=15352"}],"wp:term":[{"taxonomy":"product_cat","embeddable":true,"href":"https:\/\/skrina.si\/sl\/wp-json\/wp\/v2\/product_cat?post=15352"},{"taxonomy":"product_tag","embeddable":true,"href":"https:\/\/skrina.si\/sl\/wp-json\/wp\/v2\/product_tag?post=15352"}],"curies":[{"name":"wp","href":"https:\/\/api.w.org\/{rel}","templated":true}]}}