{"id":15347,"date":"2024-04-26T10:29:34","date_gmt":"2024-04-26T08:29:34","guid":{"rendered":"https:\/\/skrina.si\/en\/?post_type=product&#038;p=15347"},"modified":"2024-04-26T10:48:20","modified_gmt":"2024-04-26T08:48:20","slug":"izpolnitev-3","status":"publish","type":"product","link":"https:\/\/skrina.si\/sl\/product\/izpolnitev-3\/","title":{"rendered":"Izpolnitev"},"content":{"rendered":"","protected":false},"excerpt":{"rendered":"<h5><strong><em>Izpolnitev<\/em><\/strong> predstavlja objeti par, obkro\u017een s poldragimi kamni, emajlom, koralami in drugimi dragocenimi materiali. Bolj pozorni gledalci pa na ogrinjalih para opazijo \u0161tevilne trikotnike, kvadrate in ovale. Strokovnjaki trdijo, da ti simboli v japonski umetnosti (po kateri se je Klimt zgledoval) predstavljajo mo\u0161ko in \u017eensko energijo. Med Evropejci so ti simboli povezani z deli Sigmunda Freuda, pri \u010demer velja omeniti, da je\u00a0 Klimt prebral vsa njegova dela. Na splo\u0161no lahko re\u010demo, da Klimtova Izpolnitev nima le ene razlage,\u00a0 temve\u010d se za njo skriva cela mre\u017ea razli\u010dnih \u0161tudij in opisov. Morda je edina ustrezna razlaga za simboliko slike ta, da jo vsak razume po svoje, zato so vse razlage <strong><em>pravilne.<\/em><\/strong><\/h5>\n<h6><em>Podrobnosti:<\/em><\/h6>\n<ul>\n<li>\n<h6>Material: Ro\u010dno barvan porcelan z razko\u0161no dekoracijo iz pravega zlata<\/h6>\n<\/li>\n<li>\n<h6>Velikost: premer obeska 5,5 cm<\/h6>\n<\/li>\n<li>\n<h6>Dol\u017eina tekstilne vrvice 58 cm<\/h6>\n<\/li>\n<li>\n<h6>V darilni embala\u017ei<\/h6>\n<\/li>\n<li>\n<h6>Oblikovano z ljubeznijo do detajlov<\/h6>\n<\/li>\n<li>\n<h6>Eleganten, brez\u010dasen dizajn<\/h6>\n<\/li>\n<li>\n<h6>Idealno darilo za ljubiteljice Klimta in klasike<\/h6>\n<\/li>\n<\/ul>\n","protected":false},"featured_media":0,"template":"","meta":{"_monsterinsights_skip_tracking":false,"_monsterinsights_sitenote_active":false,"_monsterinsights_sitenote_note":"","_monsterinsights_sitenote_category":0},"product_cat":[1049,1055,1059],"product_tag":[],"aioseo_notices":[],"yoast_head":"<!-- This site is optimized with the Yoast SEO plugin v22.1 - https:\/\/yoast.com\/wordpress\/plugins\/seo\/ -->\n<title>Izpolnitev - Etnogalerija Skrina<\/title>\n<meta name=\"description\" content=\"\" \/>\n<meta name=\"robots\" content=\"index, follow, max-snippet:-1, max-image-preview:large, max-video-preview:-1\" \/>\n<link rel=\"canonical\" href=\"https:\/\/skrina.si\/sl\/product\/izpolnitev-3\/\" \/>\n<meta property=\"og:locale\" content=\"sl_SI\" \/>\n<meta property=\"og:locale:alternate\" content=\"en_GB\" \/>\n<meta property=\"og:type\" content=\"article\" \/>\n<meta property=\"og:title\" content=\"Izpolnitev\" \/>\n<meta property=\"og:description\" content=\"\" \/>\n<meta property=\"og:url\" content=\"https:\/\/skrina.si\/sl\/product\/izpolnitev-3\/\" \/>\n<meta property=\"og:site_name\" content=\"Etnogalerija Skrina\" \/>\n<meta property=\"article:modified_time\" content=\"2024-04-26T08:48:20+00:00\" \/>\n<meta property=\"og:image\" content=\"https:\/\/skrina.si\/wp-content\/uploads\/2024\/04\/nakit-klimt-Izpolnitev.jpg\" \/>\n\t<meta property=\"og:image:width\" content=\"2000\" \/>\n\t<meta property=\"og:image:height\" content=\"1500\" \/>\n\t<meta property=\"og:image:type\" content=\"image\/jpeg\" \/>\n<meta name=\"twitter:card\" content=\"summary_large_image\" \/>\n<script type=\"application\/ld+json\" class=\"yoast-schema-graph\">{\"@context\":\"https:\/\/schema.org\",\"@graph\":[{\"@type\":\"WebPage\",\"@id\":\"https:\/\/skrina.si\/sl\/product\/izpolnitev-3\/\",\"url\":\"https:\/\/skrina.si\/sl\/product\/izpolnitev-3\/\",\"name\":\"[:en]Fulfillment[:sl]Izpolnitev[:] - Etnogalerija Skrina\",\"isPartOf\":{\"@id\":\"https:\/\/skrina.si\/sl\/#website\"},\"datePublished\":\"2024-04-26T08:29:34+00:00\",\"dateModified\":\"2024-04-26T08:48:20+00:00\",\"description\":\"[:en]Gustav Klimt - Izpolnitev. Obojestranski obesek je narejen iz visoko kakovostnega porcelana. Okra\u0161en je s pravimi zlatimi listi\u010di in s kristalom Swarovski\u00ae.[:]\",\"breadcrumb\":{\"@id\":\"https:\/\/skrina.si\/sl\/product\/izpolnitev-3\/#breadcrumb\"},\"inLanguage\":\"sl-SI\",\"potentialAction\":[{\"@type\":\"ReadAction\",\"target\":[\"https:\/\/skrina.si\/sl\/product\/izpolnitev-3\/\"]}]},{\"@type\":\"BreadcrumbList\",\"@id\":\"https:\/\/skrina.si\/sl\/product\/izpolnitev-3\/#breadcrumb\",\"itemListElement\":[{\"@type\":\"ListItem\",\"position\":1,\"name\":\"Home\",\"item\":\"https:\/\/skrina.si\/\"},{\"@type\":\"ListItem\",\"position\":2,\"name\":\"Shop\",\"item\":\"https:\/\/skrina.si\/shop\/\"},{\"@type\":\"ListItem\",\"position\":3,\"name\":\"Fulfillment\"}]},{\"@type\":\"WebSite\",\"@id\":\"https:\/\/skrina.si\/sl\/#website\",\"url\":\"https:\/\/skrina.si\/sl\/\",\"name\":\"Etnogalerija Skrina\",\"description\":\"Tradicija s posluhom\",\"potentialAction\":[{\"@type\":\"SearchAction\",\"target\":{\"@type\":\"EntryPoint\",\"urlTemplate\":\"https:\/\/skrina.si\/sl\/?s={search_term_string}\"},\"query-input\":\"required name=search_term_string\"}],\"inLanguage\":\"sl-SI\"}]}<\/script>\n<!-- \/ Yoast SEO plugin. -->","yoast_head_json":{"title":"Izpolnitev - Etnogalerija Skrina","description":"[:en]Gustav Klimt - Izpolnitev. Obojestranski obesek je narejen iz visoko kakovostnega porcelana. Okra\u0161en je s pravimi zlatimi listi\u010di in s kristalom Swarovski\u00ae.[:]","robots":{"index":"index","follow":"follow","max-snippet":"max-snippet:-1","max-image-preview":"max-image-preview:large","max-video-preview":"max-video-preview:-1"},"canonical":"https:\/\/skrina.si\/sl\/product\/izpolnitev-3\/","og_locale":"sl_SI","og_type":"article","og_title":"[:en]Fulfillment[:sl]Izpolnitev[:] - Etnogalerija Skrina","og_description":"[:en]Gustav Klimt - Izpolnitev. Obojestranski obesek je narejen iz visoko kakovostnega porcelana. Okra\u0161en je s pravimi zlatimi listi\u010di in s kristalom Swarovski\u00ae.[:]","og_url":"https:\/\/skrina.si\/sl\/product\/izpolnitev-3\/","og_site_name":"Etnogalerija Skrina","article_modified_time":"2024-04-26T08:48:20+00:00","og_image":[{"width":2000,"height":1500,"url":"https:\/\/skrina.si\/wp-content\/uploads\/2024\/04\/nakit-klimt-Izpolnitev.jpg","type":"image\/jpeg"}],"twitter_card":"summary_large_image","schema":{"@context":"https:\/\/schema.org","@graph":[{"@type":"WebPage","@id":"https:\/\/skrina.si\/sl\/product\/izpolnitev-3\/","url":"https:\/\/skrina.si\/sl\/product\/izpolnitev-3\/","name":"[:en]Fulfillment[:sl]Izpolnitev[:] - Etnogalerija Skrina","isPartOf":{"@id":"https:\/\/skrina.si\/sl\/#website"},"datePublished":"2024-04-26T08:29:34+00:00","dateModified":"2024-04-26T08:48:20+00:00","description":"[:en]Gustav Klimt - Izpolnitev. Obojestranski obesek je narejen iz visoko kakovostnega porcelana. Okra\u0161en je s pravimi zlatimi listi\u010di in s kristalom Swarovski\u00ae.[:]","breadcrumb":{"@id":"https:\/\/skrina.si\/sl\/product\/izpolnitev-3\/#breadcrumb"},"inLanguage":"sl-SI","potentialAction":[{"@type":"ReadAction","target":["https:\/\/skrina.si\/sl\/product\/izpolnitev-3\/"]}]},{"@type":"BreadcrumbList","@id":"https:\/\/skrina.si\/sl\/product\/izpolnitev-3\/#breadcrumb","itemListElement":[{"@type":"ListItem","position":1,"name":"Home","item":"https:\/\/skrina.si\/"},{"@type":"ListItem","position":2,"name":"Shop","item":"https:\/\/skrina.si\/shop\/"},{"@type":"ListItem","position":3,"name":"Fulfillment"}]},{"@type":"WebSite","@id":"https:\/\/skrina.si\/sl\/#website","url":"https:\/\/skrina.si\/sl\/","name":"Etnogalerija Skrina","description":"Tradicija s posluhom","potentialAction":[{"@type":"SearchAction","target":{"@type":"EntryPoint","urlTemplate":"https:\/\/skrina.si\/sl\/?s={search_term_string}"},"query-input":"required name=search_term_string"}],"inLanguage":"sl-SI"}]}},"_links":{"self":[{"href":"https:\/\/skrina.si\/sl\/wp-json\/wp\/v2\/product\/15347"}],"collection":[{"href":"https:\/\/skrina.si\/sl\/wp-json\/wp\/v2\/product"}],"about":[{"href":"https:\/\/skrina.si\/sl\/wp-json\/wp\/v2\/types\/product"}],"wp:attachment":[{"href":"https:\/\/skrina.si\/sl\/wp-json\/wp\/v2\/media?parent=15347"}],"wp:term":[{"taxonomy":"product_cat","embeddable":true,"href":"https:\/\/skrina.si\/sl\/wp-json\/wp\/v2\/product_cat?post=15347"},{"taxonomy":"product_tag","embeddable":true,"href":"https:\/\/skrina.si\/sl\/wp-json\/wp\/v2\/product_tag?post=15347"}],"curies":[{"name":"wp","href":"https:\/\/api.w.org\/{rel}","templated":true}]}}